{"id":723,"date":"2018-05-16T11:02:45","date_gmt":"2018-05-16T08:02:45","guid":{"rendered":"https:\/\/waterchain.eu\/?page_id=723"},"modified":"2018-08-29T10:47:37","modified_gmt":"2018-08-29T07:47:37","slug":"laanemere-probleemid","status":"publish","type":"page","link":"https:\/\/www.waterchain.eu\/et\/laanemere-probleemid\/","title":{"rendered":"L\u00e4\u00e4nemere probleemid"},"content":{"rendered":"<p><iframe width=\"560\" height=\"315\" src=\"https:\/\/www.youtube.com\/embed\/d5KBb28VMgM\" frameborder=\"0\" allow=\"autoplay; encrypted-media\" allowfullscreen><\/iframe><\/p>\n<h3>L\u00e4\u00e4nemere k\u00f5ige n\u00e4htavamaks probleemiks on eutrofeerumine, mida suveajal v\u00f5ib m\u00e4rgata vetikate laialt levinud \u00f5itsemisena merepinnal.<\/h3>\n<p>Eutrofeerumisprotsess on h\u00e4sti tuntud ning L\u00e4\u00e4nemeres algas see juba 1800. aastatel. Mereseisundi parendamiseks on tehtud palju, kuid juba k\u00e4ivitunud eutrofeerumisprotsessi on keeruline ohjata.<\/p>\n<p>Erinevate ohtlike ainete m\u00f5jud ja s\u00fcnenergeetilised m\u00f5jud on v\u00e4hem selged ja v\u00e4hem tuntud. Ohtlike kemikaalide probleem meres tekkis vaid paark\u00fcmmend aastat tagasi. Ei ole veel piisavalt andmeid, et p\u00f5hjalikult hinnata nende ainete kontsentratsioone veekogus v\u00f5i nende m\u00f5ju vee \u00f6kos\u00fcsteemide ja inimesele.<\/p>\n<figure id=\"attachment_625\" aria-describedby=\"caption-attachment-625\" style=\"width: 1590px\" class=\"wp-caption alignnone\"><img fetchpriority=\"high\" decoding=\"async\" class=\"wp-image-625 size-full\" src=\"https:\/\/www.waterchain.eu\/wp-content\/uploads\/2018\/06\/Various-human-actions-produce-harmful-load-to-the-Baltic-Sea-and-waterbodies-in-general_Copyright-Emilia-M\u00e4kel\u00e4.png\" alt=\"\" width=\"1600\" height=\"762\" \/><figcaption id=\"caption-attachment-625\" class=\"wp-caption-text\">Erinevate inimtegevuste tulemuseks on kahjulik koormus L\u00e4\u00e4nemerele ja veekogudele \u00fcldisemalt. Autori\u00f5igused Emilia M\u00e4kel\u00e4. Originaalis Luontoliitto poolt publitseeritud pildi modifitseeritud versioon. (http:\/\/slideplayer.fi\/slide\/1930400\/).<\/figcaption><\/figure>\n","protected":false},"excerpt":{"rendered":"<p>L\u00e4\u00e4nemere k\u00f5ige n\u00e4htavamaks probleemiks on eutrofeerumine, mida suveajal v\u00f5ib m\u00e4rgata vetikate laialt levinud \u00f5itsemisena merepinnal. Eutrofeerumisprotsess on h\u00e4sti tuntud ning L\u00e4\u00e4nemeres algas see juba 1800. aastatel. Mereseisundi parendamiseks on tehtud palju, kuid juba k\u00e4ivitunud eutrofeerumisprotsessi on keeruline ohjata. Erinevate ohtlike ainete m\u00f5jud ja s\u00fcnenergeetilised m\u00f5jud on v\u00e4hem selged ja v\u00e4hem tuntud. Ohtlike kemikaalide probleem meres &#8230; <a title=\"L\u00e4\u00e4nemere probleemid\" class=\"read-more\" href=\"https:\/\/www.waterchain.eu\/et\/laanemere-probleemid\/\" aria-label=\"Read more about L\u00e4\u00e4nemere probleemid\">Read more<\/a><\/p>\n","protected":false},"author":1,"featured_media":2136,"parent":0,"menu_order":51,"comment_status":"closed","ping_status":"closed","template":"","meta":{"_exactmetrics_skip_tracking":false,"_exactmetrics_sitenote_active":false,"_exactmetrics_sitenote_note":"","_exactmetrics_sitenote_category":0,"generate_page_header":"","footnotes":""},"class_list":["post-723","page","type-page","status-publish","has-post-thumbnail"],"yoast_head":"<!-- This site is optimized with the Yoast SEO plugin v27.3 - https:\/\/yoast.com\/product\/yoast-seo-wordpress\/ -->\n<title>L\u00e4\u00e4nemere probleemid - WaterChain<\/title>\n<meta name=\"robots\" content=\"index, follow, max-snippet:-1, max-image-preview:large, max-video-preview:-1\" \/>\n<link rel=\"canonical\" href=\"https:\/\/www.waterchain.eu\/et\/laanemere-probleemid\/\" \/>\n<meta property=\"og:locale\" content=\"et_EE\" \/>\n<meta property=\"og:type\" content=\"article\" \/>\n<meta property=\"og:title\" content=\"L\u00e4\u00e4nemere probleemid - WaterChain\" \/>\n<meta property=\"og:description\" content=\"L\u00e4\u00e4nemere k\u00f5ige n\u00e4htavamaks probleemiks on eutrofeerumine, mida suveajal v\u00f5ib m\u00e4rgata vetikate laialt levinud \u00f5itsemisena merepinnal. Eutrofeerumisprotsess on h\u00e4sti tuntud ning L\u00e4\u00e4nemeres algas see juba 1800. aastatel. Mereseisundi parendamiseks on tehtud palju, kuid juba k\u00e4ivitunud eutrofeerumisprotsessi on keeruline ohjata. Erinevate ohtlike ainete m\u00f5jud ja s\u00fcnenergeetilised m\u00f5jud on v\u00e4hem selged ja v\u00e4hem tuntud. Ohtlike kemikaalide probleem meres ... Read more\" \/>\n<meta property=\"og:url\" content=\"https:\/\/www.waterchain.eu\/et\/laanemere-probleemid\/\" \/>\n<meta property=\"og:site_name\" content=\"WaterChain\" \/>\n<meta property=\"article:modified_time\" content=\"2018-08-29T07:47:37+00:00\" \/>\n<meta property=\"og:image\" content=\"https:\/\/www.waterchain.eu\/wp-content\/uploads\/2017\/09\/hero-baltic.jpg\" \/>\n\t<meta property=\"og:image:width\" content=\"1380\" \/>\n\t<meta property=\"og:image:height\" content=\"793\" \/>\n\t<meta property=\"og:image:type\" content=\"image\/jpeg\" \/>\n<meta name=\"twitter:card\" content=\"summary_large_image\" \/>\n<meta name=\"twitter:label1\" content=\"Est. reading time\" \/>\n\t<meta name=\"twitter:data1\" content=\"1 minut\" \/>\n<script type=\"application\/ld+json\" class=\"yoast-schema-graph\">{\"@context\":\"https:\\\/\\\/schema.org\",\"@graph\":[{\"@type\":\"WebPage\",\"@id\":\"https:\\\/\\\/www.waterchain.eu\\\/et\\\/laanemere-probleemid\\\/\",\"url\":\"https:\\\/\\\/www.waterchain.eu\\\/et\\\/laanemere-probleemid\\\/\",\"name\":\"L\u00e4\u00e4nemere probleemid - WaterChain\",\"isPartOf\":{\"@id\":\"https:\\\/\\\/www.waterchain.eu\\\/#website\"},\"primaryImageOfPage\":{\"@id\":\"https:\\\/\\\/www.waterchain.eu\\\/et\\\/laanemere-probleemid\\\/#primaryimage\"},\"image\":{\"@id\":\"https:\\\/\\\/www.waterchain.eu\\\/et\\\/laanemere-probleemid\\\/#primaryimage\"},\"thumbnailUrl\":\"https:\\\/\\\/www.waterchain.eu\\\/wp-content\\\/uploads\\\/2017\\\/09\\\/hero-baltic.jpg\",\"datePublished\":\"2018-05-16T08:02:45+00:00\",\"dateModified\":\"2018-08-29T07:47:37+00:00\",\"breadcrumb\":{\"@id\":\"https:\\\/\\\/www.waterchain.eu\\\/et\\\/laanemere-probleemid\\\/#breadcrumb\"},\"inLanguage\":\"et\",\"potentialAction\":[{\"@type\":\"ReadAction\",\"target\":[\"https:\\\/\\\/www.waterchain.eu\\\/et\\\/laanemere-probleemid\\\/\"]}]},{\"@type\":\"ImageObject\",\"inLanguage\":\"et\",\"@id\":\"https:\\\/\\\/www.waterchain.eu\\\/et\\\/laanemere-probleemid\\\/#primaryimage\",\"url\":\"https:\\\/\\\/www.waterchain.eu\\\/wp-content\\\/uploads\\\/2017\\\/09\\\/hero-baltic.jpg\",\"contentUrl\":\"https:\\\/\\\/www.waterchain.eu\\\/wp-content\\\/uploads\\\/2017\\\/09\\\/hero-baltic.jpg\",\"width\":1380,\"height\":793},{\"@type\":\"BreadcrumbList\",\"@id\":\"https:\\\/\\\/www.waterchain.eu\\\/et\\\/laanemere-probleemid\\\/#breadcrumb\",\"itemListElement\":[{\"@type\":\"ListItem\",\"position\":1,\"name\":\"Home\",\"item\":\"https:\\\/\\\/www.waterchain.eu\\\/et\\\/\"},{\"@type\":\"ListItem\",\"position\":2,\"name\":\"L\u00e4\u00e4nemere probleemid\"}]},{\"@type\":\"WebSite\",\"@id\":\"https:\\\/\\\/www.waterchain.eu\\\/#website\",\"url\":\"https:\\\/\\\/www.waterchain.eu\\\/\",\"name\":\"WaterChain\",\"description\":\"Recovering the Baltic Sea\",\"publisher\":{\"@id\":\"https:\\\/\\\/www.waterchain.eu\\\/#organization\"},\"potentialAction\":[{\"@type\":\"SearchAction\",\"target\":{\"@type\":\"EntryPoint\",\"urlTemplate\":\"https:\\\/\\\/www.waterchain.eu\\\/?s={search_term_string}\"},\"query-input\":{\"@type\":\"PropertyValueSpecification\",\"valueRequired\":true,\"valueName\":\"search_term_string\"}}],\"inLanguage\":\"et\"},{\"@type\":\"Organization\",\"@id\":\"https:\\\/\\\/www.waterchain.eu\\\/#organization\",\"name\":\"WaterChain\",\"url\":\"https:\\\/\\\/www.waterchain.eu\\\/\",\"logo\":{\"@type\":\"ImageObject\",\"inLanguage\":\"et\",\"@id\":\"https:\\\/\\\/www.waterchain.eu\\\/#\\\/schema\\\/logo\\\/image\\\/\",\"url\":\"https:\\\/\\\/www.waterchain.eu\\\/wp-content\\\/uploads\\\/2017\\\/09\\\/WaterChain-logo.png\",\"contentUrl\":\"https:\\\/\\\/www.waterchain.eu\\\/wp-content\\\/uploads\\\/2017\\\/09\\\/WaterChain-logo.png\",\"width\":343,\"height\":120,\"caption\":\"WaterChain\"},\"image\":{\"@id\":\"https:\\\/\\\/www.waterchain.eu\\\/#\\\/schema\\\/logo\\\/image\\\/\"},\"sameAs\":[\"https:\\\/\\\/www.youtube.com\\\/channel\\\/UCz8GhExcENBWQYVkkpn_y3Q\"]}]}<\/script>\n<!-- \/ Yoast SEO plugin. -->","yoast_head_json":{"title":"L\u00e4\u00e4nemere probleemid - WaterChain","robots":{"index":"index","follow":"follow","max-snippet":"max-snippet:-1","max-image-preview":"max-image-preview:large","max-video-preview":"max-video-preview:-1"},"canonical":"https:\/\/www.waterchain.eu\/et\/laanemere-probleemid\/","og_locale":"et_EE","og_type":"article","og_title":"L\u00e4\u00e4nemere probleemid - WaterChain","og_description":"L\u00e4\u00e4nemere k\u00f5ige n\u00e4htavamaks probleemiks on eutrofeerumine, mida suveajal v\u00f5ib m\u00e4rgata vetikate laialt levinud \u00f5itsemisena merepinnal. Eutrofeerumisprotsess on h\u00e4sti tuntud ning L\u00e4\u00e4nemeres algas see juba 1800. aastatel. Mereseisundi parendamiseks on tehtud palju, kuid juba k\u00e4ivitunud eutrofeerumisprotsessi on keeruline ohjata. Erinevate ohtlike ainete m\u00f5jud ja s\u00fcnenergeetilised m\u00f5jud on v\u00e4hem selged ja v\u00e4hem tuntud. Ohtlike kemikaalide probleem meres ... Read more","og_url":"https:\/\/www.waterchain.eu\/et\/laanemere-probleemid\/","og_site_name":"WaterChain","article_modified_time":"2018-08-29T07:47:37+00:00","og_image":[{"width":1380,"height":793,"url":"https:\/\/www.waterchain.eu\/wp-content\/uploads\/2017\/09\/hero-baltic.jpg","type":"image\/jpeg"}],"twitter_card":"summary_large_image","twitter_misc":{"Est. reading time":"1 minut"},"schema":{"@context":"https:\/\/schema.org","@graph":[{"@type":"WebPage","@id":"https:\/\/www.waterchain.eu\/et\/laanemere-probleemid\/","url":"https:\/\/www.waterchain.eu\/et\/laanemere-probleemid\/","name":"L\u00e4\u00e4nemere probleemid - WaterChain","isPartOf":{"@id":"https:\/\/www.waterchain.eu\/#website"},"primaryImageOfPage":{"@id":"https:\/\/www.waterchain.eu\/et\/laanemere-probleemid\/#primaryimage"},"image":{"@id":"https:\/\/www.waterchain.eu\/et\/laanemere-probleemid\/#primaryimage"},"thumbnailUrl":"https:\/\/www.waterchain.eu\/wp-content\/uploads\/2017\/09\/hero-baltic.jpg","datePublished":"2018-05-16T08:02:45+00:00","dateModified":"2018-08-29T07:47:37+00:00","breadcrumb":{"@id":"https:\/\/www.waterchain.eu\/et\/laanemere-probleemid\/#breadcrumb"},"inLanguage":"et","potentialAction":[{"@type":"ReadAction","target":["https:\/\/www.waterchain.eu\/et\/laanemere-probleemid\/"]}]},{"@type":"ImageObject","inLanguage":"et","@id":"https:\/\/www.waterchain.eu\/et\/laanemere-probleemid\/#primaryimage","url":"https:\/\/www.waterchain.eu\/wp-content\/uploads\/2017\/09\/hero-baltic.jpg","contentUrl":"https:\/\/www.waterchain.eu\/wp-content\/uploads\/2017\/09\/hero-baltic.jpg","width":1380,"height":793},{"@type":"BreadcrumbList","@id":"https:\/\/www.waterchain.eu\/et\/laanemere-probleemid\/#breadcrumb","itemListElement":[{"@type":"ListItem","position":1,"name":"Home","item":"https:\/\/www.waterchain.eu\/et\/"},{"@type":"ListItem","position":2,"name":"L\u00e4\u00e4nemere probleemid"}]},{"@type":"WebSite","@id":"https:\/\/www.waterchain.eu\/#website","url":"https:\/\/www.waterchain.eu\/","name":"WaterChain","description":"Recovering the Baltic Sea","publisher":{"@id":"https:\/\/www.waterchain.eu\/#organization"},"potentialAction":[{"@type":"SearchAction","target":{"@type":"EntryPoint","urlTemplate":"https:\/\/www.waterchain.eu\/?s={search_term_string}"},"query-input":{"@type":"PropertyValueSpecification","valueRequired":true,"valueName":"search_term_string"}}],"inLanguage":"et"},{"@type":"Organization","@id":"https:\/\/www.waterchain.eu\/#organization","name":"WaterChain","url":"https:\/\/www.waterchain.eu\/","logo":{"@type":"ImageObject","inLanguage":"et","@id":"https:\/\/www.waterchain.eu\/#\/schema\/logo\/image\/","url":"https:\/\/www.waterchain.eu\/wp-content\/uploads\/2017\/09\/WaterChain-logo.png","contentUrl":"https:\/\/www.waterchain.eu\/wp-content\/uploads\/2017\/09\/WaterChain-logo.png","width":343,"height":120,"caption":"WaterChain"},"image":{"@id":"https:\/\/www.waterchain.eu\/#\/schema\/logo\/image\/"},"sameAs":["https:\/\/www.youtube.com\/channel\/UCz8GhExcENBWQYVkkpn_y3Q"]}]}},"_links":{"self":[{"href":"https:\/\/www.waterchain.eu\/et\/wp-json\/wp\/v2\/pages\/723","targetHints":{"allow":["GET"]}}],"collection":[{"href":"https:\/\/www.waterchain.eu\/et\/wp-json\/wp\/v2\/pages"}],"about":[{"href":"https:\/\/www.waterchain.eu\/et\/wp-json\/wp\/v2\/types\/page"}],"author":[{"embeddable":true,"href":"https:\/\/www.waterchain.eu\/et\/wp-json\/wp\/v2\/users\/1"}],"replies":[{"embeddable":true,"href":"https:\/\/www.waterchain.eu\/et\/wp-json\/wp\/v2\/comments?post=723"}],"version-history":[{"count":5,"href":"https:\/\/www.waterchain.eu\/et\/wp-json\/wp\/v2\/pages\/723\/revisions"}],"predecessor-version":[{"id":3302,"href":"https:\/\/www.waterchain.eu\/et\/wp-json\/wp\/v2\/pages\/723\/revisions\/3302"}],"wp:featuredmedia":[{"embeddable":true,"href":"https:\/\/www.waterchain.eu\/et\/wp-json\/wp\/v2\/media\/2136"}],"wp:attachment":[{"href":"https:\/\/www.waterchain.eu\/et\/wp-json\/wp\/v2\/media?parent=723"}],"curies":[{"name":"wp","href":"https:\/\/api.w.org\/{rel}","templated":true}]}}