{"id":762,"date":"2018-05-16T13:52:34","date_gmt":"2018-05-16T10:52:34","guid":{"rendered":"https:\/\/waterchain.eu\/?page_id=762"},"modified":"2018-08-29T10:53:27","modified_gmt":"2018-08-29T07:53:27","slug":"mida-saan-ma-teha","status":"publish","type":"page","link":"https:\/\/www.waterchain.eu\/et\/mida-saan-ma-teha\/","title":{"rendered":"Mida saan ma teha?"},"content":{"rendered":"<h2>Iga\u00fcks saab midagi teha.<\/h2>\n<h5>L\u00e4\u00e4nemere kaitsmine n\u00f5uab meetmeid nii maa- kui ka merepiirkondades.<\/h5>\n<p>L\u00e4\u00e4nemerre sissevoolavate toitainete ja ohtlike ainete v\u00e4ltimine ja v\u00e4hendamine on osaliselt m\u00e4\u00e4ratud kui valgalapiirkonna riikide kohaliku ja rahvusvahelise tasandite poliitiline k\u00fcsimus. Kuid iga\u00fcks meist v\u00f5ib panustada oma igap\u00e4evaste valikutega. Iga tegevus loeb, \u00fcksk\u00f5ik kui t\u00fchine see ei paistaks. J\u00e4lgige meie poolt antud soovitusi ja t\u00e4itke oma lubadusi L\u00e4\u00e4nemere jaoks.<\/p>\n<p><iframe width=\"560\" height=\"315\" src=\"https:\/\/www.youtube.com\/embed\/vodwf2ADgrM\" frameborder=\"0\" allow=\"autoplay; encrypted-media\" allowfullscreen><\/iframe><\/p>\n<p>Euroopa Liidu j\u00e4\u00e4tmealane seadusandlus ja tegevuskava seab j\u00e4\u00e4tmek\u00e4itluse etapid prioriteetsuse alusel:<\/p>\n<ol>\n<li>V\u00e4henda j\u00e4\u00e4tmete hulka ostes v\u00e4hem! Ostetud kaupasid, tooteid tarbi maksimaalselt.<\/li>\n<li>Loobu kasutamast perfluoreeritud \u00fchenditega t\u00f6\u00f6deldud kaupu, \u00fchekordseid plasttooteid, keskkonnale ja tervisele kahjulikke kemikaale ja pestitsiide.<\/li>\n<li>Taaskasuta ja paranda, kui suudad. Kui sa enam ei vaja, anna edasi teistele kasutajatele!<\/li>\n<li>Taaskasuta! \u00c4ra kasuta WC potti pr\u00fcgikastina. Vii aegunud ja kasutud ravimid tagasi apteeki ja korista oma \u00fcmbruskonda pr\u00fcgist. J\u00e4\u00e4tmed ja pr\u00fcgi keskkonnas on meie \u00fchine probleem. Seda saab lahendada meie valikute ja tegudega!<\/li>\n<\/ol>\n<p><a href=\"https:\/\/www.waterchain.eu\/wp-content\/uploads\/2018\/06\/What-can-I-do_illustration-web.jpg\"><img fetchpriority=\"high\" decoding=\"async\" class=\"alignnone size-full wp-image-1284\" src=\"https:\/\/www.waterchain.eu\/wp-content\/uploads\/2018\/06\/What-can-I-do_illustration-web.jpg\" alt=\"\" width=\"1000\" height=\"918\" srcset=\"https:\/\/www.waterchain.eu\/wp-content\/uploads\/2018\/06\/What-can-I-do_illustration-web.jpg 1000w, https:\/\/www.waterchain.eu\/wp-content\/uploads\/2018\/06\/What-can-I-do_illustration-web-768x705.jpg 768w\" sizes=\"(max-width: 1000px) 100vw, 1000px\" \/><\/a><\/p>\n","protected":false},"excerpt":{"rendered":"<p>Iga\u00fcks saab midagi teha. L\u00e4\u00e4nemere kaitsmine n\u00f5uab meetmeid nii maa- kui ka merepiirkondades. L\u00e4\u00e4nemerre sissevoolavate toitainete ja ohtlike ainete v\u00e4ltimine ja v\u00e4hendamine on osaliselt m\u00e4\u00e4ratud kui valgalapiirkonna riikide kohaliku ja rahvusvahelise tasandite poliitiline k\u00fcsimus. Kuid iga\u00fcks meist v\u00f5ib panustada oma igap\u00e4evaste valikutega. Iga tegevus loeb, \u00fcksk\u00f5ik kui t\u00fchine see ei paistaks. J\u00e4lgige meie poolt antud &#8230; <a title=\"Mida saan ma teha?\" class=\"read-more\" href=\"https:\/\/www.waterchain.eu\/et\/mida-saan-ma-teha\/\" aria-label=\"Read more about Mida saan ma teha?\">Read more<\/a><\/p>\n","protected":false},"author":1,"featured_media":2108,"parent":0,"menu_order":67,"comment_status":"closed","ping_status":"closed","template":"","meta":{"_exactmetrics_skip_tracking":false,"_exactmetrics_sitenote_active":false,"_exactmetrics_sitenote_note":"","_exactmetrics_sitenote_category":0,"generate_page_header":"","footnotes":""},"class_list":["post-762","page","type-page","status-publish","has-post-thumbnail"],"yoast_head":"<!-- This site is optimized with the Yoast SEO plugin v27.3 - https:\/\/yoast.com\/product\/yoast-seo-wordpress\/ -->\n<title>Mida saan ma teha? - WaterChain<\/title>\n<meta name=\"robots\" content=\"index, follow, max-snippet:-1, max-image-preview:large, max-video-preview:-1\" \/>\n<link rel=\"canonical\" href=\"https:\/\/www.waterchain.eu\/et\/mida-saan-ma-teha\/\" \/>\n<meta property=\"og:locale\" content=\"et_EE\" \/>\n<meta property=\"og:type\" content=\"article\" \/>\n<meta property=\"og:title\" content=\"Mida saan ma teha? - WaterChain\" \/>\n<meta property=\"og:description\" content=\"Iga\u00fcks saab midagi teha. L\u00e4\u00e4nemere kaitsmine n\u00f5uab meetmeid nii maa- kui ka merepiirkondades. L\u00e4\u00e4nemerre sissevoolavate toitainete ja ohtlike ainete v\u00e4ltimine ja v\u00e4hendamine on osaliselt m\u00e4\u00e4ratud kui valgalapiirkonna riikide kohaliku ja rahvusvahelise tasandite poliitiline k\u00fcsimus. Kuid iga\u00fcks meist v\u00f5ib panustada oma igap\u00e4evaste valikutega. Iga tegevus loeb, \u00fcksk\u00f5ik kui t\u00fchine see ei paistaks. J\u00e4lgige meie poolt antud ... Read more\" \/>\n<meta property=\"og:url\" content=\"https:\/\/www.waterchain.eu\/et\/mida-saan-ma-teha\/\" \/>\n<meta property=\"og:site_name\" content=\"WaterChain\" \/>\n<meta property=\"article:modified_time\" content=\"2018-08-29T07:53:27+00:00\" \/>\n<meta property=\"og:image\" content=\"https:\/\/www.waterchain.eu\/wp-content\/uploads\/2018\/04\/title-woman-on-beach-01.jpg\" \/>\n\t<meta property=\"og:image:width\" content=\"1600\" \/>\n\t<meta property=\"og:image:height\" content=\"1000\" \/>\n\t<meta property=\"og:image:type\" content=\"image\/jpeg\" \/>\n<meta name=\"twitter:card\" content=\"summary_large_image\" \/>\n<meta name=\"twitter:label1\" content=\"Est. reading time\" \/>\n\t<meta name=\"twitter:data1\" content=\"1 minut\" \/>\n<script type=\"application\/ld+json\" class=\"yoast-schema-graph\">{\"@context\":\"https:\\\/\\\/schema.org\",\"@graph\":[{\"@type\":\"WebPage\",\"@id\":\"https:\\\/\\\/www.waterchain.eu\\\/et\\\/mida-saan-ma-teha\\\/\",\"url\":\"https:\\\/\\\/www.waterchain.eu\\\/et\\\/mida-saan-ma-teha\\\/\",\"name\":\"Mida saan ma teha? - WaterChain\",\"isPartOf\":{\"@id\":\"https:\\\/\\\/www.waterchain.eu\\\/#website\"},\"primaryImageOfPage\":{\"@id\":\"https:\\\/\\\/www.waterchain.eu\\\/et\\\/mida-saan-ma-teha\\\/#primaryimage\"},\"image\":{\"@id\":\"https:\\\/\\\/www.waterchain.eu\\\/et\\\/mida-saan-ma-teha\\\/#primaryimage\"},\"thumbnailUrl\":\"https:\\\/\\\/www.waterchain.eu\\\/wp-content\\\/uploads\\\/2018\\\/04\\\/title-woman-on-beach-01.jpg\",\"datePublished\":\"2018-05-16T10:52:34+00:00\",\"dateModified\":\"2018-08-29T07:53:27+00:00\",\"breadcrumb\":{\"@id\":\"https:\\\/\\\/www.waterchain.eu\\\/et\\\/mida-saan-ma-teha\\\/#breadcrumb\"},\"inLanguage\":\"et\",\"potentialAction\":[{\"@type\":\"ReadAction\",\"target\":[\"https:\\\/\\\/www.waterchain.eu\\\/et\\\/mida-saan-ma-teha\\\/\"]}]},{\"@type\":\"ImageObject\",\"inLanguage\":\"et\",\"@id\":\"https:\\\/\\\/www.waterchain.eu\\\/et\\\/mida-saan-ma-teha\\\/#primaryimage\",\"url\":\"https:\\\/\\\/www.waterchain.eu\\\/wp-content\\\/uploads\\\/2018\\\/04\\\/title-woman-on-beach-01.jpg\",\"contentUrl\":\"https:\\\/\\\/www.waterchain.eu\\\/wp-content\\\/uploads\\\/2018\\\/04\\\/title-woman-on-beach-01.jpg\",\"width\":1600,\"height\":1000},{\"@type\":\"BreadcrumbList\",\"@id\":\"https:\\\/\\\/www.waterchain.eu\\\/et\\\/mida-saan-ma-teha\\\/#breadcrumb\",\"itemListElement\":[{\"@type\":\"ListItem\",\"position\":1,\"name\":\"Home\",\"item\":\"https:\\\/\\\/www.waterchain.eu\\\/et\\\/\"},{\"@type\":\"ListItem\",\"position\":2,\"name\":\"Mida saan ma teha?\"}]},{\"@type\":\"WebSite\",\"@id\":\"https:\\\/\\\/www.waterchain.eu\\\/#website\",\"url\":\"https:\\\/\\\/www.waterchain.eu\\\/\",\"name\":\"WaterChain\",\"description\":\"Recovering the Baltic Sea\",\"publisher\":{\"@id\":\"https:\\\/\\\/www.waterchain.eu\\\/#organization\"},\"potentialAction\":[{\"@type\":\"SearchAction\",\"target\":{\"@type\":\"EntryPoint\",\"urlTemplate\":\"https:\\\/\\\/www.waterchain.eu\\\/?s={search_term_string}\"},\"query-input\":{\"@type\":\"PropertyValueSpecification\",\"valueRequired\":true,\"valueName\":\"search_term_string\"}}],\"inLanguage\":\"et\"},{\"@type\":\"Organization\",\"@id\":\"https:\\\/\\\/www.waterchain.eu\\\/#organization\",\"name\":\"WaterChain\",\"url\":\"https:\\\/\\\/www.waterchain.eu\\\/\",\"logo\":{\"@type\":\"ImageObject\",\"inLanguage\":\"et\",\"@id\":\"https:\\\/\\\/www.waterchain.eu\\\/#\\\/schema\\\/logo\\\/image\\\/\",\"url\":\"https:\\\/\\\/www.waterchain.eu\\\/wp-content\\\/uploads\\\/2017\\\/09\\\/WaterChain-logo.png\",\"contentUrl\":\"https:\\\/\\\/www.waterchain.eu\\\/wp-content\\\/uploads\\\/2017\\\/09\\\/WaterChain-logo.png\",\"width\":343,\"height\":120,\"caption\":\"WaterChain\"},\"image\":{\"@id\":\"https:\\\/\\\/www.waterchain.eu\\\/#\\\/schema\\\/logo\\\/image\\\/\"},\"sameAs\":[\"https:\\\/\\\/www.youtube.com\\\/channel\\\/UCz8GhExcENBWQYVkkpn_y3Q\"]}]}<\/script>\n<!-- \/ Yoast SEO plugin. -->","yoast_head_json":{"title":"Mida saan ma teha? - WaterChain","robots":{"index":"index","follow":"follow","max-snippet":"max-snippet:-1","max-image-preview":"max-image-preview:large","max-video-preview":"max-video-preview:-1"},"canonical":"https:\/\/www.waterchain.eu\/et\/mida-saan-ma-teha\/","og_locale":"et_EE","og_type":"article","og_title":"Mida saan ma teha? - WaterChain","og_description":"Iga\u00fcks saab midagi teha. L\u00e4\u00e4nemere kaitsmine n\u00f5uab meetmeid nii maa- kui ka merepiirkondades. L\u00e4\u00e4nemerre sissevoolavate toitainete ja ohtlike ainete v\u00e4ltimine ja v\u00e4hendamine on osaliselt m\u00e4\u00e4ratud kui valgalapiirkonna riikide kohaliku ja rahvusvahelise tasandite poliitiline k\u00fcsimus. Kuid iga\u00fcks meist v\u00f5ib panustada oma igap\u00e4evaste valikutega. Iga tegevus loeb, \u00fcksk\u00f5ik kui t\u00fchine see ei paistaks. J\u00e4lgige meie poolt antud ... Read more","og_url":"https:\/\/www.waterchain.eu\/et\/mida-saan-ma-teha\/","og_site_name":"WaterChain","article_modified_time":"2018-08-29T07:53:27+00:00","og_image":[{"width":1600,"height":1000,"url":"https:\/\/www.waterchain.eu\/wp-content\/uploads\/2018\/04\/title-woman-on-beach-01.jpg","type":"image\/jpeg"}],"twitter_card":"summary_large_image","twitter_misc":{"Est. reading time":"1 minut"},"schema":{"@context":"https:\/\/schema.org","@graph":[{"@type":"WebPage","@id":"https:\/\/www.waterchain.eu\/et\/mida-saan-ma-teha\/","url":"https:\/\/www.waterchain.eu\/et\/mida-saan-ma-teha\/","name":"Mida saan ma teha? - WaterChain","isPartOf":{"@id":"https:\/\/www.waterchain.eu\/#website"},"primaryImageOfPage":{"@id":"https:\/\/www.waterchain.eu\/et\/mida-saan-ma-teha\/#primaryimage"},"image":{"@id":"https:\/\/www.waterchain.eu\/et\/mida-saan-ma-teha\/#primaryimage"},"thumbnailUrl":"https:\/\/www.waterchain.eu\/wp-content\/uploads\/2018\/04\/title-woman-on-beach-01.jpg","datePublished":"2018-05-16T10:52:34+00:00","dateModified":"2018-08-29T07:53:27+00:00","breadcrumb":{"@id":"https:\/\/www.waterchain.eu\/et\/mida-saan-ma-teha\/#breadcrumb"},"inLanguage":"et","potentialAction":[{"@type":"ReadAction","target":["https:\/\/www.waterchain.eu\/et\/mida-saan-ma-teha\/"]}]},{"@type":"ImageObject","inLanguage":"et","@id":"https:\/\/www.waterchain.eu\/et\/mida-saan-ma-teha\/#primaryimage","url":"https:\/\/www.waterchain.eu\/wp-content\/uploads\/2018\/04\/title-woman-on-beach-01.jpg","contentUrl":"https:\/\/www.waterchain.eu\/wp-content\/uploads\/2018\/04\/title-woman-on-beach-01.jpg","width":1600,"height":1000},{"@type":"BreadcrumbList","@id":"https:\/\/www.waterchain.eu\/et\/mida-saan-ma-teha\/#breadcrumb","itemListElement":[{"@type":"ListItem","position":1,"name":"Home","item":"https:\/\/www.waterchain.eu\/et\/"},{"@type":"ListItem","position":2,"name":"Mida saan ma teha?"}]},{"@type":"WebSite","@id":"https:\/\/www.waterchain.eu\/#website","url":"https:\/\/www.waterchain.eu\/","name":"WaterChain","description":"Recovering the Baltic Sea","publisher":{"@id":"https:\/\/www.waterchain.eu\/#organization"},"potentialAction":[{"@type":"SearchAction","target":{"@type":"EntryPoint","urlTemplate":"https:\/\/www.waterchain.eu\/?s={search_term_string}"},"query-input":{"@type":"PropertyValueSpecification","valueRequired":true,"valueName":"search_term_string"}}],"inLanguage":"et"},{"@type":"Organization","@id":"https:\/\/www.waterchain.eu\/#organization","name":"WaterChain","url":"https:\/\/www.waterchain.eu\/","logo":{"@type":"ImageObject","inLanguage":"et","@id":"https:\/\/www.waterchain.eu\/#\/schema\/logo\/image\/","url":"https:\/\/www.waterchain.eu\/wp-content\/uploads\/2017\/09\/WaterChain-logo.png","contentUrl":"https:\/\/www.waterchain.eu\/wp-content\/uploads\/2017\/09\/WaterChain-logo.png","width":343,"height":120,"caption":"WaterChain"},"image":{"@id":"https:\/\/www.waterchain.eu\/#\/schema\/logo\/image\/"},"sameAs":["https:\/\/www.youtube.com\/channel\/UCz8GhExcENBWQYVkkpn_y3Q"]}]}},"_links":{"self":[{"href":"https:\/\/www.waterchain.eu\/et\/wp-json\/wp\/v2\/pages\/762","targetHints":{"allow":["GET"]}}],"collection":[{"href":"https:\/\/www.waterchain.eu\/et\/wp-json\/wp\/v2\/pages"}],"about":[{"href":"https:\/\/www.waterchain.eu\/et\/wp-json\/wp\/v2\/types\/page"}],"author":[{"embeddable":true,"href":"https:\/\/www.waterchain.eu\/et\/wp-json\/wp\/v2\/users\/1"}],"replies":[{"embeddable":true,"href":"https:\/\/www.waterchain.eu\/et\/wp-json\/wp\/v2\/comments?post=762"}],"version-history":[{"count":6,"href":"https:\/\/www.waterchain.eu\/et\/wp-json\/wp\/v2\/pages\/762\/revisions"}],"predecessor-version":[{"id":3308,"href":"https:\/\/www.waterchain.eu\/et\/wp-json\/wp\/v2\/pages\/762\/revisions\/3308"}],"wp:featuredmedia":[{"embeddable":true,"href":"https:\/\/www.waterchain.eu\/et\/wp-json\/wp\/v2\/media\/2108"}],"wp:attachment":[{"href":"https:\/\/www.waterchain.eu\/et\/wp-json\/wp\/v2\/media?parent=762"}],"curies":[{"name":"wp","href":"https:\/\/api.w.org\/{rel}","templated":true}]}}