{"id":764,"date":"2018-05-16T13:55:58","date_gmt":"2018-05-16T10:55:58","guid":{"rendered":"https:\/\/waterchain.eu\/?page_id=764"},"modified":"2018-07-02T15:21:34","modified_gmt":"2018-07-02T12:21:34","slug":"toitained","status":"publish","type":"page","link":"https:\/\/www.waterchain.eu\/et\/mida-saan-ma-teha\/toitained\/","title":{"rendered":"Toitained"},"content":{"rendered":"<h2>Fosfor ja l\u00e4mmastik<\/h2>\n<h5>L\u00e4\u00e4nemerre sissevoolavate toitainete ja ohtlike ainete ennetamine ja v\u00e4hendamine on osaliselt m\u00e4\u00e4ratud kui valgalapiirkonna riikide kohaliku ja rahvusvahelise tasandite poliitiline k\u00fcsimus. Kuid iga\u00fcks meist v\u00f5ib panustada oma igap\u00e4evaste valikutega. Veekeskkonda sattuvate toitainete koguseid v\u00f5ib v\u00e4hendada n\u00e4iteks kui tarbijate k\u00e4itumisharjumisi muuta, reovett n\u00f5uetekohaselt puhastada ja parandada p\u00f5llumajanduses kasutatavaid meetodeid.<\/h5>\n<ul>\n<li>Kas te kasutate fosfaate mittesisaldavaid puhastusvahendeid?<\/li>\n<li>Kas teie j\u00e4\u00e4tmek\u00e4itlus ja taaskasutus on korras? Kas teil on komposti?<\/li>\n<li>Kas teie aias on vaja kasutada v\u00e4etisi?<\/li>\n<li>Kas te saaksite v\u00e4hem s\u00fc\u00fca liha ja eelistada kohalikku toitu?<\/li>\n<li>Kas reoveed teie suvilas v\u00f5i paadis on n\u00f5uetekohaselt t\u00f6\u00f6deldud?<\/li>\n<\/ul>\n<hr \/>\n\t<div class=\"gridable gridable--row\" >\n\t\t\t<div class=\"gridable--col col-6\" >\n\t\t<p><img fetchpriority=\"high\" decoding=\"async\" class=\"alignnone size-full wp-image-619\" src=\"https:\/\/www.waterchain.eu\/wp-content\/uploads\/2018\/04\/nutrients-local-food.jpg\" alt=\"\" width=\"1280\" height=\"757\" srcset=\"https:\/\/www.waterchain.eu\/wp-content\/uploads\/2018\/04\/nutrients-local-food.jpg 1280w, https:\/\/www.waterchain.eu\/wp-content\/uploads\/2018\/04\/nutrients-local-food-768x454.jpg 768w\" sizes=\"(max-width: 1280px) 100vw, 1280px\" \/><\/p>\t<\/div>\n\t<div class=\"gridable--col col-6\" >\n\t\t<h3>Meie valikud tarbijatena<\/h3>\n<p>Mitmeid asju, mida iga\u00fcks meist saab teha, et v\u00e4hendada toitainete hulka L\u00e4\u00e4nemeres, on seotud meie kui tarbija valikutega. Toidu tootmine, st p\u00f5llumajandus, mis p\u00f5hjustab toitainete sattumist vette, ei ole v\u00e4hem oluline sellest, mida me s\u00f6\u00f6me. Liha tootmine on saastavam kui taimetoidu k\u00e4itlemine ning seega oleks m\u00f5istlik v\u00e4hendada liha tarbimist. Valides kohalikult toodetud toidu, v\u00f5ime v\u00e4hendada toodete transportimisel tekkivate \u00f5husaaste koguseid. Samuti on v\u00e4ga oluline v\u00e4hendada toiduj\u00e4\u00e4tmete koguseid.<\/p>\t<\/div>\n\t<\/div>\n\n<hr \/>\n\t<div class=\"gridable gridable--row\" >\n\t\t\t<div class=\"gridable--col col-6\" >\n\t\t<h3>Reovesi<\/h3>\n<p>\u00dcks oluline v\u00f5imalus L\u00e4\u00e4nemere toitainete sissevoolamise v\u00e4hendamiseks on tagada, et reovesi t\u00f6\u00f6deldakse n\u00f5uetekohaselt. Hajuasulate leibkondade reoveepuhastuss\u00fcsteemid ei ole alati toitainete eemaldamise jaoks piisavalt t\u00f5husad. Samuti on oluline m\u00f5elda n\u00e4iteks sellele, milliseid kemikaale me kasutame oma kodumajapidamistes, kuna need ja neis sisalduvad toitained, j\u00f5uavad l\u00f5puks vees\u00fcsteemide kaudu merre.<\/p>\t<\/div>\n\t<div class=\"gridable--col col-6\" >\n\t\t<a href=\"https:\/\/www.waterchain.eu\/wp-content\/uploads\/2018\/07\/nutrients-wastewater.jpg\"><img decoding=\"async\" class=\"alignnone size-medium wp-image-1642\" src=\"https:\/\/www.waterchain.eu\/wp-content\/uploads\/2018\/07\/nutrients-wastewater-768x454.jpg\" alt=\"\" width=\"768\" height=\"454\" srcset=\"https:\/\/www.waterchain.eu\/wp-content\/uploads\/2018\/07\/nutrients-wastewater-768x454.jpg 768w, https:\/\/www.waterchain.eu\/wp-content\/uploads\/2018\/07\/nutrients-wastewater.jpg 1280w\" sizes=\"(max-width: 768px) 100vw, 768px\" \/><\/a>\t<\/div>\n\t<\/div>\n\n<hr \/>\n\t<div class=\"gridable gridable--row\" >\n\t\t\t<div class=\"gridable--col col-6\" >\n\t\t<p><figure id=\"attachment_613\" aria-describedby=\"caption-attachment-613\" style=\"width: 1270px\" class=\"wp-caption alignnone\"><img decoding=\"async\" class=\"wp-image-613 size-full\" src=\"https:\/\/www.waterchain.eu\/wp-content\/uploads\/2018\/04\/nutrients-agriculture.jpg\" alt=\"\" width=\"1280\" height=\"757\" srcset=\"https:\/\/www.waterchain.eu\/wp-content\/uploads\/2018\/04\/nutrients-agriculture.jpg 1280w, https:\/\/www.waterchain.eu\/wp-content\/uploads\/2018\/04\/nutrients-agriculture-768x454.jpg 768w\" sizes=\"(max-width: 1280px) 100vw, 1280px\" \/><figcaption id=\"caption-attachment-613\" class=\"wp-caption-text\">\u00a9 TUAS, Water Engineering<\/figcaption><\/figure><\/p>\t<\/div>\n\t<div class=\"gridable--col col-6\" >\n\t\t<h3>P\u00f5llumajandus<\/h3>\n<p>P\u00f5llumajandustegevusest L\u00e4\u00e4nemerre sattuvate toitainete koguste v\u00e4hendamiseks on vajalik parendada kultiveerimis- ja v\u00e4etamistehnoloogiate v\u00e4ljat\u00f6\u00f6tamist ja kasutuselev\u00f5ttu. Esmane eesm\u00e4rk on v\u00e4ltida toitainete ladestumist p\u00f5ldudel. Kui toitained satuvad p\u00f5ldudelt vees\u00fcsteemidesse, siis tuleks sulgeda nende v\u00e4ljalasud merre. N\u00e4iteks vees\u00fcsteeme \u00fcmbritsevad m\u00e4rgalad ja erinevad filtrid omastavad toitaineid ning aeglustavad nende v\u00e4ljavoolu. Sellep\u00e4rast on oluline kaitsta ka m\u00e4rgalasid valgalade l\u00e4heduses. Lisaks v\u00f5ib toitainete kogust v\u00e4hendada toitainete ringluse kaudu. Lisateavet leiate jaotisest &#8220;Parimad praktikad&#8221;.<\/p>\t<\/div>\n\t<\/div>\n\n<hr \/>\n<h5>Kokkuv\u00f5tteks v\u00f5ib v\u00e4ita, et valides keskkonnas\u00f5bralikud ja kohalikud tooted, ning kasutades p\u00f5llumajanduses ja reoveepuhastuses parimaid olemasolevaid tehnoloogiaid, v\u00f5ime v\u00e4hendada toiteainete koormust L\u00e4\u00e4nemerele. Nii v\u00f5ime aeglustada eutrofeerumisest p\u00f5hjustatud protsesse, mis on L\u00e4\u00e4nemere jaoks k\u00f5ige teravamad probleemid.<\/h5>\n","protected":false},"excerpt":{"rendered":"<p>Fosfor ja l\u00e4mmastik L\u00e4\u00e4nemerre sissevoolavate toitainete ja ohtlike ainete ennetamine ja v\u00e4hendamine on osaliselt m\u00e4\u00e4ratud kui valgalapiirkonna riikide kohaliku ja rahvusvahelise tasandite poliitiline k\u00fcsimus. Kuid iga\u00fcks meist v\u00f5ib panustada oma igap\u00e4evaste valikutega. Veekeskkonda sattuvate toitainete koguseid v\u00f5ib v\u00e4hendada n\u00e4iteks kui tarbijate k\u00e4itumisharjumisi muuta, reovett n\u00f5uetekohaselt puhastada ja parandada p\u00f5llumajanduses kasutatavaid meetodeid. Kas te kasutate fosfaate &#8230; <a title=\"Toitained\" class=\"read-more\" href=\"https:\/\/www.waterchain.eu\/et\/mida-saan-ma-teha\/toitained\/\" aria-label=\"Read more about Toitained\">Read more<\/a><\/p>\n","protected":false},"author":1,"featured_media":28,"parent":762,"menu_order":21,"comment_status":"closed","ping_status":"closed","template":"","meta":{"_exactmetrics_skip_tracking":false,"_exactmetrics_sitenote_active":false,"_exactmetrics_sitenote_note":"","_exactmetrics_sitenote_category":0,"generate_page_header":"","footnotes":""},"class_list":["post-764","page","type-page","status-publish","has-post-thumbnail"],"yoast_head":"<!-- This site is optimized with the Yoast SEO plugin v27.3 - https:\/\/yoast.com\/product\/yoast-seo-wordpress\/ -->\n<title>Toitained - WaterChain<\/title>\n<meta name=\"robots\" content=\"index, follow, max-snippet:-1, max-image-preview:large, max-video-preview:-1\" \/>\n<link rel=\"canonical\" href=\"https:\/\/www.waterchain.eu\/et\/mida-saan-ma-teha\/toitained\/\" \/>\n<meta property=\"og:locale\" content=\"et_EE\" \/>\n<meta property=\"og:type\" content=\"article\" \/>\n<meta property=\"og:title\" content=\"Toitained - WaterChain\" \/>\n<meta property=\"og:description\" content=\"Fosfor ja l\u00e4mmastik L\u00e4\u00e4nemerre sissevoolavate toitainete ja ohtlike ainete ennetamine ja v\u00e4hendamine on osaliselt m\u00e4\u00e4ratud kui valgalapiirkonna riikide kohaliku ja rahvusvahelise tasandite poliitiline k\u00fcsimus. Kuid iga\u00fcks meist v\u00f5ib panustada oma igap\u00e4evaste valikutega. Veekeskkonda sattuvate toitainete koguseid v\u00f5ib v\u00e4hendada n\u00e4iteks kui tarbijate k\u00e4itumisharjumisi muuta, reovett n\u00f5uetekohaselt puhastada ja parandada p\u00f5llumajanduses kasutatavaid meetodeid. Kas te kasutate fosfaate ... Read more\" \/>\n<meta property=\"og:url\" content=\"https:\/\/www.waterchain.eu\/et\/mida-saan-ma-teha\/toitained\/\" \/>\n<meta property=\"og:site_name\" content=\"WaterChain\" \/>\n<meta property=\"article:modified_time\" content=\"2018-07-02T12:21:34+00:00\" \/>\n<meta property=\"og:image\" content=\"https:\/\/www.waterchain.eu\/wp-content\/uploads\/2017\/09\/hero-baltic.jpg\" \/>\n\t<meta property=\"og:image:width\" content=\"1380\" \/>\n\t<meta property=\"og:image:height\" content=\"793\" \/>\n\t<meta property=\"og:image:type\" content=\"image\/jpeg\" \/>\n<meta name=\"twitter:card\" content=\"summary_large_image\" \/>\n<meta name=\"twitter:label1\" content=\"Est. reading time\" \/>\n\t<meta name=\"twitter:data1\" content=\"2 minutit\" \/>\n<script type=\"application\/ld+json\" class=\"yoast-schema-graph\">{\"@context\":\"https:\\\/\\\/schema.org\",\"@graph\":[{\"@type\":\"WebPage\",\"@id\":\"https:\\\/\\\/www.waterchain.eu\\\/et\\\/mida-saan-ma-teha\\\/toitained\\\/\",\"url\":\"https:\\\/\\\/www.waterchain.eu\\\/et\\\/mida-saan-ma-teha\\\/toitained\\\/\",\"name\":\"Toitained - WaterChain\",\"isPartOf\":{\"@id\":\"https:\\\/\\\/www.waterchain.eu\\\/#website\"},\"primaryImageOfPage\":{\"@id\":\"https:\\\/\\\/www.waterchain.eu\\\/et\\\/mida-saan-ma-teha\\\/toitained\\\/#primaryimage\"},\"image\":{\"@id\":\"https:\\\/\\\/www.waterchain.eu\\\/et\\\/mida-saan-ma-teha\\\/toitained\\\/#primaryimage\"},\"thumbnailUrl\":\"https:\\\/\\\/www.waterchain.eu\\\/wp-content\\\/uploads\\\/2017\\\/09\\\/hero-baltic.jpg\",\"datePublished\":\"2018-05-16T10:55:58+00:00\",\"dateModified\":\"2018-07-02T12:21:34+00:00\",\"breadcrumb\":{\"@id\":\"https:\\\/\\\/www.waterchain.eu\\\/et\\\/mida-saan-ma-teha\\\/toitained\\\/#breadcrumb\"},\"inLanguage\":\"et\",\"potentialAction\":[{\"@type\":\"ReadAction\",\"target\":[\"https:\\\/\\\/www.waterchain.eu\\\/et\\\/mida-saan-ma-teha\\\/toitained\\\/\"]}]},{\"@type\":\"ImageObject\",\"inLanguage\":\"et\",\"@id\":\"https:\\\/\\\/www.waterchain.eu\\\/et\\\/mida-saan-ma-teha\\\/toitained\\\/#primaryimage\",\"url\":\"https:\\\/\\\/www.waterchain.eu\\\/wp-content\\\/uploads\\\/2017\\\/09\\\/hero-baltic.jpg\",\"contentUrl\":\"https:\\\/\\\/www.waterchain.eu\\\/wp-content\\\/uploads\\\/2017\\\/09\\\/hero-baltic.jpg\",\"width\":1380,\"height\":793},{\"@type\":\"BreadcrumbList\",\"@id\":\"https:\\\/\\\/www.waterchain.eu\\\/et\\\/mida-saan-ma-teha\\\/toitained\\\/#breadcrumb\",\"itemListElement\":[{\"@type\":\"ListItem\",\"position\":1,\"name\":\"Home\",\"item\":\"https:\\\/\\\/www.waterchain.eu\\\/et\\\/\"},{\"@type\":\"ListItem\",\"position\":2,\"name\":\"Mida saan ma teha?\",\"item\":\"https:\\\/\\\/www.waterchain.eu\\\/et\\\/mida-saan-ma-teha\\\/\"},{\"@type\":\"ListItem\",\"position\":3,\"name\":\"Toitained\"}]},{\"@type\":\"WebSite\",\"@id\":\"https:\\\/\\\/www.waterchain.eu\\\/#website\",\"url\":\"https:\\\/\\\/www.waterchain.eu\\\/\",\"name\":\"WaterChain\",\"description\":\"Recovering the Baltic Sea\",\"publisher\":{\"@id\":\"https:\\\/\\\/www.waterchain.eu\\\/#organization\"},\"potentialAction\":[{\"@type\":\"SearchAction\",\"target\":{\"@type\":\"EntryPoint\",\"urlTemplate\":\"https:\\\/\\\/www.waterchain.eu\\\/?s={search_term_string}\"},\"query-input\":{\"@type\":\"PropertyValueSpecification\",\"valueRequired\":true,\"valueName\":\"search_term_string\"}}],\"inLanguage\":\"et\"},{\"@type\":\"Organization\",\"@id\":\"https:\\\/\\\/www.waterchain.eu\\\/#organization\",\"name\":\"WaterChain\",\"url\":\"https:\\\/\\\/www.waterchain.eu\\\/\",\"logo\":{\"@type\":\"ImageObject\",\"inLanguage\":\"et\",\"@id\":\"https:\\\/\\\/www.waterchain.eu\\\/#\\\/schema\\\/logo\\\/image\\\/\",\"url\":\"https:\\\/\\\/www.waterchain.eu\\\/wp-content\\\/uploads\\\/2017\\\/09\\\/WaterChain-logo.png\",\"contentUrl\":\"https:\\\/\\\/www.waterchain.eu\\\/wp-content\\\/uploads\\\/2017\\\/09\\\/WaterChain-logo.png\",\"width\":343,\"height\":120,\"caption\":\"WaterChain\"},\"image\":{\"@id\":\"https:\\\/\\\/www.waterchain.eu\\\/#\\\/schema\\\/logo\\\/image\\\/\"},\"sameAs\":[\"https:\\\/\\\/www.youtube.com\\\/channel\\\/UCz8GhExcENBWQYVkkpn_y3Q\"]}]}<\/script>\n<!-- \/ Yoast SEO plugin. -->","yoast_head_json":{"title":"Toitained - WaterChain","robots":{"index":"index","follow":"follow","max-snippet":"max-snippet:-1","max-image-preview":"max-image-preview:large","max-video-preview":"max-video-preview:-1"},"canonical":"https:\/\/www.waterchain.eu\/et\/mida-saan-ma-teha\/toitained\/","og_locale":"et_EE","og_type":"article","og_title":"Toitained - WaterChain","og_description":"Fosfor ja l\u00e4mmastik L\u00e4\u00e4nemerre sissevoolavate toitainete ja ohtlike ainete ennetamine ja v\u00e4hendamine on osaliselt m\u00e4\u00e4ratud kui valgalapiirkonna riikide kohaliku ja rahvusvahelise tasandite poliitiline k\u00fcsimus. Kuid iga\u00fcks meist v\u00f5ib panustada oma igap\u00e4evaste valikutega. Veekeskkonda sattuvate toitainete koguseid v\u00f5ib v\u00e4hendada n\u00e4iteks kui tarbijate k\u00e4itumisharjumisi muuta, reovett n\u00f5uetekohaselt puhastada ja parandada p\u00f5llumajanduses kasutatavaid meetodeid. Kas te kasutate fosfaate ... Read more","og_url":"https:\/\/www.waterchain.eu\/et\/mida-saan-ma-teha\/toitained\/","og_site_name":"WaterChain","article_modified_time":"2018-07-02T12:21:34+00:00","og_image":[{"width":1380,"height":793,"url":"https:\/\/www.waterchain.eu\/wp-content\/uploads\/2017\/09\/hero-baltic.jpg","type":"image\/jpeg"}],"twitter_card":"summary_large_image","twitter_misc":{"Est. reading time":"2 minutit"},"schema":{"@context":"https:\/\/schema.org","@graph":[{"@type":"WebPage","@id":"https:\/\/www.waterchain.eu\/et\/mida-saan-ma-teha\/toitained\/","url":"https:\/\/www.waterchain.eu\/et\/mida-saan-ma-teha\/toitained\/","name":"Toitained - WaterChain","isPartOf":{"@id":"https:\/\/www.waterchain.eu\/#website"},"primaryImageOfPage":{"@id":"https:\/\/www.waterchain.eu\/et\/mida-saan-ma-teha\/toitained\/#primaryimage"},"image":{"@id":"https:\/\/www.waterchain.eu\/et\/mida-saan-ma-teha\/toitained\/#primaryimage"},"thumbnailUrl":"https:\/\/www.waterchain.eu\/wp-content\/uploads\/2017\/09\/hero-baltic.jpg","datePublished":"2018-05-16T10:55:58+00:00","dateModified":"2018-07-02T12:21:34+00:00","breadcrumb":{"@id":"https:\/\/www.waterchain.eu\/et\/mida-saan-ma-teha\/toitained\/#breadcrumb"},"inLanguage":"et","potentialAction":[{"@type":"ReadAction","target":["https:\/\/www.waterchain.eu\/et\/mida-saan-ma-teha\/toitained\/"]}]},{"@type":"ImageObject","inLanguage":"et","@id":"https:\/\/www.waterchain.eu\/et\/mida-saan-ma-teha\/toitained\/#primaryimage","url":"https:\/\/www.waterchain.eu\/wp-content\/uploads\/2017\/09\/hero-baltic.jpg","contentUrl":"https:\/\/www.waterchain.eu\/wp-content\/uploads\/2017\/09\/hero-baltic.jpg","width":1380,"height":793},{"@type":"BreadcrumbList","@id":"https:\/\/www.waterchain.eu\/et\/mida-saan-ma-teha\/toitained\/#breadcrumb","itemListElement":[{"@type":"ListItem","position":1,"name":"Home","item":"https:\/\/www.waterchain.eu\/et\/"},{"@type":"ListItem","position":2,"name":"Mida saan ma teha?","item":"https:\/\/www.waterchain.eu\/et\/mida-saan-ma-teha\/"},{"@type":"ListItem","position":3,"name":"Toitained"}]},{"@type":"WebSite","@id":"https:\/\/www.waterchain.eu\/#website","url":"https:\/\/www.waterchain.eu\/","name":"WaterChain","description":"Recovering the Baltic Sea","publisher":{"@id":"https:\/\/www.waterchain.eu\/#organization"},"potentialAction":[{"@type":"SearchAction","target":{"@type":"EntryPoint","urlTemplate":"https:\/\/www.waterchain.eu\/?s={search_term_string}"},"query-input":{"@type":"PropertyValueSpecification","valueRequired":true,"valueName":"search_term_string"}}],"inLanguage":"et"},{"@type":"Organization","@id":"https:\/\/www.waterchain.eu\/#organization","name":"WaterChain","url":"https:\/\/www.waterchain.eu\/","logo":{"@type":"ImageObject","inLanguage":"et","@id":"https:\/\/www.waterchain.eu\/#\/schema\/logo\/image\/","url":"https:\/\/www.waterchain.eu\/wp-content\/uploads\/2017\/09\/WaterChain-logo.png","contentUrl":"https:\/\/www.waterchain.eu\/wp-content\/uploads\/2017\/09\/WaterChain-logo.png","width":343,"height":120,"caption":"WaterChain"},"image":{"@id":"https:\/\/www.waterchain.eu\/#\/schema\/logo\/image\/"},"sameAs":["https:\/\/www.youtube.com\/channel\/UCz8GhExcENBWQYVkkpn_y3Q"]}]}},"_links":{"self":[{"href":"https:\/\/www.waterchain.eu\/et\/wp-json\/wp\/v2\/pages\/764","targetHints":{"allow":["GET"]}}],"collection":[{"href":"https:\/\/www.waterchain.eu\/et\/wp-json\/wp\/v2\/pages"}],"about":[{"href":"https:\/\/www.waterchain.eu\/et\/wp-json\/wp\/v2\/types\/page"}],"author":[{"embeddable":true,"href":"https:\/\/www.waterchain.eu\/et\/wp-json\/wp\/v2\/users\/1"}],"replies":[{"embeddable":true,"href":"https:\/\/www.waterchain.eu\/et\/wp-json\/wp\/v2\/comments?post=764"}],"version-history":[{"count":11,"href":"https:\/\/www.waterchain.eu\/et\/wp-json\/wp\/v2\/pages\/764\/revisions"}],"predecessor-version":[{"id":1702,"href":"https:\/\/www.waterchain.eu\/et\/wp-json\/wp\/v2\/pages\/764\/revisions\/1702"}],"up":[{"embeddable":true,"href":"https:\/\/www.waterchain.eu\/et\/wp-json\/wp\/v2\/pages\/762"}],"wp:featuredmedia":[{"embeddable":true,"href":"https:\/\/www.waterchain.eu\/et\/wp-json\/wp\/v2\/media\/28"}],"wp:attachment":[{"href":"https:\/\/www.waterchain.eu\/et\/wp-json\/wp\/v2\/media?parent=764"}],"curies":[{"name":"wp","href":"https:\/\/api.w.org\/{rel}","templated":true}]}}