{"id":773,"date":"2018-05-16T14:05:41","date_gmt":"2018-05-16T11:05:41","guid":{"rendered":"https:\/\/waterchain.eu\/?page_id=773"},"modified":"2018-06-28T14:48:50","modified_gmt":"2018-06-28T11:48:50","slug":"ohtlikud-ained","status":"publish","type":"page","link":"https:\/\/www.waterchain.eu\/et\/mida-saan-ma-teha\/ohtlikud-ained\/","title":{"rendered":"Ohtlikud ained"},"content":{"rendered":"<h2>Kaitske ennast ja keskkonda<\/h2>\n<p>Ohtlike ainete r\u00fchm h\u00f5lmab mitmesuguseid eriomadustega kemikaale, millel on kahjulik m\u00f5ju keskkonnale ja inimese tervisele. Paljud neist on v\u00e4ga stabiilsed, kanduvad looduses pikki vahemaid ja kuhjuvad toiduahelas. Lihtsam on piirata ohtlike ainete sattumist loodusesse kui keskkonda puhastada. Allpool kirjeldatud ained on v\u00e4lja toodud, sest neile on viidatud Keskkonnakvaliteedi standardite (EQS) direktiivis 39\/2013\/EU ja L\u00e4\u00e4nemere tegevuskava (Baltic Sea Action Plan) prioriteetsetes ainetes.<\/p>\n<hr \/>\n\t<div class=\"gridable gridable--row\" >\n\t\t\t<div class=\"gridable--col col-4\" >\n\t\t<p><img fetchpriority=\"high\" decoding=\"async\" class=\"alignnone size-medium wp-image-683\" src=\"https:\/\/www.waterchain.eu\/wp-content\/uploads\/2018\/06\/Perfluorinated-compounds_Copyright-Emilia-M\u00e4kel\u00e4.png\" alt=\"\" width=\"768\" height=\"481\" \/><\/p>\t<\/div>\n\t<div class=\"gridable--col col-8\" >\n\t\t<h4>Perfluoreeritud \u00fchendid<\/h4>\n<ul>\n<li>Perfluoreeritud \u00fchendid<\/li>\n<li>Kasuta roostevabast terasest ja malmist k\u00f6\u00f6gin\u00f5usid.<\/li>\n<li>V\u00e4ldi pakendeid, mis sisaldavad rasva ja vett t\u00f5rjuvaid materjale (nt popkorni pakendid ja pitsa karbid).<\/li>\n<li>P\u00f6\u00f6ra t\u00e4helepanu kangastele, mis on m\u00e4rgitud pleki- v\u00f5i veekindlaks.<\/li>\n<li>V\u00f5imalusel eelista &#8220;PFC vaba&#8221; m\u00e4rgistusega \u00fcleriideid. V\u00e4ldi h\u00fcgieenitooteid, mille koostises on s\u00f5nad fluoro\u201d v\u00f5i \u201cperfluoro.\u201d<\/li>\n<li><a href=\"https:\/\/www.waterchain.eu\/wp-content\/uploads\/2018\/05\/PerfEE.pdf\" target=\"_blank\" rel=\"noopener\">Loe lisaks<\/a><\/li>\n<\/ul>\t<\/div>\n\t<\/div>\n\n<p>&nbsp;<\/p>\n<p>\t<div class=\"gridable gridable--row\" >\n\t\t\t<div class=\"gridable--col col-4\" >\n\t\t<p><img decoding=\"async\" class=\"alignnone wp-image-684 size-medium\" src=\"https:\/\/www.waterchain.eu\/wp-content\/uploads\/2018\/06\/Pharmaceuticals_Copyright-Emilia-M\u00e4kel\u00e4.png\" alt=\"\" width=\"768\" height=\"554\" \/><\/p>\t<\/div>\n\t<div class=\"gridable--col col-8\" >\n\t\t<h4>Ravimid<\/h4>\n<ul>\n<li>\u00c4ra viska ravimeid WC potist alla!<\/li>\n<li>Eestis, Soomes, L\u00e4tis ja Rootsis \u2013 apteegid v\u00f5tavad aegunud ravimeid vastu tasuta; apteekidel on kohustus ravimid vastu v\u00f5tta.<\/li>\n<li>Rohkem infot: <a href=\"http:\/\/medsdisposal.eu\/\" target=\"_blank\" rel=\"noopener\">Meds Disposal<\/a> ja <a href=\"https:\/\/ravimiamet.ee\/\" target=\"_blank\" rel=\"noopener\">Ravimiameti kodulehel<\/a><\/li>\n<li><a href=\"https:\/\/www.waterchain.eu\/wp-content\/uploads\/2018\/05\/RavimEE.pdf\" target=\"_blank\" rel=\"noopener\">Loe lisaks<\/a><\/li>\n<\/ul>\t<\/div>\n\t<\/div>\n\t<div class=\"gridable gridable--row\" >\n\t\t\t<div class=\"gridable--col col-4\" >\n\t\t<p><img decoding=\"async\" class=\"alignnone wp-image-686 size-medium\" src=\"https:\/\/www.waterchain.eu\/wp-content\/uploads\/2018\/06\/Plastics_Copyright-Emilia-M\u00e4kel\u00e4.png\" alt=\"\" width=\"768\" height=\"568\" \/><\/p>\t<\/div>\n\t<div class=\"gridable--col col-8\" >\n\t\t<h4>Plastid<\/h4>\n<ul>\n<li>Kasuta v\u00e4hem v\u00f5i loobu t\u00e4ielikult \u00fchekordsetest plastidest (nt joogik\u00f5rred, \u00f5hupallid).<\/li>\n<li>\u00c4ra viska pr\u00fcgi vetsupotti.<\/li>\n<li>Taaskasuta!<\/li>\n<li>Korista enda j\u00e4rel: plastmassid j\u00f5uavad merre kanalisatsiooni- ja sademevees\u00fcsteemidest.<\/li>\n<li><a href=\"https:\/\/www.waterchain.eu\/wp-content\/uploads\/2018\/05\/PlastEE.pdf\" target=\"_blank\" rel=\"noopener\">Loe lisaks<\/a><\/li>\n<\/ul>\t<\/div>\n\t<\/div>\n<\/p>\n<p>&nbsp;<\/p>\n\t<div class=\"gridable gridable--row\" >\n\t\t\t<div class=\"gridable--col col-4\" >\n\t\t<p><img loading=\"lazy\" decoding=\"async\" class=\"alignnone wp-image-685 size-medium\" src=\"https:\/\/www.waterchain.eu\/wp-content\/uploads\/2018\/06\/Pesticides_Copyright-Emilia-M\u00e4kel\u00e4.png\" alt=\"\" width=\"768\" height=\"352\" \/><\/p>\t<\/div>\n\t<div class=\"gridable--col col-8\" >\n\t\t<h4>Pestitsiidid<\/h4>\n<ul>\n<li>Pestitsiidid (taimem\u00fcrgid v\u00f5i &#8211; taimekaitsevahendid) on kemikaalid, mida kasutatakse<br \/>\numbrohu, putukate, seenhaiguste ja n\u00e4riliste h\u00e4vitamiseks.<\/li>\n<li>Pestitsiidide kasutamisel nii aias kui ka p\u00f5llumaal, j\u00e4lgida t\u00e4pselt kasutusjuhendit.<\/li>\n<li>Aiamaal v\u00f5iks eelistada mehaanilist ja bioloogilist t\u00f5rjet; p\u00f5llunduses &#8211; mahep\u00f5llundust.<\/li>\n<li>S\u00f6\u00f6 mahetoitu: pestitsiidide kasutamine on mahep\u00f5llunduses rangelt reglementeeritud.<\/li>\n<li><a href=\"https:\/\/www.waterchain.eu\/wp-content\/uploads\/2018\/05\/PestEE.pdf\" target=\"_blank\" rel=\"noopener\">Loe lisaks<\/a><\/li>\n<\/ul>\t<\/div>\n\t<\/div>\n\n<hr \/>\n<h3>Lisamaterjalid<\/h3>\n<ul>\n<li><a href=\"https:\/\/www.waterchain.eu\/wp-content\/uploads\/2018\/05\/PerfEE.pdf\">Perfluoreeritud \u00fchendid<\/a><\/li>\n<li><a href=\"https:\/\/www.waterchain.eu\/wp-content\/uploads\/2018\/05\/RavimEE.pdf\">Ravimid<\/a><\/li>\n<li><a href=\"https:\/\/www.waterchain.eu\/wp-content\/uploads\/2018\/05\/PlastEE.pdf\">Plastid<\/a><\/li>\n<li><a href=\"https:\/\/www.waterchain.eu\/wp-content\/uploads\/2018\/05\/PestEE.pdf\">Pestitsiidid<\/a><\/li>\n<\/ul>\n","protected":false},"excerpt":{"rendered":"<p>Kaitske ennast ja keskkonda Ohtlike ainete r\u00fchm h\u00f5lmab mitmesuguseid eriomadustega kemikaale, millel on kahjulik m\u00f5ju keskkonnale ja inimese tervisele. Paljud neist on v\u00e4ga stabiilsed, kanduvad looduses pikki vahemaid ja kuhjuvad toiduahelas. Lihtsam on piirata ohtlike ainete sattumist loodusesse kui keskkonda puhastada. Allpool kirjeldatud ained on v\u00e4lja toodud, sest neile on viidatud Keskkonnakvaliteedi standardite (EQS) direktiivis &#8230; <a title=\"Ohtlikud ained\" class=\"read-more\" href=\"https:\/\/www.waterchain.eu\/et\/mida-saan-ma-teha\/ohtlikud-ained\/\" aria-label=\"Read more about Ohtlikud ained\">Read more<\/a><\/p>\n","protected":false},"author":1,"featured_media":2112,"parent":762,"menu_order":40,"comment_status":"closed","ping_status":"closed","template":"","meta":{"_exactmetrics_skip_tracking":false,"_exactmetrics_sitenote_active":false,"_exactmetrics_sitenote_note":"","_exactmetrics_sitenote_category":0,"generate_page_header":"","footnotes":""},"class_list":["post-773","page","type-page","status-publish","has-post-thumbnail"],"yoast_head":"<!-- This site is optimized with the Yoast SEO plugin v27.3 - https:\/\/yoast.com\/product\/yoast-seo-wordpress\/ -->\n<title>Ohtlikud ained - WaterChain<\/title>\n<meta name=\"robots\" content=\"index, follow, max-snippet:-1, max-image-preview:large, max-video-preview:-1\" \/>\n<link rel=\"canonical\" href=\"https:\/\/www.waterchain.eu\/et\/mida-saan-ma-teha\/ohtlikud-ained\/\" \/>\n<meta property=\"og:locale\" content=\"et_EE\" \/>\n<meta property=\"og:type\" content=\"article\" \/>\n<meta property=\"og:title\" content=\"Ohtlikud ained - WaterChain\" \/>\n<meta property=\"og:description\" content=\"Kaitske ennast ja keskkonda Ohtlike ainete r\u00fchm h\u00f5lmab mitmesuguseid eriomadustega kemikaale, millel on kahjulik m\u00f5ju keskkonnale ja inimese tervisele. Paljud neist on v\u00e4ga stabiilsed, kanduvad looduses pikki vahemaid ja kuhjuvad toiduahelas. Lihtsam on piirata ohtlike ainete sattumist loodusesse kui keskkonda puhastada. Allpool kirjeldatud ained on v\u00e4lja toodud, sest neile on viidatud Keskkonnakvaliteedi standardite (EQS) direktiivis ... Read more\" \/>\n<meta property=\"og:url\" content=\"https:\/\/www.waterchain.eu\/et\/mida-saan-ma-teha\/ohtlikud-ained\/\" \/>\n<meta property=\"og:site_name\" content=\"WaterChain\" \/>\n<meta property=\"article:modified_time\" content=\"2018-06-28T11:48:50+00:00\" \/>\n<meta property=\"og:image\" content=\"https:\/\/www.waterchain.eu\/wp-content\/uploads\/2018\/04\/title-waves-01.jpg\" \/>\n\t<meta property=\"og:image:width\" content=\"1600\" \/>\n\t<meta property=\"og:image:height\" content=\"1000\" \/>\n\t<meta property=\"og:image:type\" content=\"image\/jpeg\" \/>\n<meta name=\"twitter:card\" content=\"summary_large_image\" \/>\n<meta name=\"twitter:label1\" content=\"Est. reading time\" \/>\n\t<meta name=\"twitter:data1\" content=\"2 minutit\" \/>\n<script type=\"application\/ld+json\" class=\"yoast-schema-graph\">{\"@context\":\"https:\\\/\\\/schema.org\",\"@graph\":[{\"@type\":\"WebPage\",\"@id\":\"https:\\\/\\\/www.waterchain.eu\\\/et\\\/mida-saan-ma-teha\\\/ohtlikud-ained\\\/\",\"url\":\"https:\\\/\\\/www.waterchain.eu\\\/et\\\/mida-saan-ma-teha\\\/ohtlikud-ained\\\/\",\"name\":\"Ohtlikud ained - WaterChain\",\"isPartOf\":{\"@id\":\"https:\\\/\\\/www.waterchain.eu\\\/#website\"},\"primaryImageOfPage\":{\"@id\":\"https:\\\/\\\/www.waterchain.eu\\\/et\\\/mida-saan-ma-teha\\\/ohtlikud-ained\\\/#primaryimage\"},\"image\":{\"@id\":\"https:\\\/\\\/www.waterchain.eu\\\/et\\\/mida-saan-ma-teha\\\/ohtlikud-ained\\\/#primaryimage\"},\"thumbnailUrl\":\"https:\\\/\\\/www.waterchain.eu\\\/wp-content\\\/uploads\\\/2018\\\/04\\\/title-waves-01.jpg\",\"datePublished\":\"2018-05-16T11:05:41+00:00\",\"dateModified\":\"2018-06-28T11:48:50+00:00\",\"breadcrumb\":{\"@id\":\"https:\\\/\\\/www.waterchain.eu\\\/et\\\/mida-saan-ma-teha\\\/ohtlikud-ained\\\/#breadcrumb\"},\"inLanguage\":\"et\",\"potentialAction\":[{\"@type\":\"ReadAction\",\"target\":[\"https:\\\/\\\/www.waterchain.eu\\\/et\\\/mida-saan-ma-teha\\\/ohtlikud-ained\\\/\"]}]},{\"@type\":\"ImageObject\",\"inLanguage\":\"et\",\"@id\":\"https:\\\/\\\/www.waterchain.eu\\\/et\\\/mida-saan-ma-teha\\\/ohtlikud-ained\\\/#primaryimage\",\"url\":\"https:\\\/\\\/www.waterchain.eu\\\/wp-content\\\/uploads\\\/2018\\\/04\\\/title-waves-01.jpg\",\"contentUrl\":\"https:\\\/\\\/www.waterchain.eu\\\/wp-content\\\/uploads\\\/2018\\\/04\\\/title-waves-01.jpg\",\"width\":1600,\"height\":1000},{\"@type\":\"BreadcrumbList\",\"@id\":\"https:\\\/\\\/www.waterchain.eu\\\/et\\\/mida-saan-ma-teha\\\/ohtlikud-ained\\\/#breadcrumb\",\"itemListElement\":[{\"@type\":\"ListItem\",\"position\":1,\"name\":\"Home\",\"item\":\"https:\\\/\\\/www.waterchain.eu\\\/et\\\/\"},{\"@type\":\"ListItem\",\"position\":2,\"name\":\"Mida saan ma teha?\",\"item\":\"https:\\\/\\\/www.waterchain.eu\\\/et\\\/mida-saan-ma-teha\\\/\"},{\"@type\":\"ListItem\",\"position\":3,\"name\":\"Ohtlikud ained\"}]},{\"@type\":\"WebSite\",\"@id\":\"https:\\\/\\\/www.waterchain.eu\\\/#website\",\"url\":\"https:\\\/\\\/www.waterchain.eu\\\/\",\"name\":\"WaterChain\",\"description\":\"Recovering the Baltic Sea\",\"publisher\":{\"@id\":\"https:\\\/\\\/www.waterchain.eu\\\/#organization\"},\"potentialAction\":[{\"@type\":\"SearchAction\",\"target\":{\"@type\":\"EntryPoint\",\"urlTemplate\":\"https:\\\/\\\/www.waterchain.eu\\\/?s={search_term_string}\"},\"query-input\":{\"@type\":\"PropertyValueSpecification\",\"valueRequired\":true,\"valueName\":\"search_term_string\"}}],\"inLanguage\":\"et\"},{\"@type\":\"Organization\",\"@id\":\"https:\\\/\\\/www.waterchain.eu\\\/#organization\",\"name\":\"WaterChain\",\"url\":\"https:\\\/\\\/www.waterchain.eu\\\/\",\"logo\":{\"@type\":\"ImageObject\",\"inLanguage\":\"et\",\"@id\":\"https:\\\/\\\/www.waterchain.eu\\\/#\\\/schema\\\/logo\\\/image\\\/\",\"url\":\"https:\\\/\\\/www.waterchain.eu\\\/wp-content\\\/uploads\\\/2017\\\/09\\\/WaterChain-logo.png\",\"contentUrl\":\"https:\\\/\\\/www.waterchain.eu\\\/wp-content\\\/uploads\\\/2017\\\/09\\\/WaterChain-logo.png\",\"width\":343,\"height\":120,\"caption\":\"WaterChain\"},\"image\":{\"@id\":\"https:\\\/\\\/www.waterchain.eu\\\/#\\\/schema\\\/logo\\\/image\\\/\"},\"sameAs\":[\"https:\\\/\\\/www.youtube.com\\\/channel\\\/UCz8GhExcENBWQYVkkpn_y3Q\"]}]}<\/script>\n<!-- \/ Yoast SEO plugin. -->","yoast_head_json":{"title":"Ohtlikud ained - WaterChain","robots":{"index":"index","follow":"follow","max-snippet":"max-snippet:-1","max-image-preview":"max-image-preview:large","max-video-preview":"max-video-preview:-1"},"canonical":"https:\/\/www.waterchain.eu\/et\/mida-saan-ma-teha\/ohtlikud-ained\/","og_locale":"et_EE","og_type":"article","og_title":"Ohtlikud ained - WaterChain","og_description":"Kaitske ennast ja keskkonda Ohtlike ainete r\u00fchm h\u00f5lmab mitmesuguseid eriomadustega kemikaale, millel on kahjulik m\u00f5ju keskkonnale ja inimese tervisele. Paljud neist on v\u00e4ga stabiilsed, kanduvad looduses pikki vahemaid ja kuhjuvad toiduahelas. Lihtsam on piirata ohtlike ainete sattumist loodusesse kui keskkonda puhastada. Allpool kirjeldatud ained on v\u00e4lja toodud, sest neile on viidatud Keskkonnakvaliteedi standardite (EQS) direktiivis ... Read more","og_url":"https:\/\/www.waterchain.eu\/et\/mida-saan-ma-teha\/ohtlikud-ained\/","og_site_name":"WaterChain","article_modified_time":"2018-06-28T11:48:50+00:00","og_image":[{"width":1600,"height":1000,"url":"https:\/\/www.waterchain.eu\/wp-content\/uploads\/2018\/04\/title-waves-01.jpg","type":"image\/jpeg"}],"twitter_card":"summary_large_image","twitter_misc":{"Est. reading time":"2 minutit"},"schema":{"@context":"https:\/\/schema.org","@graph":[{"@type":"WebPage","@id":"https:\/\/www.waterchain.eu\/et\/mida-saan-ma-teha\/ohtlikud-ained\/","url":"https:\/\/www.waterchain.eu\/et\/mida-saan-ma-teha\/ohtlikud-ained\/","name":"Ohtlikud ained - WaterChain","isPartOf":{"@id":"https:\/\/www.waterchain.eu\/#website"},"primaryImageOfPage":{"@id":"https:\/\/www.waterchain.eu\/et\/mida-saan-ma-teha\/ohtlikud-ained\/#primaryimage"},"image":{"@id":"https:\/\/www.waterchain.eu\/et\/mida-saan-ma-teha\/ohtlikud-ained\/#primaryimage"},"thumbnailUrl":"https:\/\/www.waterchain.eu\/wp-content\/uploads\/2018\/04\/title-waves-01.jpg","datePublished":"2018-05-16T11:05:41+00:00","dateModified":"2018-06-28T11:48:50+00:00","breadcrumb":{"@id":"https:\/\/www.waterchain.eu\/et\/mida-saan-ma-teha\/ohtlikud-ained\/#breadcrumb"},"inLanguage":"et","potentialAction":[{"@type":"ReadAction","target":["https:\/\/www.waterchain.eu\/et\/mida-saan-ma-teha\/ohtlikud-ained\/"]}]},{"@type":"ImageObject","inLanguage":"et","@id":"https:\/\/www.waterchain.eu\/et\/mida-saan-ma-teha\/ohtlikud-ained\/#primaryimage","url":"https:\/\/www.waterchain.eu\/wp-content\/uploads\/2018\/04\/title-waves-01.jpg","contentUrl":"https:\/\/www.waterchain.eu\/wp-content\/uploads\/2018\/04\/title-waves-01.jpg","width":1600,"height":1000},{"@type":"BreadcrumbList","@id":"https:\/\/www.waterchain.eu\/et\/mida-saan-ma-teha\/ohtlikud-ained\/#breadcrumb","itemListElement":[{"@type":"ListItem","position":1,"name":"Home","item":"https:\/\/www.waterchain.eu\/et\/"},{"@type":"ListItem","position":2,"name":"Mida saan ma teha?","item":"https:\/\/www.waterchain.eu\/et\/mida-saan-ma-teha\/"},{"@type":"ListItem","position":3,"name":"Ohtlikud ained"}]},{"@type":"WebSite","@id":"https:\/\/www.waterchain.eu\/#website","url":"https:\/\/www.waterchain.eu\/","name":"WaterChain","description":"Recovering the Baltic Sea","publisher":{"@id":"https:\/\/www.waterchain.eu\/#organization"},"potentialAction":[{"@type":"SearchAction","target":{"@type":"EntryPoint","urlTemplate":"https:\/\/www.waterchain.eu\/?s={search_term_string}"},"query-input":{"@type":"PropertyValueSpecification","valueRequired":true,"valueName":"search_term_string"}}],"inLanguage":"et"},{"@type":"Organization","@id":"https:\/\/www.waterchain.eu\/#organization","name":"WaterChain","url":"https:\/\/www.waterchain.eu\/","logo":{"@type":"ImageObject","inLanguage":"et","@id":"https:\/\/www.waterchain.eu\/#\/schema\/logo\/image\/","url":"https:\/\/www.waterchain.eu\/wp-content\/uploads\/2017\/09\/WaterChain-logo.png","contentUrl":"https:\/\/www.waterchain.eu\/wp-content\/uploads\/2017\/09\/WaterChain-logo.png","width":343,"height":120,"caption":"WaterChain"},"image":{"@id":"https:\/\/www.waterchain.eu\/#\/schema\/logo\/image\/"},"sameAs":["https:\/\/www.youtube.com\/channel\/UCz8GhExcENBWQYVkkpn_y3Q"]}]}},"_links":{"self":[{"href":"https:\/\/www.waterchain.eu\/et\/wp-json\/wp\/v2\/pages\/773","targetHints":{"allow":["GET"]}}],"collection":[{"href":"https:\/\/www.waterchain.eu\/et\/wp-json\/wp\/v2\/pages"}],"about":[{"href":"https:\/\/www.waterchain.eu\/et\/wp-json\/wp\/v2\/types\/page"}],"author":[{"embeddable":true,"href":"https:\/\/www.waterchain.eu\/et\/wp-json\/wp\/v2\/users\/1"}],"replies":[{"embeddable":true,"href":"https:\/\/www.waterchain.eu\/et\/wp-json\/wp\/v2\/comments?post=773"}],"version-history":[{"count":9,"href":"https:\/\/www.waterchain.eu\/et\/wp-json\/wp\/v2\/pages\/773\/revisions"}],"predecessor-version":[{"id":1565,"href":"https:\/\/www.waterchain.eu\/et\/wp-json\/wp\/v2\/pages\/773\/revisions\/1565"}],"up":[{"embeddable":true,"href":"https:\/\/www.waterchain.eu\/et\/wp-json\/wp\/v2\/pages\/762"}],"wp:featuredmedia":[{"embeddable":true,"href":"https:\/\/www.waterchain.eu\/et\/wp-json\/wp\/v2\/media\/2112"}],"wp:attachment":[{"href":"https:\/\/www.waterchain.eu\/et\/wp-json\/wp\/v2\/media?parent=773"}],"curies":[{"name":"wp","href":"https:\/\/api.w.org\/{rel}","templated":true}]}}