{"id":775,"date":"2018-05-16T14:12:53","date_gmt":"2018-05-16T11:12:53","guid":{"rendered":"https:\/\/waterchain.eu\/?page_id=775"},"modified":"2018-06-29T12:48:28","modified_gmt":"2018-06-29T09:48:28","slug":"lubadused-laanemerele","status":"publish","type":"page","link":"https:\/\/www.waterchain.eu\/et\/mida-saan-ma-teha\/lubadused-laanemerele\/","title":{"rendered":"Lubadused L\u00e4\u00e4nemerele"},"content":{"rendered":"<h5>Parim viis L\u00e4\u00e4nemere aitamiseks on v\u00e4ltida toit- ja ohtlike ainete sissevoolu.<\/h5>\n<p>Iga tegu loeb, \u00fcksk\u00f5ik kui v\u00e4ike see ka on. Mis on teie lubadus L\u00e4\u00e4nemerele?<\/p>\n<p>V\u00f5i \u00e4kki soovite igap\u00e4evaelus rakendada \u00fcht Waterchaini kampaania k\u00e4igus esile toodud keskkonda s\u00e4\u00e4stvat tegevust?<\/p>\n<h5>M\u00f5ned n\u00e4ited lubadustest on saadaval siin:<\/h5>\n<div id='gallery-1' class='gallery galleryid-775 gallery-columns-3 gallery-size-medium'><figure class='gallery-item'>\n\t\t\t<div class='gallery-icon portrait'>\n\t\t\t\t<a href='https:\/\/www.waterchain.eu\/wp-content\/uploads\/2018\/04\/1_RTBS_promise_food_logot.jpg'><img fetchpriority=\"high\" decoding=\"async\" width=\"580\" height=\"768\" src=\"https:\/\/www.waterchain.eu\/wp-content\/uploads\/2018\/04\/1_RTBS_promise_food_logot-580x768.jpg\" class=\"attachment-medium size-medium\" alt=\"\" srcset=\"https:\/\/www.waterchain.eu\/wp-content\/uploads\/2018\/04\/1_RTBS_promise_food_logot-580x768.jpg 580w, https:\/\/www.waterchain.eu\/wp-content\/uploads\/2018\/04\/1_RTBS_promise_food_logot-768x1018.jpg 768w, https:\/\/www.waterchain.eu\/wp-content\/uploads\/2018\/04\/1_RTBS_promise_food_logot.jpg 920w\" sizes=\"(max-width: 580px) 100vw, 580px\" \/><\/a>\n\t\t\t<\/div><\/figure><figure class='gallery-item'>\n\t\t\t<div class='gallery-icon portrait'>\n\t\t\t\t<a href='https:\/\/www.waterchain.eu\/wp-content\/uploads\/2018\/04\/2_RTBS_promise_consuming.jpg'><img decoding=\"async\" width=\"580\" height=\"768\" src=\"https:\/\/www.waterchain.eu\/wp-content\/uploads\/2018\/04\/2_RTBS_promise_consuming-580x768.jpg\" class=\"attachment-medium size-medium\" alt=\"\" srcset=\"https:\/\/www.waterchain.eu\/wp-content\/uploads\/2018\/04\/2_RTBS_promise_consuming-580x768.jpg 580w, https:\/\/www.waterchain.eu\/wp-content\/uploads\/2018\/04\/2_RTBS_promise_consuming-768x1018.jpg 768w, https:\/\/www.waterchain.eu\/wp-content\/uploads\/2018\/04\/2_RTBS_promise_consuming.jpg 920w\" sizes=\"(max-width: 580px) 100vw, 580px\" \/><\/a>\n\t\t\t<\/div><\/figure><figure class='gallery-item'>\n\t\t\t<div class='gallery-icon portrait'>\n\t\t\t\t<a href='https:\/\/www.waterchain.eu\/wp-content\/uploads\/2018\/04\/3_RTBS_promise_energy.jpg'><img decoding=\"async\" width=\"580\" height=\"768\" src=\"https:\/\/www.waterchain.eu\/wp-content\/uploads\/2018\/04\/3_RTBS_promise_energy-580x768.jpg\" class=\"attachment-medium size-medium\" alt=\"\" srcset=\"https:\/\/www.waterchain.eu\/wp-content\/uploads\/2018\/04\/3_RTBS_promise_energy-580x768.jpg 580w, https:\/\/www.waterchain.eu\/wp-content\/uploads\/2018\/04\/3_RTBS_promise_energy-768x1018.jpg 768w, https:\/\/www.waterchain.eu\/wp-content\/uploads\/2018\/04\/3_RTBS_promise_energy.jpg 920w\" sizes=\"(max-width: 580px) 100vw, 580px\" \/><\/a>\n\t\t\t<\/div><\/figure><figure class='gallery-item'>\n\t\t\t<div class='gallery-icon portrait'>\n\t\t\t\t<a href='https:\/\/www.waterchain.eu\/wp-content\/uploads\/2018\/04\/6_RTBS_promise_impact.jpg'><img loading=\"lazy\" decoding=\"async\" width=\"580\" height=\"768\" src=\"https:\/\/www.waterchain.eu\/wp-content\/uploads\/2018\/04\/6_RTBS_promise_impact-580x768.jpg\" class=\"attachment-medium size-medium\" alt=\"\" srcset=\"https:\/\/www.waterchain.eu\/wp-content\/uploads\/2018\/04\/6_RTBS_promise_impact-580x768.jpg 580w, https:\/\/www.waterchain.eu\/wp-content\/uploads\/2018\/04\/6_RTBS_promise_impact-768x1018.jpg 768w, https:\/\/www.waterchain.eu\/wp-content\/uploads\/2018\/04\/6_RTBS_promise_impact.jpg 920w\" sizes=\"(max-width: 580px) 100vw, 580px\" \/><\/a>\n\t\t\t<\/div><\/figure><figure class='gallery-item'>\n\t\t\t<div class='gallery-icon portrait'>\n\t\t\t\t<a href='https:\/\/www.waterchain.eu\/wp-content\/uploads\/2018\/04\/4_RTBS_promise_travel_logot.jpg'><img loading=\"lazy\" decoding=\"async\" width=\"580\" height=\"768\" src=\"https:\/\/www.waterchain.eu\/wp-content\/uploads\/2018\/04\/4_RTBS_promise_travel_logot-580x768.jpg\" class=\"attachment-medium size-medium\" alt=\"\" srcset=\"https:\/\/www.waterchain.eu\/wp-content\/uploads\/2018\/04\/4_RTBS_promise_travel_logot-580x768.jpg 580w, https:\/\/www.waterchain.eu\/wp-content\/uploads\/2018\/04\/4_RTBS_promise_travel_logot-768x1018.jpg 768w, https:\/\/www.waterchain.eu\/wp-content\/uploads\/2018\/04\/4_RTBS_promise_travel_logot.jpg 920w\" sizes=\"(max-width: 580px) 100vw, 580px\" \/><\/a>\n\t\t\t<\/div><\/figure><figure class='gallery-item'>\n\t\t\t<div class='gallery-icon portrait'>\n\t\t\t\t<a href='https:\/\/www.waterchain.eu\/wp-content\/uploads\/2018\/04\/5_RTBS_promise_boating.jpg'><img loading=\"lazy\" decoding=\"async\" width=\"580\" height=\"768\" src=\"https:\/\/www.waterchain.eu\/wp-content\/uploads\/2018\/04\/5_RTBS_promise_boating-580x768.jpg\" class=\"attachment-medium size-medium\" alt=\"\" srcset=\"https:\/\/www.waterchain.eu\/wp-content\/uploads\/2018\/04\/5_RTBS_promise_boating-580x768.jpg 580w, https:\/\/www.waterchain.eu\/wp-content\/uploads\/2018\/04\/5_RTBS_promise_boating-768x1018.jpg 768w, https:\/\/www.waterchain.eu\/wp-content\/uploads\/2018\/04\/5_RTBS_promise_boating.jpg 920w\" sizes=\"(max-width: 580px) 100vw, 580px\" \/><\/a>\n\t\t\t<\/div><\/figure>\n\t\t<\/div>\n\n<p><iframe width=\"560\" height=\"315\" src=\"https:\/\/www.youtube.com\/embed\/U7NogjZfNn8?rel=0\" frameborder=\"0\" allow=\"autoplay; encrypted-media\" allowfullscreen><\/iframe><\/p>\n","protected":false},"excerpt":{"rendered":"<p>Parim viis L\u00e4\u00e4nemere aitamiseks on v\u00e4ltida toit- ja ohtlike ainete sissevoolu. Iga tegu loeb, \u00fcksk\u00f5ik kui v\u00e4ike see ka on. Mis on teie lubadus L\u00e4\u00e4nemerele? V\u00f5i \u00e4kki soovite igap\u00e4evaelus rakendada \u00fcht Waterchaini kampaania k\u00e4igus esile toodud keskkonda s\u00e4\u00e4stvat tegevust? M\u00f5ned n\u00e4ited lubadustest on saadaval siin:<\/p>\n","protected":false},"author":1,"featured_media":58,"parent":762,"menu_order":57,"comment_status":"closed","ping_status":"closed","template":"","meta":{"_exactmetrics_skip_tracking":false,"_exactmetrics_sitenote_active":false,"_exactmetrics_sitenote_note":"","_exactmetrics_sitenote_category":0,"generate_page_header":"","footnotes":""},"class_list":["post-775","page","type-page","status-publish","has-post-thumbnail"],"yoast_head":"<!-- This site is optimized with the Yoast SEO plugin v27.3 - https:\/\/yoast.com\/product\/yoast-seo-wordpress\/ -->\n<title>Lubadused L\u00e4\u00e4nemerele - WaterChain<\/title>\n<meta name=\"robots\" content=\"index, follow, max-snippet:-1, max-image-preview:large, max-video-preview:-1\" \/>\n<link rel=\"canonical\" href=\"https:\/\/www.waterchain.eu\/et\/mida-saan-ma-teha\/lubadused-laanemerele\/\" \/>\n<meta property=\"og:locale\" content=\"et_EE\" \/>\n<meta property=\"og:type\" content=\"article\" \/>\n<meta property=\"og:title\" content=\"Lubadused L\u00e4\u00e4nemerele - WaterChain\" \/>\n<meta property=\"og:description\" content=\"Parim viis L\u00e4\u00e4nemere aitamiseks on v\u00e4ltida toit- ja ohtlike ainete sissevoolu. Iga tegu loeb, \u00fcksk\u00f5ik kui v\u00e4ike see ka on. Mis on teie lubadus L\u00e4\u00e4nemerele? V\u00f5i \u00e4kki soovite igap\u00e4evaelus rakendada \u00fcht Waterchaini kampaania k\u00e4igus esile toodud keskkonda s\u00e4\u00e4stvat tegevust? M\u00f5ned n\u00e4ited lubadustest on saadaval siin:\" \/>\n<meta property=\"og:url\" content=\"https:\/\/www.waterchain.eu\/et\/mida-saan-ma-teha\/lubadused-laanemerele\/\" \/>\n<meta property=\"og:site_name\" content=\"WaterChain\" \/>\n<meta property=\"article:modified_time\" content=\"2018-06-29T09:48:28+00:00\" \/>\n<meta property=\"og:image\" content=\"https:\/\/www.waterchain.eu\/wp-content\/uploads\/2017\/09\/baltic-sea-hand.jpg\" \/>\n\t<meta property=\"og:image:width\" content=\"1600\" \/>\n\t<meta property=\"og:image:height\" content=\"1060\" \/>\n\t<meta property=\"og:image:type\" content=\"image\/jpeg\" \/>\n<meta name=\"twitter:card\" content=\"summary_large_image\" \/>\n<script type=\"application\/ld+json\" class=\"yoast-schema-graph\">{\"@context\":\"https:\\\/\\\/schema.org\",\"@graph\":[{\"@type\":\"WebPage\",\"@id\":\"https:\\\/\\\/www.waterchain.eu\\\/et\\\/mida-saan-ma-teha\\\/lubadused-laanemerele\\\/\",\"url\":\"https:\\\/\\\/www.waterchain.eu\\\/et\\\/mida-saan-ma-teha\\\/lubadused-laanemerele\\\/\",\"name\":\"Lubadused L\u00e4\u00e4nemerele - WaterChain\",\"isPartOf\":{\"@id\":\"https:\\\/\\\/www.waterchain.eu\\\/#website\"},\"primaryImageOfPage\":{\"@id\":\"https:\\\/\\\/www.waterchain.eu\\\/et\\\/mida-saan-ma-teha\\\/lubadused-laanemerele\\\/#primaryimage\"},\"image\":{\"@id\":\"https:\\\/\\\/www.waterchain.eu\\\/et\\\/mida-saan-ma-teha\\\/lubadused-laanemerele\\\/#primaryimage\"},\"thumbnailUrl\":\"https:\\\/\\\/www.waterchain.eu\\\/wp-content\\\/uploads\\\/2017\\\/09\\\/baltic-sea-hand.jpg\",\"datePublished\":\"2018-05-16T11:12:53+00:00\",\"dateModified\":\"2018-06-29T09:48:28+00:00\",\"breadcrumb\":{\"@id\":\"https:\\\/\\\/www.waterchain.eu\\\/et\\\/mida-saan-ma-teha\\\/lubadused-laanemerele\\\/#breadcrumb\"},\"inLanguage\":\"et\",\"potentialAction\":[{\"@type\":\"ReadAction\",\"target\":[\"https:\\\/\\\/www.waterchain.eu\\\/et\\\/mida-saan-ma-teha\\\/lubadused-laanemerele\\\/\"]}]},{\"@type\":\"ImageObject\",\"inLanguage\":\"et\",\"@id\":\"https:\\\/\\\/www.waterchain.eu\\\/et\\\/mida-saan-ma-teha\\\/lubadused-laanemerele\\\/#primaryimage\",\"url\":\"https:\\\/\\\/www.waterchain.eu\\\/wp-content\\\/uploads\\\/2017\\\/09\\\/baltic-sea-hand.jpg\",\"contentUrl\":\"https:\\\/\\\/www.waterchain.eu\\\/wp-content\\\/uploads\\\/2017\\\/09\\\/baltic-sea-hand.jpg\",\"width\":1600,\"height\":1060},{\"@type\":\"BreadcrumbList\",\"@id\":\"https:\\\/\\\/www.waterchain.eu\\\/et\\\/mida-saan-ma-teha\\\/lubadused-laanemerele\\\/#breadcrumb\",\"itemListElement\":[{\"@type\":\"ListItem\",\"position\":1,\"name\":\"Home\",\"item\":\"https:\\\/\\\/www.waterchain.eu\\\/et\\\/\"},{\"@type\":\"ListItem\",\"position\":2,\"name\":\"Mida saan ma teha?\",\"item\":\"https:\\\/\\\/www.waterchain.eu\\\/et\\\/mida-saan-ma-teha\\\/\"},{\"@type\":\"ListItem\",\"position\":3,\"name\":\"Lubadused L\u00e4\u00e4nemerele\"}]},{\"@type\":\"WebSite\",\"@id\":\"https:\\\/\\\/www.waterchain.eu\\\/#website\",\"url\":\"https:\\\/\\\/www.waterchain.eu\\\/\",\"name\":\"WaterChain\",\"description\":\"Recovering the Baltic Sea\",\"publisher\":{\"@id\":\"https:\\\/\\\/www.waterchain.eu\\\/#organization\"},\"potentialAction\":[{\"@type\":\"SearchAction\",\"target\":{\"@type\":\"EntryPoint\",\"urlTemplate\":\"https:\\\/\\\/www.waterchain.eu\\\/?s={search_term_string}\"},\"query-input\":{\"@type\":\"PropertyValueSpecification\",\"valueRequired\":true,\"valueName\":\"search_term_string\"}}],\"inLanguage\":\"et\"},{\"@type\":\"Organization\",\"@id\":\"https:\\\/\\\/www.waterchain.eu\\\/#organization\",\"name\":\"WaterChain\",\"url\":\"https:\\\/\\\/www.waterchain.eu\\\/\",\"logo\":{\"@type\":\"ImageObject\",\"inLanguage\":\"et\",\"@id\":\"https:\\\/\\\/www.waterchain.eu\\\/#\\\/schema\\\/logo\\\/image\\\/\",\"url\":\"https:\\\/\\\/www.waterchain.eu\\\/wp-content\\\/uploads\\\/2017\\\/09\\\/WaterChain-logo.png\",\"contentUrl\":\"https:\\\/\\\/www.waterchain.eu\\\/wp-content\\\/uploads\\\/2017\\\/09\\\/WaterChain-logo.png\",\"width\":343,\"height\":120,\"caption\":\"WaterChain\"},\"image\":{\"@id\":\"https:\\\/\\\/www.waterchain.eu\\\/#\\\/schema\\\/logo\\\/image\\\/\"},\"sameAs\":[\"https:\\\/\\\/www.youtube.com\\\/channel\\\/UCz8GhExcENBWQYVkkpn_y3Q\"]}]}<\/script>\n<!-- \/ Yoast SEO plugin. -->","yoast_head_json":{"title":"Lubadused L\u00e4\u00e4nemerele - WaterChain","robots":{"index":"index","follow":"follow","max-snippet":"max-snippet:-1","max-image-preview":"max-image-preview:large","max-video-preview":"max-video-preview:-1"},"canonical":"https:\/\/www.waterchain.eu\/et\/mida-saan-ma-teha\/lubadused-laanemerele\/","og_locale":"et_EE","og_type":"article","og_title":"Lubadused L\u00e4\u00e4nemerele - WaterChain","og_description":"Parim viis L\u00e4\u00e4nemere aitamiseks on v\u00e4ltida toit- ja ohtlike ainete sissevoolu. Iga tegu loeb, \u00fcksk\u00f5ik kui v\u00e4ike see ka on. Mis on teie lubadus L\u00e4\u00e4nemerele? V\u00f5i \u00e4kki soovite igap\u00e4evaelus rakendada \u00fcht Waterchaini kampaania k\u00e4igus esile toodud keskkonda s\u00e4\u00e4stvat tegevust? M\u00f5ned n\u00e4ited lubadustest on saadaval siin:","og_url":"https:\/\/www.waterchain.eu\/et\/mida-saan-ma-teha\/lubadused-laanemerele\/","og_site_name":"WaterChain","article_modified_time":"2018-06-29T09:48:28+00:00","og_image":[{"width":1600,"height":1060,"url":"https:\/\/www.waterchain.eu\/wp-content\/uploads\/2017\/09\/baltic-sea-hand.jpg","type":"image\/jpeg"}],"twitter_card":"summary_large_image","schema":{"@context":"https:\/\/schema.org","@graph":[{"@type":"WebPage","@id":"https:\/\/www.waterchain.eu\/et\/mida-saan-ma-teha\/lubadused-laanemerele\/","url":"https:\/\/www.waterchain.eu\/et\/mida-saan-ma-teha\/lubadused-laanemerele\/","name":"Lubadused L\u00e4\u00e4nemerele - WaterChain","isPartOf":{"@id":"https:\/\/www.waterchain.eu\/#website"},"primaryImageOfPage":{"@id":"https:\/\/www.waterchain.eu\/et\/mida-saan-ma-teha\/lubadused-laanemerele\/#primaryimage"},"image":{"@id":"https:\/\/www.waterchain.eu\/et\/mida-saan-ma-teha\/lubadused-laanemerele\/#primaryimage"},"thumbnailUrl":"https:\/\/www.waterchain.eu\/wp-content\/uploads\/2017\/09\/baltic-sea-hand.jpg","datePublished":"2018-05-16T11:12:53+00:00","dateModified":"2018-06-29T09:48:28+00:00","breadcrumb":{"@id":"https:\/\/www.waterchain.eu\/et\/mida-saan-ma-teha\/lubadused-laanemerele\/#breadcrumb"},"inLanguage":"et","potentialAction":[{"@type":"ReadAction","target":["https:\/\/www.waterchain.eu\/et\/mida-saan-ma-teha\/lubadused-laanemerele\/"]}]},{"@type":"ImageObject","inLanguage":"et","@id":"https:\/\/www.waterchain.eu\/et\/mida-saan-ma-teha\/lubadused-laanemerele\/#primaryimage","url":"https:\/\/www.waterchain.eu\/wp-content\/uploads\/2017\/09\/baltic-sea-hand.jpg","contentUrl":"https:\/\/www.waterchain.eu\/wp-content\/uploads\/2017\/09\/baltic-sea-hand.jpg","width":1600,"height":1060},{"@type":"BreadcrumbList","@id":"https:\/\/www.waterchain.eu\/et\/mida-saan-ma-teha\/lubadused-laanemerele\/#breadcrumb","itemListElement":[{"@type":"ListItem","position":1,"name":"Home","item":"https:\/\/www.waterchain.eu\/et\/"},{"@type":"ListItem","position":2,"name":"Mida saan ma teha?","item":"https:\/\/www.waterchain.eu\/et\/mida-saan-ma-teha\/"},{"@type":"ListItem","position":3,"name":"Lubadused L\u00e4\u00e4nemerele"}]},{"@type":"WebSite","@id":"https:\/\/www.waterchain.eu\/#website","url":"https:\/\/www.waterchain.eu\/","name":"WaterChain","description":"Recovering the Baltic Sea","publisher":{"@id":"https:\/\/www.waterchain.eu\/#organization"},"potentialAction":[{"@type":"SearchAction","target":{"@type":"EntryPoint","urlTemplate":"https:\/\/www.waterchain.eu\/?s={search_term_string}"},"query-input":{"@type":"PropertyValueSpecification","valueRequired":true,"valueName":"search_term_string"}}],"inLanguage":"et"},{"@type":"Organization","@id":"https:\/\/www.waterchain.eu\/#organization","name":"WaterChain","url":"https:\/\/www.waterchain.eu\/","logo":{"@type":"ImageObject","inLanguage":"et","@id":"https:\/\/www.waterchain.eu\/#\/schema\/logo\/image\/","url":"https:\/\/www.waterchain.eu\/wp-content\/uploads\/2017\/09\/WaterChain-logo.png","contentUrl":"https:\/\/www.waterchain.eu\/wp-content\/uploads\/2017\/09\/WaterChain-logo.png","width":343,"height":120,"caption":"WaterChain"},"image":{"@id":"https:\/\/www.waterchain.eu\/#\/schema\/logo\/image\/"},"sameAs":["https:\/\/www.youtube.com\/channel\/UCz8GhExcENBWQYVkkpn_y3Q"]}]}},"_links":{"self":[{"href":"https:\/\/www.waterchain.eu\/et\/wp-json\/wp\/v2\/pages\/775","targetHints":{"allow":["GET"]}}],"collection":[{"href":"https:\/\/www.waterchain.eu\/et\/wp-json\/wp\/v2\/pages"}],"about":[{"href":"https:\/\/www.waterchain.eu\/et\/wp-json\/wp\/v2\/types\/page"}],"author":[{"embeddable":true,"href":"https:\/\/www.waterchain.eu\/et\/wp-json\/wp\/v2\/users\/1"}],"replies":[{"embeddable":true,"href":"https:\/\/www.waterchain.eu\/et\/wp-json\/wp\/v2\/comments?post=775"}],"version-history":[{"count":4,"href":"https:\/\/www.waterchain.eu\/et\/wp-json\/wp\/v2\/pages\/775\/revisions"}],"predecessor-version":[{"id":1617,"href":"https:\/\/www.waterchain.eu\/et\/wp-json\/wp\/v2\/pages\/775\/revisions\/1617"}],"up":[{"embeddable":true,"href":"https:\/\/www.waterchain.eu\/et\/wp-json\/wp\/v2\/pages\/762"}],"wp:featuredmedia":[{"embeddable":true,"href":"https:\/\/www.waterchain.eu\/et\/wp-json\/wp\/v2\/media\/58"}],"wp:attachment":[{"href":"https:\/\/www.waterchain.eu\/et\/wp-json\/wp\/v2\/media?parent=775"}],"curies":[{"name":"wp","href":"https:\/\/api.w.org\/{rel}","templated":true}]}}