{"id":778,"date":"2018-05-16T14:31:03","date_gmt":"2018-05-16T11:31:03","guid":{"rendered":"https:\/\/waterchain.eu\/?page_id=778"},"modified":"2018-08-17T12:04:17","modified_gmt":"2018-08-17T09:04:17","slug":"parimad-praktikad","status":"publish","type":"page","link":"https:\/\/www.waterchain.eu\/et\/parimad-praktikad\/","title":{"rendered":"Parimad praktikad"},"content":{"rendered":"<h2>Lahendused levinud v\u00e4ljakutsetele<\/h2>\n<h5>Et \u00fcletada L\u00e4\u00e4nemere laiaulatuslikke v\u00e4ljakutseid ja taastada merekeskkonda on vaja rahvusvahelist koost\u00f6\u00f6d.<\/h5>\n<p>WaterChain projekti raames viisid projektipartnerid l\u00e4bi pilootuuringuid Kesk-L\u00e4\u00e4nemere piirkonnas v\u00e4hendamaks toit- ja ohtlike ainete kahjulikku sissevoolu L\u00e4\u00e4nemerre. Reostav koormus p\u00e4rineb erinevatest allikatest ja sisaldab lisaks toitainetele ka mitmeid ohtlikke aineid. Seega on vajalik kombineerida mitmeid l\u00e4henemisviise ja meetmeid erinevatel tasanditel, et v\u00f5imaldada L\u00e4\u00e4nemere hea keskkonnaseisundi taastumist tulevikus.<\/p>\n<p>Teadlikkuse suurendamisel on toit- ja ohtlike ainete koormuse v\u00e4hendamisel puhastustehnoloogiate k\u00f5rval m\u00e4ngida v\u00f5tmeroll &#8211; iga tegu loeb, olgu see kuitahes v\u00e4ike. Laiemas plaanis pakuvad v\u00e4lja t\u00f6\u00f6tatud strateegilised l\u00e4henemisviisid reostuskoormuse v\u00e4hendamiseks j\u00e4tkusuutlikke vahendeid poliitilistele otsustajatele, talunikele, festivalide korraldajatele ja vee-ettev\u00f5tetele.<\/p>\n<p><img fetchpriority=\"high\" decoding=\"async\" class=\"alignnone size-medium wp-image-1398\" src=\"https:\/\/www.waterchain.eu\/wp-content\/uploads\/2018\/06\/Catchment-area_Copyright-Emilia-M\u00e4kel\u00e4-543x768.png\" alt=\"\" width=\"543\" height=\"768\" srcset=\"https:\/\/www.waterchain.eu\/wp-content\/uploads\/2018\/06\/Catchment-area_Copyright-Emilia-M\u00e4kel\u00e4-543x768.png 543w, https:\/\/www.waterchain.eu\/wp-content\/uploads\/2018\/06\/Catchment-area_Copyright-Emilia-M\u00e4kel\u00e4-768x1086.png 768w, https:\/\/www.waterchain.eu\/wp-content\/uploads\/2018\/06\/Catchment-area_Copyright-Emilia-M\u00e4kel\u00e4-905x1280.png 905w\" sizes=\"(max-width: 543px) 100vw, 543px\" \/><\/p>\n","protected":false},"excerpt":{"rendered":"<p>Lahendused levinud v\u00e4ljakutsetele Et \u00fcletada L\u00e4\u00e4nemere laiaulatuslikke v\u00e4ljakutseid ja taastada merekeskkonda on vaja rahvusvahelist koost\u00f6\u00f6d. WaterChain projekti raames viisid projektipartnerid l\u00e4bi pilootuuringuid Kesk-L\u00e4\u00e4nemere piirkonnas v\u00e4hendamaks toit- ja ohtlike ainete kahjulikku sissevoolu L\u00e4\u00e4nemerre. Reostav koormus p\u00e4rineb erinevatest allikatest ja sisaldab lisaks toitainetele ka mitmeid ohtlikke aineid. Seega on vajalik kombineerida mitmeid l\u00e4henemisviise ja meetmeid erinevatel tasanditel, &#8230; <a title=\"Parimad praktikad\" class=\"read-more\" href=\"https:\/\/www.waterchain.eu\/et\/parimad-praktikad\/\" aria-label=\"Read more about Parimad praktikad\">Read more<\/a><\/p>\n","protected":false},"author":1,"featured_media":2172,"parent":0,"menu_order":72,"comment_status":"closed","ping_status":"closed","template":"","meta":{"_exactmetrics_skip_tracking":false,"_exactmetrics_sitenote_active":false,"_exactmetrics_sitenote_note":"","_exactmetrics_sitenote_category":0,"generate_page_header":"","footnotes":""},"class_list":["post-778","page","type-page","status-publish","has-post-thumbnail"],"yoast_head":"<!-- This site is optimized with the Yoast SEO plugin v27.3 - https:\/\/yoast.com\/product\/yoast-seo-wordpress\/ -->\n<title>Parimad praktikad - WaterChain<\/title>\n<meta name=\"robots\" content=\"index, follow, max-snippet:-1, max-image-preview:large, max-video-preview:-1\" \/>\n<link rel=\"canonical\" href=\"https:\/\/www.waterchain.eu\/et\/parimad-praktikad\/\" \/>\n<meta property=\"og:locale\" content=\"et_EE\" \/>\n<meta property=\"og:type\" content=\"article\" \/>\n<meta property=\"og:title\" content=\"Parimad praktikad - WaterChain\" \/>\n<meta property=\"og:description\" content=\"Lahendused levinud v\u00e4ljakutsetele Et \u00fcletada L\u00e4\u00e4nemere laiaulatuslikke v\u00e4ljakutseid ja taastada merekeskkonda on vaja rahvusvahelist koost\u00f6\u00f6d. WaterChain projekti raames viisid projektipartnerid l\u00e4bi pilootuuringuid Kesk-L\u00e4\u00e4nemere piirkonnas v\u00e4hendamaks toit- ja ohtlike ainete kahjulikku sissevoolu L\u00e4\u00e4nemerre. Reostav koormus p\u00e4rineb erinevatest allikatest ja sisaldab lisaks toitainetele ka mitmeid ohtlikke aineid. Seega on vajalik kombineerida mitmeid l\u00e4henemisviise ja meetmeid erinevatel tasanditel, ... Read more\" \/>\n<meta property=\"og:url\" content=\"https:\/\/www.waterchain.eu\/et\/parimad-praktikad\/\" \/>\n<meta property=\"og:site_name\" content=\"WaterChain\" \/>\n<meta property=\"article:modified_time\" content=\"2018-08-17T09:04:17+00:00\" \/>\n<meta property=\"og:image\" content=\"https:\/\/www.waterchain.eu\/wp-content\/uploads\/2017\/09\/baltic-sea-seagulls.jpg\" \/>\n\t<meta property=\"og:image:width\" content=\"1600\" \/>\n\t<meta property=\"og:image:height\" content=\"1200\" \/>\n\t<meta property=\"og:image:type\" content=\"image\/jpeg\" \/>\n<meta name=\"twitter:card\" content=\"summary_large_image\" \/>\n<meta name=\"twitter:label1\" content=\"Est. reading time\" \/>\n\t<meta name=\"twitter:data1\" content=\"1 minut\" \/>\n<script type=\"application\/ld+json\" class=\"yoast-schema-graph\">{\"@context\":\"https:\\\/\\\/schema.org\",\"@graph\":[{\"@type\":\"WebPage\",\"@id\":\"https:\\\/\\\/www.waterchain.eu\\\/et\\\/parimad-praktikad\\\/\",\"url\":\"https:\\\/\\\/www.waterchain.eu\\\/et\\\/parimad-praktikad\\\/\",\"name\":\"Parimad praktikad - WaterChain\",\"isPartOf\":{\"@id\":\"https:\\\/\\\/www.waterchain.eu\\\/#website\"},\"primaryImageOfPage\":{\"@id\":\"https:\\\/\\\/www.waterchain.eu\\\/et\\\/parimad-praktikad\\\/#primaryimage\"},\"image\":{\"@id\":\"https:\\\/\\\/www.waterchain.eu\\\/et\\\/parimad-praktikad\\\/#primaryimage\"},\"thumbnailUrl\":\"https:\\\/\\\/www.waterchain.eu\\\/wp-content\\\/uploads\\\/2017\\\/09\\\/baltic-sea-seagulls.jpg\",\"datePublished\":\"2018-05-16T11:31:03+00:00\",\"dateModified\":\"2018-08-17T09:04:17+00:00\",\"breadcrumb\":{\"@id\":\"https:\\\/\\\/www.waterchain.eu\\\/et\\\/parimad-praktikad\\\/#breadcrumb\"},\"inLanguage\":\"et\",\"potentialAction\":[{\"@type\":\"ReadAction\",\"target\":[\"https:\\\/\\\/www.waterchain.eu\\\/et\\\/parimad-praktikad\\\/\"]}]},{\"@type\":\"ImageObject\",\"inLanguage\":\"et\",\"@id\":\"https:\\\/\\\/www.waterchain.eu\\\/et\\\/parimad-praktikad\\\/#primaryimage\",\"url\":\"https:\\\/\\\/www.waterchain.eu\\\/wp-content\\\/uploads\\\/2017\\\/09\\\/baltic-sea-seagulls.jpg\",\"contentUrl\":\"https:\\\/\\\/www.waterchain.eu\\\/wp-content\\\/uploads\\\/2017\\\/09\\\/baltic-sea-seagulls.jpg\",\"width\":1600,\"height\":1200},{\"@type\":\"BreadcrumbList\",\"@id\":\"https:\\\/\\\/www.waterchain.eu\\\/et\\\/parimad-praktikad\\\/#breadcrumb\",\"itemListElement\":[{\"@type\":\"ListItem\",\"position\":1,\"name\":\"Home\",\"item\":\"https:\\\/\\\/www.waterchain.eu\\\/et\\\/\"},{\"@type\":\"ListItem\",\"position\":2,\"name\":\"Parimad praktikad\"}]},{\"@type\":\"WebSite\",\"@id\":\"https:\\\/\\\/www.waterchain.eu\\\/#website\",\"url\":\"https:\\\/\\\/www.waterchain.eu\\\/\",\"name\":\"WaterChain\",\"description\":\"Recovering the Baltic Sea\",\"publisher\":{\"@id\":\"https:\\\/\\\/www.waterchain.eu\\\/#organization\"},\"potentialAction\":[{\"@type\":\"SearchAction\",\"target\":{\"@type\":\"EntryPoint\",\"urlTemplate\":\"https:\\\/\\\/www.waterchain.eu\\\/?s={search_term_string}\"},\"query-input\":{\"@type\":\"PropertyValueSpecification\",\"valueRequired\":true,\"valueName\":\"search_term_string\"}}],\"inLanguage\":\"et\"},{\"@type\":\"Organization\",\"@id\":\"https:\\\/\\\/www.waterchain.eu\\\/#organization\",\"name\":\"WaterChain\",\"url\":\"https:\\\/\\\/www.waterchain.eu\\\/\",\"logo\":{\"@type\":\"ImageObject\",\"inLanguage\":\"et\",\"@id\":\"https:\\\/\\\/www.waterchain.eu\\\/#\\\/schema\\\/logo\\\/image\\\/\",\"url\":\"https:\\\/\\\/www.waterchain.eu\\\/wp-content\\\/uploads\\\/2017\\\/09\\\/WaterChain-logo.png\",\"contentUrl\":\"https:\\\/\\\/www.waterchain.eu\\\/wp-content\\\/uploads\\\/2017\\\/09\\\/WaterChain-logo.png\",\"width\":343,\"height\":120,\"caption\":\"WaterChain\"},\"image\":{\"@id\":\"https:\\\/\\\/www.waterchain.eu\\\/#\\\/schema\\\/logo\\\/image\\\/\"},\"sameAs\":[\"https:\\\/\\\/www.youtube.com\\\/channel\\\/UCz8GhExcENBWQYVkkpn_y3Q\"]}]}<\/script>\n<!-- \/ Yoast SEO plugin. -->","yoast_head_json":{"title":"Parimad praktikad - WaterChain","robots":{"index":"index","follow":"follow","max-snippet":"max-snippet:-1","max-image-preview":"max-image-preview:large","max-video-preview":"max-video-preview:-1"},"canonical":"https:\/\/www.waterchain.eu\/et\/parimad-praktikad\/","og_locale":"et_EE","og_type":"article","og_title":"Parimad praktikad - WaterChain","og_description":"Lahendused levinud v\u00e4ljakutsetele Et \u00fcletada L\u00e4\u00e4nemere laiaulatuslikke v\u00e4ljakutseid ja taastada merekeskkonda on vaja rahvusvahelist koost\u00f6\u00f6d. WaterChain projekti raames viisid projektipartnerid l\u00e4bi pilootuuringuid Kesk-L\u00e4\u00e4nemere piirkonnas v\u00e4hendamaks toit- ja ohtlike ainete kahjulikku sissevoolu L\u00e4\u00e4nemerre. Reostav koormus p\u00e4rineb erinevatest allikatest ja sisaldab lisaks toitainetele ka mitmeid ohtlikke aineid. Seega on vajalik kombineerida mitmeid l\u00e4henemisviise ja meetmeid erinevatel tasanditel, ... Read more","og_url":"https:\/\/www.waterchain.eu\/et\/parimad-praktikad\/","og_site_name":"WaterChain","article_modified_time":"2018-08-17T09:04:17+00:00","og_image":[{"width":1600,"height":1200,"url":"https:\/\/www.waterchain.eu\/wp-content\/uploads\/2017\/09\/baltic-sea-seagulls.jpg","type":"image\/jpeg"}],"twitter_card":"summary_large_image","twitter_misc":{"Est. reading time":"1 minut"},"schema":{"@context":"https:\/\/schema.org","@graph":[{"@type":"WebPage","@id":"https:\/\/www.waterchain.eu\/et\/parimad-praktikad\/","url":"https:\/\/www.waterchain.eu\/et\/parimad-praktikad\/","name":"Parimad praktikad - WaterChain","isPartOf":{"@id":"https:\/\/www.waterchain.eu\/#website"},"primaryImageOfPage":{"@id":"https:\/\/www.waterchain.eu\/et\/parimad-praktikad\/#primaryimage"},"image":{"@id":"https:\/\/www.waterchain.eu\/et\/parimad-praktikad\/#primaryimage"},"thumbnailUrl":"https:\/\/www.waterchain.eu\/wp-content\/uploads\/2017\/09\/baltic-sea-seagulls.jpg","datePublished":"2018-05-16T11:31:03+00:00","dateModified":"2018-08-17T09:04:17+00:00","breadcrumb":{"@id":"https:\/\/www.waterchain.eu\/et\/parimad-praktikad\/#breadcrumb"},"inLanguage":"et","potentialAction":[{"@type":"ReadAction","target":["https:\/\/www.waterchain.eu\/et\/parimad-praktikad\/"]}]},{"@type":"ImageObject","inLanguage":"et","@id":"https:\/\/www.waterchain.eu\/et\/parimad-praktikad\/#primaryimage","url":"https:\/\/www.waterchain.eu\/wp-content\/uploads\/2017\/09\/baltic-sea-seagulls.jpg","contentUrl":"https:\/\/www.waterchain.eu\/wp-content\/uploads\/2017\/09\/baltic-sea-seagulls.jpg","width":1600,"height":1200},{"@type":"BreadcrumbList","@id":"https:\/\/www.waterchain.eu\/et\/parimad-praktikad\/#breadcrumb","itemListElement":[{"@type":"ListItem","position":1,"name":"Home","item":"https:\/\/www.waterchain.eu\/et\/"},{"@type":"ListItem","position":2,"name":"Parimad praktikad"}]},{"@type":"WebSite","@id":"https:\/\/www.waterchain.eu\/#website","url":"https:\/\/www.waterchain.eu\/","name":"WaterChain","description":"Recovering the Baltic Sea","publisher":{"@id":"https:\/\/www.waterchain.eu\/#organization"},"potentialAction":[{"@type":"SearchAction","target":{"@type":"EntryPoint","urlTemplate":"https:\/\/www.waterchain.eu\/?s={search_term_string}"},"query-input":{"@type":"PropertyValueSpecification","valueRequired":true,"valueName":"search_term_string"}}],"inLanguage":"et"},{"@type":"Organization","@id":"https:\/\/www.waterchain.eu\/#organization","name":"WaterChain","url":"https:\/\/www.waterchain.eu\/","logo":{"@type":"ImageObject","inLanguage":"et","@id":"https:\/\/www.waterchain.eu\/#\/schema\/logo\/image\/","url":"https:\/\/www.waterchain.eu\/wp-content\/uploads\/2017\/09\/WaterChain-logo.png","contentUrl":"https:\/\/www.waterchain.eu\/wp-content\/uploads\/2017\/09\/WaterChain-logo.png","width":343,"height":120,"caption":"WaterChain"},"image":{"@id":"https:\/\/www.waterchain.eu\/#\/schema\/logo\/image\/"},"sameAs":["https:\/\/www.youtube.com\/channel\/UCz8GhExcENBWQYVkkpn_y3Q"]}]}},"_links":{"self":[{"href":"https:\/\/www.waterchain.eu\/et\/wp-json\/wp\/v2\/pages\/778","targetHints":{"allow":["GET"]}}],"collection":[{"href":"https:\/\/www.waterchain.eu\/et\/wp-json\/wp\/v2\/pages"}],"about":[{"href":"https:\/\/www.waterchain.eu\/et\/wp-json\/wp\/v2\/types\/page"}],"author":[{"embeddable":true,"href":"https:\/\/www.waterchain.eu\/et\/wp-json\/wp\/v2\/users\/1"}],"replies":[{"embeddable":true,"href":"https:\/\/www.waterchain.eu\/et\/wp-json\/wp\/v2\/comments?post=778"}],"version-history":[{"count":2,"href":"https:\/\/www.waterchain.eu\/et\/wp-json\/wp\/v2\/pages\/778\/revisions"}],"predecessor-version":[{"id":2942,"href":"https:\/\/www.waterchain.eu\/et\/wp-json\/wp\/v2\/pages\/778\/revisions\/2942"}],"wp:featuredmedia":[{"embeddable":true,"href":"https:\/\/www.waterchain.eu\/et\/wp-json\/wp\/v2\/media\/2172"}],"wp:attachment":[{"href":"https:\/\/www.waterchain.eu\/et\/wp-json\/wp\/v2\/media?parent=778"}],"curies":[{"name":"wp","href":"https:\/\/api.w.org\/{rel}","templated":true}]}}