{"id":1183,"date":"2018-06-05T11:30:48","date_gmt":"2018-06-05T08:30:48","guid":{"rendered":"https:\/\/waterchain.eu\/?page_id=1183"},"modified":"2018-08-23T10:03:16","modified_gmt":"2018-08-23T07:03:16","slug":"ravinteet","status":"publish","type":"page","link":"https:\/\/www.waterchain.eu\/fi\/itameren-ongelmat\/ravinteet\/","title":{"rendered":"Ravinteet"},"content":{"rendered":"<h2>Fosfori ja typpi<\/h2>\n<h5>It\u00e4meri on muuttunut 1800-luvun niukkaravinteisesta ja kirkasvetisest\u00e4 merest\u00e4 rehev\u00e4ksi ymp\u00e4rist\u00f6ksi. Meren <em>rehev\u00f6ityminen <\/em>tarkoittaa, ett\u00e4 ravinnepitoisuudet ovat liian suuria, eli toisin sanoen vedess\u00e4 on <em>liikaa typpe\u00e4 ja fosforia.<\/em><\/h5>\n<p><strong>Typpi ja fosfori<\/strong> eiv\u00e4t sellaisenaan ole vaaraksi meren eli\u00f6ille, mutta suuret ravinnepitoisuudet aiheuttavat liiallista levien kasvua, jolla on useita negatiivisia vaikutuksia vesiekosysteemiin. <strong>Rehev\u00e4ss\u00e4 ymp\u00e4rist\u00f6ss\u00e4<\/strong> vesi samentuu ja kalastossa ja kasvillisuudessa tapahtuu muutoksia. Orgaaninen aines ja hapenk\u00e4ytt\u00f6 lis\u00e4\u00e4ntyv\u00e4t, mist\u00e4 seuraa merenpohjassa happikato ja pohjaeli\u00f6iden kuolema.<\/p>\n<figure id=\"attachment_760\" aria-describedby=\"caption-attachment-760\" style=\"width: 1190px\" class=\"wp-caption alignnone\"><img fetchpriority=\"high\" decoding=\"async\" class=\"wp-image-760 size-full\" src=\"https:\/\/www.waterchain.eu\/wp-content\/uploads\/2018\/06\/Eutrophication-is-caused-by-increasing-inputs-of-the-nutrients_EmiliaM\u00e4kel\u00e4.png\" alt=\"\" width=\"1200\" height=\"727\" \/><figcaption id=\"caption-attachment-760\" class=\"wp-caption-text\">Rehev\u00f6ityminen aiheutuu ravinteiden \u2013 fosforin (P) ja typen (N) \u2013 lis\u00e4\u00e4ntyneest\u00e4 m\u00e4\u00e4r\u00e4st\u00e4. Se aiheuttaa syanobakteerien eli sinilevien kukintaa, muutoksia vesiekosysteemiss\u00e4 ja hapen (O2) puutetta veden pohjakerrostumissa. Lopulta pohjakerrostumien kalat ja kasvillisuus alkaa kuolla. Tekij\u00e4noikeus: Emilia M\u00e4kel\u00e4. Muokattu Luontoliiton aiemmin julkaisemasta kuvasta (http:\/\/slideplayer.fi\/slide\/1930400\/).<\/figcaption><\/figure>\n<p>\t<div class=\"gridable gridable--row\" >\n\t\t\t<div class=\"gridable--col col-4\" >\n\t\t<figure id=\"attachment_756\" aria-describedby=\"caption-attachment-756\" style=\"width: 758px\" class=\"wp-caption alignnone\"><img decoding=\"async\" class=\"wp-image-756 size-medium\" src=\"https:\/\/www.waterchain.eu\/wp-content\/uploads\/2018\/06\/Nitrogen-and-phosphorus-loads-in-the-Baltic-Sea-are-caused-by-for-example-industry-managed-forestry-and-agriculture.-Copyright-Emilia-M\u00e4kel\u00e4.png\" alt=\"\" width=\"768\" height=\"768\" \/><figcaption id=\"caption-attachment-756\" class=\"wp-caption-text\">It\u00e4meren typpi- ja fosforikuorma on per\u00e4isin mm. teollisuudesta, mets\u00e4taloudesta ja maataloudesta. Tekij\u00e4noikeus: Emilia M\u00e4kel\u00e4.<\/figcaption><\/figure>\t<\/div>\n\t<div class=\"gridable--col col-8\" >\n\t\t<p><strong>Typpi ja fosfori p\u00e4\u00e4tyv\u00e4t It\u00e4mereen joko vesiteitse tai ilmateitse.<\/strong> Suurin osa ulkoisesta kuormituksesta tulee It\u00e4meren valuma-alueelta jokia ja ojia pitkin tai suoraan rannikolta. Merkitt\u00e4vimm\u00e4t veden mukana kulkeutuvien ravinteiden l\u00e4hteet ovat maa- ja mets\u00e4talous, teollisuus, kotitaloudet, kalankasvatus sek\u00e4 luonnonhuuhtouma. Ilmaper\u00e4isill\u00e4 ravinnep\u00e4\u00e4st\u00f6ill\u00e4 tarkoitetaan ilmakeh\u00e4n laskeumaa, jolloin ravinteet voivat olla per\u00e4isin niin It\u00e4meren valuma-alueelta kuin sen ulkopuoleltakin. Merkitt\u00e4vimm\u00e4t ilmalaskeumana It\u00e4mereen p\u00e4\u00e4tyvien ravinteiden l\u00e4hteet ovat vesi- ja maantieliikenne, maatalous ja energiantuontanto.<\/p>\n<p><strong>Kun liiallisen rehev\u00f6itymisen prosessi on alkanut, sit\u00e4 on vaikea hillit\u00e4<\/strong>. Pohjasedimenttiin monien vuosien aikana kertyneit\u00e4 ravinteita on hankala poistaa ja ne jatkavat levien ja muiden kasvien kasvun ruokkimista. Pohjan hapettomissa olosuhteissa fosforia saattaa vapautua sedimentist\u00e4 takaisin veteen, mik\u00e4 lis\u00e4\u00e4 veden rehev\u00f6itymist\u00e4. T\u00e4t\u00e4 prosessia nimitet\u00e4\u00e4n my\u00f6s <em>sis\u00e4iseksi kuormitukseksi<\/em>, jota on huomattavasti vaikeampi kontrolloida kuin jokien, rannikoiden ja ilmakeh\u00e4n <em>ulkoista kuormitusta<\/em>.<\/p>\t<\/div>\n\t<\/div>\n\t<div class=\"gridable gridable--row\" >\n\t\t\t<div class=\"gridable--col col-4\" >\n\t\t<figure id=\"attachment_758\" aria-describedby=\"caption-attachment-758\" style=\"width: 758px\" class=\"wp-caption alignnone\"><img decoding=\"async\" class=\"wp-image-758 size-medium\" src=\"https:\/\/www.waterchain.eu\/wp-content\/uploads\/2018\/06\/Eutrophication-results-in-blooms-of-blue-green-algae_EmiliaM\u00e4kel\u00e4.png\" alt=\"\" width=\"768\" height=\"709\" \/><figcaption id=\"caption-attachment-758\" class=\"wp-caption-text\">Rehev\u00f6ityminen aiheuttaa myrkyllisi\u00e4 sinilev\u00e4kukintoja, mik\u00e4 tekee veden uimakelvottomaksi. Tekij\u00e4noikeus: Emilia M\u00e4kel\u00e4.<\/figcaption><\/figure>\t<\/div>\n\t<div class=\"gridable--col col-8\" >\n\t\t<p><strong>It\u00e4meri on hyvin herkk\u00e4 ihmistoiminnan vaikutuksille<\/strong>. Sen erityiset fysikaaliset ominaisuudet tekev\u00e4t siit\u00e4 yhden maailman suurimmista murtovesialtaista. \u00a0It\u00e4meren valuma-alueen pinta-ala on nelj\u00e4 kertaa suurempi kuin sen oma pinta-ala, ja valuma-alueella asuu per\u00e4ti 85 miljoonaa ihmist\u00e4. It\u00e4meri on yhteydess\u00e4 maailmaan meriin ainoastaan kapeiden ja matalien Tanskan salmien kautta. Veden vaihtuvuus It\u00e4meren ja Pohjanmeren v\u00e4lill\u00e4 on siis v\u00e4h\u00e4ist\u00e4, joten ravinteet voivat pysy\u00e4 It\u00e4meress\u00e4 jopa 30 vuotta. N\u00e4in ollen kaikilla ravinnep\u00e4\u00e4st\u00f6ill\u00e4 on pitk\u00e4aikaisia vaikutuksia, ja meren palauttaminen alkuper\u00e4iseen tilaan on pitk\u00e4kestoinen prosessi.<\/p>\t<\/div>\n\t<\/div>\n<\/p>\n<p>&nbsp;<\/p>\n","protected":false},"excerpt":{"rendered":"<p>Fosfori ja typpi It\u00e4meri on muuttunut 1800-luvun niukkaravinteisesta ja kirkasvetisest\u00e4 merest\u00e4 rehev\u00e4ksi ymp\u00e4rist\u00f6ksi. Meren rehev\u00f6ityminen tarkoittaa, ett\u00e4 ravinnepitoisuudet ovat liian suuria, eli toisin sanoen vedess\u00e4 on liikaa typpe\u00e4 ja fosforia. Typpi ja fosfori eiv\u00e4t sellaisenaan ole vaaraksi meren eli\u00f6ille, mutta suuret ravinnepitoisuudet aiheuttavat liiallista levien kasvua, jolla on useita negatiivisia vaikutuksia vesiekosysteemiin. Rehev\u00e4ss\u00e4 ymp\u00e4rist\u00f6ss\u00e4 vesi &#8230; <a title=\"Ravinteet\" class=\"read-more\" href=\"https:\/\/www.waterchain.eu\/fi\/itameren-ongelmat\/ravinteet\/\" aria-label=\"Lue lis\u00e4\u00e4 aiheesta Ravinteet\">Lue lis\u00e4\u00e4<\/a><\/p>\n","protected":false},"author":1,"featured_media":2105,"parent":1181,"menu_order":17,"comment_status":"closed","ping_status":"closed","template":"","meta":{"_exactmetrics_skip_tracking":false,"_exactmetrics_sitenote_active":false,"_exactmetrics_sitenote_note":"","_exactmetrics_sitenote_category":0,"generate_page_header":"","footnotes":""},"class_list":["post-1183","page","type-page","status-publish","has-post-thumbnail"],"yoast_head":"<!-- This site is optimized with the Yoast SEO plugin v27.3 - https:\/\/yoast.com\/product\/yoast-seo-wordpress\/ -->\n<title>Ravinteet - WaterChain<\/title>\n<meta name=\"description\" content=\"It\u00e4meri on muuttunut 1800-luvun niukkaravinteisesta ja kirkasvetisest\u00e4 merest\u00e4 rehev\u00e4ksi ymp\u00e4rist\u00f6ksi: ravinnepitoisuudet ovat liian suuria.\" \/>\n<meta name=\"robots\" content=\"index, follow, max-snippet:-1, max-image-preview:large, max-video-preview:-1\" \/>\n<link rel=\"canonical\" href=\"https:\/\/www.waterchain.eu\/fi\/itameren-ongelmat\/ravinteet\/\" \/>\n<meta property=\"og:locale\" content=\"fi_FI\" \/>\n<meta property=\"og:type\" content=\"article\" \/>\n<meta property=\"og:title\" content=\"Ravinteet - WaterChain\" \/>\n<meta property=\"og:description\" content=\"It\u00e4meri on muuttunut 1800-luvun niukkaravinteisesta ja kirkasvetisest\u00e4 merest\u00e4 rehev\u00e4ksi ymp\u00e4rist\u00f6ksi: ravinnepitoisuudet ovat liian suuria.\" \/>\n<meta property=\"og:url\" content=\"https:\/\/www.waterchain.eu\/fi\/itameren-ongelmat\/ravinteet\/\" \/>\n<meta property=\"og:site_name\" content=\"WaterChain\" \/>\n<meta property=\"article:modified_time\" content=\"2018-08-23T07:03:16+00:00\" \/>\n<meta property=\"og:image\" content=\"https:\/\/www.waterchain.eu\/wp-content\/uploads\/2018\/04\/title-skyview-02.jpg\" \/>\n\t<meta property=\"og:image:width\" content=\"1600\" \/>\n\t<meta property=\"og:image:height\" content=\"1000\" \/>\n\t<meta property=\"og:image:type\" content=\"image\/jpeg\" \/>\n<meta name=\"twitter:card\" content=\"summary_large_image\" \/>\n<meta name=\"twitter:label1\" content=\"Arvioitu lukuaika\" \/>\n\t<meta name=\"twitter:data1\" content=\"2 minuuttia\" \/>\n<script type=\"application\/ld+json\" class=\"yoast-schema-graph\">{\"@context\":\"https:\\\/\\\/schema.org\",\"@graph\":[{\"@type\":\"WebPage\",\"@id\":\"https:\\\/\\\/www.waterchain.eu\\\/fi\\\/itameren-ongelmat\\\/ravinteet\\\/\",\"url\":\"https:\\\/\\\/www.waterchain.eu\\\/fi\\\/itameren-ongelmat\\\/ravinteet\\\/\",\"name\":\"Ravinteet - WaterChain\",\"isPartOf\":{\"@id\":\"https:\\\/\\\/www.waterchain.eu\\\/#website\"},\"primaryImageOfPage\":{\"@id\":\"https:\\\/\\\/www.waterchain.eu\\\/fi\\\/itameren-ongelmat\\\/ravinteet\\\/#primaryimage\"},\"image\":{\"@id\":\"https:\\\/\\\/www.waterchain.eu\\\/fi\\\/itameren-ongelmat\\\/ravinteet\\\/#primaryimage\"},\"thumbnailUrl\":\"https:\\\/\\\/www.waterchain.eu\\\/wp-content\\\/uploads\\\/2018\\\/04\\\/title-skyview-02.jpg\",\"datePublished\":\"2018-06-05T08:30:48+00:00\",\"dateModified\":\"2018-08-23T07:03:16+00:00\",\"description\":\"It\u00e4meri on muuttunut 1800-luvun niukkaravinteisesta ja kirkasvetisest\u00e4 merest\u00e4 rehev\u00e4ksi ymp\u00e4rist\u00f6ksi: ravinnepitoisuudet ovat liian suuria.\",\"breadcrumb\":{\"@id\":\"https:\\\/\\\/www.waterchain.eu\\\/fi\\\/itameren-ongelmat\\\/ravinteet\\\/#breadcrumb\"},\"inLanguage\":\"fi\",\"potentialAction\":[{\"@type\":\"ReadAction\",\"target\":[\"https:\\\/\\\/www.waterchain.eu\\\/fi\\\/itameren-ongelmat\\\/ravinteet\\\/\"]}]},{\"@type\":\"ImageObject\",\"inLanguage\":\"fi\",\"@id\":\"https:\\\/\\\/www.waterchain.eu\\\/fi\\\/itameren-ongelmat\\\/ravinteet\\\/#primaryimage\",\"url\":\"https:\\\/\\\/www.waterchain.eu\\\/wp-content\\\/uploads\\\/2018\\\/04\\\/title-skyview-02.jpg\",\"contentUrl\":\"https:\\\/\\\/www.waterchain.eu\\\/wp-content\\\/uploads\\\/2018\\\/04\\\/title-skyview-02.jpg\",\"width\":1600,\"height\":1000},{\"@type\":\"BreadcrumbList\",\"@id\":\"https:\\\/\\\/www.waterchain.eu\\\/fi\\\/itameren-ongelmat\\\/ravinteet\\\/#breadcrumb\",\"itemListElement\":[{\"@type\":\"ListItem\",\"position\":1,\"name\":\"Home\",\"item\":\"https:\\\/\\\/www.waterchain.eu\\\/fi\\\/\"},{\"@type\":\"ListItem\",\"position\":2,\"name\":\"It\u00e4meren ongelmat\",\"item\":\"https:\\\/\\\/www.waterchain.eu\\\/fi\\\/itameren-ongelmat\\\/\"},{\"@type\":\"ListItem\",\"position\":3,\"name\":\"Ravinteet\"}]},{\"@type\":\"WebSite\",\"@id\":\"https:\\\/\\\/www.waterchain.eu\\\/#website\",\"url\":\"https:\\\/\\\/www.waterchain.eu\\\/\",\"name\":\"WaterChain\",\"description\":\"Recovering the Baltic Sea\",\"publisher\":{\"@id\":\"https:\\\/\\\/www.waterchain.eu\\\/#organization\"},\"potentialAction\":[{\"@type\":\"SearchAction\",\"target\":{\"@type\":\"EntryPoint\",\"urlTemplate\":\"https:\\\/\\\/www.waterchain.eu\\\/?s={search_term_string}\"},\"query-input\":{\"@type\":\"PropertyValueSpecification\",\"valueRequired\":true,\"valueName\":\"search_term_string\"}}],\"inLanguage\":\"fi\"},{\"@type\":\"Organization\",\"@id\":\"https:\\\/\\\/www.waterchain.eu\\\/#organization\",\"name\":\"WaterChain\",\"url\":\"https:\\\/\\\/www.waterchain.eu\\\/\",\"logo\":{\"@type\":\"ImageObject\",\"inLanguage\":\"fi\",\"@id\":\"https:\\\/\\\/www.waterchain.eu\\\/#\\\/schema\\\/logo\\\/image\\\/\",\"url\":\"https:\\\/\\\/www.waterchain.eu\\\/wp-content\\\/uploads\\\/2017\\\/09\\\/WaterChain-logo.png\",\"contentUrl\":\"https:\\\/\\\/www.waterchain.eu\\\/wp-content\\\/uploads\\\/2017\\\/09\\\/WaterChain-logo.png\",\"width\":343,\"height\":120,\"caption\":\"WaterChain\"},\"image\":{\"@id\":\"https:\\\/\\\/www.waterchain.eu\\\/#\\\/schema\\\/logo\\\/image\\\/\"},\"sameAs\":[\"https:\\\/\\\/www.youtube.com\\\/channel\\\/UCz8GhExcENBWQYVkkpn_y3Q\"]}]}<\/script>\n<!-- \/ Yoast SEO plugin. -->","yoast_head_json":{"title":"Ravinteet - WaterChain","description":"It\u00e4meri on muuttunut 1800-luvun niukkaravinteisesta ja kirkasvetisest\u00e4 merest\u00e4 rehev\u00e4ksi ymp\u00e4rist\u00f6ksi: ravinnepitoisuudet ovat liian suuria.","robots":{"index":"index","follow":"follow","max-snippet":"max-snippet:-1","max-image-preview":"max-image-preview:large","max-video-preview":"max-video-preview:-1"},"canonical":"https:\/\/www.waterchain.eu\/fi\/itameren-ongelmat\/ravinteet\/","og_locale":"fi_FI","og_type":"article","og_title":"Ravinteet - WaterChain","og_description":"It\u00e4meri on muuttunut 1800-luvun niukkaravinteisesta ja kirkasvetisest\u00e4 merest\u00e4 rehev\u00e4ksi ymp\u00e4rist\u00f6ksi: ravinnepitoisuudet ovat liian suuria.","og_url":"https:\/\/www.waterchain.eu\/fi\/itameren-ongelmat\/ravinteet\/","og_site_name":"WaterChain","article_modified_time":"2018-08-23T07:03:16+00:00","og_image":[{"width":1600,"height":1000,"url":"https:\/\/www.waterchain.eu\/wp-content\/uploads\/2018\/04\/title-skyview-02.jpg","type":"image\/jpeg"}],"twitter_card":"summary_large_image","twitter_misc":{"Arvioitu lukuaika":"2 minuuttia"},"schema":{"@context":"https:\/\/schema.org","@graph":[{"@type":"WebPage","@id":"https:\/\/www.waterchain.eu\/fi\/itameren-ongelmat\/ravinteet\/","url":"https:\/\/www.waterchain.eu\/fi\/itameren-ongelmat\/ravinteet\/","name":"Ravinteet - WaterChain","isPartOf":{"@id":"https:\/\/www.waterchain.eu\/#website"},"primaryImageOfPage":{"@id":"https:\/\/www.waterchain.eu\/fi\/itameren-ongelmat\/ravinteet\/#primaryimage"},"image":{"@id":"https:\/\/www.waterchain.eu\/fi\/itameren-ongelmat\/ravinteet\/#primaryimage"},"thumbnailUrl":"https:\/\/www.waterchain.eu\/wp-content\/uploads\/2018\/04\/title-skyview-02.jpg","datePublished":"2018-06-05T08:30:48+00:00","dateModified":"2018-08-23T07:03:16+00:00","description":"It\u00e4meri on muuttunut 1800-luvun niukkaravinteisesta ja kirkasvetisest\u00e4 merest\u00e4 rehev\u00e4ksi ymp\u00e4rist\u00f6ksi: ravinnepitoisuudet ovat liian suuria.","breadcrumb":{"@id":"https:\/\/www.waterchain.eu\/fi\/itameren-ongelmat\/ravinteet\/#breadcrumb"},"inLanguage":"fi","potentialAction":[{"@type":"ReadAction","target":["https:\/\/www.waterchain.eu\/fi\/itameren-ongelmat\/ravinteet\/"]}]},{"@type":"ImageObject","inLanguage":"fi","@id":"https:\/\/www.waterchain.eu\/fi\/itameren-ongelmat\/ravinteet\/#primaryimage","url":"https:\/\/www.waterchain.eu\/wp-content\/uploads\/2018\/04\/title-skyview-02.jpg","contentUrl":"https:\/\/www.waterchain.eu\/wp-content\/uploads\/2018\/04\/title-skyview-02.jpg","width":1600,"height":1000},{"@type":"BreadcrumbList","@id":"https:\/\/www.waterchain.eu\/fi\/itameren-ongelmat\/ravinteet\/#breadcrumb","itemListElement":[{"@type":"ListItem","position":1,"name":"Home","item":"https:\/\/www.waterchain.eu\/fi\/"},{"@type":"ListItem","position":2,"name":"It\u00e4meren ongelmat","item":"https:\/\/www.waterchain.eu\/fi\/itameren-ongelmat\/"},{"@type":"ListItem","position":3,"name":"Ravinteet"}]},{"@type":"WebSite","@id":"https:\/\/www.waterchain.eu\/#website","url":"https:\/\/www.waterchain.eu\/","name":"WaterChain","description":"Recovering the Baltic Sea","publisher":{"@id":"https:\/\/www.waterchain.eu\/#organization"},"potentialAction":[{"@type":"SearchAction","target":{"@type":"EntryPoint","urlTemplate":"https:\/\/www.waterchain.eu\/?s={search_term_string}"},"query-input":{"@type":"PropertyValueSpecification","valueRequired":true,"valueName":"search_term_string"}}],"inLanguage":"fi"},{"@type":"Organization","@id":"https:\/\/www.waterchain.eu\/#organization","name":"WaterChain","url":"https:\/\/www.waterchain.eu\/","logo":{"@type":"ImageObject","inLanguage":"fi","@id":"https:\/\/www.waterchain.eu\/#\/schema\/logo\/image\/","url":"https:\/\/www.waterchain.eu\/wp-content\/uploads\/2017\/09\/WaterChain-logo.png","contentUrl":"https:\/\/www.waterchain.eu\/wp-content\/uploads\/2017\/09\/WaterChain-logo.png","width":343,"height":120,"caption":"WaterChain"},"image":{"@id":"https:\/\/www.waterchain.eu\/#\/schema\/logo\/image\/"},"sameAs":["https:\/\/www.youtube.com\/channel\/UCz8GhExcENBWQYVkkpn_y3Q"]}]}},"_links":{"self":[{"href":"https:\/\/www.waterchain.eu\/fi\/wp-json\/wp\/v2\/pages\/1183","targetHints":{"allow":["GET"]}}],"collection":[{"href":"https:\/\/www.waterchain.eu\/fi\/wp-json\/wp\/v2\/pages"}],"about":[{"href":"https:\/\/www.waterchain.eu\/fi\/wp-json\/wp\/v2\/types\/page"}],"author":[{"embeddable":true,"href":"https:\/\/www.waterchain.eu\/fi\/wp-json\/wp\/v2\/users\/1"}],"replies":[{"embeddable":true,"href":"https:\/\/www.waterchain.eu\/fi\/wp-json\/wp\/v2\/comments?post=1183"}],"version-history":[{"count":17,"href":"https:\/\/www.waterchain.eu\/fi\/wp-json\/wp\/v2\/pages\/1183\/revisions"}],"predecessor-version":[{"id":1426,"href":"https:\/\/www.waterchain.eu\/fi\/wp-json\/wp\/v2\/pages\/1183\/revisions\/1426"}],"up":[{"embeddable":true,"href":"https:\/\/www.waterchain.eu\/fi\/wp-json\/wp\/v2\/pages\/1181"}],"wp:featuredmedia":[{"embeddable":true,"href":"https:\/\/www.waterchain.eu\/fi\/wp-json\/wp\/v2\/media\/2105"}],"wp:attachment":[{"href":"https:\/\/www.waterchain.eu\/fi\/wp-json\/wp\/v2\/media?parent=1183"}],"curies":[{"name":"wp","href":"https:\/\/api.w.org\/{rel}","templated":true}]}}