{"id":1185,"date":"2018-06-05T11:46:37","date_gmt":"2018-06-05T08:46:37","guid":{"rendered":"https:\/\/waterchain.eu\/?page_id=1185"},"modified":"2018-08-23T10:09:08","modified_gmt":"2018-08-23T07:09:08","slug":"haitalliset-aineet","status":"publish","type":"page","link":"https:\/\/www.waterchain.eu\/fi\/itameren-ongelmat\/haitalliset-aineet\/","title":{"rendered":"Haitalliset aineet"},"content":{"rendered":"<h2>Haitalliset aineet<\/h2>\n<h5>Synteettisist\u00e4 haitallisista aineista, kuten ftalaateista ja perfluoratuista yhdisteist\u00e4, tulee saasteita niiden joutuessa ymp\u00e4rist\u00f6\u00f6n, sill\u00e4 aineet eiv\u00e4t esiinny siell\u00e4 luonnostaan. Ekosysteemeihin aineet p\u00e4\u00e4tyv\u00e4t esimerkiksi j\u00e4tevedenpuhdistamoilta, joita ei ole suunniteltu poistamaan haitallisia aineita.<\/h5>\n<figure id=\"attachment_681\" aria-describedby=\"caption-attachment-681\" style=\"width: 758px\" class=\"wp-caption alignnone\"><img fetchpriority=\"high\" decoding=\"async\" class=\"wp-image-681 size-medium\" src=\"https:\/\/www.waterchain.eu\/wp-content\/uploads\/2018\/06\/Hazardous-substances-include-e.g.-perfluorinated-compounds-pharmaceuticals-plastics-pesticides-and-detergents.-Some-of-t.png\" alt=\"\" width=\"768\" height=\"542\" \/><figcaption id=\"caption-attachment-681\" class=\"wp-caption-text\">Haitallisiin aineisiin kuuluu mm. perfluoratut yhdisteet, l\u00e4\u00e4keaineet, muovit, torjunta-aineet ja pesuaineet. Jotkin niist\u00e4 kertyv\u00e4t ravintoketjussa ja voivat p\u00e4\u00e4ty\u00e4 lopulta ruokalautasellemme. Tekij\u00e4noikeus: Emilia M\u00e4kel\u00e4.<\/figcaption><\/figure>\n<p>J\u00e4tevedenpuhdistamoille haitallisia aineita p\u00e4\u00e4see tehtaista ja yrityksist\u00e4, joissa aineita tuotetaan ja k\u00e4ytet\u00e4\u00e4n. My\u00f6s kulutustavaroiden haitalliset aineet p\u00e4\u00e4tyv\u00e4t lopulta puhdistamoihin. Haitallisia aineita irtoaa esimerkiksi muovituotteista (PVC), non stick -pannuista, suksivoiteista ja s\u00e4hk\u00f6laitteiden palonestoaineista. Jotkut aineet ker\u00e4\u00e4ntyv\u00e4t ravintoketjussa ja saattavat lopulta p\u00e4\u00e4ty\u00e4 ruokalautasellemme.<\/p>\n<p>WaterChain-hankkeessa keskityttiin nelj\u00e4\u00e4n haitallisten aineiden ryhm\u00e4\u00e4n, joista kerrotaan tarkemmin alempana. Yhdisteet on luokiteltu EU-tasolla erityist\u00e4 huolta aiheuttaviksi:<\/p>\n<ul>\n<li><a href=\"#1\">Perfluoratut yhdisteet<\/a> (PFOA, PFOS) sis\u00e4ltyv\u00e4t direktiivin (39\/2013\/EU) ymp\u00e4rist\u00f6nlaatunormit -listaan ja ne on luokiteltu It\u00e4meren suojelun toimintaohjelmassa prioriteettiaineeksi<\/li>\n<li><a href=\"#2\">L\u00e4\u00e4keaineet<\/a> ovat EQS-direktiivin (39\/2013\/EU) mukaan seurantalistalla<\/li>\n<li><a href=\"#3\">Ftalaatit<\/a> (DEPH), joita k\u00e4ytet\u00e4\u00e4n muun muassa muovin pehment\u00e4miseen ja joustavuuden parantamiseen, on listattu EQS-direktiiviss\u00e4 (39\/2013\/EU)<\/li>\n<li>23 <a href=\"#4\">torjunta-ainetta<\/a> mainitaan EQS-direktiivin (39\/2013\/EU) listalla, jossa on kaiken kaikkiaan 45 ainetta.<\/li>\n<\/ul>\n<p><a href=\"https:\/\/eur-lex.europa.eu\/legal-content\/EN\/TXT\/?uri=CELEX:32013L0039\" target=\"_blank\" rel=\"noopener\">Environmental Quality Standards (EQS) Directive 39\/2013\/EU<\/a><br \/>\n<a href=\"http:\/\/www.helcom.fi\/baltic-sea-trends\/indicators\/\" target=\"_blank\" rel=\"noopener\">It\u00e4meren suojelun toimintaohjelma prioriteettiaineet<\/a><\/p>\n<hr \/>\n<div id=\"accordion-1\" class=\"accordion no-js\"><\/p>\n<p>\n\t\t\t\t\t<h3 role=\"button\" id=\"1\" class=\"accordion-title js-accordion-controller\" aria-controls=\"content-1\" aria-expanded=\"false\" tabindex=\"0\">\n\t\t\t\tPerfluoratut yhdisteet\t\t\t<\/h3>\n\t\t\n\t\t<div id=\"content-1\" class=\"accordion-content\" aria-hidden=\"true\">\n\t\t\t<\/p>\n<p>\t<div class=\"gridable gridable--row\" >\n\t\t\t<div class=\"gridable--col col-4\" >\n\t\t<p><img decoding=\"async\" class=\"alignnone size-medium wp-image-683\" src=\"https:\/\/www.waterchain.eu\/wp-content\/uploads\/2018\/06\/Perfluorinated-compounds_Copyright-Emilia-M\u00e4kel\u00e4.png\" alt=\"\" width=\"768\" height=\"481\" \/><\/p>\t<\/div>\n\t<div class=\"gridable--col col-8\" >\n\t\t<p>Perfluorattuja yhdisteit\u00e4 (PFC) k\u00e4ytet\u00e4\u00e4n ruoanlaittov\u00e4lineiss\u00e4 (tarttumaton pinnoite), kankaissa, huonekalujen ja mattojen tahrasuoja-aineissa, elintarvikepakkauksissa, sammutusvaahdoissa, ilmailussa, autoilussa, rakennuksissa ja rakentamisessa sek\u00e4 elektroniikassa. PFC-yhdisteiden t\u00e4rkeimm\u00e4t alaryhm\u00e4t ovat perfluorioktaanisulfonaatit (PFOS) ja perfluorioktaanihapot (PFOA).<\/p>\n<p>PFC-yhdisteit\u00e4 vapautuu ymp\u00e4rist\u00f6\u00f6n tuotteita valmistettaessa, k\u00e4ytett\u00e4ess\u00e4 tai h\u00e4vitett\u00e4ess\u00e4. Kemikaalien molekyylit ovat eritt\u00e4in pysyvi\u00e4 eiv\u00e4tk\u00e4 aineet hajoa luonnossa.<\/p>\n<p>Ihmiset altistuvat p\u00e4\u00e4osin pienille m\u00e4\u00e4rille PFC-yhdisteit\u00e4 ruoan, veden tai kulutustuotteiden v\u00e4lityksell\u00e4 (esim. elintarvikepakkaukset ja vaatteet). Teollistuneissa maissa PFC-yhdisteit\u00e4 on l\u00f6ydetty l\u00e4hes jokaisen kaupunkilaisen verest\u00e4. Yhdisteet saattavat aiheuttaa hormonitason muutoksia ja sy\u00f6p\u00e4\u00e4 sek\u00e4 h\u00e4irit\u00e4 kehityst\u00e4.<\/p>\n<p>Katso, miten <a href=\"https:\/\/www.waterchain.eu\/fi\/mita-mina-voin-tehda\/haitalliset-aineet\/\">suojelet itse\u00e4si ja ymp\u00e4rist\u00f6\u00e4si PFC-yhdisteiden vaikutuksilta<\/a>.<\/p>\t<\/div>\n\t<\/div>\n<\/p>\n<p>\t\t<\/div>\n\n\t\t<\/p>\n<p>\n\t\t\t\t\t<h3 role=\"button\" id=\"2\" class=\"accordion-title js-accordion-controller\" aria-controls=\"content-2\" aria-expanded=\"false\" tabindex=\"0\">\n\t\t\t\tL\u00e4\u00e4keaineet\t\t\t<\/h3>\n\t\t\n\t\t<div id=\"content-2\" class=\"accordion-content\" aria-hidden=\"true\">\n\t\t\t<\/p>\n<p>\t<div class=\"gridable gridable--row\" >\n\t\t\t<div class=\"gridable--col col-4\" >\n\t\t<p><img decoding=\"async\" class=\"alignnone size-medium wp-image-684\" src=\"https:\/\/www.waterchain.eu\/wp-content\/uploads\/2018\/06\/Pharmaceuticals_Copyright-Emilia-M\u00e4kel\u00e4.png\" alt=\"\" width=\"768\" height=\"554\" \/><\/p>\t<\/div>\n\t<div class=\"gridable--col col-8\" >\n\t\t<p>Maailmanlaajuinen l\u00e4\u00e4kkeiden tuotannon ja k\u00e4yt\u00f6n kasvu on lis\u00e4nnyt l\u00e4\u00e4keaineiden m\u00e4\u00e4r\u00e4\u00e4 ymp\u00e4rist\u00f6ss\u00e4. L\u00e4\u00e4keaineet p\u00e4\u00e4tyv\u00e4t ymp\u00e4rist\u00f6\u00f6n j\u00e4tevedenpuhdistamoilta, sairaaloista ja karjatilojen j\u00e4tevesist\u00e4 sek\u00e4 l\u00e4\u00e4ketehtailta, joilla ei ole asianmukaista j\u00e4tevedenk\u00e4sittely\u00e4.<\/p>\n<p>Eri l\u00e4\u00e4kkeiden komponentteja on havaittu j\u00e4rviss\u00e4, joissa, meriss\u00e4 ja pohjavedess\u00e4. L\u00e4\u00e4keaineet vaikuttavat haitallisesti esimerkiksi vesieli\u00f6iden lis\u00e4\u00e4ntymisj\u00e4rjestelm\u00e4\u00e4n, kasvuun ja k\u00e4yt\u00f6kseen. Tietoa pienten pitoisuuksien pitk\u00e4aikaisvaikutuksista on v\u00e4hemm\u00e4n, koska tutkimukset ovat kalliita ja monimutkaisia.<\/p>\n<p>Erityist\u00e4 huomiota tulee kiinnitt\u00e4\u00e4 n\u00e4ihin l\u00e4\u00e4kkeiden vaikuttaviin ainesosiin: metformiini, hormonaaliset ehk\u00e4isyvalmisteet, ibuprofeiini ja diklofenaakki.<\/p>\n<p>Katso, miten suojelet itse\u00e4si ja ymp\u00e4rist\u00f6\u00e4si <a href=\"https:\/\/www.waterchain.eu\/fi\/mita-mina-voin-tehda\/haitalliset-aineet\/\">l\u00e4\u00e4kej\u00e4\u00e4mien vaikutuksilta<\/a>.<\/p>\t<\/div>\n\t<\/div>\n<\/p>\n<p>\t\t<\/div>\n\n\t\t<\/p>\n<p>\n\t\t\t\t\t<h3 role=\"button\" id=\"3\" class=\"accordion-title js-accordion-controller\" aria-controls=\"content-3\" aria-expanded=\"false\" tabindex=\"0\">\n\t\t\t\tMuovit\t\t\t<\/h3>\n\t\t\n\t\t<div id=\"content-3\" class=\"accordion-content\" aria-hidden=\"true\">\n\t\t\t<\/p>\n<p>\t<div class=\"gridable gridable--row\" >\n\t\t\t<div class=\"gridable--col col-4\" >\n\t\t<p><img loading=\"lazy\" decoding=\"async\" class=\"alignnone size-medium wp-image-686\" src=\"https:\/\/www.waterchain.eu\/wp-content\/uploads\/2018\/06\/Plastics_Copyright-Emilia-M\u00e4kel\u00e4.png\" alt=\"\" width=\"768\" height=\"568\" \/><\/p>\t<\/div>\n\t<div class=\"gridable--col col-8\" >\n\t\t<p>Yli 8 miljoona tonnia muovia p\u00e4\u00e4tyy joka vuosi meriin, jossa muovit pilkkoutuvat pienemmiksi partikkeleiksi, <strong><em>mikromuoviksi<\/em><\/strong>, ja p\u00e4\u00e4tyv\u00e4t lopulta ravintoketjuun. Muoviroskan lis\u00e4ksi mikromuovia saattaa synty\u00e4 esimerkiksi liikenteest\u00e4, tekstiileist\u00e4, teollisuudesta ja kosmetiikasta.<\/p>\n<p>Useimmat muovit sis\u00e4lt\u00e4v\u00e4t lis\u00e4aineita, kuten t\u00e4yteaineita, pehmittimi\u00e4 (ftalaatteja) ja v\u00e4riaineita, jotka joutuvat muovien ohella ymp\u00e4rist\u00f6\u00f6n. Vedess\u00e4 muovipartikkelit toimivat kuten sienet \u2013 ne ker\u00e4\u00e4v\u00e4t ja varastoivat muita ep\u00e4puhtauksia itseens\u00e4.<\/p>\n<p>Uusia havaintoja muovia sy\u00f6neist\u00e4 tai muoviin sotkeutuneista el\u00e4imist\u00e4 tulee koko ajan. Ihmiset altistuvat muovien kemikaaleille muovipakkauksia k\u00e4ytt\u00e4m\u00e4ll\u00e4 tai sy\u00f6m\u00e4ll\u00e4 mikromuovista saastuneita meriel\u00e4imi\u00e4.<\/p>\n<p><strong>FTALAATIT<\/strong><br \/>\nFtalaatteja k\u00e4ytet\u00e4\u00e4n pehment\u00e4m\u00e4\u00e4n muoveja ja tekem\u00e4\u00e4n niist\u00e4 taipuisia ja kest\u00e4vi\u00e4. Niit\u00e4 k\u00e4ytet\u00e4\u00e4n vinyylilattioissa, vaatteissa, johtojen kuorissa, suihkuverhoissa, saippuoissa, shampoissa ja kynsilakoissa. Tutkimusten perusteella ftalaatit on yhdistetty rintasy\u00f6p\u00e4\u00e4n, lihavuuteen, ennenaikaisiin synnytyksiin, kehitysh\u00e4iri\u00f6ihin, allergioihin, diabetekseen ja hormonih\u00e4iri\u00f6ihin.<\/p>\n<p><strong>BISPHENOL A (BPA)<\/strong><br \/>\nBPA:ta on vesipulloissa, maksup\u00e4\u00e4tekuiteissa ja t\u00f6lkkien sis\u00e4pinnoitteissa. BPA on liitetty lihavuuteen, kilpirauhasen h\u00e4iri\u00f6ihin, korkeaan sy\u00f6p\u00e4riskiin ja astmaan. Vuonna 2017 Euroopan kemikaalivirasto (ECHA) luokitteli BPA:n erityist\u00e4 huolta aiheuttavaksi aineeksi sen hormonitoimintaa h\u00e4iritsevien ominaisuuksien vuoksi.<\/p>\n<p>Katso, miten suojelet itse\u00e4si ja ymp\u00e4rist\u00f6\u00e4si <a href=\"https:\/\/www.waterchain.eu\/fi\/mita-mina-voin-tehda\/haitalliset-aineet\/\">muovien vaikutuksilta<\/a>.<\/p>\t<\/div>\n\t<\/div>\n<\/p>\n<p>\t\t<\/div>\n\n\t\t<\/p>\n<p>\n\t\t\t\t\t<h3 role=\"button\" id=\"4\" class=\"accordion-title js-accordion-controller\" aria-controls=\"content-4\" aria-expanded=\"false\" tabindex=\"0\">\n\t\t\t\tTorjunta-aineet\t\t\t<\/h3>\n\t\t\n\t\t<div id=\"content-4\" class=\"accordion-content\" aria-hidden=\"true\">\n\t\t\t<\/p>\n<p>\t<div class=\"gridable gridable--row\" >\n\t\t\t<div class=\"gridable--col col-4\" >\n\t\t<p><img loading=\"lazy\" decoding=\"async\" class=\"alignnone size-medium wp-image-685\" src=\"https:\/\/www.waterchain.eu\/wp-content\/uploads\/2018\/06\/Pesticides_Copyright-Emilia-M\u00e4kel\u00e4.png\" alt=\"\" width=\"768\" height=\"352\" \/><\/p>\t<\/div>\n\t<div class=\"gridable--col col-8\" >\n\t\t<p>Torjunta-aineita k\u00e4ytet\u00e4\u00e4n rikkakasvien, hy\u00f6nteisten, sienitautien ja jyrsij\u00f6iden tuhoamiseen. Kemialliset torjunta-aineet sis\u00e4lt\u00e4v\u00e4t vaikuttavia aineita ja yleens\u00e4 my\u00f6s lis\u00e4aineita, jotka tukevat torjunta-aineiden tehoa.<\/p>\n<p><strong>Torjunta-aineiden k\u00e4ytt\u00f6 on maailmanlaajuisesti lis\u00e4\u00e4ntynyt niin maataloudessa kuin kotipuutarhoissakin.\u00a0<\/strong>Ajan my\u00f6t\u00e4 kemikaalit ker\u00e4\u00e4ntyv\u00e4t eli\u00f6ihin eli my\u00f6s ihmisiin. Torjunta-aineiden k\u00e4ytt\u00f6 voi heikent\u00e4\u00e4 viljelij\u00e4n terveytt\u00e4 sek\u00e4 saastuttaa elintarvikkeita ja maaper\u00e4\u00e4. Monet torjunta-aineet voivat s\u00e4ily\u00e4 ymp\u00e4rist\u00f6ss\u00e4 hyvin pitk\u00e4\u00e4n (esim. DDT ja trifluraliini). Tutkimusten mukaan my\u00f6s torjunta-aineiden ja p\u00f6lytt\u00e4misen kannalta t\u00e4rkeiden mehil\u00e4isyhdyskuntien romahtamisen v\u00e4lill\u00e4 saattaa olla yhteys.<\/p>\n<p>Katso, miten suojelet itse\u00e4si ja ymp\u00e4rist\u00f6\u00e4si <a href=\"https:\/\/www.waterchain.eu\/fi\/mita-mina-voin-tehda\/haitalliset-aineet\/\">torjunta-aineiden vaikutuksilta<\/a>.<\/p>\t<\/div>\n\t<\/div>\n<\/p>\n<p>\t\t<\/div>\n\n\t\t<\/p>\n<p><\/div>\n","protected":false},"excerpt":{"rendered":"<p>Haitalliset aineet Synteettisist\u00e4 haitallisista aineista, kuten ftalaateista ja perfluoratuista yhdisteist\u00e4, tulee saasteita niiden joutuessa ymp\u00e4rist\u00f6\u00f6n, sill\u00e4 aineet eiv\u00e4t esiinny siell\u00e4 luonnostaan. Ekosysteemeihin aineet p\u00e4\u00e4tyv\u00e4t esimerkiksi j\u00e4tevedenpuhdistamoilta, joita ei ole suunniteltu poistamaan haitallisia aineita. J\u00e4tevedenpuhdistamoille haitallisia aineita p\u00e4\u00e4see tehtaista ja yrityksist\u00e4, joissa aineita tuotetaan ja k\u00e4ytet\u00e4\u00e4n. My\u00f6s kulutustavaroiden haitalliset aineet p\u00e4\u00e4tyv\u00e4t lopulta puhdistamoihin. Haitallisia aineita irtoaa &#8230; <a title=\"Haitalliset aineet\" class=\"read-more\" href=\"https:\/\/www.waterchain.eu\/fi\/itameren-ongelmat\/haitalliset-aineet\/\" aria-label=\"Lue lis\u00e4\u00e4 aiheesta Haitalliset aineet\">Lue lis\u00e4\u00e4<\/a><\/p>\n","protected":false},"author":1,"featured_media":2173,"parent":1181,"menu_order":37,"comment_status":"closed","ping_status":"closed","template":"","meta":{"_exactmetrics_skip_tracking":false,"_exactmetrics_sitenote_active":false,"_exactmetrics_sitenote_note":"","_exactmetrics_sitenote_category":0,"generate_page_header":"","footnotes":""},"class_list":["post-1185","page","type-page","status-publish","has-post-thumbnail"],"yoast_head":"<!-- This site is optimized with the Yoast SEO plugin v27.3 - https:\/\/yoast.com\/product\/yoast-seo-wordpress\/ -->\n<title>Haitalliset aineet - WaterChain<\/title>\n<meta name=\"description\" content=\"Haitallisiin aineisiin kuuluu mm. perfluoratut yhdisteet, l\u00e4\u00e4keaineet, muovit, torjunta-aineet ja pesuaineet ja jotkin niist\u00e4 voivat p\u00e4\u00e4ty\u00e4 lautasellemme.\" \/>\n<meta name=\"robots\" content=\"index, follow, max-snippet:-1, max-image-preview:large, max-video-preview:-1\" \/>\n<link rel=\"canonical\" href=\"https:\/\/www.waterchain.eu\/fi\/itameren-ongelmat\/haitalliset-aineet\/\" \/>\n<meta property=\"og:locale\" content=\"fi_FI\" \/>\n<meta property=\"og:type\" content=\"article\" \/>\n<meta property=\"og:title\" content=\"Haitalliset aineet - WaterChain\" \/>\n<meta property=\"og:description\" content=\"Haitallisiin aineisiin kuuluu mm. perfluoratut yhdisteet, l\u00e4\u00e4keaineet, muovit, torjunta-aineet ja pesuaineet ja jotkin niist\u00e4 voivat p\u00e4\u00e4ty\u00e4 lautasellemme.\" \/>\n<meta property=\"og:url\" content=\"https:\/\/www.waterchain.eu\/fi\/itameren-ongelmat\/haitalliset-aineet\/\" \/>\n<meta property=\"og:site_name\" content=\"WaterChain\" \/>\n<meta property=\"article:modified_time\" content=\"2018-08-23T07:09:08+00:00\" \/>\n<meta property=\"og:image\" content=\"https:\/\/www.waterchain.eu\/wp-content\/uploads\/2017\/09\/baltic-sea-seagulls.jpg\" \/>\n\t<meta property=\"og:image:width\" content=\"1600\" \/>\n\t<meta property=\"og:image:height\" content=\"1200\" \/>\n\t<meta property=\"og:image:type\" content=\"image\/jpeg\" \/>\n<meta name=\"twitter:card\" content=\"summary_large_image\" \/>\n<meta name=\"twitter:label1\" content=\"Arvioitu lukuaika\" \/>\n\t<meta name=\"twitter:data1\" content=\"4 minuuttia\" \/>\n<script type=\"application\/ld+json\" class=\"yoast-schema-graph\">{\"@context\":\"https:\\\/\\\/schema.org\",\"@graph\":[{\"@type\":\"WebPage\",\"@id\":\"https:\\\/\\\/www.waterchain.eu\\\/fi\\\/itameren-ongelmat\\\/haitalliset-aineet\\\/\",\"url\":\"https:\\\/\\\/www.waterchain.eu\\\/fi\\\/itameren-ongelmat\\\/haitalliset-aineet\\\/\",\"name\":\"Haitalliset aineet - WaterChain\",\"isPartOf\":{\"@id\":\"https:\\\/\\\/www.waterchain.eu\\\/#website\"},\"primaryImageOfPage\":{\"@id\":\"https:\\\/\\\/www.waterchain.eu\\\/fi\\\/itameren-ongelmat\\\/haitalliset-aineet\\\/#primaryimage\"},\"image\":{\"@id\":\"https:\\\/\\\/www.waterchain.eu\\\/fi\\\/itameren-ongelmat\\\/haitalliset-aineet\\\/#primaryimage\"},\"thumbnailUrl\":\"https:\\\/\\\/www.waterchain.eu\\\/wp-content\\\/uploads\\\/2017\\\/09\\\/baltic-sea-seagulls.jpg\",\"datePublished\":\"2018-06-05T08:46:37+00:00\",\"dateModified\":\"2018-08-23T07:09:08+00:00\",\"description\":\"Haitallisiin aineisiin kuuluu mm. perfluoratut yhdisteet, l\u00e4\u00e4keaineet, muovit, torjunta-aineet ja pesuaineet ja jotkin niist\u00e4 voivat p\u00e4\u00e4ty\u00e4 lautasellemme.\",\"breadcrumb\":{\"@id\":\"https:\\\/\\\/www.waterchain.eu\\\/fi\\\/itameren-ongelmat\\\/haitalliset-aineet\\\/#breadcrumb\"},\"inLanguage\":\"fi\",\"potentialAction\":[{\"@type\":\"ReadAction\",\"target\":[\"https:\\\/\\\/www.waterchain.eu\\\/fi\\\/itameren-ongelmat\\\/haitalliset-aineet\\\/\"]}]},{\"@type\":\"ImageObject\",\"inLanguage\":\"fi\",\"@id\":\"https:\\\/\\\/www.waterchain.eu\\\/fi\\\/itameren-ongelmat\\\/haitalliset-aineet\\\/#primaryimage\",\"url\":\"https:\\\/\\\/www.waterchain.eu\\\/wp-content\\\/uploads\\\/2017\\\/09\\\/baltic-sea-seagulls.jpg\",\"contentUrl\":\"https:\\\/\\\/www.waterchain.eu\\\/wp-content\\\/uploads\\\/2017\\\/09\\\/baltic-sea-seagulls.jpg\",\"width\":1600,\"height\":1200},{\"@type\":\"BreadcrumbList\",\"@id\":\"https:\\\/\\\/www.waterchain.eu\\\/fi\\\/itameren-ongelmat\\\/haitalliset-aineet\\\/#breadcrumb\",\"itemListElement\":[{\"@type\":\"ListItem\",\"position\":1,\"name\":\"Home\",\"item\":\"https:\\\/\\\/www.waterchain.eu\\\/fi\\\/\"},{\"@type\":\"ListItem\",\"position\":2,\"name\":\"It\u00e4meren ongelmat\",\"item\":\"https:\\\/\\\/www.waterchain.eu\\\/fi\\\/itameren-ongelmat\\\/\"},{\"@type\":\"ListItem\",\"position\":3,\"name\":\"Haitalliset aineet\"}]},{\"@type\":\"WebSite\",\"@id\":\"https:\\\/\\\/www.waterchain.eu\\\/#website\",\"url\":\"https:\\\/\\\/www.waterchain.eu\\\/\",\"name\":\"WaterChain\",\"description\":\"Recovering the Baltic Sea\",\"publisher\":{\"@id\":\"https:\\\/\\\/www.waterchain.eu\\\/#organization\"},\"potentialAction\":[{\"@type\":\"SearchAction\",\"target\":{\"@type\":\"EntryPoint\",\"urlTemplate\":\"https:\\\/\\\/www.waterchain.eu\\\/?s={search_term_string}\"},\"query-input\":{\"@type\":\"PropertyValueSpecification\",\"valueRequired\":true,\"valueName\":\"search_term_string\"}}],\"inLanguage\":\"fi\"},{\"@type\":\"Organization\",\"@id\":\"https:\\\/\\\/www.waterchain.eu\\\/#organization\",\"name\":\"WaterChain\",\"url\":\"https:\\\/\\\/www.waterchain.eu\\\/\",\"logo\":{\"@type\":\"ImageObject\",\"inLanguage\":\"fi\",\"@id\":\"https:\\\/\\\/www.waterchain.eu\\\/#\\\/schema\\\/logo\\\/image\\\/\",\"url\":\"https:\\\/\\\/www.waterchain.eu\\\/wp-content\\\/uploads\\\/2017\\\/09\\\/WaterChain-logo.png\",\"contentUrl\":\"https:\\\/\\\/www.waterchain.eu\\\/wp-content\\\/uploads\\\/2017\\\/09\\\/WaterChain-logo.png\",\"width\":343,\"height\":120,\"caption\":\"WaterChain\"},\"image\":{\"@id\":\"https:\\\/\\\/www.waterchain.eu\\\/#\\\/schema\\\/logo\\\/image\\\/\"},\"sameAs\":[\"https:\\\/\\\/www.youtube.com\\\/channel\\\/UCz8GhExcENBWQYVkkpn_y3Q\"]}]}<\/script>\n<!-- \/ Yoast SEO plugin. -->","yoast_head_json":{"title":"Haitalliset aineet - WaterChain","description":"Haitallisiin aineisiin kuuluu mm. perfluoratut yhdisteet, l\u00e4\u00e4keaineet, muovit, torjunta-aineet ja pesuaineet ja jotkin niist\u00e4 voivat p\u00e4\u00e4ty\u00e4 lautasellemme.","robots":{"index":"index","follow":"follow","max-snippet":"max-snippet:-1","max-image-preview":"max-image-preview:large","max-video-preview":"max-video-preview:-1"},"canonical":"https:\/\/www.waterchain.eu\/fi\/itameren-ongelmat\/haitalliset-aineet\/","og_locale":"fi_FI","og_type":"article","og_title":"Haitalliset aineet - WaterChain","og_description":"Haitallisiin aineisiin kuuluu mm. perfluoratut yhdisteet, l\u00e4\u00e4keaineet, muovit, torjunta-aineet ja pesuaineet ja jotkin niist\u00e4 voivat p\u00e4\u00e4ty\u00e4 lautasellemme.","og_url":"https:\/\/www.waterchain.eu\/fi\/itameren-ongelmat\/haitalliset-aineet\/","og_site_name":"WaterChain","article_modified_time":"2018-08-23T07:09:08+00:00","og_image":[{"width":1600,"height":1200,"url":"https:\/\/www.waterchain.eu\/wp-content\/uploads\/2017\/09\/baltic-sea-seagulls.jpg","type":"image\/jpeg"}],"twitter_card":"summary_large_image","twitter_misc":{"Arvioitu lukuaika":"4 minuuttia"},"schema":{"@context":"https:\/\/schema.org","@graph":[{"@type":"WebPage","@id":"https:\/\/www.waterchain.eu\/fi\/itameren-ongelmat\/haitalliset-aineet\/","url":"https:\/\/www.waterchain.eu\/fi\/itameren-ongelmat\/haitalliset-aineet\/","name":"Haitalliset aineet - WaterChain","isPartOf":{"@id":"https:\/\/www.waterchain.eu\/#website"},"primaryImageOfPage":{"@id":"https:\/\/www.waterchain.eu\/fi\/itameren-ongelmat\/haitalliset-aineet\/#primaryimage"},"image":{"@id":"https:\/\/www.waterchain.eu\/fi\/itameren-ongelmat\/haitalliset-aineet\/#primaryimage"},"thumbnailUrl":"https:\/\/www.waterchain.eu\/wp-content\/uploads\/2017\/09\/baltic-sea-seagulls.jpg","datePublished":"2018-06-05T08:46:37+00:00","dateModified":"2018-08-23T07:09:08+00:00","description":"Haitallisiin aineisiin kuuluu mm. perfluoratut yhdisteet, l\u00e4\u00e4keaineet, muovit, torjunta-aineet ja pesuaineet ja jotkin niist\u00e4 voivat p\u00e4\u00e4ty\u00e4 lautasellemme.","breadcrumb":{"@id":"https:\/\/www.waterchain.eu\/fi\/itameren-ongelmat\/haitalliset-aineet\/#breadcrumb"},"inLanguage":"fi","potentialAction":[{"@type":"ReadAction","target":["https:\/\/www.waterchain.eu\/fi\/itameren-ongelmat\/haitalliset-aineet\/"]}]},{"@type":"ImageObject","inLanguage":"fi","@id":"https:\/\/www.waterchain.eu\/fi\/itameren-ongelmat\/haitalliset-aineet\/#primaryimage","url":"https:\/\/www.waterchain.eu\/wp-content\/uploads\/2017\/09\/baltic-sea-seagulls.jpg","contentUrl":"https:\/\/www.waterchain.eu\/wp-content\/uploads\/2017\/09\/baltic-sea-seagulls.jpg","width":1600,"height":1200},{"@type":"BreadcrumbList","@id":"https:\/\/www.waterchain.eu\/fi\/itameren-ongelmat\/haitalliset-aineet\/#breadcrumb","itemListElement":[{"@type":"ListItem","position":1,"name":"Home","item":"https:\/\/www.waterchain.eu\/fi\/"},{"@type":"ListItem","position":2,"name":"It\u00e4meren ongelmat","item":"https:\/\/www.waterchain.eu\/fi\/itameren-ongelmat\/"},{"@type":"ListItem","position":3,"name":"Haitalliset aineet"}]},{"@type":"WebSite","@id":"https:\/\/www.waterchain.eu\/#website","url":"https:\/\/www.waterchain.eu\/","name":"WaterChain","description":"Recovering the Baltic Sea","publisher":{"@id":"https:\/\/www.waterchain.eu\/#organization"},"potentialAction":[{"@type":"SearchAction","target":{"@type":"EntryPoint","urlTemplate":"https:\/\/www.waterchain.eu\/?s={search_term_string}"},"query-input":{"@type":"PropertyValueSpecification","valueRequired":true,"valueName":"search_term_string"}}],"inLanguage":"fi"},{"@type":"Organization","@id":"https:\/\/www.waterchain.eu\/#organization","name":"WaterChain","url":"https:\/\/www.waterchain.eu\/","logo":{"@type":"ImageObject","inLanguage":"fi","@id":"https:\/\/www.waterchain.eu\/#\/schema\/logo\/image\/","url":"https:\/\/www.waterchain.eu\/wp-content\/uploads\/2017\/09\/WaterChain-logo.png","contentUrl":"https:\/\/www.waterchain.eu\/wp-content\/uploads\/2017\/09\/WaterChain-logo.png","width":343,"height":120,"caption":"WaterChain"},"image":{"@id":"https:\/\/www.waterchain.eu\/#\/schema\/logo\/image\/"},"sameAs":["https:\/\/www.youtube.com\/channel\/UCz8GhExcENBWQYVkkpn_y3Q"]}]}},"_links":{"self":[{"href":"https:\/\/www.waterchain.eu\/fi\/wp-json\/wp\/v2\/pages\/1185","targetHints":{"allow":["GET"]}}],"collection":[{"href":"https:\/\/www.waterchain.eu\/fi\/wp-json\/wp\/v2\/pages"}],"about":[{"href":"https:\/\/www.waterchain.eu\/fi\/wp-json\/wp\/v2\/types\/page"}],"author":[{"embeddable":true,"href":"https:\/\/www.waterchain.eu\/fi\/wp-json\/wp\/v2\/users\/1"}],"replies":[{"embeddable":true,"href":"https:\/\/www.waterchain.eu\/fi\/wp-json\/wp\/v2\/comments?post=1185"}],"version-history":[{"count":17,"href":"https:\/\/www.waterchain.eu\/fi\/wp-json\/wp\/v2\/pages\/1185\/revisions"}],"predecessor-version":[{"id":1889,"href":"https:\/\/www.waterchain.eu\/fi\/wp-json\/wp\/v2\/pages\/1185\/revisions\/1889"}],"up":[{"embeddable":true,"href":"https:\/\/www.waterchain.eu\/fi\/wp-json\/wp\/v2\/pages\/1181"}],"wp:featuredmedia":[{"embeddable":true,"href":"https:\/\/www.waterchain.eu\/fi\/wp-json\/wp\/v2\/media\/2173"}],"wp:attachment":[{"href":"https:\/\/www.waterchain.eu\/fi\/wp-json\/wp\/v2\/media?parent=1185"}],"curies":[{"name":"wp","href":"https:\/\/api.w.org\/{rel}","templated":true}]}}