{"id":1191,"date":"2018-06-05T15:41:49","date_gmt":"2018-06-05T12:41:49","guid":{"rendered":"https:\/\/waterchain.eu\/?page_id=1191"},"modified":"2018-08-23T10:22:21","modified_gmt":"2018-08-23T07:22:21","slug":"haitalliset-aineet","status":"publish","type":"page","link":"https:\/\/www.waterchain.eu\/fi\/mita-mina-voin-tehda\/haitalliset-aineet\/","title":{"rendered":"Haitalliset aineet"},"content":{"rendered":"<h2>Suojele itse\u00e4si ja ymp\u00e4rist\u00f6\u00e4si<\/h2>\n<p>Haitallisten aineiden ryhm\u00e4\u00e4n kuuluu kemikaaleja, jotka vaikuttavat ymp\u00e4rist\u00f6\u00f6n ja terveyteen. Monet aineista ovat eritt\u00e4in pysyvi\u00e4, ne hajoavat luonnossa hitaasti ja rikastuvat ravintoketjussa. On helpompaa v\u00e4ltt\u00e4\u00e4 ja v\u00e4hent\u00e4\u00e4 kemikaalikuormaa kuin puhdistaa ymp\u00e4rist\u00f6\u00e4. Alhaalla tarkemmin kuvaillut aineet kuuluvat <a href=\"https:\/\/eur-lex.europa.eu\/legal-content\/EN\/TXT\/?uri=CELEX:32013L0039\" target=\"_blank\" rel=\"noopener\">direktiivi 39\/2013\/EU ymp\u00e4rist\u00f6n\u00adlaatu\u00adnormi\u00adlistaukseen<\/a> ja <a href=\"http:\/\/www.helcom.fi\/baltic-sea-trends\/indicators\/\" target=\"_blank\" rel=\"noopener\">It\u00e4meren suojelun toimintaohjelman prioriteettiaineiin<\/a>.<\/p>\n<hr \/>\n\t<div class=\"gridable gridable--row\" >\n\t\t\t<div class=\"gridable--col col-4\" >\n\t\t<p><img fetchpriority=\"high\" decoding=\"async\" class=\"alignnone size-medium wp-image-683\" src=\"https:\/\/www.waterchain.eu\/wp-content\/uploads\/2018\/06\/Perfluorinated-compounds_Copyright-Emilia-M\u00e4kel\u00e4.png\" alt=\"\" width=\"768\" height=\"481\" \/><\/p>\t<\/div>\n\t<div class=\"gridable--col col-8\" >\n\t\t<h4>Perfluoratut yhdisteet<\/h4>\n<ul>\n<li>K\u00e4yt\u00e4 ruostumatonta ter\u00e4st\u00e4 ja valurautaisia ruoanlaittov\u00e4lineit\u00e4. V\u00e4lt\u00e4 ruoanlaittov\u00e4lineit\u00e4, joissa on tarttumaton pinnoite.<\/li>\n<li>V\u00e4lt\u00e4 pakkauksia, jotka sis\u00e4lt\u00e4v\u00e4t rasvaa hylkivi\u00e4 p\u00e4\u00e4llysteit\u00e4 (esim. mikropopcornpakkaukset ja pizzalaatikot).<\/li>\n<li>Kiinnit\u00e4 huomiota tahroja ja vett\u00e4 hylkiviin materiaaleihin.<\/li>\n<li>Kiinnit\u00e4 huomiota tekstiileihin, joissa on vett\u00e4 ja likaa hylkiv\u00e4 pinnoite.<\/li>\n<li>V\u00e4lt\u00e4 hygieniatuotteita, joiden ainesosaluettelossa mainitaan sanat \u201dfluoro\u201d tai \u201dperfluoro\u201d.<\/li>\n<li><a href=\"https:\/\/www.waterchain.eu\/wp-content\/uploads\/2018\/06\/Waterchain_vaaralliset-aineet_esite_perfluoratut_yhdisteet_20180621.pdf\" target=\"_blank\" rel=\"noopener\">Lue lis\u00e4\u00e4<\/a><\/li>\n<\/ul>\t<\/div>\n\t<\/div>\n\n<p>&nbsp;<\/p>\n<p>&nbsp;<\/p>\n\t<div class=\"gridable gridable--row\" >\n\t\t\t<div class=\"gridable--col col-4\" >\n\t\t<p><img decoding=\"async\" class=\"alignnone wp-image-684 size-medium\" src=\"https:\/\/www.waterchain.eu\/wp-content\/uploads\/2018\/06\/Pharmaceuticals_Copyright-Emilia-M\u00e4kel\u00e4.png\" alt=\"\" width=\"768\" height=\"554\" \/><\/p>\t<\/div>\n\t<div class=\"gridable--col col-8\" >\n\t\t<h4>L\u00e4\u00e4keaineet<\/h4>\n<ul>\n<li>\u00c4l\u00e4 k\u00e4yt\u00e4 <a href=\"http:\/\/www.pytty.fi\/\" target=\"_blank\" rel=\"noopener\">vessanp\u00f6ntt\u00f6\u00e4 roskakorina<\/a>.<\/li>\n<li>Viro, Suomi, Latvia ja Ruotsi \u2013 l\u00e4\u00e4kkeit\u00e4 ker\u00e4t\u00e4\u00e4n ilmaiseksi. Apteekeilla on velvollisuus ottaa vastaan vanhentuneet l\u00e4\u00e4kkeet.<\/li>\n<li>Lis\u00e4tietoa: <a href=\"http:\/\/medsdisposal.eu\/\" target=\"_blank\" rel=\"noopener\">l\u00e4\u00e4kkeiden h\u00e4vitys<\/a><\/li>\n<li><a href=\"https:\/\/www.waterchain.eu\/wp-content\/uploads\/2018\/06\/Waterchain_vaaralliset-aineet_esite_la\u0308a\u0308keaineet_20180621.pdf\" target=\"_blank\" rel=\"noopener\">Lue lis\u00e4\u00e4<\/a><\/li>\n<\/ul>\t<\/div>\n\t<\/div>\n\n<p>&nbsp;<\/p>\n\t<div class=\"gridable gridable--row\" >\n\t\t\t<div class=\"gridable--col col-4\" >\n\t\t<p><img decoding=\"async\" class=\"alignnone wp-image-686 size-medium\" src=\"https:\/\/www.waterchain.eu\/wp-content\/uploads\/2018\/06\/Plastics_Copyright-Emilia-M\u00e4kel\u00e4.png\" alt=\"\" width=\"768\" height=\"568\" \/><\/p>\t<\/div>\n\t<div class=\"gridable--col col-8\" >\n\t\t<h4>Muovit<\/h4>\n<ul>\n<li>V\u00e4henn\u00e4 muovin k\u00e4ytt\u00f6\u00e4 ja v\u00e4lt\u00e4 kokonaan kertak\u00e4ytt\u00f6isi\u00e4 muoveja (pillej\u00e4, kasseja, ilmapalloja).<\/li>\n<li>\u00c4l\u00e4 k\u00e4yt\u00e4 <a href=\"http:\/\/www.pytty.fi\/\" target=\"_blank\" rel=\"noopener\">vessanp\u00f6ntt\u00f6\u00e4 roskakorina<\/a>.<\/li>\n<li>Kierr\u00e4t\u00e4 muovipakkaukset ja -tuotteet.<\/li>\n<li>Ker\u00e4\u00e4 luonnosta l\u00f6yt\u00e4m\u00e4si roskat. Muovit p\u00e4\u00e4tyv\u00e4t mereen j\u00e4te- ja hulevesien mukana.<\/li>\n<li><a href=\"https:\/\/www.waterchain.eu\/wp-content\/uploads\/2018\/06\/Waterchain_vaaralliset-aineet_esite_muovit_20180621.pdf\" target=\"_blank\" rel=\"noopener\">Lue lis\u00e4\u00e4<\/a><\/li>\n<\/ul>\t<\/div>\n\t<\/div>\n\n<p>&nbsp;<\/p>\n\t<div class=\"gridable gridable--row\" >\n\t\t\t<div class=\"gridable--col col-4\" >\n\t\t<p><img loading=\"lazy\" decoding=\"async\" class=\"alignnone wp-image-685 size-medium\" src=\"https:\/\/www.waterchain.eu\/wp-content\/uploads\/2018\/06\/Pesticides_Copyright-Emilia-M\u00e4kel\u00e4.png\" alt=\"\" width=\"768\" height=\"352\" \/><\/p>\t<\/div>\n\t<div class=\"gridable--col col-8\" >\n\t\t<h4>Torjunta-aineet<\/h4>\n<ul>\n<li>Torjunta-aineita k\u00e4ytet\u00e4\u00e4n rikkakasvien, hy\u00f6nteisten, sienitautien ja jyrsij\u00f6iden torjuntaan.<\/li>\n<li>Seuraa tarkasti k\u00e4ytt\u00f6ohjeita, mik\u00e4li k\u00e4yt\u00e4t torjunta-aineita maanviljelyss\u00e4 tai kotipuutarhassa.<\/li>\n<li>Suosi mekaanista ja biologista torjuntaa puutarhassa sek\u00e4 luomuviljely\u00e4.<\/li>\n<li>Sy\u00f6 luomuruokaa \u2013 torjunta-aineiden k\u00e4ytt\u00f6 on tarkasti kontrolloitua luomuviljelyss\u00e4.<\/li>\n<li>Kuori hedelm\u00e4t ja vihannekset, jotka eiv\u00e4t ole luomua. Kuorien mukana poistuu my\u00f6s suurin osa torjunta-aineista.<\/li>\n<li><a href=\"https:\/\/www.waterchain.eu\/wp-content\/uploads\/2018\/06\/Waterchain_vaaralliset-aineet_esite_torjunta-aineet_20180516.pdf\" target=\"_blank\" rel=\"noopener\">Lue lis\u00e4\u00e4<\/a><\/li>\n<\/ul>\t<\/div>\n\t<\/div>\n\n<p>&nbsp;<\/p>\n<hr \/>\n<h3>Ladattavia materiaaleja<\/h3>\n<ul>\n<li><a href=\"https:\/\/www.waterchain.eu\/wp-content\/uploads\/2018\/06\/Waterchain_vaaralliset-aineet_esite_perfluoratut_yhdisteet_20180621.pdf\">Perfluoratut yhdisteet<\/a><\/li>\n<li><a href=\"https:\/\/www.waterchain.eu\/wp-content\/uploads\/2018\/06\/Waterchain_vaaralliset-aineet_esite_la\u0308a\u0308keaineet_20180621.pdf\">L\u00e4\u00e4keaineet<\/a><\/li>\n<li><a href=\"https:\/\/www.waterchain.eu\/wp-content\/uploads\/2018\/06\/Waterchain_vaaralliset-aineet_esite_muovit_20180621.pdf\">Muovit<\/a><\/li>\n<li><a href=\"https:\/\/www.waterchain.eu\/wp-content\/uploads\/2018\/06\/Waterchain_vaaralliset-aineet_esite_torjunta-aineet_20180516.pdf\">Torjunta-aineet<\/a><\/li>\n<\/ul>\n","protected":false},"excerpt":{"rendered":"<p>Suojele itse\u00e4si ja ymp\u00e4rist\u00f6\u00e4si Haitallisten aineiden ryhm\u00e4\u00e4n kuuluu kemikaaleja, jotka vaikuttavat ymp\u00e4rist\u00f6\u00f6n ja terveyteen. Monet aineista ovat eritt\u00e4in pysyvi\u00e4, ne hajoavat luonnossa hitaasti ja rikastuvat ravintoketjussa. On helpompaa v\u00e4ltt\u00e4\u00e4 ja v\u00e4hent\u00e4\u00e4 kemikaalikuormaa kuin puhdistaa ymp\u00e4rist\u00f6\u00e4. Alhaalla tarkemmin kuvaillut aineet kuuluvat direktiivi 39\/2013\/EU ymp\u00e4rist\u00f6n\u00adlaatu\u00adnormi\u00adlistaukseen ja It\u00e4meren suojelun toimintaohjelman prioriteettiaineiin. &nbsp; &nbsp; &nbsp; &nbsp; &nbsp; Ladattavia materiaaleja &#8230; <a title=\"Haitalliset aineet\" class=\"read-more\" href=\"https:\/\/www.waterchain.eu\/fi\/mita-mina-voin-tehda\/haitalliset-aineet\/\" aria-label=\"Lue lis\u00e4\u00e4 aiheesta Haitalliset aineet\">Lue lis\u00e4\u00e4<\/a><\/p>\n","protected":false},"author":1,"featured_media":2113,"parent":1187,"menu_order":41,"comment_status":"closed","ping_status":"closed","template":"","meta":{"_exactmetrics_skip_tracking":false,"_exactmetrics_sitenote_active":false,"_exactmetrics_sitenote_note":"","_exactmetrics_sitenote_category":0,"generate_page_header":"","footnotes":""},"class_list":["post-1191","page","type-page","status-publish","has-post-thumbnail"],"yoast_head":"<!-- This site is optimized with the Yoast SEO plugin v27.3 - https:\/\/yoast.com\/product\/yoast-seo-wordpress\/ -->\n<title>Haitalliset aineet - WaterChain<\/title>\n<meta name=\"description\" content=\"Haitalliset aineet vaikuttavat ymp\u00e4rist\u00f6\u00f6n ja terveyteen. Monet niist\u00e4 ovat eritt\u00e4in pysyvi\u00e4, ne hajoavat luonnossa hitaasti ja rikastuvat ravintoketjussa.\" \/>\n<meta name=\"robots\" content=\"index, follow, max-snippet:-1, max-image-preview:large, max-video-preview:-1\" \/>\n<link rel=\"canonical\" href=\"https:\/\/www.waterchain.eu\/fi\/mita-mina-voin-tehda\/haitalliset-aineet\/\" \/>\n<meta property=\"og:locale\" content=\"fi_FI\" \/>\n<meta property=\"og:type\" content=\"article\" \/>\n<meta property=\"og:title\" content=\"Haitalliset aineet - WaterChain\" \/>\n<meta property=\"og:description\" content=\"Haitalliset aineet vaikuttavat ymp\u00e4rist\u00f6\u00f6n ja terveyteen. Monet niist\u00e4 ovat eritt\u00e4in pysyvi\u00e4, ne hajoavat luonnossa hitaasti ja rikastuvat ravintoketjussa.\" \/>\n<meta property=\"og:url\" content=\"https:\/\/www.waterchain.eu\/fi\/mita-mina-voin-tehda\/haitalliset-aineet\/\" \/>\n<meta property=\"og:site_name\" content=\"WaterChain\" \/>\n<meta property=\"article:modified_time\" content=\"2018-08-23T07:22:21+00:00\" \/>\n<meta property=\"og:image\" content=\"https:\/\/www.waterchain.eu\/wp-content\/uploads\/2018\/04\/title-waves-01.jpg\" \/>\n\t<meta property=\"og:image:width\" content=\"1600\" \/>\n\t<meta property=\"og:image:height\" content=\"1000\" \/>\n\t<meta property=\"og:image:type\" content=\"image\/jpeg\" \/>\n<meta name=\"twitter:card\" content=\"summary_large_image\" \/>\n<meta name=\"twitter:label1\" content=\"Arvioitu lukuaika\" \/>\n\t<meta name=\"twitter:data1\" content=\"2 minuuttia\" \/>\n<script type=\"application\/ld+json\" class=\"yoast-schema-graph\">{\"@context\":\"https:\\\/\\\/schema.org\",\"@graph\":[{\"@type\":\"WebPage\",\"@id\":\"https:\\\/\\\/www.waterchain.eu\\\/fi\\\/mita-mina-voin-tehda\\\/haitalliset-aineet\\\/\",\"url\":\"https:\\\/\\\/www.waterchain.eu\\\/fi\\\/mita-mina-voin-tehda\\\/haitalliset-aineet\\\/\",\"name\":\"Haitalliset aineet - WaterChain\",\"isPartOf\":{\"@id\":\"https:\\\/\\\/www.waterchain.eu\\\/#website\"},\"primaryImageOfPage\":{\"@id\":\"https:\\\/\\\/www.waterchain.eu\\\/fi\\\/mita-mina-voin-tehda\\\/haitalliset-aineet\\\/#primaryimage\"},\"image\":{\"@id\":\"https:\\\/\\\/www.waterchain.eu\\\/fi\\\/mita-mina-voin-tehda\\\/haitalliset-aineet\\\/#primaryimage\"},\"thumbnailUrl\":\"https:\\\/\\\/www.waterchain.eu\\\/wp-content\\\/uploads\\\/2018\\\/04\\\/title-waves-01.jpg\",\"datePublished\":\"2018-06-05T12:41:49+00:00\",\"dateModified\":\"2018-08-23T07:22:21+00:00\",\"description\":\"Haitalliset aineet vaikuttavat ymp\u00e4rist\u00f6\u00f6n ja terveyteen. Monet niist\u00e4 ovat eritt\u00e4in pysyvi\u00e4, ne hajoavat luonnossa hitaasti ja rikastuvat ravintoketjussa.\",\"breadcrumb\":{\"@id\":\"https:\\\/\\\/www.waterchain.eu\\\/fi\\\/mita-mina-voin-tehda\\\/haitalliset-aineet\\\/#breadcrumb\"},\"inLanguage\":\"fi\",\"potentialAction\":[{\"@type\":\"ReadAction\",\"target\":[\"https:\\\/\\\/www.waterchain.eu\\\/fi\\\/mita-mina-voin-tehda\\\/haitalliset-aineet\\\/\"]}]},{\"@type\":\"ImageObject\",\"inLanguage\":\"fi\",\"@id\":\"https:\\\/\\\/www.waterchain.eu\\\/fi\\\/mita-mina-voin-tehda\\\/haitalliset-aineet\\\/#primaryimage\",\"url\":\"https:\\\/\\\/www.waterchain.eu\\\/wp-content\\\/uploads\\\/2018\\\/04\\\/title-waves-01.jpg\",\"contentUrl\":\"https:\\\/\\\/www.waterchain.eu\\\/wp-content\\\/uploads\\\/2018\\\/04\\\/title-waves-01.jpg\",\"width\":1600,\"height\":1000},{\"@type\":\"BreadcrumbList\",\"@id\":\"https:\\\/\\\/www.waterchain.eu\\\/fi\\\/mita-mina-voin-tehda\\\/haitalliset-aineet\\\/#breadcrumb\",\"itemListElement\":[{\"@type\":\"ListItem\",\"position\":1,\"name\":\"Home\",\"item\":\"https:\\\/\\\/www.waterchain.eu\\\/fi\\\/\"},{\"@type\":\"ListItem\",\"position\":2,\"name\":\"Mit\u00e4 min\u00e4 voin tehd\u00e4?\",\"item\":\"https:\\\/\\\/www.waterchain.eu\\\/fi\\\/mita-mina-voin-tehda\\\/\"},{\"@type\":\"ListItem\",\"position\":3,\"name\":\"Haitalliset aineet\"}]},{\"@type\":\"WebSite\",\"@id\":\"https:\\\/\\\/www.waterchain.eu\\\/#website\",\"url\":\"https:\\\/\\\/www.waterchain.eu\\\/\",\"name\":\"WaterChain\",\"description\":\"Recovering the Baltic Sea\",\"publisher\":{\"@id\":\"https:\\\/\\\/www.waterchain.eu\\\/#organization\"},\"potentialAction\":[{\"@type\":\"SearchAction\",\"target\":{\"@type\":\"EntryPoint\",\"urlTemplate\":\"https:\\\/\\\/www.waterchain.eu\\\/?s={search_term_string}\"},\"query-input\":{\"@type\":\"PropertyValueSpecification\",\"valueRequired\":true,\"valueName\":\"search_term_string\"}}],\"inLanguage\":\"fi\"},{\"@type\":\"Organization\",\"@id\":\"https:\\\/\\\/www.waterchain.eu\\\/#organization\",\"name\":\"WaterChain\",\"url\":\"https:\\\/\\\/www.waterchain.eu\\\/\",\"logo\":{\"@type\":\"ImageObject\",\"inLanguage\":\"fi\",\"@id\":\"https:\\\/\\\/www.waterchain.eu\\\/#\\\/schema\\\/logo\\\/image\\\/\",\"url\":\"https:\\\/\\\/www.waterchain.eu\\\/wp-content\\\/uploads\\\/2017\\\/09\\\/WaterChain-logo.png\",\"contentUrl\":\"https:\\\/\\\/www.waterchain.eu\\\/wp-content\\\/uploads\\\/2017\\\/09\\\/WaterChain-logo.png\",\"width\":343,\"height\":120,\"caption\":\"WaterChain\"},\"image\":{\"@id\":\"https:\\\/\\\/www.waterchain.eu\\\/#\\\/schema\\\/logo\\\/image\\\/\"},\"sameAs\":[\"https:\\\/\\\/www.youtube.com\\\/channel\\\/UCz8GhExcENBWQYVkkpn_y3Q\"]}]}<\/script>\n<!-- \/ Yoast SEO plugin. -->","yoast_head_json":{"title":"Haitalliset aineet - WaterChain","description":"Haitalliset aineet vaikuttavat ymp\u00e4rist\u00f6\u00f6n ja terveyteen. Monet niist\u00e4 ovat eritt\u00e4in pysyvi\u00e4, ne hajoavat luonnossa hitaasti ja rikastuvat ravintoketjussa.","robots":{"index":"index","follow":"follow","max-snippet":"max-snippet:-1","max-image-preview":"max-image-preview:large","max-video-preview":"max-video-preview:-1"},"canonical":"https:\/\/www.waterchain.eu\/fi\/mita-mina-voin-tehda\/haitalliset-aineet\/","og_locale":"fi_FI","og_type":"article","og_title":"Haitalliset aineet - WaterChain","og_description":"Haitalliset aineet vaikuttavat ymp\u00e4rist\u00f6\u00f6n ja terveyteen. Monet niist\u00e4 ovat eritt\u00e4in pysyvi\u00e4, ne hajoavat luonnossa hitaasti ja rikastuvat ravintoketjussa.","og_url":"https:\/\/www.waterchain.eu\/fi\/mita-mina-voin-tehda\/haitalliset-aineet\/","og_site_name":"WaterChain","article_modified_time":"2018-08-23T07:22:21+00:00","og_image":[{"width":1600,"height":1000,"url":"https:\/\/www.waterchain.eu\/wp-content\/uploads\/2018\/04\/title-waves-01.jpg","type":"image\/jpeg"}],"twitter_card":"summary_large_image","twitter_misc":{"Arvioitu lukuaika":"2 minuuttia"},"schema":{"@context":"https:\/\/schema.org","@graph":[{"@type":"WebPage","@id":"https:\/\/www.waterchain.eu\/fi\/mita-mina-voin-tehda\/haitalliset-aineet\/","url":"https:\/\/www.waterchain.eu\/fi\/mita-mina-voin-tehda\/haitalliset-aineet\/","name":"Haitalliset aineet - WaterChain","isPartOf":{"@id":"https:\/\/www.waterchain.eu\/#website"},"primaryImageOfPage":{"@id":"https:\/\/www.waterchain.eu\/fi\/mita-mina-voin-tehda\/haitalliset-aineet\/#primaryimage"},"image":{"@id":"https:\/\/www.waterchain.eu\/fi\/mita-mina-voin-tehda\/haitalliset-aineet\/#primaryimage"},"thumbnailUrl":"https:\/\/www.waterchain.eu\/wp-content\/uploads\/2018\/04\/title-waves-01.jpg","datePublished":"2018-06-05T12:41:49+00:00","dateModified":"2018-08-23T07:22:21+00:00","description":"Haitalliset aineet vaikuttavat ymp\u00e4rist\u00f6\u00f6n ja terveyteen. Monet niist\u00e4 ovat eritt\u00e4in pysyvi\u00e4, ne hajoavat luonnossa hitaasti ja rikastuvat ravintoketjussa.","breadcrumb":{"@id":"https:\/\/www.waterchain.eu\/fi\/mita-mina-voin-tehda\/haitalliset-aineet\/#breadcrumb"},"inLanguage":"fi","potentialAction":[{"@type":"ReadAction","target":["https:\/\/www.waterchain.eu\/fi\/mita-mina-voin-tehda\/haitalliset-aineet\/"]}]},{"@type":"ImageObject","inLanguage":"fi","@id":"https:\/\/www.waterchain.eu\/fi\/mita-mina-voin-tehda\/haitalliset-aineet\/#primaryimage","url":"https:\/\/www.waterchain.eu\/wp-content\/uploads\/2018\/04\/title-waves-01.jpg","contentUrl":"https:\/\/www.waterchain.eu\/wp-content\/uploads\/2018\/04\/title-waves-01.jpg","width":1600,"height":1000},{"@type":"BreadcrumbList","@id":"https:\/\/www.waterchain.eu\/fi\/mita-mina-voin-tehda\/haitalliset-aineet\/#breadcrumb","itemListElement":[{"@type":"ListItem","position":1,"name":"Home","item":"https:\/\/www.waterchain.eu\/fi\/"},{"@type":"ListItem","position":2,"name":"Mit\u00e4 min\u00e4 voin tehd\u00e4?","item":"https:\/\/www.waterchain.eu\/fi\/mita-mina-voin-tehda\/"},{"@type":"ListItem","position":3,"name":"Haitalliset aineet"}]},{"@type":"WebSite","@id":"https:\/\/www.waterchain.eu\/#website","url":"https:\/\/www.waterchain.eu\/","name":"WaterChain","description":"Recovering the Baltic Sea","publisher":{"@id":"https:\/\/www.waterchain.eu\/#organization"},"potentialAction":[{"@type":"SearchAction","target":{"@type":"EntryPoint","urlTemplate":"https:\/\/www.waterchain.eu\/?s={search_term_string}"},"query-input":{"@type":"PropertyValueSpecification","valueRequired":true,"valueName":"search_term_string"}}],"inLanguage":"fi"},{"@type":"Organization","@id":"https:\/\/www.waterchain.eu\/#organization","name":"WaterChain","url":"https:\/\/www.waterchain.eu\/","logo":{"@type":"ImageObject","inLanguage":"fi","@id":"https:\/\/www.waterchain.eu\/#\/schema\/logo\/image\/","url":"https:\/\/www.waterchain.eu\/wp-content\/uploads\/2017\/09\/WaterChain-logo.png","contentUrl":"https:\/\/www.waterchain.eu\/wp-content\/uploads\/2017\/09\/WaterChain-logo.png","width":343,"height":120,"caption":"WaterChain"},"image":{"@id":"https:\/\/www.waterchain.eu\/#\/schema\/logo\/image\/"},"sameAs":["https:\/\/www.youtube.com\/channel\/UCz8GhExcENBWQYVkkpn_y3Q"]}]}},"_links":{"self":[{"href":"https:\/\/www.waterchain.eu\/fi\/wp-json\/wp\/v2\/pages\/1191","targetHints":{"allow":["GET"]}}],"collection":[{"href":"https:\/\/www.waterchain.eu\/fi\/wp-json\/wp\/v2\/pages"}],"about":[{"href":"https:\/\/www.waterchain.eu\/fi\/wp-json\/wp\/v2\/types\/page"}],"author":[{"embeddable":true,"href":"https:\/\/www.waterchain.eu\/fi\/wp-json\/wp\/v2\/users\/1"}],"replies":[{"embeddable":true,"href":"https:\/\/www.waterchain.eu\/fi\/wp-json\/wp\/v2\/comments?post=1191"}],"version-history":[{"count":17,"href":"https:\/\/www.waterchain.eu\/fi\/wp-json\/wp\/v2\/pages\/1191\/revisions"}],"predecessor-version":[{"id":1535,"href":"https:\/\/www.waterchain.eu\/fi\/wp-json\/wp\/v2\/pages\/1191\/revisions\/1535"}],"up":[{"embeddable":true,"href":"https:\/\/www.waterchain.eu\/fi\/wp-json\/wp\/v2\/pages\/1187"}],"wp:featuredmedia":[{"embeddable":true,"href":"https:\/\/www.waterchain.eu\/fi\/wp-json\/wp\/v2\/media\/2113"}],"wp:attachment":[{"href":"https:\/\/www.waterchain.eu\/fi\/wp-json\/wp\/v2\/media?parent=1191"}],"curies":[{"name":"wp","href":"https:\/\/api.w.org\/{rel}","templated":true}]}}