{"id":1196,"date":"2018-06-05T16:00:49","date_gmt":"2018-06-05T13:00:49","guid":{"rendered":"https:\/\/waterchain.eu\/?page_id=1196"},"modified":"2018-08-28T10:53:31","modified_gmt":"2018-08-28T07:53:31","slug":"lupaukseni-itamerelle","status":"publish","type":"page","link":"https:\/\/www.waterchain.eu\/fi\/mita-mina-voin-tehda\/lupaukseni-itamerelle\/","title":{"rendered":"Lupaukseni It\u00e4merelle"},"content":{"rendered":"<h5>Paras tapa auttaa It\u00e4merta on est\u00e4\u00e4 ravinteiden ja haitallisten aineiden p\u00e4\u00e4tyminen It\u00e4mereen.<\/h5>\n<p>Jokaisella teolla on merkityst\u00e4, oli se miten pieni tahansa. Mik\u00e4 on sinun lupauksesi It\u00e4merelle?<\/p>\n<p>Tai ehk\u00e4 voisit kokeilla WaterChain-hankkeessa pilotoituja parhaita k\u00e4yt\u00e4nt\u00f6j\u00e4 <a href=\"https:\/\/www.waterchain.eu\/fi\/parhaat-kaytannot\/tietoisuuden-lisaaminen\/\">tietoisuuden lis\u00e4\u00e4miseen<\/a>.<\/p>\n<h4>Muutamia esimerkkej\u00e4 lupauksista:<\/h4>\n<div id='gallery-1' class='gallery galleryid-1196 gallery-columns-3 gallery-size-medium'><figure class='gallery-item'>\n\t\t\t<div class='gallery-icon portrait'>\n\t\t\t\t<a href='https:\/\/www.waterchain.eu\/wp-content\/uploads\/2018\/04\/1_RTBS_promise_food_logot.jpg'><img fetchpriority=\"high\" decoding=\"async\" width=\"580\" height=\"768\" src=\"https:\/\/www.waterchain.eu\/wp-content\/uploads\/2018\/04\/1_RTBS_promise_food_logot-580x768.jpg\" class=\"attachment-medium size-medium\" alt=\"\" srcset=\"https:\/\/www.waterchain.eu\/wp-content\/uploads\/2018\/04\/1_RTBS_promise_food_logot-580x768.jpg 580w, https:\/\/www.waterchain.eu\/wp-content\/uploads\/2018\/04\/1_RTBS_promise_food_logot-768x1018.jpg 768w, https:\/\/www.waterchain.eu\/wp-content\/uploads\/2018\/04\/1_RTBS_promise_food_logot.jpg 920w\" sizes=\"(max-width: 580px) 100vw, 580px\" \/><\/a>\n\t\t\t<\/div><\/figure><figure class='gallery-item'>\n\t\t\t<div class='gallery-icon portrait'>\n\t\t\t\t<a href='https:\/\/www.waterchain.eu\/wp-content\/uploads\/2018\/04\/2_RTBS_promise_consuming.jpg'><img decoding=\"async\" width=\"580\" height=\"768\" src=\"https:\/\/www.waterchain.eu\/wp-content\/uploads\/2018\/04\/2_RTBS_promise_consuming-580x768.jpg\" class=\"attachment-medium size-medium\" alt=\"\" srcset=\"https:\/\/www.waterchain.eu\/wp-content\/uploads\/2018\/04\/2_RTBS_promise_consuming-580x768.jpg 580w, https:\/\/www.waterchain.eu\/wp-content\/uploads\/2018\/04\/2_RTBS_promise_consuming-768x1018.jpg 768w, https:\/\/www.waterchain.eu\/wp-content\/uploads\/2018\/04\/2_RTBS_promise_consuming.jpg 920w\" sizes=\"(max-width: 580px) 100vw, 580px\" \/><\/a>\n\t\t\t<\/div><\/figure><figure class='gallery-item'>\n\t\t\t<div class='gallery-icon portrait'>\n\t\t\t\t<a href='https:\/\/www.waterchain.eu\/wp-content\/uploads\/2018\/04\/3_RTBS_promise_energy.jpg'><img decoding=\"async\" width=\"580\" height=\"768\" src=\"https:\/\/www.waterchain.eu\/wp-content\/uploads\/2018\/04\/3_RTBS_promise_energy-580x768.jpg\" class=\"attachment-medium size-medium\" alt=\"\" srcset=\"https:\/\/www.waterchain.eu\/wp-content\/uploads\/2018\/04\/3_RTBS_promise_energy-580x768.jpg 580w, https:\/\/www.waterchain.eu\/wp-content\/uploads\/2018\/04\/3_RTBS_promise_energy-768x1018.jpg 768w, https:\/\/www.waterchain.eu\/wp-content\/uploads\/2018\/04\/3_RTBS_promise_energy.jpg 920w\" sizes=\"(max-width: 580px) 100vw, 580px\" \/><\/a>\n\t\t\t<\/div><\/figure><figure class='gallery-item'>\n\t\t\t<div class='gallery-icon portrait'>\n\t\t\t\t<a href='https:\/\/www.waterchain.eu\/wp-content\/uploads\/2018\/04\/6_RTBS_promise_impact.jpg'><img loading=\"lazy\" decoding=\"async\" width=\"580\" height=\"768\" src=\"https:\/\/www.waterchain.eu\/wp-content\/uploads\/2018\/04\/6_RTBS_promise_impact-580x768.jpg\" class=\"attachment-medium size-medium\" alt=\"\" srcset=\"https:\/\/www.waterchain.eu\/wp-content\/uploads\/2018\/04\/6_RTBS_promise_impact-580x768.jpg 580w, https:\/\/www.waterchain.eu\/wp-content\/uploads\/2018\/04\/6_RTBS_promise_impact-768x1018.jpg 768w, https:\/\/www.waterchain.eu\/wp-content\/uploads\/2018\/04\/6_RTBS_promise_impact.jpg 920w\" sizes=\"(max-width: 580px) 100vw, 580px\" \/><\/a>\n\t\t\t<\/div><\/figure><figure class='gallery-item'>\n\t\t\t<div class='gallery-icon portrait'>\n\t\t\t\t<a href='https:\/\/www.waterchain.eu\/wp-content\/uploads\/2018\/04\/4_RTBS_promise_travel_logot.jpg'><img loading=\"lazy\" decoding=\"async\" width=\"580\" height=\"768\" src=\"https:\/\/www.waterchain.eu\/wp-content\/uploads\/2018\/04\/4_RTBS_promise_travel_logot-580x768.jpg\" class=\"attachment-medium size-medium\" alt=\"\" srcset=\"https:\/\/www.waterchain.eu\/wp-content\/uploads\/2018\/04\/4_RTBS_promise_travel_logot-580x768.jpg 580w, https:\/\/www.waterchain.eu\/wp-content\/uploads\/2018\/04\/4_RTBS_promise_travel_logot-768x1018.jpg 768w, https:\/\/www.waterchain.eu\/wp-content\/uploads\/2018\/04\/4_RTBS_promise_travel_logot.jpg 920w\" sizes=\"(max-width: 580px) 100vw, 580px\" \/><\/a>\n\t\t\t<\/div><\/figure><figure class='gallery-item'>\n\t\t\t<div class='gallery-icon portrait'>\n\t\t\t\t<a href='https:\/\/www.waterchain.eu\/wp-content\/uploads\/2018\/04\/5_RTBS_promise_boating.jpg'><img loading=\"lazy\" decoding=\"async\" width=\"580\" height=\"768\" src=\"https:\/\/www.waterchain.eu\/wp-content\/uploads\/2018\/04\/5_RTBS_promise_boating-580x768.jpg\" class=\"attachment-medium size-medium\" alt=\"\" srcset=\"https:\/\/www.waterchain.eu\/wp-content\/uploads\/2018\/04\/5_RTBS_promise_boating-580x768.jpg 580w, https:\/\/www.waterchain.eu\/wp-content\/uploads\/2018\/04\/5_RTBS_promise_boating-768x1018.jpg 768w, https:\/\/www.waterchain.eu\/wp-content\/uploads\/2018\/04\/5_RTBS_promise_boating.jpg 920w\" sizes=\"(max-width: 580px) 100vw, 580px\" \/><\/a>\n\t\t\t<\/div><\/figure>\n\t\t<\/div>\n\n<ul>\n<li>\n<h5>\u00c4l\u00e4 tuota ruokaj\u00e4tett\u00e4.<\/h5>\n<\/li>\n<li>\n<h5>Sy\u00f6 v\u00e4hemm\u00e4n lihaa. Sy\u00f6 enemm\u00e4n vihanneksia ja kalaa.<\/h5>\n<\/li>\n<li>\n<h5>V\u00e4henn\u00e4, k\u00e4yt\u00e4 uudelleen, korjaa ja kierr\u00e4t\u00e4.<\/h5>\n<\/li>\n<li>\n<h5>Kerro muille, mit\u00e4 aiot tehd\u00e4 It\u00e4meren hyv\u00e4ksi.<\/h5>\n<\/li>\n<li>\n<h5>Py\u00f6r\u00e4ile, k\u00e4vele ja k\u00e4yt\u00e4 joukkoliikennett\u00e4.<\/h5>\n<\/li>\n<\/ul>\n<h4>Katso mit\u00e4 lupauksia projektin kanssa ty\u00f6skennelleet ovat antaneet!<\/h4>\n<p><iframe src=\"https:\/\/www.youtube.com\/embed\/U7NogjZfNn8?rel=0\" width=\"560\" height=\"315\" frameborder=\"0\" allowfullscreen=\"allowfullscreen\"><\/iframe><\/p>\n<h4>Tutustu Rock the Baltic Sea -kampanjaan <a href=\"https:\/\/www.waterchain.eu\/fi\/campaign\/rock-the-baltic-sea\/\">t\u00e4\u00e4ll\u00e4 ja l\u00e4hde mukaan! <\/a><\/h4>\n<p>Rock the Baltic Sea -kampanja tuo yhteen muusikot, festivaalit ja musiikinharrastajat.<\/p>\n","protected":false},"excerpt":{"rendered":"<p>Paras tapa auttaa It\u00e4merta on est\u00e4\u00e4 ravinteiden ja haitallisten aineiden p\u00e4\u00e4tyminen It\u00e4mereen. Jokaisella teolla on merkityst\u00e4, oli se miten pieni tahansa. Mik\u00e4 on sinun lupauksesi It\u00e4merelle? Tai ehk\u00e4 voisit kokeilla WaterChain-hankkeessa pilotoituja parhaita k\u00e4yt\u00e4nt\u00f6j\u00e4 tietoisuuden lis\u00e4\u00e4miseen. Muutamia esimerkkej\u00e4 lupauksista: \u00c4l\u00e4 tuota ruokaj\u00e4tett\u00e4. Sy\u00f6 v\u00e4hemm\u00e4n lihaa. Sy\u00f6 enemm\u00e4n vihanneksia ja kalaa. V\u00e4henn\u00e4, k\u00e4yt\u00e4 uudelleen, korjaa ja &#8230; <a title=\"Lupaukseni It\u00e4merelle\" class=\"read-more\" href=\"https:\/\/www.waterchain.eu\/fi\/mita-mina-voin-tehda\/lupaukseni-itamerelle\/\" aria-label=\"Lue lis\u00e4\u00e4 aiheesta Lupaukseni It\u00e4merelle\">Lue lis\u00e4\u00e4<\/a><\/p>\n","protected":false},"author":1,"featured_media":0,"parent":1187,"menu_order":57,"comment_status":"closed","ping_status":"closed","template":"","meta":{"_exactmetrics_skip_tracking":false,"_exactmetrics_sitenote_active":false,"_exactmetrics_sitenote_note":"","_exactmetrics_sitenote_category":0,"generate_page_header":"","footnotes":""},"class_list":["post-1196","page","type-page","status-publish"],"yoast_head":"<!-- This site is optimized with the Yoast SEO plugin v27.3 - https:\/\/yoast.com\/product\/yoast-seo-wordpress\/ -->\n<title>Lupaukseni It\u00e4merelle - WaterChain<\/title>\n<meta name=\"description\" content=\"Paras tapa auttaa It\u00e4merta on est\u00e4\u00e4 ravinteiden ja haitallisten aineiden p\u00e4\u00e4tyminen It\u00e4mereen. Jokaisella teolla on merkityst\u00e4, oli se miten pieni tahansa.\" \/>\n<meta name=\"robots\" content=\"index, follow, max-snippet:-1, max-image-preview:large, max-video-preview:-1\" \/>\n<link rel=\"canonical\" href=\"https:\/\/www.waterchain.eu\/fi\/mita-mina-voin-tehda\/lupaukseni-itamerelle\/\" \/>\n<meta property=\"og:locale\" content=\"fi_FI\" \/>\n<meta property=\"og:type\" content=\"article\" \/>\n<meta property=\"og:title\" content=\"Lupaukseni It\u00e4merelle - WaterChain\" \/>\n<meta property=\"og:description\" content=\"Paras tapa auttaa It\u00e4merta on est\u00e4\u00e4 ravinteiden ja haitallisten aineiden p\u00e4\u00e4tyminen It\u00e4mereen. Jokaisella teolla on merkityst\u00e4, oli se miten pieni tahansa.\" \/>\n<meta property=\"og:url\" content=\"https:\/\/www.waterchain.eu\/fi\/mita-mina-voin-tehda\/lupaukseni-itamerelle\/\" \/>\n<meta property=\"og:site_name\" content=\"WaterChain\" \/>\n<meta property=\"article:modified_time\" content=\"2018-08-28T07:53:31+00:00\" \/>\n<meta property=\"og:image\" content=\"https:\/\/www.waterchain.eu\/wp-content\/uploads\/2018\/04\/1_RTBS_promise_food_logot-580x768.jpg\" \/>\n<meta name=\"twitter:card\" content=\"summary_large_image\" \/>\n<meta name=\"twitter:label1\" content=\"Arvioitu lukuaika\" \/>\n\t<meta name=\"twitter:data1\" content=\"1 minuutti\" \/>\n<script type=\"application\/ld+json\" class=\"yoast-schema-graph\">{\"@context\":\"https:\\\/\\\/schema.org\",\"@graph\":[{\"@type\":\"WebPage\",\"@id\":\"https:\\\/\\\/www.waterchain.eu\\\/fi\\\/mita-mina-voin-tehda\\\/lupaukseni-itamerelle\\\/\",\"url\":\"https:\\\/\\\/www.waterchain.eu\\\/fi\\\/mita-mina-voin-tehda\\\/lupaukseni-itamerelle\\\/\",\"name\":\"Lupaukseni It\u00e4merelle - WaterChain\",\"isPartOf\":{\"@id\":\"https:\\\/\\\/www.waterchain.eu\\\/#website\"},\"datePublished\":\"2018-06-05T13:00:49+00:00\",\"dateModified\":\"2018-08-28T07:53:31+00:00\",\"description\":\"Paras tapa auttaa It\u00e4merta on est\u00e4\u00e4 ravinteiden ja haitallisten aineiden p\u00e4\u00e4tyminen It\u00e4mereen. Jokaisella teolla on merkityst\u00e4, oli se miten pieni tahansa.\",\"breadcrumb\":{\"@id\":\"https:\\\/\\\/www.waterchain.eu\\\/fi\\\/mita-mina-voin-tehda\\\/lupaukseni-itamerelle\\\/#breadcrumb\"},\"inLanguage\":\"fi\",\"potentialAction\":[{\"@type\":\"ReadAction\",\"target\":[\"https:\\\/\\\/www.waterchain.eu\\\/fi\\\/mita-mina-voin-tehda\\\/lupaukseni-itamerelle\\\/\"]}]},{\"@type\":\"BreadcrumbList\",\"@id\":\"https:\\\/\\\/www.waterchain.eu\\\/fi\\\/mita-mina-voin-tehda\\\/lupaukseni-itamerelle\\\/#breadcrumb\",\"itemListElement\":[{\"@type\":\"ListItem\",\"position\":1,\"name\":\"Home\",\"item\":\"https:\\\/\\\/www.waterchain.eu\\\/fi\\\/\"},{\"@type\":\"ListItem\",\"position\":2,\"name\":\"Mit\u00e4 min\u00e4 voin tehd\u00e4?\",\"item\":\"https:\\\/\\\/www.waterchain.eu\\\/fi\\\/mita-mina-voin-tehda\\\/\"},{\"@type\":\"ListItem\",\"position\":3,\"name\":\"Lupaukseni It\u00e4merelle\"}]},{\"@type\":\"WebSite\",\"@id\":\"https:\\\/\\\/www.waterchain.eu\\\/#website\",\"url\":\"https:\\\/\\\/www.waterchain.eu\\\/\",\"name\":\"WaterChain\",\"description\":\"Recovering the Baltic Sea\",\"publisher\":{\"@id\":\"https:\\\/\\\/www.waterchain.eu\\\/#organization\"},\"potentialAction\":[{\"@type\":\"SearchAction\",\"target\":{\"@type\":\"EntryPoint\",\"urlTemplate\":\"https:\\\/\\\/www.waterchain.eu\\\/?s={search_term_string}\"},\"query-input\":{\"@type\":\"PropertyValueSpecification\",\"valueRequired\":true,\"valueName\":\"search_term_string\"}}],\"inLanguage\":\"fi\"},{\"@type\":\"Organization\",\"@id\":\"https:\\\/\\\/www.waterchain.eu\\\/#organization\",\"name\":\"WaterChain\",\"url\":\"https:\\\/\\\/www.waterchain.eu\\\/\",\"logo\":{\"@type\":\"ImageObject\",\"inLanguage\":\"fi\",\"@id\":\"https:\\\/\\\/www.waterchain.eu\\\/#\\\/schema\\\/logo\\\/image\\\/\",\"url\":\"https:\\\/\\\/www.waterchain.eu\\\/wp-content\\\/uploads\\\/2017\\\/09\\\/WaterChain-logo.png\",\"contentUrl\":\"https:\\\/\\\/www.waterchain.eu\\\/wp-content\\\/uploads\\\/2017\\\/09\\\/WaterChain-logo.png\",\"width\":343,\"height\":120,\"caption\":\"WaterChain\"},\"image\":{\"@id\":\"https:\\\/\\\/www.waterchain.eu\\\/#\\\/schema\\\/logo\\\/image\\\/\"},\"sameAs\":[\"https:\\\/\\\/www.youtube.com\\\/channel\\\/UCz8GhExcENBWQYVkkpn_y3Q\"]}]}<\/script>\n<!-- \/ Yoast SEO plugin. -->","yoast_head_json":{"title":"Lupaukseni It\u00e4merelle - WaterChain","description":"Paras tapa auttaa It\u00e4merta on est\u00e4\u00e4 ravinteiden ja haitallisten aineiden p\u00e4\u00e4tyminen It\u00e4mereen. Jokaisella teolla on merkityst\u00e4, oli se miten pieni tahansa.","robots":{"index":"index","follow":"follow","max-snippet":"max-snippet:-1","max-image-preview":"max-image-preview:large","max-video-preview":"max-video-preview:-1"},"canonical":"https:\/\/www.waterchain.eu\/fi\/mita-mina-voin-tehda\/lupaukseni-itamerelle\/","og_locale":"fi_FI","og_type":"article","og_title":"Lupaukseni It\u00e4merelle - WaterChain","og_description":"Paras tapa auttaa It\u00e4merta on est\u00e4\u00e4 ravinteiden ja haitallisten aineiden p\u00e4\u00e4tyminen It\u00e4mereen. Jokaisella teolla on merkityst\u00e4, oli se miten pieni tahansa.","og_url":"https:\/\/www.waterchain.eu\/fi\/mita-mina-voin-tehda\/lupaukseni-itamerelle\/","og_site_name":"WaterChain","article_modified_time":"2018-08-28T07:53:31+00:00","og_image":[{"url":"https:\/\/www.waterchain.eu\/wp-content\/uploads\/2018\/04\/1_RTBS_promise_food_logot-580x768.jpg","type":"","width":"","height":""}],"twitter_card":"summary_large_image","twitter_misc":{"Arvioitu lukuaika":"1 minuutti"},"schema":{"@context":"https:\/\/schema.org","@graph":[{"@type":"WebPage","@id":"https:\/\/www.waterchain.eu\/fi\/mita-mina-voin-tehda\/lupaukseni-itamerelle\/","url":"https:\/\/www.waterchain.eu\/fi\/mita-mina-voin-tehda\/lupaukseni-itamerelle\/","name":"Lupaukseni It\u00e4merelle - WaterChain","isPartOf":{"@id":"https:\/\/www.waterchain.eu\/#website"},"datePublished":"2018-06-05T13:00:49+00:00","dateModified":"2018-08-28T07:53:31+00:00","description":"Paras tapa auttaa It\u00e4merta on est\u00e4\u00e4 ravinteiden ja haitallisten aineiden p\u00e4\u00e4tyminen It\u00e4mereen. Jokaisella teolla on merkityst\u00e4, oli se miten pieni tahansa.","breadcrumb":{"@id":"https:\/\/www.waterchain.eu\/fi\/mita-mina-voin-tehda\/lupaukseni-itamerelle\/#breadcrumb"},"inLanguage":"fi","potentialAction":[{"@type":"ReadAction","target":["https:\/\/www.waterchain.eu\/fi\/mita-mina-voin-tehda\/lupaukseni-itamerelle\/"]}]},{"@type":"BreadcrumbList","@id":"https:\/\/www.waterchain.eu\/fi\/mita-mina-voin-tehda\/lupaukseni-itamerelle\/#breadcrumb","itemListElement":[{"@type":"ListItem","position":1,"name":"Home","item":"https:\/\/www.waterchain.eu\/fi\/"},{"@type":"ListItem","position":2,"name":"Mit\u00e4 min\u00e4 voin tehd\u00e4?","item":"https:\/\/www.waterchain.eu\/fi\/mita-mina-voin-tehda\/"},{"@type":"ListItem","position":3,"name":"Lupaukseni It\u00e4merelle"}]},{"@type":"WebSite","@id":"https:\/\/www.waterchain.eu\/#website","url":"https:\/\/www.waterchain.eu\/","name":"WaterChain","description":"Recovering the Baltic Sea","publisher":{"@id":"https:\/\/www.waterchain.eu\/#organization"},"potentialAction":[{"@type":"SearchAction","target":{"@type":"EntryPoint","urlTemplate":"https:\/\/www.waterchain.eu\/?s={search_term_string}"},"query-input":{"@type":"PropertyValueSpecification","valueRequired":true,"valueName":"search_term_string"}}],"inLanguage":"fi"},{"@type":"Organization","@id":"https:\/\/www.waterchain.eu\/#organization","name":"WaterChain","url":"https:\/\/www.waterchain.eu\/","logo":{"@type":"ImageObject","inLanguage":"fi","@id":"https:\/\/www.waterchain.eu\/#\/schema\/logo\/image\/","url":"https:\/\/www.waterchain.eu\/wp-content\/uploads\/2017\/09\/WaterChain-logo.png","contentUrl":"https:\/\/www.waterchain.eu\/wp-content\/uploads\/2017\/09\/WaterChain-logo.png","width":343,"height":120,"caption":"WaterChain"},"image":{"@id":"https:\/\/www.waterchain.eu\/#\/schema\/logo\/image\/"},"sameAs":["https:\/\/www.youtube.com\/channel\/UCz8GhExcENBWQYVkkpn_y3Q"]}]}},"_links":{"self":[{"href":"https:\/\/www.waterchain.eu\/fi\/wp-json\/wp\/v2\/pages\/1196","targetHints":{"allow":["GET"]}}],"collection":[{"href":"https:\/\/www.waterchain.eu\/fi\/wp-json\/wp\/v2\/pages"}],"about":[{"href":"https:\/\/www.waterchain.eu\/fi\/wp-json\/wp\/v2\/types\/page"}],"author":[{"embeddable":true,"href":"https:\/\/www.waterchain.eu\/fi\/wp-json\/wp\/v2\/users\/1"}],"replies":[{"embeddable":true,"href":"https:\/\/www.waterchain.eu\/fi\/wp-json\/wp\/v2\/comments?post=1196"}],"version-history":[{"count":9,"href":"https:\/\/www.waterchain.eu\/fi\/wp-json\/wp\/v2\/pages\/1196\/revisions"}],"predecessor-version":[{"id":3282,"href":"https:\/\/www.waterchain.eu\/fi\/wp-json\/wp\/v2\/pages\/1196\/revisions\/3282"}],"up":[{"embeddable":true,"href":"https:\/\/www.waterchain.eu\/fi\/wp-json\/wp\/v2\/pages\/1187"}],"wp:attachment":[{"href":"https:\/\/www.waterchain.eu\/fi\/wp-json\/wp\/v2\/media?parent=1196"}],"curies":[{"name":"wp","href":"https:\/\/api.w.org\/{rel}","templated":true}]}}