{"id":1198,"date":"2018-06-06T08:19:39","date_gmt":"2018-06-06T05:19:39","guid":{"rendered":"https:\/\/waterchain.eu\/?page_id=1198"},"modified":"2018-08-23T10:27:29","modified_gmt":"2018-08-23T07:27:29","slug":"parhaat-kaytannot","status":"publish","type":"page","link":"https:\/\/www.waterchain.eu\/fi\/parhaat-kaytannot\/","title":{"rendered":"Parhaat k\u00e4yt\u00e4nn\u00f6t"},"content":{"rendered":"<h2>Ratkaisuja yhteisiin ongelmiin<\/h2>\n<h5>It\u00e4meren ongelmat ovat niin laajoja, ett\u00e4 sen toipuminen vaatii kansainv\u00e4list\u00e4 yhteisty\u00f6t\u00e4.<\/h5>\n<p>WaterChain-hankkeen aikana useita menetelmi\u00e4 pilotoitiin yhdess\u00e4 <a href=\"https:\/\/www.waterchain.eu\/fi\/waterchain-pilottialueet\/\">keskisen It\u00e4meren alueen<\/a> hankekumppaneiden kanssa It\u00e4mereen p\u00e4\u00e4tyvien ravinteiden ja haitallisten aineiden v\u00e4hent\u00e4miseksi. Vesist\u00f6kuormitus on per\u00e4isin useista eri l\u00e4hteist\u00e4 ja sis\u00e4lt\u00e4\u00e4 useita haitallisia aineita ravinteiden lis\u00e4ksi. T\u00e4m\u00e4n takia tarvitaan useita l\u00e4hestymistapoja ja toimenpiteit\u00e4 eri tasoilla, jotta voidaan saavuttaa paras lopputulos ja mahdollistaa It\u00e4meren tilan palautuminen tulevaisuudessa.<\/p>\n<p><a href=\"https:\/\/www.waterchain.eu\/fi\/parhaat-kaytannot\/ravinteet\/\">Ravinteiden<\/a> ja <a href=\"https:\/\/www.waterchain.eu\/fi\/parhaat-kaytannot\/haitalliset-aineet\/\">haitallisten aineiden<\/a> v\u00e4hent\u00e4misess\u00e4 avainasemassa on parhaiden k\u00e4yt\u00e4nt\u00f6jen ja teknologisten toimenpiteiden ohella <a href=\"https:\/\/www.waterchain.eu\/fi\/parhaat-kaytannot\/paatoksenteko-ja-vaikuttaminen\/\">strategiset menettelytavat<\/a> kuormituksen v\u00e4hent\u00e4miseksi tarjoavat kest\u00e4vi\u00e4 ty\u00f6kaluja p\u00e4\u00e4t\u00f6ksentekij\u00f6ille, maanviljelij\u00f6ille, tapahtumien j\u00e4rjest\u00e4jille sek\u00e4 j\u00e4tevedenpuhdistamoille.<\/p>\n<p><img fetchpriority=\"high\" decoding=\"async\" class=\"alignnone size-medium wp-image-1398\" src=\"https:\/\/www.waterchain.eu\/wp-content\/uploads\/2018\/06\/Catchment-area_Copyright-Emilia-M\u00e4kel\u00e4-543x768.png\" alt=\"\" width=\"543\" height=\"768\" srcset=\"https:\/\/www.waterchain.eu\/wp-content\/uploads\/2018\/06\/Catchment-area_Copyright-Emilia-M\u00e4kel\u00e4-543x768.png 543w, https:\/\/www.waterchain.eu\/wp-content\/uploads\/2018\/06\/Catchment-area_Copyright-Emilia-M\u00e4kel\u00e4-768x1086.png 768w, https:\/\/www.waterchain.eu\/wp-content\/uploads\/2018\/06\/Catchment-area_Copyright-Emilia-M\u00e4kel\u00e4-905x1280.png 905w\" sizes=\"(max-width: 543px) 100vw, 543px\" \/><\/p>\n","protected":false},"excerpt":{"rendered":"<p>Ratkaisuja yhteisiin ongelmiin It\u00e4meren ongelmat ovat niin laajoja, ett\u00e4 sen toipuminen vaatii kansainv\u00e4list\u00e4 yhteisty\u00f6t\u00e4. WaterChain-hankkeen aikana useita menetelmi\u00e4 pilotoitiin yhdess\u00e4 keskisen It\u00e4meren alueen hankekumppaneiden kanssa It\u00e4mereen p\u00e4\u00e4tyvien ravinteiden ja haitallisten aineiden v\u00e4hent\u00e4miseksi. Vesist\u00f6kuormitus on per\u00e4isin useista eri l\u00e4hteist\u00e4 ja sis\u00e4lt\u00e4\u00e4 useita haitallisia aineita ravinteiden lis\u00e4ksi. T\u00e4m\u00e4n takia tarvitaan useita l\u00e4hestymistapoja ja toimenpiteit\u00e4 eri tasoilla, jotta &#8230; <a title=\"Parhaat k\u00e4yt\u00e4nn\u00f6t\" class=\"read-more\" href=\"https:\/\/www.waterchain.eu\/fi\/parhaat-kaytannot\/\" aria-label=\"Lue lis\u00e4\u00e4 aiheesta Parhaat k\u00e4yt\u00e4nn\u00f6t\">Lue lis\u00e4\u00e4<\/a><\/p>\n","protected":false},"author":1,"featured_media":2173,"parent":0,"menu_order":69,"comment_status":"closed","ping_status":"closed","template":"","meta":{"_exactmetrics_skip_tracking":false,"_exactmetrics_sitenote_active":false,"_exactmetrics_sitenote_note":"","_exactmetrics_sitenote_category":0,"generate_page_header":"","footnotes":""},"class_list":["post-1198","page","type-page","status-publish","has-post-thumbnail"],"yoast_head":"<!-- This site is optimized with the Yoast SEO plugin v27.3 - https:\/\/yoast.com\/product\/yoast-seo-wordpress\/ -->\n<title>Parhaat k\u00e4yt\u00e4nn\u00f6t - WaterChain<\/title>\n<meta name=\"description\" content=\"Hankkeen aikana useita menetelmi\u00e4 pilotoitiin It\u00e4meren alueen hankekumppaneiden kanssa ravinteiden ja haitallisten aineiden v\u00e4hent\u00e4miseksi.\" \/>\n<meta name=\"robots\" content=\"index, follow, max-snippet:-1, max-image-preview:large, max-video-preview:-1\" \/>\n<link rel=\"canonical\" href=\"https:\/\/www.waterchain.eu\/fi\/parhaat-kaytannot\/\" \/>\n<meta property=\"og:locale\" content=\"fi_FI\" \/>\n<meta property=\"og:type\" content=\"article\" \/>\n<meta property=\"og:title\" content=\"Parhaat k\u00e4yt\u00e4nn\u00f6t - WaterChain\" \/>\n<meta property=\"og:description\" content=\"Hankkeen aikana useita menetelmi\u00e4 pilotoitiin It\u00e4meren alueen hankekumppaneiden kanssa ravinteiden ja haitallisten aineiden v\u00e4hent\u00e4miseksi.\" \/>\n<meta property=\"og:url\" content=\"https:\/\/www.waterchain.eu\/fi\/parhaat-kaytannot\/\" \/>\n<meta property=\"og:site_name\" content=\"WaterChain\" \/>\n<meta property=\"article:modified_time\" content=\"2018-08-23T07:27:29+00:00\" \/>\n<meta property=\"og:image\" content=\"https:\/\/www.waterchain.eu\/wp-content\/uploads\/2017\/09\/baltic-sea-seagulls.jpg\" \/>\n\t<meta property=\"og:image:width\" content=\"1600\" \/>\n\t<meta property=\"og:image:height\" content=\"1200\" \/>\n\t<meta property=\"og:image:type\" content=\"image\/jpeg\" \/>\n<meta name=\"twitter:card\" content=\"summary_large_image\" \/>\n<meta name=\"twitter:label1\" content=\"Arvioitu lukuaika\" \/>\n\t<meta name=\"twitter:data1\" content=\"1 minuutti\" \/>\n<script type=\"application\/ld+json\" class=\"yoast-schema-graph\">{\"@context\":\"https:\\\/\\\/schema.org\",\"@graph\":[{\"@type\":\"WebPage\",\"@id\":\"https:\\\/\\\/www.waterchain.eu\\\/fi\\\/parhaat-kaytannot\\\/\",\"url\":\"https:\\\/\\\/www.waterchain.eu\\\/fi\\\/parhaat-kaytannot\\\/\",\"name\":\"Parhaat k\u00e4yt\u00e4nn\u00f6t - WaterChain\",\"isPartOf\":{\"@id\":\"https:\\\/\\\/www.waterchain.eu\\\/#website\"},\"primaryImageOfPage\":{\"@id\":\"https:\\\/\\\/www.waterchain.eu\\\/fi\\\/parhaat-kaytannot\\\/#primaryimage\"},\"image\":{\"@id\":\"https:\\\/\\\/www.waterchain.eu\\\/fi\\\/parhaat-kaytannot\\\/#primaryimage\"},\"thumbnailUrl\":\"https:\\\/\\\/www.waterchain.eu\\\/wp-content\\\/uploads\\\/2017\\\/09\\\/baltic-sea-seagulls.jpg\",\"datePublished\":\"2018-06-06T05:19:39+00:00\",\"dateModified\":\"2018-08-23T07:27:29+00:00\",\"description\":\"Hankkeen aikana useita menetelmi\u00e4 pilotoitiin It\u00e4meren alueen hankekumppaneiden kanssa ravinteiden ja haitallisten aineiden v\u00e4hent\u00e4miseksi.\",\"breadcrumb\":{\"@id\":\"https:\\\/\\\/www.waterchain.eu\\\/fi\\\/parhaat-kaytannot\\\/#breadcrumb\"},\"inLanguage\":\"fi\",\"potentialAction\":[{\"@type\":\"ReadAction\",\"target\":[\"https:\\\/\\\/www.waterchain.eu\\\/fi\\\/parhaat-kaytannot\\\/\"]}]},{\"@type\":\"ImageObject\",\"inLanguage\":\"fi\",\"@id\":\"https:\\\/\\\/www.waterchain.eu\\\/fi\\\/parhaat-kaytannot\\\/#primaryimage\",\"url\":\"https:\\\/\\\/www.waterchain.eu\\\/wp-content\\\/uploads\\\/2017\\\/09\\\/baltic-sea-seagulls.jpg\",\"contentUrl\":\"https:\\\/\\\/www.waterchain.eu\\\/wp-content\\\/uploads\\\/2017\\\/09\\\/baltic-sea-seagulls.jpg\",\"width\":1600,\"height\":1200},{\"@type\":\"BreadcrumbList\",\"@id\":\"https:\\\/\\\/www.waterchain.eu\\\/fi\\\/parhaat-kaytannot\\\/#breadcrumb\",\"itemListElement\":[{\"@type\":\"ListItem\",\"position\":1,\"name\":\"Home\",\"item\":\"https:\\\/\\\/www.waterchain.eu\\\/fi\\\/\"},{\"@type\":\"ListItem\",\"position\":2,\"name\":\"Parhaat k\u00e4yt\u00e4nn\u00f6t\"}]},{\"@type\":\"WebSite\",\"@id\":\"https:\\\/\\\/www.waterchain.eu\\\/#website\",\"url\":\"https:\\\/\\\/www.waterchain.eu\\\/\",\"name\":\"WaterChain\",\"description\":\"Recovering the Baltic Sea\",\"publisher\":{\"@id\":\"https:\\\/\\\/www.waterchain.eu\\\/#organization\"},\"potentialAction\":[{\"@type\":\"SearchAction\",\"target\":{\"@type\":\"EntryPoint\",\"urlTemplate\":\"https:\\\/\\\/www.waterchain.eu\\\/?s={search_term_string}\"},\"query-input\":{\"@type\":\"PropertyValueSpecification\",\"valueRequired\":true,\"valueName\":\"search_term_string\"}}],\"inLanguage\":\"fi\"},{\"@type\":\"Organization\",\"@id\":\"https:\\\/\\\/www.waterchain.eu\\\/#organization\",\"name\":\"WaterChain\",\"url\":\"https:\\\/\\\/www.waterchain.eu\\\/\",\"logo\":{\"@type\":\"ImageObject\",\"inLanguage\":\"fi\",\"@id\":\"https:\\\/\\\/www.waterchain.eu\\\/#\\\/schema\\\/logo\\\/image\\\/\",\"url\":\"https:\\\/\\\/www.waterchain.eu\\\/wp-content\\\/uploads\\\/2017\\\/09\\\/WaterChain-logo.png\",\"contentUrl\":\"https:\\\/\\\/www.waterchain.eu\\\/wp-content\\\/uploads\\\/2017\\\/09\\\/WaterChain-logo.png\",\"width\":343,\"height\":120,\"caption\":\"WaterChain\"},\"image\":{\"@id\":\"https:\\\/\\\/www.waterchain.eu\\\/#\\\/schema\\\/logo\\\/image\\\/\"},\"sameAs\":[\"https:\\\/\\\/www.youtube.com\\\/channel\\\/UCz8GhExcENBWQYVkkpn_y3Q\"]}]}<\/script>\n<!-- \/ Yoast SEO plugin. -->","yoast_head_json":{"title":"Parhaat k\u00e4yt\u00e4nn\u00f6t - WaterChain","description":"Hankkeen aikana useita menetelmi\u00e4 pilotoitiin It\u00e4meren alueen hankekumppaneiden kanssa ravinteiden ja haitallisten aineiden v\u00e4hent\u00e4miseksi.","robots":{"index":"index","follow":"follow","max-snippet":"max-snippet:-1","max-image-preview":"max-image-preview:large","max-video-preview":"max-video-preview:-1"},"canonical":"https:\/\/www.waterchain.eu\/fi\/parhaat-kaytannot\/","og_locale":"fi_FI","og_type":"article","og_title":"Parhaat k\u00e4yt\u00e4nn\u00f6t - WaterChain","og_description":"Hankkeen aikana useita menetelmi\u00e4 pilotoitiin It\u00e4meren alueen hankekumppaneiden kanssa ravinteiden ja haitallisten aineiden v\u00e4hent\u00e4miseksi.","og_url":"https:\/\/www.waterchain.eu\/fi\/parhaat-kaytannot\/","og_site_name":"WaterChain","article_modified_time":"2018-08-23T07:27:29+00:00","og_image":[{"width":1600,"height":1200,"url":"https:\/\/www.waterchain.eu\/wp-content\/uploads\/2017\/09\/baltic-sea-seagulls.jpg","type":"image\/jpeg"}],"twitter_card":"summary_large_image","twitter_misc":{"Arvioitu lukuaika":"1 minuutti"},"schema":{"@context":"https:\/\/schema.org","@graph":[{"@type":"WebPage","@id":"https:\/\/www.waterchain.eu\/fi\/parhaat-kaytannot\/","url":"https:\/\/www.waterchain.eu\/fi\/parhaat-kaytannot\/","name":"Parhaat k\u00e4yt\u00e4nn\u00f6t - WaterChain","isPartOf":{"@id":"https:\/\/www.waterchain.eu\/#website"},"primaryImageOfPage":{"@id":"https:\/\/www.waterchain.eu\/fi\/parhaat-kaytannot\/#primaryimage"},"image":{"@id":"https:\/\/www.waterchain.eu\/fi\/parhaat-kaytannot\/#primaryimage"},"thumbnailUrl":"https:\/\/www.waterchain.eu\/wp-content\/uploads\/2017\/09\/baltic-sea-seagulls.jpg","datePublished":"2018-06-06T05:19:39+00:00","dateModified":"2018-08-23T07:27:29+00:00","description":"Hankkeen aikana useita menetelmi\u00e4 pilotoitiin It\u00e4meren alueen hankekumppaneiden kanssa ravinteiden ja haitallisten aineiden v\u00e4hent\u00e4miseksi.","breadcrumb":{"@id":"https:\/\/www.waterchain.eu\/fi\/parhaat-kaytannot\/#breadcrumb"},"inLanguage":"fi","potentialAction":[{"@type":"ReadAction","target":["https:\/\/www.waterchain.eu\/fi\/parhaat-kaytannot\/"]}]},{"@type":"ImageObject","inLanguage":"fi","@id":"https:\/\/www.waterchain.eu\/fi\/parhaat-kaytannot\/#primaryimage","url":"https:\/\/www.waterchain.eu\/wp-content\/uploads\/2017\/09\/baltic-sea-seagulls.jpg","contentUrl":"https:\/\/www.waterchain.eu\/wp-content\/uploads\/2017\/09\/baltic-sea-seagulls.jpg","width":1600,"height":1200},{"@type":"BreadcrumbList","@id":"https:\/\/www.waterchain.eu\/fi\/parhaat-kaytannot\/#breadcrumb","itemListElement":[{"@type":"ListItem","position":1,"name":"Home","item":"https:\/\/www.waterchain.eu\/fi\/"},{"@type":"ListItem","position":2,"name":"Parhaat k\u00e4yt\u00e4nn\u00f6t"}]},{"@type":"WebSite","@id":"https:\/\/www.waterchain.eu\/#website","url":"https:\/\/www.waterchain.eu\/","name":"WaterChain","description":"Recovering the Baltic Sea","publisher":{"@id":"https:\/\/www.waterchain.eu\/#organization"},"potentialAction":[{"@type":"SearchAction","target":{"@type":"EntryPoint","urlTemplate":"https:\/\/www.waterchain.eu\/?s={search_term_string}"},"query-input":{"@type":"PropertyValueSpecification","valueRequired":true,"valueName":"search_term_string"}}],"inLanguage":"fi"},{"@type":"Organization","@id":"https:\/\/www.waterchain.eu\/#organization","name":"WaterChain","url":"https:\/\/www.waterchain.eu\/","logo":{"@type":"ImageObject","inLanguage":"fi","@id":"https:\/\/www.waterchain.eu\/#\/schema\/logo\/image\/","url":"https:\/\/www.waterchain.eu\/wp-content\/uploads\/2017\/09\/WaterChain-logo.png","contentUrl":"https:\/\/www.waterchain.eu\/wp-content\/uploads\/2017\/09\/WaterChain-logo.png","width":343,"height":120,"caption":"WaterChain"},"image":{"@id":"https:\/\/www.waterchain.eu\/#\/schema\/logo\/image\/"},"sameAs":["https:\/\/www.youtube.com\/channel\/UCz8GhExcENBWQYVkkpn_y3Q"]}]}},"_links":{"self":[{"href":"https:\/\/www.waterchain.eu\/fi\/wp-json\/wp\/v2\/pages\/1198","targetHints":{"allow":["GET"]}}],"collection":[{"href":"https:\/\/www.waterchain.eu\/fi\/wp-json\/wp\/v2\/pages"}],"about":[{"href":"https:\/\/www.waterchain.eu\/fi\/wp-json\/wp\/v2\/types\/page"}],"author":[{"embeddable":true,"href":"https:\/\/www.waterchain.eu\/fi\/wp-json\/wp\/v2\/users\/1"}],"replies":[{"embeddable":true,"href":"https:\/\/www.waterchain.eu\/fi\/wp-json\/wp\/v2\/comments?post=1198"}],"version-history":[{"count":8,"href":"https:\/\/www.waterchain.eu\/fi\/wp-json\/wp\/v2\/pages\/1198\/revisions"}],"predecessor-version":[{"id":1586,"href":"https:\/\/www.waterchain.eu\/fi\/wp-json\/wp\/v2\/pages\/1198\/revisions\/1586"}],"wp:featuredmedia":[{"embeddable":true,"href":"https:\/\/www.waterchain.eu\/fi\/wp-json\/wp\/v2\/media\/2173"}],"wp:attachment":[{"href":"https:\/\/www.waterchain.eu\/fi\/wp-json\/wp\/v2\/media?parent=1198"}],"curies":[{"name":"wp","href":"https:\/\/api.w.org\/{rel}","templated":true}]}}