{"id":1208,"date":"2018-06-06T13:32:18","date_gmt":"2018-06-06T10:32:18","guid":{"rendered":"https:\/\/waterchain.eu\/?page_id=1208"},"modified":"2018-08-23T10:50:12","modified_gmt":"2018-08-23T07:50:12","slug":"paatoksenteko-ja-vaikuttaminen","status":"publish","type":"page","link":"https:\/\/www.waterchain.eu\/fi\/parhaat-kaytannot\/paatoksenteko-ja-vaikuttaminen\/","title":{"rendered":"P\u00e4\u00e4t\u00f6ksenteko ja vaikuttaminen"},"content":{"rendered":"<p>Strateginen l\u00e4hestymistapa tarkoittaa sit\u00e4, ett\u00e4 organisaatio m\u00e4\u00e4rittelee itselleen strategian tai p\u00e4\u00e4m\u00e4\u00e4r\u00e4n ja tekee p\u00e4\u00e4t\u00f6kset resurssiensa suuntaamisesta siten, ett\u00e4 ne palvelevat asetettua p\u00e4\u00e4m\u00e4\u00e4r\u00e4\u00e4. WaterChain-hankkeessa hahmotteltiin useita esimerkkej\u00e4 p\u00e4\u00e4t\u00f6ksenteon ja vaikuttamisen menettelytavoista eri sidosryhmille.<\/p>\n<hr \/>\n\n\n\n<div id=\"wpv-view-layout-514\" class=\"js-wpv-view-layout js-wpv-layout-responsive js-wpv-view-layout-514\" data-viewnumber=\"514\" data-pagination=\"{&quot;id&quot;:514,&quot;query&quot;:&quot;normal&quot;,&quot;type&quot;:&quot;disabled&quot;,&quot;effect&quot;:&quot;fade&quot;,&quot;duration&quot;:500,&quot;speed&quot;:5,&quot;pause_on_hover&quot;:&quot;disabled&quot;,&quot;stop_rollover&quot;:&quot;false&quot;,&quot;cache_pages&quot;:&quot;enabled&quot;,&quot;preload_images&quot;:&quot;enabled&quot;,&quot;preload_pages&quot;:&quot;enabled&quot;,&quot;preload_reach&quot;:1,&quot;spinner&quot;:&quot;builtin&quot;,&quot;spinner_image&quot;:&quot;https:\/\/www.waterchain.eu\/wp-content\/plugins\/wp-views\/embedded\/res\/img\/ajax-loader.gif&quot;,&quot;callback_next&quot;:&quot;&quot;,&quot;manage_history&quot;:&quot;enabled&quot;,&quot;has_controls_in_form&quot;:&quot;disabled&quot;,&quot;infinite_tolerance&quot;:&quot;0&quot;,&quot;max_pages&quot;:0,&quot;page&quot;:1,&quot;base_permalink&quot;:&quot;\/fi\/wp-json\/wp\/v2\/pages\/1208?wpv_view_count=514&amp;wpv_paged=WPV_PAGE_NUM&quot;,&quot;loop&quot;:{&quot;type&quot;:&quot;&quot;,&quot;name&quot;:&quot;&quot;,&quot;data&quot;:[],&quot;id&quot;:0}}\" data-permalink=\"\/fi\/wp-json\/wp\/v2\/pages\/1208?wpv_view_count=514\">\n\n<div class=\"campaigns-list\">\n\t\n\t\n\t\t\n            <div class=\"campaign-item\">\n              \t<img fetchpriority=\"high\" decoding=\"async\" fetchpriority=\"high\" class=\"attachment-640x360 size-640x360 feature\" src=\"https:\/\/www.waterchain.eu\/wp-content\/uploads\/2017\/09\/baltic-sea-seagulls-wpv_640x360_center_center.jpg\" width=\"640\" height=\"360\" alt=\"\" \/>\n          \t\t  <h3><a href=\"https:\/\/www.waterchain.eu\/fi\/strategic-approaches\/paatoksentekijat\/\">P\u00e4\u00e4t\u00f6ksentekij\u00e4t ja tutkijat<\/a> <\/h3>\n          \t\t  <p>Tiedett\u00e4 hy\u00f6dynt\u00e4m\u00e4ll\u00e4 uusia menetelmi\u00e4 tiedon siirt\u00e4miseksi sidosryhmille<\/p>\n          \t\t  <a href=\"https:\/\/www.waterchain.eu\/fi\/strategic-approaches\/paatoksentekijat\/\" class=\"readmore\">Lue lis\u00e4\u00e4<\/a>\n            <\/div>\n\t\t\n            <div class=\"campaign-item\">\n              \t<img loading=\"lazy\" decoding=\"async\" class=\"attachment-640x360 size-640x360 feature\" src=\"https:\/\/www.waterchain.eu\/wp-content\/uploads\/2018\/04\/title-waterworks-wpv_640x360_center_center.jpg\" width=\"640\" height=\"360\" alt=\"\" \/>\n          \t\t  <h3><a href=\"https:\/\/www.waterchain.eu\/fi\/strategic-approaches\/vesilaitokset\/\">Vesilaitokset<\/a> <\/h3>\n          \t\t  <p>Miten mahdollistaa kest\u00e4v\u00e4 juomaveden saanti ja puhdas juomavesi kaikille?<\/p>\n          \t\t  <a href=\"https:\/\/www.waterchain.eu\/fi\/strategic-approaches\/vesilaitokset\/\" class=\"readmore\">Lue lis\u00e4\u00e4<\/a>\n            <\/div>\n\t\t\n            <div class=\"campaign-item\">\n              \t<img loading=\"lazy\" decoding=\"async\" class=\"attachment-640x360 size-640x360 feature\" src=\"https:\/\/www.waterchain.eu\/wp-content\/uploads\/2018\/04\/live-concert-wpv_640x360_center_center.jpg\" width=\"640\" height=\"360\" alt=\"\" \/>\n          \t\t  <h3><a href=\"https:\/\/www.waterchain.eu\/fi\/strategic-approaches\/festivaalien-jarjestajat\/\">Festivaalien j\u00e4rjest\u00e4j\u00e4t<\/a> <\/h3>\n          \t\t  <p>Miten ottaa huomioon vesien- ja ymp\u00e4rist\u00f6nsuojelu?<\/p>\n          \t\t  <a href=\"https:\/\/www.waterchain.eu\/fi\/strategic-approaches\/festivaalien-jarjestajat\/\" class=\"readmore\">Lue lis\u00e4\u00e4<\/a>\n            <\/div>\n\t\t\n            <div class=\"campaign-item\">\n              \t<img loading=\"lazy\" decoding=\"async\" loading=\"lazy\" class=\"attachment-640x360 size-640x360 feature\" src=\"https:\/\/www.waterchain.eu\/wp-content\/uploads\/2018\/04\/title-skyview-02-wpv_640x360_center_center.jpg\" width=\"640\" height=\"360\" alt=\"\" \/>\n          \t\t  <h3><a href=\"https:\/\/www.waterchain.eu\/fi\/strategic-approaches\/maanviljelijat\/\">Maanviljelij\u00e4t<\/a> <\/h3>\n          \t\t  <p>Mit\u00e4 minun pit\u00e4isi tehd\u00e4 kun haluan asentaa suodattimen ravinnekuormituksen v\u00e4hent\u00e4miseksi?<\/p>\n          \t\t  <a href=\"https:\/\/www.waterchain.eu\/fi\/strategic-approaches\/maanviljelijat\/\" class=\"readmore\">Lue lis\u00e4\u00e4<\/a>\n            <\/div>\n\t\t\n\t\n\t\n\t\n<\/div>\n<\/div>\n\n","protected":false},"excerpt":{"rendered":"<p>Strateginen l\u00e4hestymistapa tarkoittaa sit\u00e4, ett\u00e4 organisaatio m\u00e4\u00e4rittelee itselleen strategian tai p\u00e4\u00e4m\u00e4\u00e4r\u00e4n ja tekee p\u00e4\u00e4t\u00f6kset resurssiensa suuntaamisesta siten, ett\u00e4 ne palvelevat asetettua p\u00e4\u00e4m\u00e4\u00e4r\u00e4\u00e4. WaterChain-hankkeessa hahmotteltiin useita esimerkkej\u00e4 p\u00e4\u00e4t\u00f6ksenteon ja vaikuttamisen menettelytavoista eri sidosryhmille.<\/p>\n","protected":false},"author":1,"featured_media":0,"parent":1198,"menu_order":79,"comment_status":"closed","ping_status":"closed","template":"","meta":{"_exactmetrics_skip_tracking":false,"_exactmetrics_sitenote_active":false,"_exactmetrics_sitenote_note":"","_exactmetrics_sitenote_category":0,"generate_page_header":"","footnotes":""},"class_list":["post-1208","page","type-page","status-publish"],"yoast_head":"<!-- This site is optimized with the Yoast SEO plugin v27.3 - https:\/\/yoast.com\/product\/yoast-seo-wordpress\/ -->\n<title>P\u00e4\u00e4t\u00f6ksenteko ja vaikuttaminen - WaterChain<\/title>\n<meta name=\"description\" content=\"WaterChain-hankkeessa hahmotteltiin useita esimerkkej\u00e4 p\u00e4\u00e4t\u00f6ksenteon ja vaikuttamisen menettelytavoista eri sidosryhmille.\" \/>\n<meta name=\"robots\" content=\"index, follow, max-snippet:-1, max-image-preview:large, max-video-preview:-1\" \/>\n<link rel=\"canonical\" href=\"https:\/\/www.waterchain.eu\/fi\/parhaat-kaytannot\/paatoksenteko-ja-vaikuttaminen\/\" \/>\n<meta property=\"og:locale\" content=\"fi_FI\" \/>\n<meta property=\"og:type\" content=\"article\" \/>\n<meta property=\"og:title\" content=\"P\u00e4\u00e4t\u00f6ksenteko ja vaikuttaminen - WaterChain\" \/>\n<meta property=\"og:description\" content=\"WaterChain-hankkeessa hahmotteltiin useita esimerkkej\u00e4 p\u00e4\u00e4t\u00f6ksenteon ja vaikuttamisen menettelytavoista eri sidosryhmille.\" \/>\n<meta property=\"og:url\" content=\"https:\/\/www.waterchain.eu\/fi\/parhaat-kaytannot\/paatoksenteko-ja-vaikuttaminen\/\" \/>\n<meta property=\"og:site_name\" content=\"WaterChain\" \/>\n<meta property=\"article:modified_time\" content=\"2018-08-23T07:50:12+00:00\" \/>\n<meta name=\"twitter:card\" content=\"summary_large_image\" \/>\n<script type=\"application\/ld+json\" class=\"yoast-schema-graph\">{\"@context\":\"https:\\\/\\\/schema.org\",\"@graph\":[{\"@type\":\"WebPage\",\"@id\":\"https:\\\/\\\/www.waterchain.eu\\\/fi\\\/parhaat-kaytannot\\\/paatoksenteko-ja-vaikuttaminen\\\/\",\"url\":\"https:\\\/\\\/www.waterchain.eu\\\/fi\\\/parhaat-kaytannot\\\/paatoksenteko-ja-vaikuttaminen\\\/\",\"name\":\"P\u00e4\u00e4t\u00f6ksenteko ja vaikuttaminen - WaterChain\",\"isPartOf\":{\"@id\":\"https:\\\/\\\/www.waterchain.eu\\\/#website\"},\"datePublished\":\"2018-06-06T10:32:18+00:00\",\"dateModified\":\"2018-08-23T07:50:12+00:00\",\"description\":\"WaterChain-hankkeessa hahmotteltiin useita esimerkkej\u00e4 p\u00e4\u00e4t\u00f6ksenteon ja vaikuttamisen menettelytavoista eri sidosryhmille.\",\"breadcrumb\":{\"@id\":\"https:\\\/\\\/www.waterchain.eu\\\/fi\\\/parhaat-kaytannot\\\/paatoksenteko-ja-vaikuttaminen\\\/#breadcrumb\"},\"inLanguage\":\"fi\",\"potentialAction\":[{\"@type\":\"ReadAction\",\"target\":[\"https:\\\/\\\/www.waterchain.eu\\\/fi\\\/parhaat-kaytannot\\\/paatoksenteko-ja-vaikuttaminen\\\/\"]}]},{\"@type\":\"BreadcrumbList\",\"@id\":\"https:\\\/\\\/www.waterchain.eu\\\/fi\\\/parhaat-kaytannot\\\/paatoksenteko-ja-vaikuttaminen\\\/#breadcrumb\",\"itemListElement\":[{\"@type\":\"ListItem\",\"position\":1,\"name\":\"Home\",\"item\":\"https:\\\/\\\/www.waterchain.eu\\\/fi\\\/\"},{\"@type\":\"ListItem\",\"position\":2,\"name\":\"Parhaat k\u00e4yt\u00e4nn\u00f6t\",\"item\":\"https:\\\/\\\/www.waterchain.eu\\\/fi\\\/parhaat-kaytannot\\\/\"},{\"@type\":\"ListItem\",\"position\":3,\"name\":\"P\u00e4\u00e4t\u00f6ksenteko ja vaikuttaminen\"}]},{\"@type\":\"WebSite\",\"@id\":\"https:\\\/\\\/www.waterchain.eu\\\/#website\",\"url\":\"https:\\\/\\\/www.waterchain.eu\\\/\",\"name\":\"WaterChain\",\"description\":\"Recovering the Baltic Sea\",\"publisher\":{\"@id\":\"https:\\\/\\\/www.waterchain.eu\\\/#organization\"},\"potentialAction\":[{\"@type\":\"SearchAction\",\"target\":{\"@type\":\"EntryPoint\",\"urlTemplate\":\"https:\\\/\\\/www.waterchain.eu\\\/?s={search_term_string}\"},\"query-input\":{\"@type\":\"PropertyValueSpecification\",\"valueRequired\":true,\"valueName\":\"search_term_string\"}}],\"inLanguage\":\"fi\"},{\"@type\":\"Organization\",\"@id\":\"https:\\\/\\\/www.waterchain.eu\\\/#organization\",\"name\":\"WaterChain\",\"url\":\"https:\\\/\\\/www.waterchain.eu\\\/\",\"logo\":{\"@type\":\"ImageObject\",\"inLanguage\":\"fi\",\"@id\":\"https:\\\/\\\/www.waterchain.eu\\\/#\\\/schema\\\/logo\\\/image\\\/\",\"url\":\"https:\\\/\\\/www.waterchain.eu\\\/wp-content\\\/uploads\\\/2017\\\/09\\\/WaterChain-logo.png\",\"contentUrl\":\"https:\\\/\\\/www.waterchain.eu\\\/wp-content\\\/uploads\\\/2017\\\/09\\\/WaterChain-logo.png\",\"width\":343,\"height\":120,\"caption\":\"WaterChain\"},\"image\":{\"@id\":\"https:\\\/\\\/www.waterchain.eu\\\/#\\\/schema\\\/logo\\\/image\\\/\"},\"sameAs\":[\"https:\\\/\\\/www.youtube.com\\\/channel\\\/UCz8GhExcENBWQYVkkpn_y3Q\"]}]}<\/script>\n<!-- \/ Yoast SEO plugin. -->","yoast_head_json":{"title":"P\u00e4\u00e4t\u00f6ksenteko ja vaikuttaminen - WaterChain","description":"WaterChain-hankkeessa hahmotteltiin useita esimerkkej\u00e4 p\u00e4\u00e4t\u00f6ksenteon ja vaikuttamisen menettelytavoista eri sidosryhmille.","robots":{"index":"index","follow":"follow","max-snippet":"max-snippet:-1","max-image-preview":"max-image-preview:large","max-video-preview":"max-video-preview:-1"},"canonical":"https:\/\/www.waterchain.eu\/fi\/parhaat-kaytannot\/paatoksenteko-ja-vaikuttaminen\/","og_locale":"fi_FI","og_type":"article","og_title":"P\u00e4\u00e4t\u00f6ksenteko ja vaikuttaminen - WaterChain","og_description":"WaterChain-hankkeessa hahmotteltiin useita esimerkkej\u00e4 p\u00e4\u00e4t\u00f6ksenteon ja vaikuttamisen menettelytavoista eri sidosryhmille.","og_url":"https:\/\/www.waterchain.eu\/fi\/parhaat-kaytannot\/paatoksenteko-ja-vaikuttaminen\/","og_site_name":"WaterChain","article_modified_time":"2018-08-23T07:50:12+00:00","twitter_card":"summary_large_image","schema":{"@context":"https:\/\/schema.org","@graph":[{"@type":"WebPage","@id":"https:\/\/www.waterchain.eu\/fi\/parhaat-kaytannot\/paatoksenteko-ja-vaikuttaminen\/","url":"https:\/\/www.waterchain.eu\/fi\/parhaat-kaytannot\/paatoksenteko-ja-vaikuttaminen\/","name":"P\u00e4\u00e4t\u00f6ksenteko ja vaikuttaminen - WaterChain","isPartOf":{"@id":"https:\/\/www.waterchain.eu\/#website"},"datePublished":"2018-06-06T10:32:18+00:00","dateModified":"2018-08-23T07:50:12+00:00","description":"WaterChain-hankkeessa hahmotteltiin useita esimerkkej\u00e4 p\u00e4\u00e4t\u00f6ksenteon ja vaikuttamisen menettelytavoista eri sidosryhmille.","breadcrumb":{"@id":"https:\/\/www.waterchain.eu\/fi\/parhaat-kaytannot\/paatoksenteko-ja-vaikuttaminen\/#breadcrumb"},"inLanguage":"fi","potentialAction":[{"@type":"ReadAction","target":["https:\/\/www.waterchain.eu\/fi\/parhaat-kaytannot\/paatoksenteko-ja-vaikuttaminen\/"]}]},{"@type":"BreadcrumbList","@id":"https:\/\/www.waterchain.eu\/fi\/parhaat-kaytannot\/paatoksenteko-ja-vaikuttaminen\/#breadcrumb","itemListElement":[{"@type":"ListItem","position":1,"name":"Home","item":"https:\/\/www.waterchain.eu\/fi\/"},{"@type":"ListItem","position":2,"name":"Parhaat k\u00e4yt\u00e4nn\u00f6t","item":"https:\/\/www.waterchain.eu\/fi\/parhaat-kaytannot\/"},{"@type":"ListItem","position":3,"name":"P\u00e4\u00e4t\u00f6ksenteko ja vaikuttaminen"}]},{"@type":"WebSite","@id":"https:\/\/www.waterchain.eu\/#website","url":"https:\/\/www.waterchain.eu\/","name":"WaterChain","description":"Recovering the Baltic Sea","publisher":{"@id":"https:\/\/www.waterchain.eu\/#organization"},"potentialAction":[{"@type":"SearchAction","target":{"@type":"EntryPoint","urlTemplate":"https:\/\/www.waterchain.eu\/?s={search_term_string}"},"query-input":{"@type":"PropertyValueSpecification","valueRequired":true,"valueName":"search_term_string"}}],"inLanguage":"fi"},{"@type":"Organization","@id":"https:\/\/www.waterchain.eu\/#organization","name":"WaterChain","url":"https:\/\/www.waterchain.eu\/","logo":{"@type":"ImageObject","inLanguage":"fi","@id":"https:\/\/www.waterchain.eu\/#\/schema\/logo\/image\/","url":"https:\/\/www.waterchain.eu\/wp-content\/uploads\/2017\/09\/WaterChain-logo.png","contentUrl":"https:\/\/www.waterchain.eu\/wp-content\/uploads\/2017\/09\/WaterChain-logo.png","width":343,"height":120,"caption":"WaterChain"},"image":{"@id":"https:\/\/www.waterchain.eu\/#\/schema\/logo\/image\/"},"sameAs":["https:\/\/www.youtube.com\/channel\/UCz8GhExcENBWQYVkkpn_y3Q"]}]}},"_links":{"self":[{"href":"https:\/\/www.waterchain.eu\/fi\/wp-json\/wp\/v2\/pages\/1208","targetHints":{"allow":["GET"]}}],"collection":[{"href":"https:\/\/www.waterchain.eu\/fi\/wp-json\/wp\/v2\/pages"}],"about":[{"href":"https:\/\/www.waterchain.eu\/fi\/wp-json\/wp\/v2\/types\/page"}],"author":[{"embeddable":true,"href":"https:\/\/www.waterchain.eu\/fi\/wp-json\/wp\/v2\/users\/1"}],"replies":[{"embeddable":true,"href":"https:\/\/www.waterchain.eu\/fi\/wp-json\/wp\/v2\/comments?post=1208"}],"version-history":[{"count":2,"href":"https:\/\/www.waterchain.eu\/fi\/wp-json\/wp\/v2\/pages\/1208\/revisions"}],"predecessor-version":[{"id":1291,"href":"https:\/\/www.waterchain.eu\/fi\/wp-json\/wp\/v2\/pages\/1208\/revisions\/1291"}],"up":[{"embeddable":true,"href":"https:\/\/www.waterchain.eu\/fi\/wp-json\/wp\/v2\/pages\/1198"}],"wp:attachment":[{"href":"https:\/\/www.waterchain.eu\/fi\/wp-json\/wp\/v2\/media?parent=1208"}],"curies":[{"name":"wp","href":"https:\/\/api.w.org\/{rel}","templated":true}]}}