{"id":963,"date":"2018-05-21T14:03:21","date_gmt":"2018-05-21T11:03:21","guid":{"rendered":"https:\/\/waterchain.eu\/?page_id=963"},"modified":"2018-08-29T10:48:10","modified_gmt":"2018-08-29T07:48:10","slug":"problemas-baltijas-jura","status":"publish","type":"page","link":"https:\/\/www.waterchain.eu\/lv\/problemas-baltijas-jura\/","title":{"rendered":"Probl\u0113mas Baltijas j\u016br\u0101"},"content":{"rendered":"<p><iframe width=\"560\" height=\"315\" src=\"https:\/\/www.youtube.com\/embed\/d5KBb28VMgM\" frameborder=\"0\" allow=\"autoplay; encrypted-media\" allowfullscreen><\/iframe><\/p>\n<h3>Vispaman\u0101m\u0101k\u0101 Baltijas j\u016bras probl\u0113ma ir eitrofik\u0101cija, kas vasar\u0101 izpau\u017eas k\u0101 a\u013c\u0123u masveida zied\u0113\u0161ana.<\/h3>\n<p>Eitrofik\u0101cija nav nekas jauns, un Baltijas j\u016br\u0101 t\u0101 s\u0101k\u0101s jau 1800. gados. Kaut ar\u012b daudz ir paveikts, lai j\u016bru atvese\u013cotu, jau reiz s\u0101ku\u0161os eitrofik\u0101ciju <a href=\"https:\/\/www.waterchain.eu\/problems-in-the-baltic-sea\/nutrients\/\">ir gr\u016bti iegro\u017eot<\/a>.<\/p>\n<p>Maz\u0101k redzama un zin\u0101ma ir da\u017e\u0101du b\u012bstamo vielu iedarb\u012bba un siner\u0123iskais efekts. Ba\u017eas par \u0161\u012bm \u0137imik\u0101lij\u0101m s\u0101ka rasties tikai pirms da\u017eiem desmitiem gadu, un v\u0113l joproj\u0101m mums tr\u016bkst datu, lai piln\u012bb\u0101 izv\u0113rt\u0113tu to koncentr\u0101ciju \u016bdenstilpn\u0113s un noteiktu, k\u0101 t\u0101s ietekm\u0113 \u016bdens ekosist\u0113mu <a href=\"https:\/\/www.waterchain.eu\/problems-in-the-baltic-sea\/hazardous-substances\/\">un cilv\u0113ku<\/a>.<\/p>\n<figure id=\"attachment_625\" aria-describedby=\"caption-attachment-625\" style=\"width: 1590px\" class=\"wp-caption alignnone\"><img fetchpriority=\"high\" decoding=\"async\" class=\"wp-image-625 size-full\" src=\"https:\/\/www.waterchain.eu\/wp-content\/uploads\/2018\/06\/Various-human-actions-produce-harmful-load-to-the-Baltic-Sea-and-waterbodies-in-general_Copyright-Emilia-M\u00e4kel\u00e4.png\" alt=\"\" width=\"1600\" height=\"762\" \/><figcaption id=\"caption-attachment-625\" class=\"wp-caption-text\">Vair\u0101kas cilv\u0113ku darb\u012bbas izraisa kait\u012bgu vielu iepl\u016bdi Baltijas j\u016br\u0101 un cit\u0101s \u016bdenstilpn\u0113s. Autorties\u012bbas pieder Emilia M\u00e4kel\u00e4. Bilde piel\u0101gota no Luontoliitto (http:\/\/slideplayer.fi\/slide\/1930400\/) public\u0113t\u0101 or\u0123in\u0101lavota.<\/figcaption><\/figure>\n","protected":false},"excerpt":{"rendered":"<p>Vispaman\u0101m\u0101k\u0101 Baltijas j\u016bras probl\u0113ma ir eitrofik\u0101cija, kas vasar\u0101 izpau\u017eas k\u0101 a\u013c\u0123u masveida zied\u0113\u0161ana. Eitrofik\u0101cija nav nekas jauns, un Baltijas j\u016br\u0101 t\u0101 s\u0101k\u0101s jau 1800. gados. Kaut ar\u012b daudz ir paveikts, lai j\u016bru atvese\u013cotu, jau reiz s\u0101ku\u0161os eitrofik\u0101ciju ir gr\u016bti iegro\u017eot. Maz\u0101k redzama un zin\u0101ma ir da\u017e\u0101du b\u012bstamo vielu iedarb\u012bba un siner\u0123iskais efekts. Ba\u017eas par \u0161\u012bm &#8230; <a title=\"Probl\u0113mas Baltijas j\u016br\u0101\" class=\"read-more\" href=\"https:\/\/www.waterchain.eu\/lv\/problemas-baltijas-jura\/\" aria-label=\"Read more about Probl\u0113mas Baltijas j\u016br\u0101\">Read more<\/a><\/p>\n","protected":false},"author":1,"featured_media":2138,"parent":0,"menu_order":49,"comment_status":"closed","ping_status":"closed","template":"","meta":{"_exactmetrics_skip_tracking":false,"_exactmetrics_sitenote_active":false,"_exactmetrics_sitenote_note":"","_exactmetrics_sitenote_category":0,"generate_page_header":"","footnotes":""},"class_list":["post-963","page","type-page","status-publish","has-post-thumbnail"],"yoast_head":"<!-- This site is optimized with the Yoast SEO plugin v27.3 - https:\/\/yoast.com\/product\/yoast-seo-wordpress\/ -->\n<title>Probl\u0113mas Baltijas j\u016br\u0101 - WaterChain<\/title>\n<meta name=\"robots\" content=\"index, follow, max-snippet:-1, max-image-preview:large, max-video-preview:-1\" \/>\n<link rel=\"canonical\" href=\"https:\/\/www.waterchain.eu\/lv\/problemas-baltijas-jura\/\" \/>\n<meta property=\"og:locale\" content=\"lv_LV\" \/>\n<meta property=\"og:type\" content=\"article\" \/>\n<meta property=\"og:title\" content=\"Probl\u0113mas Baltijas j\u016br\u0101 - WaterChain\" \/>\n<meta property=\"og:description\" content=\"Vispaman\u0101m\u0101k\u0101 Baltijas j\u016bras probl\u0113ma ir eitrofik\u0101cija, kas vasar\u0101 izpau\u017eas k\u0101 a\u013c\u0123u masveida zied\u0113\u0161ana. Eitrofik\u0101cija nav nekas jauns, un Baltijas j\u016br\u0101 t\u0101 s\u0101k\u0101s jau 1800. gados. Kaut ar\u012b daudz ir paveikts, lai j\u016bru atvese\u013cotu, jau reiz s\u0101ku\u0161os eitrofik\u0101ciju ir gr\u016bti iegro\u017eot. Maz\u0101k redzama un zin\u0101ma ir da\u017e\u0101du b\u012bstamo vielu iedarb\u012bba un siner\u0123iskais efekts. Ba\u017eas par \u0161\u012bm ... Read more\" \/>\n<meta property=\"og:url\" content=\"https:\/\/www.waterchain.eu\/lv\/problemas-baltijas-jura\/\" \/>\n<meta property=\"og:site_name\" content=\"WaterChain\" \/>\n<meta property=\"article:modified_time\" content=\"2018-08-29T07:48:10+00:00\" \/>\n<meta property=\"og:image\" content=\"https:\/\/www.waterchain.eu\/wp-content\/uploads\/2017\/09\/hero-baltic.jpg\" \/>\n\t<meta property=\"og:image:width\" content=\"1380\" \/>\n\t<meta property=\"og:image:height\" content=\"793\" \/>\n\t<meta property=\"og:image:type\" content=\"image\/jpeg\" \/>\n<meta name=\"twitter:card\" content=\"summary_large_image\" \/>\n<meta name=\"twitter:label1\" content=\"Est. reading time\" \/>\n\t<meta name=\"twitter:data1\" content=\"1 minute\" \/>\n<script type=\"application\/ld+json\" class=\"yoast-schema-graph\">{\"@context\":\"https:\\\/\\\/schema.org\",\"@graph\":[{\"@type\":\"WebPage\",\"@id\":\"https:\\\/\\\/www.waterchain.eu\\\/lv\\\/problemas-baltijas-jura\\\/\",\"url\":\"https:\\\/\\\/www.waterchain.eu\\\/lv\\\/problemas-baltijas-jura\\\/\",\"name\":\"Probl\u0113mas Baltijas j\u016br\u0101 - WaterChain\",\"isPartOf\":{\"@id\":\"https:\\\/\\\/www.waterchain.eu\\\/#website\"},\"primaryImageOfPage\":{\"@id\":\"https:\\\/\\\/www.waterchain.eu\\\/lv\\\/problemas-baltijas-jura\\\/#primaryimage\"},\"image\":{\"@id\":\"https:\\\/\\\/www.waterchain.eu\\\/lv\\\/problemas-baltijas-jura\\\/#primaryimage\"},\"thumbnailUrl\":\"https:\\\/\\\/www.waterchain.eu\\\/wp-content\\\/uploads\\\/2017\\\/09\\\/hero-baltic.jpg\",\"datePublished\":\"2018-05-21T11:03:21+00:00\",\"dateModified\":\"2018-08-29T07:48:10+00:00\",\"breadcrumb\":{\"@id\":\"https:\\\/\\\/www.waterchain.eu\\\/lv\\\/problemas-baltijas-jura\\\/#breadcrumb\"},\"inLanguage\":\"lv-LV\",\"potentialAction\":[{\"@type\":\"ReadAction\",\"target\":[\"https:\\\/\\\/www.waterchain.eu\\\/lv\\\/problemas-baltijas-jura\\\/\"]}]},{\"@type\":\"ImageObject\",\"inLanguage\":\"lv-LV\",\"@id\":\"https:\\\/\\\/www.waterchain.eu\\\/lv\\\/problemas-baltijas-jura\\\/#primaryimage\",\"url\":\"https:\\\/\\\/www.waterchain.eu\\\/wp-content\\\/uploads\\\/2017\\\/09\\\/hero-baltic.jpg\",\"contentUrl\":\"https:\\\/\\\/www.waterchain.eu\\\/wp-content\\\/uploads\\\/2017\\\/09\\\/hero-baltic.jpg\",\"width\":1380,\"height\":793},{\"@type\":\"BreadcrumbList\",\"@id\":\"https:\\\/\\\/www.waterchain.eu\\\/lv\\\/problemas-baltijas-jura\\\/#breadcrumb\",\"itemListElement\":[{\"@type\":\"ListItem\",\"position\":1,\"name\":\"Home\",\"item\":\"https:\\\/\\\/www.waterchain.eu\\\/lv\\\/\"},{\"@type\":\"ListItem\",\"position\":2,\"name\":\"Probl\u0113mas Baltijas j\u016br\u0101\"}]},{\"@type\":\"WebSite\",\"@id\":\"https:\\\/\\\/www.waterchain.eu\\\/#website\",\"url\":\"https:\\\/\\\/www.waterchain.eu\\\/\",\"name\":\"WaterChain\",\"description\":\"Recovering the Baltic Sea\",\"publisher\":{\"@id\":\"https:\\\/\\\/www.waterchain.eu\\\/#organization\"},\"potentialAction\":[{\"@type\":\"SearchAction\",\"target\":{\"@type\":\"EntryPoint\",\"urlTemplate\":\"https:\\\/\\\/www.waterchain.eu\\\/?s={search_term_string}\"},\"query-input\":{\"@type\":\"PropertyValueSpecification\",\"valueRequired\":true,\"valueName\":\"search_term_string\"}}],\"inLanguage\":\"lv-LV\"},{\"@type\":\"Organization\",\"@id\":\"https:\\\/\\\/www.waterchain.eu\\\/#organization\",\"name\":\"WaterChain\",\"url\":\"https:\\\/\\\/www.waterchain.eu\\\/\",\"logo\":{\"@type\":\"ImageObject\",\"inLanguage\":\"lv-LV\",\"@id\":\"https:\\\/\\\/www.waterchain.eu\\\/#\\\/schema\\\/logo\\\/image\\\/\",\"url\":\"https:\\\/\\\/www.waterchain.eu\\\/wp-content\\\/uploads\\\/2017\\\/09\\\/WaterChain-logo.png\",\"contentUrl\":\"https:\\\/\\\/www.waterchain.eu\\\/wp-content\\\/uploads\\\/2017\\\/09\\\/WaterChain-logo.png\",\"width\":343,\"height\":120,\"caption\":\"WaterChain\"},\"image\":{\"@id\":\"https:\\\/\\\/www.waterchain.eu\\\/#\\\/schema\\\/logo\\\/image\\\/\"},\"sameAs\":[\"https:\\\/\\\/www.youtube.com\\\/channel\\\/UCz8GhExcENBWQYVkkpn_y3Q\"]}]}<\/script>\n<!-- \/ Yoast SEO plugin. -->","yoast_head_json":{"title":"Probl\u0113mas Baltijas j\u016br\u0101 - WaterChain","robots":{"index":"index","follow":"follow","max-snippet":"max-snippet:-1","max-image-preview":"max-image-preview:large","max-video-preview":"max-video-preview:-1"},"canonical":"https:\/\/www.waterchain.eu\/lv\/problemas-baltijas-jura\/","og_locale":"lv_LV","og_type":"article","og_title":"Probl\u0113mas Baltijas j\u016br\u0101 - WaterChain","og_description":"Vispaman\u0101m\u0101k\u0101 Baltijas j\u016bras probl\u0113ma ir eitrofik\u0101cija, kas vasar\u0101 izpau\u017eas k\u0101 a\u013c\u0123u masveida zied\u0113\u0161ana. Eitrofik\u0101cija nav nekas jauns, un Baltijas j\u016br\u0101 t\u0101 s\u0101k\u0101s jau 1800. gados. Kaut ar\u012b daudz ir paveikts, lai j\u016bru atvese\u013cotu, jau reiz s\u0101ku\u0161os eitrofik\u0101ciju ir gr\u016bti iegro\u017eot. Maz\u0101k redzama un zin\u0101ma ir da\u017e\u0101du b\u012bstamo vielu iedarb\u012bba un siner\u0123iskais efekts. Ba\u017eas par \u0161\u012bm ... Read more","og_url":"https:\/\/www.waterchain.eu\/lv\/problemas-baltijas-jura\/","og_site_name":"WaterChain","article_modified_time":"2018-08-29T07:48:10+00:00","og_image":[{"width":1380,"height":793,"url":"https:\/\/www.waterchain.eu\/wp-content\/uploads\/2017\/09\/hero-baltic.jpg","type":"image\/jpeg"}],"twitter_card":"summary_large_image","twitter_misc":{"Est. reading time":"1 minute"},"schema":{"@context":"https:\/\/schema.org","@graph":[{"@type":"WebPage","@id":"https:\/\/www.waterchain.eu\/lv\/problemas-baltijas-jura\/","url":"https:\/\/www.waterchain.eu\/lv\/problemas-baltijas-jura\/","name":"Probl\u0113mas Baltijas j\u016br\u0101 - WaterChain","isPartOf":{"@id":"https:\/\/www.waterchain.eu\/#website"},"primaryImageOfPage":{"@id":"https:\/\/www.waterchain.eu\/lv\/problemas-baltijas-jura\/#primaryimage"},"image":{"@id":"https:\/\/www.waterchain.eu\/lv\/problemas-baltijas-jura\/#primaryimage"},"thumbnailUrl":"https:\/\/www.waterchain.eu\/wp-content\/uploads\/2017\/09\/hero-baltic.jpg","datePublished":"2018-05-21T11:03:21+00:00","dateModified":"2018-08-29T07:48:10+00:00","breadcrumb":{"@id":"https:\/\/www.waterchain.eu\/lv\/problemas-baltijas-jura\/#breadcrumb"},"inLanguage":"lv-LV","potentialAction":[{"@type":"ReadAction","target":["https:\/\/www.waterchain.eu\/lv\/problemas-baltijas-jura\/"]}]},{"@type":"ImageObject","inLanguage":"lv-LV","@id":"https:\/\/www.waterchain.eu\/lv\/problemas-baltijas-jura\/#primaryimage","url":"https:\/\/www.waterchain.eu\/wp-content\/uploads\/2017\/09\/hero-baltic.jpg","contentUrl":"https:\/\/www.waterchain.eu\/wp-content\/uploads\/2017\/09\/hero-baltic.jpg","width":1380,"height":793},{"@type":"BreadcrumbList","@id":"https:\/\/www.waterchain.eu\/lv\/problemas-baltijas-jura\/#breadcrumb","itemListElement":[{"@type":"ListItem","position":1,"name":"Home","item":"https:\/\/www.waterchain.eu\/lv\/"},{"@type":"ListItem","position":2,"name":"Probl\u0113mas Baltijas j\u016br\u0101"}]},{"@type":"WebSite","@id":"https:\/\/www.waterchain.eu\/#website","url":"https:\/\/www.waterchain.eu\/","name":"WaterChain","description":"Recovering the Baltic Sea","publisher":{"@id":"https:\/\/www.waterchain.eu\/#organization"},"potentialAction":[{"@type":"SearchAction","target":{"@type":"EntryPoint","urlTemplate":"https:\/\/www.waterchain.eu\/?s={search_term_string}"},"query-input":{"@type":"PropertyValueSpecification","valueRequired":true,"valueName":"search_term_string"}}],"inLanguage":"lv-LV"},{"@type":"Organization","@id":"https:\/\/www.waterchain.eu\/#organization","name":"WaterChain","url":"https:\/\/www.waterchain.eu\/","logo":{"@type":"ImageObject","inLanguage":"lv-LV","@id":"https:\/\/www.waterchain.eu\/#\/schema\/logo\/image\/","url":"https:\/\/www.waterchain.eu\/wp-content\/uploads\/2017\/09\/WaterChain-logo.png","contentUrl":"https:\/\/www.waterchain.eu\/wp-content\/uploads\/2017\/09\/WaterChain-logo.png","width":343,"height":120,"caption":"WaterChain"},"image":{"@id":"https:\/\/www.waterchain.eu\/#\/schema\/logo\/image\/"},"sameAs":["https:\/\/www.youtube.com\/channel\/UCz8GhExcENBWQYVkkpn_y3Q"]}]}},"_links":{"self":[{"href":"https:\/\/www.waterchain.eu\/lv\/wp-json\/wp\/v2\/pages\/963","targetHints":{"allow":["GET"]}}],"collection":[{"href":"https:\/\/www.waterchain.eu\/lv\/wp-json\/wp\/v2\/pages"}],"about":[{"href":"https:\/\/www.waterchain.eu\/lv\/wp-json\/wp\/v2\/types\/page"}],"author":[{"embeddable":true,"href":"https:\/\/www.waterchain.eu\/lv\/wp-json\/wp\/v2\/users\/1"}],"replies":[{"embeddable":true,"href":"https:\/\/www.waterchain.eu\/lv\/wp-json\/wp\/v2\/comments?post=963"}],"version-history":[{"count":6,"href":"https:\/\/www.waterchain.eu\/lv\/wp-json\/wp\/v2\/pages\/963\/revisions"}],"predecessor-version":[{"id":3304,"href":"https:\/\/www.waterchain.eu\/lv\/wp-json\/wp\/v2\/pages\/963\/revisions\/3304"}],"wp:featuredmedia":[{"embeddable":true,"href":"https:\/\/www.waterchain.eu\/lv\/wp-json\/wp\/v2\/media\/2138"}],"wp:attachment":[{"href":"https:\/\/www.waterchain.eu\/lv\/wp-json\/wp\/v2\/media?parent=963"}],"curies":[{"name":"wp","href":"https:\/\/api.w.org\/{rel}","templated":true}]}}