{"id":965,"date":"2018-05-21T14:15:51","date_gmt":"2018-05-21T11:15:51","guid":{"rendered":"https:\/\/waterchain.eu\/?page_id=965"},"modified":"2018-07-09T10:12:12","modified_gmt":"2018-07-09T07:12:12","slug":"baribas-vielas","status":"publish","type":"page","link":"https:\/\/www.waterchain.eu\/lv\/problemas-baltijas-jura\/baribas-vielas\/","title":{"rendered":"Bar\u012bbas vielas"},"content":{"rendered":"<h2>Fosfors un sl\u0101peklis<\/h2>\n<h5>No 1800. gadiem l\u012bdz m\u016bsdien\u0101m Baltijas j\u016bra no oligotrofas t\u012br\u016bdens vides ir k\u013cuvusi eitrofiska. Sl\u0101peklis un fosfors ir vienas no t\u0101m bar\u012bbas viel\u0101m, kas ierobe\u017eo augu aug\u0161anu un l\u012bdz ar to nerada nek\u0101dus tie\u0161us draudus j\u016bras organismiem. Eitrofik\u0101cija noz\u012bm\u0113, ka bar\u012bbas vielu koncentr\u0101cija \u016bden\u012b ir p\u0101r\u0101k augsta, un tas izraisa a\u013c\u0123u masveida aug\u0161anu, kas negat\u012bvi ietekm\u0113 ekosist\u0113mu.<\/h5>\n<h5>K\u0101das ir p\u0101rmai\u0146as? Piem\u0113ram, nedzidrs \u016bdens, izmai\u0146as sastopamo zivju popul\u0101cij\u0101s un ve\u0123et\u0101cij\u0101, organisko vielu p\u0101rm\u0113r\u012bga ra\u0161an\u0101s, sk\u0101bek\u013ca pat\u0113ri\u0146a pieaugums, k\u0101 ar\u012b sk\u0101bek\u013ca nepietiekam\u012bba j\u016bras diben\u0101, kas var novest pie dzi\u013c\u016bdens dz\u012bvnieku boj\u0101ejas.<\/h5>\n<figure id=\"attachment_760\" aria-describedby=\"caption-attachment-760\" style=\"width: 1190px\" class=\"wp-caption alignnone\"><img fetchpriority=\"high\" decoding=\"async\" class=\"wp-image-760 size-full\" src=\"https:\/\/www.waterchain.eu\/wp-content\/uploads\/2018\/05\/rehevoityminen.jpg\" alt=\"\" width=\"1200\" height=\"727\" srcset=\"https:\/\/www.waterchain.eu\/wp-content\/uploads\/2018\/05\/rehevoityminen.jpg 1200w, https:\/\/www.waterchain.eu\/wp-content\/uploads\/2018\/05\/rehevoityminen-768x465.jpg 768w\" sizes=\"(max-width: 1200px) 100vw, 1200px\" \/><figcaption id=\"caption-attachment-760\" class=\"wp-caption-text\">Paaugstin\u0101tas bar\u012bbu vielas \u2013 fosfora (P) un sl\u0101pek\u013ca (N) koncentr\u0101cija izraisa eitrofik\u0101ciju. T\u0101 veicina zila\u013c\u0123u zied\u0113\u0161anu, izmai\u0146as \u016bdens ekosist\u0113m\u0101s, sk\u0101bek\u013ca (O2) tr\u016bkumu dzi\u013c\u0101kajos \u016bdens sl\u0101\u0146os, k\u0101 ar\u012b zivju un ve\u0123et\u0101cijas n\u0101vi dzi\u013c\u0101kajos \u016bdens sl\u0101\u0146os. Autorties\u012bbas pieder Emilia M\u00e4kel\u00e4. Bilde piel\u0101gota no Luontoliitto (http:\/\/slideplayer.fi\/slide\/1930400\/) public\u0113t\u0101 or\u0123in\u0101lavota.<\/figcaption><\/figure>\n<p>\t<div class=\"gridable gridable--row\" >\n\t\t\t<div class=\"gridable--col col-4\" >\n\t\t<figure id=\"attachment_756\" aria-describedby=\"caption-attachment-756\" style=\"width: 758px\" class=\"wp-caption alignnone\"><img decoding=\"async\" class=\"wp-image-756 size-medium\" src=\"https:\/\/www.waterchain.eu\/wp-content\/uploads\/2018\/05\/Kuormitus-768x768.jpg\" alt=\"\" width=\"768\" height=\"768\" srcset=\"https:\/\/www.waterchain.eu\/wp-content\/uploads\/2018\/05\/Kuormitus-768x768.jpg 768w, https:\/\/www.waterchain.eu\/wp-content\/uploads\/2018\/05\/Kuormitus-320x320.jpg 320w, https:\/\/www.waterchain.eu\/wp-content\/uploads\/2018\/05\/Kuormitus-300x300.jpg 300w, https:\/\/www.waterchain.eu\/wp-content\/uploads\/2018\/05\/Kuormitus.jpg 1200w\" sizes=\"(max-width: 768px) 100vw, 768px\" \/><figcaption id=\"caption-attachment-756\" class=\"wp-caption-text\">Sl\u0101pek\u013ca un fosfora koncentr\u0101cijas Baltijas j\u016br\u0101 ietekm\u0113 lauksaimniec\u012bba, me\u017esaimniec\u012bba un r\u016bpniec\u012bba. Autorties\u012bbas pieder Emilia M\u00e4kel\u00e4.<\/figcaption><\/figure>\t<\/div>\n\t<div class=\"gridable--col col-8\" >\n\t\t<p><strong>Sl\u0101peklis un fosfors Baltijas j\u016br\u0101 non\u0101k k\u0101 \u016bdens vai gaisa pies\u0101r\u0146ojums.<\/strong> Liel\u0101k\u0101 da\u013ca pies\u0101r\u0146ojo\u0161o vielu j\u016br\u0101 non\u0101k pa \u016bdeni no upju sateces baseiniem un gr\u0101vjiem vai tie\u0161i no piekrastes teritorij\u0101m. Galvenie \u016bdens pies\u0101r\u0146ojuma avoti sateces basein\u0101 ir lauksaimniecisk\u0101 darb\u012bba, me\u017esaimniec\u012bba, r\u016bpniec\u012bba, zivsaimniec\u012bba, m\u0101jsaimniec\u012bbas, k\u0101 ar\u012b dab\u0101 sastopamie pies\u0101r\u0146ojuma avoti. Gaisa pies\u0101r\u0146ojuma ietekme uz Baltijas j\u016bru izpau\u017eas k\u0101 nokri\u0161\u0146i, turkl\u0101t to izcelsme mekl\u0113jama gan Baltijas j\u016bras sateces basein\u0101, gan \u0101rpus t\u0101. Starp gaisa pies\u0101r\u0146ojuma avotiem j\u0101min gan j\u016bras un sauszemes transports, gan lauksaimniecisk\u0101 darb\u012bba un ener\u0123ijas ieguve.<\/p>\n<p><strong>Ja p\u0101rm\u0113r\u012bgas eitrofik\u0101cijas rad\u012btie procesi jau ir s\u0101ku\u0161ies, tos iegro\u017eot ir \u013coti gr\u016bti.<\/strong> Nogulsn\u0113s gadiem ilgi uzkr\u0101ju\u0161\u0101s bar\u012bbas vielas ir gr\u016bti likvid\u0113t, un t\u0101s turpina nodro\u0161in\u0101t a\u013c\u0123u un augu aug\u0161anu. Anoksos jeb bezsk\u0101bek\u013ca apst\u0101k\u013cos fosfors no nogulsn\u0113m izpl\u016bst, veicinot \u016bdens eitrofik\u0101ciju. \u0160o procesu sauc par iek\u0161\u0113jo pies\u0101r\u0146ojumu, un to kontrol\u0113t ir daudz gr\u016bt\u0101k nek\u0101 upju, piekrastes teritoriju un gaisa rad\u012bto pies\u0101r\u0146ojumu.<\/p>\t<\/div>\n\t<\/div>\n\t<div class=\"gridable gridable--row\" >\n\t\t\t<div class=\"gridable--col col-4\" >\n\t\t<figure id=\"attachment_758\" aria-describedby=\"caption-attachment-758\" style=\"width: 758px\" class=\"wp-caption alignnone\"><img decoding=\"async\" class=\"wp-image-758 size-medium\" src=\"https:\/\/www.waterchain.eu\/wp-content\/uploads\/2018\/05\/uintikielto2-768x709.jpg\" alt=\"\" width=\"768\" height=\"709\" srcset=\"https:\/\/www.waterchain.eu\/wp-content\/uploads\/2018\/05\/uintikielto2-768x709.jpg 768w, https:\/\/www.waterchain.eu\/wp-content\/uploads\/2018\/05\/uintikielto2-1280x1182.jpg 1280w, https:\/\/www.waterchain.eu\/wp-content\/uploads\/2018\/05\/uintikielto2.jpg 1300w\" sizes=\"(max-width: 768px) 100vw, 768px\" \/><figcaption id=\"caption-attachment-758\" class=\"wp-caption-text\">Eitrofik\u0101cija veicina toksisko \u016bdens zila\u013c\u0123u zied\u0113\u0161anu, l\u012bdz ar to padarot \u0161\u012bs peldvietas nepiem\u0113rotas cilv\u0113kiem. Autorties\u012bbas pieder Emilia M\u00e4kel\u00e4.<\/figcaption><\/figure>\t<\/div>\n\t<div class=\"gridable--col col-8\" >\n\t\t<p><strong>\u012apa\u0161\u0101s fizik\u0101l\u0101s \u012bpa\u0161\u012bbas Baltijas j\u016bru padara par vienu no pasaules liel\u0101kaj\u0101m ies\u0101\u013c\u016bdens \u016bdenstilpn\u0113m.<\/strong> Baltijas j\u016bras sateces basein\u0101, kas ir \u010detras reizes liel\u0101ks nek\u0101 pati j\u016bra, dz\u012bvo 85 miljoni cilv\u0113ku, t\u0101p\u0113c cilv\u0113ku darb\u012bba \u013coti ietekm\u0113 apst\u0101k\u013cus Baltijas j\u016br\u0101, kuru ar oke\u0101nu savieno vien \u0161aurie un seklie D\u0101\u0146u \u0161aurumi. \u0145emot v\u0113r\u0101 ierobe\u017eoto \u016bdens apmai\u0146u ar Zieme\u013cu j\u016bru, bar\u012bbas vielas Baltijas j\u016br\u0101 var palikt pat 30 gadus. T\u0101d\u0113\u013c jebkura bar\u012bbas vielu iepl\u016bde rada ilgtermi\u0146a sekas, un t\u0101d\u0113\u013c j\u016bras atvese\u013co\u0161anas pas\u0101kumiem nepiecie\u0161ams ilgs laiks.<\/p>\t<\/div>\n\t<\/div>\n<\/p>\n","protected":false},"excerpt":{"rendered":"<p>Fosfors un sl\u0101peklis No 1800. gadiem l\u012bdz m\u016bsdien\u0101m Baltijas j\u016bra no oligotrofas t\u012br\u016bdens vides ir k\u013cuvusi eitrofiska. Sl\u0101peklis un fosfors ir vienas no t\u0101m bar\u012bbas viel\u0101m, kas ierobe\u017eo augu aug\u0161anu un l\u012bdz ar to nerada nek\u0101dus tie\u0161us draudus j\u016bras organismiem. Eitrofik\u0101cija noz\u012bm\u0113, ka bar\u012bbas vielu koncentr\u0101cija \u016bden\u012b ir p\u0101r\u0101k augsta, un tas izraisa a\u013c\u0123u masveida &#8230; <a title=\"Bar\u012bbas vielas\" class=\"read-more\" href=\"https:\/\/www.waterchain.eu\/lv\/problemas-baltijas-jura\/baribas-vielas\/\" aria-label=\"Read more about Bar\u012bbas vielas\">Read more<\/a><\/p>\n","protected":false},"author":1,"featured_media":2106,"parent":963,"menu_order":16,"comment_status":"closed","ping_status":"closed","template":"","meta":{"_exactmetrics_skip_tracking":false,"_exactmetrics_sitenote_active":false,"_exactmetrics_sitenote_note":"","_exactmetrics_sitenote_category":0,"generate_page_header":"","footnotes":""},"class_list":["post-965","page","type-page","status-publish","has-post-thumbnail"],"yoast_head":"<!-- This site is optimized with the Yoast SEO plugin v27.3 - https:\/\/yoast.com\/product\/yoast-seo-wordpress\/ -->\n<title>Bar\u012bbas vielas - WaterChain<\/title>\n<meta name=\"robots\" content=\"index, follow, max-snippet:-1, max-image-preview:large, max-video-preview:-1\" \/>\n<link rel=\"canonical\" href=\"https:\/\/www.waterchain.eu\/lv\/problemas-baltijas-jura\/baribas-vielas\/\" \/>\n<meta property=\"og:locale\" content=\"lv_LV\" \/>\n<meta property=\"og:type\" content=\"article\" \/>\n<meta property=\"og:title\" content=\"Bar\u012bbas vielas - WaterChain\" \/>\n<meta property=\"og:description\" content=\"Fosfors un sl\u0101peklis No 1800. gadiem l\u012bdz m\u016bsdien\u0101m Baltijas j\u016bra no oligotrofas t\u012br\u016bdens vides ir k\u013cuvusi eitrofiska. Sl\u0101peklis un fosfors ir vienas no t\u0101m bar\u012bbas viel\u0101m, kas ierobe\u017eo augu aug\u0161anu un l\u012bdz ar to nerada nek\u0101dus tie\u0161us draudus j\u016bras organismiem. Eitrofik\u0101cija noz\u012bm\u0113, ka bar\u012bbas vielu koncentr\u0101cija \u016bden\u012b ir p\u0101r\u0101k augsta, un tas izraisa a\u013c\u0123u masveida ... Read more\" \/>\n<meta property=\"og:url\" content=\"https:\/\/www.waterchain.eu\/lv\/problemas-baltijas-jura\/baribas-vielas\/\" \/>\n<meta property=\"og:site_name\" content=\"WaterChain\" \/>\n<meta property=\"article:modified_time\" content=\"2018-07-09T07:12:12+00:00\" \/>\n<meta property=\"og:image\" content=\"https:\/\/www.waterchain.eu\/wp-content\/uploads\/2018\/04\/title-skyview-02.jpg\" \/>\n\t<meta property=\"og:image:width\" content=\"1600\" \/>\n\t<meta property=\"og:image:height\" content=\"1000\" \/>\n\t<meta property=\"og:image:type\" content=\"image\/jpeg\" \/>\n<meta name=\"twitter:card\" content=\"summary_large_image\" \/>\n<meta name=\"twitter:label1\" content=\"Est. reading time\" \/>\n\t<meta name=\"twitter:data1\" content=\"3 minutes\" \/>\n<script type=\"application\/ld+json\" class=\"yoast-schema-graph\">{\"@context\":\"https:\\\/\\\/schema.org\",\"@graph\":[{\"@type\":\"WebPage\",\"@id\":\"https:\\\/\\\/www.waterchain.eu\\\/lv\\\/problemas-baltijas-jura\\\/baribas-vielas\\\/\",\"url\":\"https:\\\/\\\/www.waterchain.eu\\\/lv\\\/problemas-baltijas-jura\\\/baribas-vielas\\\/\",\"name\":\"Bar\u012bbas vielas - WaterChain\",\"isPartOf\":{\"@id\":\"https:\\\/\\\/www.waterchain.eu\\\/#website\"},\"primaryImageOfPage\":{\"@id\":\"https:\\\/\\\/www.waterchain.eu\\\/lv\\\/problemas-baltijas-jura\\\/baribas-vielas\\\/#primaryimage\"},\"image\":{\"@id\":\"https:\\\/\\\/www.waterchain.eu\\\/lv\\\/problemas-baltijas-jura\\\/baribas-vielas\\\/#primaryimage\"},\"thumbnailUrl\":\"https:\\\/\\\/www.waterchain.eu\\\/wp-content\\\/uploads\\\/2018\\\/04\\\/title-skyview-02.jpg\",\"datePublished\":\"2018-05-21T11:15:51+00:00\",\"dateModified\":\"2018-07-09T07:12:12+00:00\",\"breadcrumb\":{\"@id\":\"https:\\\/\\\/www.waterchain.eu\\\/lv\\\/problemas-baltijas-jura\\\/baribas-vielas\\\/#breadcrumb\"},\"inLanguage\":\"lv-LV\",\"potentialAction\":[{\"@type\":\"ReadAction\",\"target\":[\"https:\\\/\\\/www.waterchain.eu\\\/lv\\\/problemas-baltijas-jura\\\/baribas-vielas\\\/\"]}]},{\"@type\":\"ImageObject\",\"inLanguage\":\"lv-LV\",\"@id\":\"https:\\\/\\\/www.waterchain.eu\\\/lv\\\/problemas-baltijas-jura\\\/baribas-vielas\\\/#primaryimage\",\"url\":\"https:\\\/\\\/www.waterchain.eu\\\/wp-content\\\/uploads\\\/2018\\\/04\\\/title-skyview-02.jpg\",\"contentUrl\":\"https:\\\/\\\/www.waterchain.eu\\\/wp-content\\\/uploads\\\/2018\\\/04\\\/title-skyview-02.jpg\",\"width\":1600,\"height\":1000},{\"@type\":\"BreadcrumbList\",\"@id\":\"https:\\\/\\\/www.waterchain.eu\\\/lv\\\/problemas-baltijas-jura\\\/baribas-vielas\\\/#breadcrumb\",\"itemListElement\":[{\"@type\":\"ListItem\",\"position\":1,\"name\":\"Home\",\"item\":\"https:\\\/\\\/www.waterchain.eu\\\/lv\\\/\"},{\"@type\":\"ListItem\",\"position\":2,\"name\":\"Probl\u0113mas Baltijas j\u016br\u0101\",\"item\":\"https:\\\/\\\/www.waterchain.eu\\\/lv\\\/problemas-baltijas-jura\\\/\"},{\"@type\":\"ListItem\",\"position\":3,\"name\":\"Bar\u012bbas vielas\"}]},{\"@type\":\"WebSite\",\"@id\":\"https:\\\/\\\/www.waterchain.eu\\\/#website\",\"url\":\"https:\\\/\\\/www.waterchain.eu\\\/\",\"name\":\"WaterChain\",\"description\":\"Recovering the Baltic Sea\",\"publisher\":{\"@id\":\"https:\\\/\\\/www.waterchain.eu\\\/#organization\"},\"potentialAction\":[{\"@type\":\"SearchAction\",\"target\":{\"@type\":\"EntryPoint\",\"urlTemplate\":\"https:\\\/\\\/www.waterchain.eu\\\/?s={search_term_string}\"},\"query-input\":{\"@type\":\"PropertyValueSpecification\",\"valueRequired\":true,\"valueName\":\"search_term_string\"}}],\"inLanguage\":\"lv-LV\"},{\"@type\":\"Organization\",\"@id\":\"https:\\\/\\\/www.waterchain.eu\\\/#organization\",\"name\":\"WaterChain\",\"url\":\"https:\\\/\\\/www.waterchain.eu\\\/\",\"logo\":{\"@type\":\"ImageObject\",\"inLanguage\":\"lv-LV\",\"@id\":\"https:\\\/\\\/www.waterchain.eu\\\/#\\\/schema\\\/logo\\\/image\\\/\",\"url\":\"https:\\\/\\\/www.waterchain.eu\\\/wp-content\\\/uploads\\\/2017\\\/09\\\/WaterChain-logo.png\",\"contentUrl\":\"https:\\\/\\\/www.waterchain.eu\\\/wp-content\\\/uploads\\\/2017\\\/09\\\/WaterChain-logo.png\",\"width\":343,\"height\":120,\"caption\":\"WaterChain\"},\"image\":{\"@id\":\"https:\\\/\\\/www.waterchain.eu\\\/#\\\/schema\\\/logo\\\/image\\\/\"},\"sameAs\":[\"https:\\\/\\\/www.youtube.com\\\/channel\\\/UCz8GhExcENBWQYVkkpn_y3Q\"]}]}<\/script>\n<!-- \/ Yoast SEO plugin. -->","yoast_head_json":{"title":"Bar\u012bbas vielas - WaterChain","robots":{"index":"index","follow":"follow","max-snippet":"max-snippet:-1","max-image-preview":"max-image-preview:large","max-video-preview":"max-video-preview:-1"},"canonical":"https:\/\/www.waterchain.eu\/lv\/problemas-baltijas-jura\/baribas-vielas\/","og_locale":"lv_LV","og_type":"article","og_title":"Bar\u012bbas vielas - WaterChain","og_description":"Fosfors un sl\u0101peklis No 1800. gadiem l\u012bdz m\u016bsdien\u0101m Baltijas j\u016bra no oligotrofas t\u012br\u016bdens vides ir k\u013cuvusi eitrofiska. Sl\u0101peklis un fosfors ir vienas no t\u0101m bar\u012bbas viel\u0101m, kas ierobe\u017eo augu aug\u0161anu un l\u012bdz ar to nerada nek\u0101dus tie\u0161us draudus j\u016bras organismiem. Eitrofik\u0101cija noz\u012bm\u0113, ka bar\u012bbas vielu koncentr\u0101cija \u016bden\u012b ir p\u0101r\u0101k augsta, un tas izraisa a\u013c\u0123u masveida ... Read more","og_url":"https:\/\/www.waterchain.eu\/lv\/problemas-baltijas-jura\/baribas-vielas\/","og_site_name":"WaterChain","article_modified_time":"2018-07-09T07:12:12+00:00","og_image":[{"width":1600,"height":1000,"url":"https:\/\/www.waterchain.eu\/wp-content\/uploads\/2018\/04\/title-skyview-02.jpg","type":"image\/jpeg"}],"twitter_card":"summary_large_image","twitter_misc":{"Est. reading time":"3 minutes"},"schema":{"@context":"https:\/\/schema.org","@graph":[{"@type":"WebPage","@id":"https:\/\/www.waterchain.eu\/lv\/problemas-baltijas-jura\/baribas-vielas\/","url":"https:\/\/www.waterchain.eu\/lv\/problemas-baltijas-jura\/baribas-vielas\/","name":"Bar\u012bbas vielas - WaterChain","isPartOf":{"@id":"https:\/\/www.waterchain.eu\/#website"},"primaryImageOfPage":{"@id":"https:\/\/www.waterchain.eu\/lv\/problemas-baltijas-jura\/baribas-vielas\/#primaryimage"},"image":{"@id":"https:\/\/www.waterchain.eu\/lv\/problemas-baltijas-jura\/baribas-vielas\/#primaryimage"},"thumbnailUrl":"https:\/\/www.waterchain.eu\/wp-content\/uploads\/2018\/04\/title-skyview-02.jpg","datePublished":"2018-05-21T11:15:51+00:00","dateModified":"2018-07-09T07:12:12+00:00","breadcrumb":{"@id":"https:\/\/www.waterchain.eu\/lv\/problemas-baltijas-jura\/baribas-vielas\/#breadcrumb"},"inLanguage":"lv-LV","potentialAction":[{"@type":"ReadAction","target":["https:\/\/www.waterchain.eu\/lv\/problemas-baltijas-jura\/baribas-vielas\/"]}]},{"@type":"ImageObject","inLanguage":"lv-LV","@id":"https:\/\/www.waterchain.eu\/lv\/problemas-baltijas-jura\/baribas-vielas\/#primaryimage","url":"https:\/\/www.waterchain.eu\/wp-content\/uploads\/2018\/04\/title-skyview-02.jpg","contentUrl":"https:\/\/www.waterchain.eu\/wp-content\/uploads\/2018\/04\/title-skyview-02.jpg","width":1600,"height":1000},{"@type":"BreadcrumbList","@id":"https:\/\/www.waterchain.eu\/lv\/problemas-baltijas-jura\/baribas-vielas\/#breadcrumb","itemListElement":[{"@type":"ListItem","position":1,"name":"Home","item":"https:\/\/www.waterchain.eu\/lv\/"},{"@type":"ListItem","position":2,"name":"Probl\u0113mas Baltijas j\u016br\u0101","item":"https:\/\/www.waterchain.eu\/lv\/problemas-baltijas-jura\/"},{"@type":"ListItem","position":3,"name":"Bar\u012bbas vielas"}]},{"@type":"WebSite","@id":"https:\/\/www.waterchain.eu\/#website","url":"https:\/\/www.waterchain.eu\/","name":"WaterChain","description":"Recovering the Baltic Sea","publisher":{"@id":"https:\/\/www.waterchain.eu\/#organization"},"potentialAction":[{"@type":"SearchAction","target":{"@type":"EntryPoint","urlTemplate":"https:\/\/www.waterchain.eu\/?s={search_term_string}"},"query-input":{"@type":"PropertyValueSpecification","valueRequired":true,"valueName":"search_term_string"}}],"inLanguage":"lv-LV"},{"@type":"Organization","@id":"https:\/\/www.waterchain.eu\/#organization","name":"WaterChain","url":"https:\/\/www.waterchain.eu\/","logo":{"@type":"ImageObject","inLanguage":"lv-LV","@id":"https:\/\/www.waterchain.eu\/#\/schema\/logo\/image\/","url":"https:\/\/www.waterchain.eu\/wp-content\/uploads\/2017\/09\/WaterChain-logo.png","contentUrl":"https:\/\/www.waterchain.eu\/wp-content\/uploads\/2017\/09\/WaterChain-logo.png","width":343,"height":120,"caption":"WaterChain"},"image":{"@id":"https:\/\/www.waterchain.eu\/#\/schema\/logo\/image\/"},"sameAs":["https:\/\/www.youtube.com\/channel\/UCz8GhExcENBWQYVkkpn_y3Q"]}]}},"_links":{"self":[{"href":"https:\/\/www.waterchain.eu\/lv\/wp-json\/wp\/v2\/pages\/965","targetHints":{"allow":["GET"]}}],"collection":[{"href":"https:\/\/www.waterchain.eu\/lv\/wp-json\/wp\/v2\/pages"}],"about":[{"href":"https:\/\/www.waterchain.eu\/lv\/wp-json\/wp\/v2\/types\/page"}],"author":[{"embeddable":true,"href":"https:\/\/www.waterchain.eu\/lv\/wp-json\/wp\/v2\/users\/1"}],"replies":[{"embeddable":true,"href":"https:\/\/www.waterchain.eu\/lv\/wp-json\/wp\/v2\/comments?post=965"}],"version-history":[{"count":12,"href":"https:\/\/www.waterchain.eu\/lv\/wp-json\/wp\/v2\/pages\/965\/revisions"}],"predecessor-version":[{"id":2902,"href":"https:\/\/www.waterchain.eu\/lv\/wp-json\/wp\/v2\/pages\/965\/revisions\/2902"}],"up":[{"embeddable":true,"href":"https:\/\/www.waterchain.eu\/lv\/wp-json\/wp\/v2\/pages\/963"}],"wp:featuredmedia":[{"embeddable":true,"href":"https:\/\/www.waterchain.eu\/lv\/wp-json\/wp\/v2\/media\/2106"}],"wp:attachment":[{"href":"https:\/\/www.waterchain.eu\/lv\/wp-json\/wp\/v2\/media?parent=965"}],"curies":[{"name":"wp","href":"https:\/\/api.w.org\/{rel}","templated":true}]}}