{"id":969,"date":"2018-05-21T15:08:46","date_gmt":"2018-05-21T12:08:46","guid":{"rendered":"https:\/\/waterchain.eu\/?page_id=969"},"modified":"2018-07-09T10:13:20","modified_gmt":"2018-07-09T07:13:20","slug":"bistamas-vielas","status":"publish","type":"page","link":"https:\/\/www.waterchain.eu\/lv\/problemas-baltijas-jura\/bistamas-vielas\/","title":{"rendered":"B\u012bstam\u0101s vielas"},"content":{"rendered":"<h2>B\u012bstam\u0101s vielas<\/h2>\n<h5>T\u0101 k\u0101 t\u0101das sint\u0113tisk\u0101s b\u012bstam\u0101s vielas k\u0101 ftal\u0101ti un perfluor\u0113ti savienojumi dab\u0101 nav sastopami, non\u0101kot vid\u0113, tie k\u013c\u016bst par pies\u0101r\u0146ot\u0101jviel\u0101m. \u016adens ekosist\u0113m\u0101 \u0161\u012bs vielas var nok\u013c\u016bt, piem\u0113ram, caur t\u0101d\u0101m notek\u016bdens att\u012br\u012b\u0161anas iek\u0101rt\u0101m, kuras nav piem\u0113rotas \u016bdens att\u012br\u012b\u0161anai no b\u012bstamaj\u0101m viel\u0101m.<\/h5>\n<figure id=\"attachment_681\" aria-describedby=\"caption-attachment-681\" style=\"width: 758px\" class=\"wp-caption alignnone\"><img fetchpriority=\"high\" decoding=\"async\" class=\"wp-image-681 size-medium\" src=\"https:\/\/www.waterchain.eu\/wp-content\/uploads\/2018\/05\/vaarallisetaineet-768x542.jpg\" alt=\"\" width=\"768\" height=\"542\" srcset=\"https:\/\/www.waterchain.eu\/wp-content\/uploads\/2018\/05\/vaarallisetaineet-768x542.jpg 768w, https:\/\/www.waterchain.eu\/wp-content\/uploads\/2018\/05\/vaarallisetaineet-1280x903.jpg 1280w, https:\/\/www.waterchain.eu\/wp-content\/uploads\/2018\/05\/vaarallisetaineet.jpg 1600w\" sizes=\"(max-width: 768px) 100vw, 768px\" \/><figcaption id=\"caption-attachment-681\" class=\"wp-caption-text\">Starp b\u012bstam\u0101m viel\u0101m minami perfluor\u0113tie savienojumi, medikamenti un farm\u0101cijas atkritumi, plastmasa, pestic\u012bdi un sadz\u012bves \u0137\u012bmija. Da\u017eas no t\u0101m uzkr\u0101jas bar\u012bbas \u0137ed\u0113 un galu gal\u0101 non\u0101k uz m\u016bsu vakari\u0146u \u0161\u0137ivja. Autorties\u012bbas pieder Emilia M\u00e4kel\u00e4.<\/figcaption><\/figure>\n<p>Papildus \u0161o vielu izpl\u016bdei no r\u016bpn\u012bc\u0101m un uz\u0146\u0113mumiem, kas ra\u017eo vai izmanto \u0161\u012bs vielas, b\u012bstam\u0101s vielas notek\u016bdens att\u012br\u012b\u0161anas iek\u0101rt\u0101s non\u0101k ar\u012b no pat\u0113ri\u0146a pre\u010du lieto\u0161anas m\u0101jsaimniec\u012bb\u0101s. Te j\u0101min plastmasas izstr\u0101d\u0101jumi (PVC), pannas ar \u012bpa\u0161iem p\u0101rkl\u0101jumiem, sl\u0113pju vasks, elektroier\u012b\u010du liesmu sl\u0101p\u0113t\u0101ji u. c. Da\u017eas b\u012bstam\u0101s vielas bioakumul\u0113jas bar\u012bbas \u0137\u0113d\u0113, un t\u0101d\u0101 veid\u0101 var non\u0101kt pat uz m\u016bsu pusdienu \u0161\u0137\u012bvja.<\/p>\n<p>WaterChain projekt\u0101 m\u0113s piev\u0113rs\u0101m uzman\u012bbu \u010detr\u0101m b\u012bstamo vielu grup\u0101m (to aprakstu atrad\u012bsi turpin\u0101jum\u0101). ES l\u012bmen\u012b \u0161ie savienojumi ir atz\u012bti par nopietnu draudu:<\/p>\n<ul>\n<li><a href=\"#1\">Perfluor\u0113tie savienojumi<\/a> (PFOA, PFOS) ir iek\u013cauti Vides kvalit\u0101tes standartu direkt\u012bv\u0101 2013\/39\/ES un nor\u0101d\u012bti k\u0101 priorit\u0101r\u0101s vielas Baltijas j\u016bras r\u012bc\u012bbas pl\u0101n\u0101<\/li>\n<li><a href=\"#2\">Medikamenti<\/a> atbilsto\u0161i Vides kvalit\u0101tes standartu direkt\u012bvas 2013\/39\/ES nosac\u012bjumiem ir iek\u013cauti nov\u0113rojamo vielu sarakst\u0101<\/li>\n<li><a href=\"#3\">Ftal\u0101ti<\/a> (DEHP), ko izmanto, lai plastmasu padar\u012btu m\u012bkstu, elast\u012bgu un iztur\u012bg\u0101ku, ar\u012b ir iek\u013cauti Vides kvalit\u0101tes standartu direkt\u012bvas 2013\/39\/ES priorit\u0101ro vielu sarakst\u0101<\/li>\n<li>Vides kvalit\u0101tes standartu direkt\u012bvas 2013\/39\/ES priorit\u0101ro vielu sarakst\u0101 kop\u0101 ir iek\u013cautas 45 vielas, 23 no t\u0101m ir <a href=\"#4\">pestic\u012bdi.<\/a><\/li>\n<\/ul>\n<p><a href=\"https:\/\/eur-lex.europa.eu\/legal-content\/EN\/TXT\/?uri=CELEX:32013L0039\" target=\"_blank\" rel=\"noopener\">Vides kvalit\u0101tes standartu direkt\u012bva 2013\/39\/ES<\/a><br \/>\n<a href=\"http:\/\/www.helcom.fi\/baltic-sea-trends\/indicators\/\" target=\"_blank\" rel=\"noopener\">Baltijas j\u016bras r\u012bc\u012bbas pl\u0101na priorit\u0101r\u0101s vielas<\/a><\/p>\n<hr \/>\n<div id=\"accordion-1\" class=\"accordion no-js\"><\/p>\n<p>\n\t\t\t\t\t<h3 role=\"button\" id=\"1\" class=\"accordion-title js-accordion-controller\" aria-controls=\"content-1\" aria-expanded=\"false\" tabindex=\"0\">\n\t\t\t\tPerfluor\u0113tie savienojumi\t\t\t<\/h3>\n\t\t\n\t\t<div id=\"content-1\" class=\"accordion-content\" aria-hidden=\"true\">\n\t\t\t<\/p>\n<p>\t<div class=\"gridable gridable--row\" >\n\t\t\t<div class=\"gridable--col col-4\" >\n\t\t<p><img decoding=\"async\" class=\"alignnone size-medium wp-image-683\" src=\"https:\/\/www.waterchain.eu\/wp-content\/uploads\/2018\/06\/Perfluorinated-compounds_Copyright-Emilia-M\u00e4kel\u00e4.png\" alt=\"\" width=\"768\" height=\"481\" \/><\/p>\t<\/div>\n\t<div class=\"gridable--col col-8\" >\n\t\t<p>Perfluor\u0113tie savienojumi atrodami virtuves piederumos ar \u012bpa\u0161u p\u0101rkl\u0101jumu, audumos, l\u012bdzek\u013cos, kas m\u0113beles un pakl\u0101jus pasarg\u0101 no traipiem, p\u0101rtikas produktu iepakojumos, ugunsdz\u0113s\u012bbas put\u0101s, elektrotehnik\u0101. Tos izmanto ar\u012b lidapar\u0101tu izgatavo\u0161an\u0101, ma\u0161\u012bnb\u016bv\u0113 un celtniec\u012bb\u0101. Liel\u0101k\u0101s perfluor\u0113to savienojumu apak\u0161kategorijas ir perfluorokt\u0101nsulfosk\u0101be (PFOS) un perfluorokt\u0101nsk\u0101be (PFOA).<\/p>\n<p>Perfluor\u0113tie savienojumi vid\u0113 non\u0101k produktu izgatavo\u0161anas un lieto\u0161anas laik\u0101, k\u0101 ar\u012b tad, kad tiek izmesti. \u0160o \u0137imik\u0101liju molekulas ir \u0101rk\u0101rt\u012bgi stabilas, t\u0101p\u0113c perfluor\u0113tos savienojumus var uzskat\u012bt par past\u0101v\u012bgaj\u0101m organiskaj\u0101m pies\u0101r\u0146ot\u0101jviel\u0101m.<\/p>\n<p>Cilv\u0113ks nelielu daudzumu perfluor\u0113to savienojumu uz\u0146em ar p\u0101rtiku un dzeramo \u016bdeni, k\u0101 ar\u012b lietojot preces, kuru sast\u0101v\u0101 ir \u0161ie savienojumi (piem\u0113ram, izmantojot p\u0101rtikas iepakojumu un ap\u0123\u0113rbu). R\u016bpnieciskaj\u0101s valst\u012bs perfluor\u0113tie savienojumi ir atrodami gandr\u012bz visu iedz\u012bvot\u0101ju asin\u012bs. Past\u0101v aizdomas, ka \u0161\u012bs vielas var rad\u012bt t\u0101das vesel\u012bbas probl\u0113mas k\u0101 izmain\u012bts hormonu l\u012bmenis, v\u0113zis un kav\u0113ta fizisk\u0101 att\u012bst\u012bba.<\/p>\n<p><a href=\"https:\/\/www.waterchain.eu\/what-can-i-do\/hazardous-substances\/\">Uzzini, k\u0101 pasarg\u0101t sevi un apk\u0101rt\u0113jo vidi no perfluor\u0113to savienojumu iedarb\u012bbas!<\/a>.<\/p>\t<\/div>\n\t<\/div>\n<\/p>\n<p>\t\t<\/div>\n\n\t\t<\/p>\n<p>\n\t\t\t\t\t<h3 role=\"button\" id=\"2\" class=\"accordion-title js-accordion-controller\" aria-controls=\"content-2\" aria-expanded=\"false\" tabindex=\"0\">\n\t\t\t\tMedikamenti\t\t\t<\/h3>\n\t\t\n\t\t<div id=\"content-2\" class=\"accordion-content\" aria-hidden=\"true\">\n\t\t\t<\/p>\n<p>\t<div class=\"gridable gridable--row\" >\n\t\t\t<div class=\"gridable--col col-4\" >\n\t\t<p><img decoding=\"async\" class=\"alignnone size-medium wp-image-684\" src=\"https:\/\/www.waterchain.eu\/wp-content\/uploads\/2018\/06\/Pharmaceuticals_Copyright-Emilia-M\u00e4kel\u00e4.png\" alt=\"\" width=\"768\" height=\"554\" \/><\/p>\t<\/div>\n\t<div class=\"gridable--col col-8\" >\n\t\t<p>Vis\u0101 pasaul\u0113 pieaug medikamentu ra\u017eo\u0161ana un pat\u0113ri\u0146\u0161, savuk\u0101rt tas noz\u012bm\u0113, ka medikamenti ar\u012b bie\u017e\u0101k non\u0101k apk\u0101rt\u0113j\u0101 vid\u0113. P\u0101rsvar\u0101 tas notiek caur notek\u016bdens att\u012br\u012b\u0161anas iek\u0101rt\u0101m, slimn\u012bc\u0101m un ar lopkop\u012bbas saimniec\u012bbu notek\u016bde\u0146iem. J\u0101atceras, ka risku rada ar\u012b farm\u0101cijas ra\u017eotnes, kuras nenodro\u0161ina piln\u012bgu notek\u016bde\u0146u att\u012br\u012b\u0161anu.<\/p>\n<p>Da\u017e\u0101du medikamentu sast\u0101vda\u013cu kl\u0101tb\u016btne ir konstat\u0113ta ezeros, up\u0113s, j\u016br\u0101 un grunts\u016bde\u0146os. T\u0101s negat\u012bvi ietekm\u0113 \u016bdens organismu reprodukt\u012bvo sist\u0113mu, aug\u0161anu un uzved\u012bbu. Diem\u017e\u0113l par neliela daudzuma \u0161o vielu iedarb\u012bbu ilg\u0101 laika posm\u0101 nav zin\u0101ms nekas daudz, jo \u0161\u0101di p\u0113t\u012bjumi ir \u0101rk\u0101rt\u012bgi sare\u017e\u0123\u012bti un izmaks\u0101 \u013coti daudz.<\/p>\n<p>\u012apa\u0161a uzman\u012bba b\u016btu j\u0101piev\u0113r\u0161 \u0161\u012bm farmaceitiskaj\u0101m viel\u0101m: metform\u012bnam, dzimst\u012bbas kontrol\u0113\u0161an\u0101 izmantotajiem hormon\u0101lajiem prepar\u0101tiem, ibuprof\u0113nam un diklofenakam.<\/p>\n<p><a href=\"https:\/\/www.waterchain.eu\/what-can-i-do\/hazardous-substances\/\">Uzzini, k\u0101 pasarg\u0101t sevi un apk\u0101rt\u0113jo vidi no medikamentu atlieku iedarb\u012bbas!<\/a>.<\/p>\t<\/div>\n\t<\/div>\n<\/p>\n<p>\t\t<\/div>\n\n\t\t<\/p>\n<p>\n\t\t\t\t\t<h3 role=\"button\" id=\"3\" class=\"accordion-title js-accordion-controller\" aria-controls=\"content-3\" aria-expanded=\"false\" tabindex=\"0\">\n\t\t\t\tPlastmasa\t\t\t<\/h3>\n\t\t\n\t\t<div id=\"content-3\" class=\"accordion-content\" aria-hidden=\"true\">\n\t\t\t<\/p>\n<p>\t<div class=\"gridable gridable--row\" >\n\t\t\t<div class=\"gridable--col col-4\" >\n\t\t<p><img loading=\"lazy\" decoding=\"async\" class=\"alignnone size-medium wp-image-686\" src=\"https:\/\/www.waterchain.eu\/wp-content\/uploads\/2018\/06\/Plastics_Copyright-Emilia-M\u00e4kel\u00e4.png\" alt=\"\" width=\"768\" height=\"568\" \/><\/p>\t<\/div>\n\t<div class=\"gridable--col col-8\" >\n\t\t<p>Katru gadu oke\u0101n\u0101 non\u0101k vair\u0101k nek\u0101 8 miljoni tonnu plastmasas. \u016aden\u012b plastmasa sadal\u0101s maz\u0101k\u0101s da\u013ci\u0146\u0101s \u2014 mikroplastmas\u0101 \u2014, kas non\u0101k bar\u012bbas \u0137\u0113d\u0113. Mikroplastmasa nav tikai plastmasas atkritumi, to rada ar\u012b satiksme un r\u016bpniec\u012bbas uz\u0146\u0113mumi, un t\u0101 atrodama ap\u0123\u0113rb\u0101 un kosm\u0113tikas izstr\u0101d\u0101jumos.<\/p>\n<p>Liel\u0101kajai da\u013cai plastmasu ir vis\u0101di piemais\u012bjumi: pildvielas, plastifikatori (ftal\u0101ti) un kr\u0101svielas, kas ar\u012b non\u0101k vid\u0113. \u016aden\u012b plastmasas da\u013ci\u0146as darbojas k\u0101 s\u016bklis \u2014 t\u0101s akumul\u0113 un uzglab\u0101 citas pies\u0101r\u0146ot\u0101jvielas.<\/p>\n<p>Aizvien pieaug to dz\u012bvnieku skaits, kas ir g\u0101ju\u0161i boj\u0101, jo noriju\u0161i plastmasas da\u013ci\u0146as vai sapinu\u0161ies taj\u0101. Cilv\u0113ks plastmas\u0101 eso\u0161o \u0137imik\u0101liju iedarb\u012bbai tiek pak\u013cauts, \u0113dot p\u0101rtiku, kas bijusi iesai\u0146ota plastmasas iepakojum\u0101, vai \u0113dot ar mikroplastmasu pies\u0101r\u0146otas j\u016bras veltes.<\/p>\n<p><strong>FTAL\u0100TI<\/strong><br \/>\nFtal\u0101tus izmanto, lai plastmasu padar\u012btu m\u012bkstu, elast\u012bgu un iztur\u012bg\u0101ku. Tie ir atrodami vinila gr\u012bdas segumos, ap\u0123\u0113rb\u0101, kabe\u013cu apvalk\u0101, du\u0161as aizkaros, ziep\u0113s, \u0161amp\u016bnos un nagu lak\u0101s. P\u0113t\u012bjumi r\u0101da, ka ftal\u0101ti ir saist\u012bti ar kr\u016bts v\u0113zi, aptauko\u0161anos, priek\u0161laic\u012bg\u0101m dzemd\u012bb\u0101m, intelektu\u0101l\u0101s att\u012bst\u012bbas trauc\u0113jumiem, aler\u0123iju, diab\u0113tu un hormonu darb\u012bbas trauc\u0113jumiem.<\/p>\n<p><strong>BISFENOLS A (BPA)<\/strong><br \/>\nBisfenols A atrodams \u016bdens pudel\u0113s, \u010dekos, k\u0101 ar\u012b sk\u0101rda bund\u017eu iek\u0161\u0113j\u0101 p\u0101rkl\u0101jum\u0101. P\u0113t\u012bjumi to saista ar aptauko\u0161anos, vairogdziedzera disfunkciju, risku saslimt ar v\u0113zi, k\u0101 ar\u012b astmu. Eiropas \u0136imik\u0101liju a\u0123ent\u016bra (ECHA) 2017. gad\u0101 atzina, ka BPA izmanto\u0161anu nepiecie\u0161ams r\u016bp\u012bgi uzman\u012bt un kontrol\u0113t, jo tas boj\u0101 endokr\u012bno sist\u0113mu.<\/p>\n<p><a href=\"https:\/\/www.waterchain.eu\/what-can-i-do\/hazardous-substances\/\">Uzzini, k\u0101 pasarg\u0101t sevi un apk\u0101rt\u0113jo vidi no plastmasas iedarb\u012bbas!<\/a>.<\/p>\t<\/div>\n\t<\/div>\n<\/p>\n<p>\t\t<\/div>\n\n\t\t<\/p>\n<p>\n\t\t\t\t\t<h3 role=\"button\" id=\"4\" class=\"accordion-title js-accordion-controller\" aria-controls=\"content-4\" aria-expanded=\"false\" tabindex=\"0\">\n\t\t\t\tPestic\u012bdi\t\t\t<\/h3>\n\t\t\n\t\t<div id=\"content-4\" class=\"accordion-content\" aria-hidden=\"true\">\n\t\t\t<\/p>\n<p>\t<div class=\"gridable gridable--row\" >\n\t\t\t<div class=\"gridable--col col-4\" >\n\t\t<p><img loading=\"lazy\" decoding=\"async\" class=\"alignnone size-medium wp-image-685\" src=\"https:\/\/www.waterchain.eu\/wp-content\/uploads\/2018\/06\/Pesticides_Copyright-Emilia-M\u00e4kel\u00e4.png\" alt=\"\" width=\"768\" height=\"352\" \/><\/p>\t<\/div>\n\t<div class=\"gridable--col col-8\" >\n\t\t<p>Pestic\u012bdi ir \u0137imik\u0101lijas, ko izmanto nez\u0101\u013cu, insektu, s\u0113n\u012b\u0161u un grauz\u0113ju izn\u012bcin\u0101\u0161anai. \u0136\u012bmiskie pestic\u012bdi satur akt\u012bv\u0101s vielas, nes\u0113jvielas un daudzos gad\u012bjumos ar\u012b piedevas, kas uzlabo pestic\u012bdu efektivit\u0101ti.<\/p>\n<p>Apr\u0113\u0137ini liecina, ka pasaul\u0113 katru gadu tiek izmantoti aptuveni 2 miljoni tonnu pestic\u012bdu. Liel\u0101kais to pat\u0113r\u0113t\u0101js ir Eiropa, kam seko ASV.<\/p>\n<p>GLOB\u0100L\u0100S TENDENCES LIECINA, KA PESTIC\u012aDI ARVIEN VAIR\u0100K TIEK LIETOTI GAN LAUKSAIMNIEC\u012aB\u0100, GAN PIEM\u0100JAS D\u0100RZI\u0145OS.<\/p>\n<p>Pestic\u012bdi var pasliktin\u0101t cilv\u0113ku vesel\u012bbu un pies\u0101r\u0146ot p\u0101rtiku un augsni. Laika gait\u0101 \u0137imik\u0101lijas uzkr\u0101jas organismos, ar\u012b cilv\u0113k\u0101. Aizliegtie pestic\u012bdi (piem\u0113ram, DDT un triflural\u012bns) vid\u0113 var saglab\u0101ties \u013coti ilgu laiku. P\u0113t\u012bjumi r\u0101da, ka saikne var\u0113tu b\u016bt ar\u012b starp pestic\u012bdu iedarb\u012bbu un medus bi\u0161u koloniju izmir\u0161anu.<\/p>\n<p><a href=\"https:\/\/www.waterchain.eu\/what-can-i-do\/hazardous-substances\/\">Uzzini, k\u0101 pasarg\u0101t sevi un apk\u0101rt\u0113jo vidi no pestic\u012bdu iedarb\u012bbas!<\/a>.<\/p>\t<\/div>\n\t<\/div>\n<\/p>\n<p>\t\t<\/div>\n\n\t\t<\/p>\n<p><\/div>\n","protected":false},"excerpt":{"rendered":"<p>B\u012bstam\u0101s vielas T\u0101 k\u0101 t\u0101das sint\u0113tisk\u0101s b\u012bstam\u0101s vielas k\u0101 ftal\u0101ti un perfluor\u0113ti savienojumi dab\u0101 nav sastopami, non\u0101kot vid\u0113, tie k\u013c\u016bst par pies\u0101r\u0146ot\u0101jviel\u0101m. \u016adens ekosist\u0113m\u0101 \u0161\u012bs vielas var nok\u013c\u016bt, piem\u0113ram, caur t\u0101d\u0101m notek\u016bdens att\u012br\u012b\u0161anas iek\u0101rt\u0101m, kuras nav piem\u0113rotas \u016bdens att\u012br\u012b\u0161anai no b\u012bstamaj\u0101m viel\u0101m. Papildus \u0161o vielu izpl\u016bdei no r\u016bpn\u012bc\u0101m un uz\u0146\u0113mumiem, kas ra\u017eo vai izmanto \u0161\u012bs &#8230; <a title=\"B\u012bstam\u0101s vielas\" class=\"read-more\" href=\"https:\/\/www.waterchain.eu\/lv\/problemas-baltijas-jura\/bistamas-vielas\/\" aria-label=\"Read more about B\u012bstam\u0101s vielas\">Read more<\/a><\/p>\n","protected":false},"author":1,"featured_media":2174,"parent":963,"menu_order":34,"comment_status":"closed","ping_status":"closed","template":"","meta":{"_exactmetrics_skip_tracking":false,"_exactmetrics_sitenote_active":false,"_exactmetrics_sitenote_note":"","_exactmetrics_sitenote_category":0,"generate_page_header":"","footnotes":""},"class_list":["post-969","page","type-page","status-publish","has-post-thumbnail"],"yoast_head":"<!-- This site is optimized with the Yoast SEO plugin v27.3 - https:\/\/yoast.com\/product\/yoast-seo-wordpress\/ -->\n<title>B\u012bstam\u0101s vielas - WaterChain<\/title>\n<meta name=\"robots\" content=\"index, follow, max-snippet:-1, max-image-preview:large, max-video-preview:-1\" \/>\n<link rel=\"canonical\" href=\"https:\/\/www.waterchain.eu\/lv\/problemas-baltijas-jura\/bistamas-vielas\/\" \/>\n<meta property=\"og:locale\" content=\"lv_LV\" \/>\n<meta property=\"og:type\" content=\"article\" \/>\n<meta property=\"og:title\" content=\"B\u012bstam\u0101s vielas - WaterChain\" \/>\n<meta property=\"og:description\" content=\"B\u012bstam\u0101s vielas T\u0101 k\u0101 t\u0101das sint\u0113tisk\u0101s b\u012bstam\u0101s vielas k\u0101 ftal\u0101ti un perfluor\u0113ti savienojumi dab\u0101 nav sastopami, non\u0101kot vid\u0113, tie k\u013c\u016bst par pies\u0101r\u0146ot\u0101jviel\u0101m. \u016adens ekosist\u0113m\u0101 \u0161\u012bs vielas var nok\u013c\u016bt, piem\u0113ram, caur t\u0101d\u0101m notek\u016bdens att\u012br\u012b\u0161anas iek\u0101rt\u0101m, kuras nav piem\u0113rotas \u016bdens att\u012br\u012b\u0161anai no b\u012bstamaj\u0101m viel\u0101m. Papildus \u0161o vielu izpl\u016bdei no r\u016bpn\u012bc\u0101m un uz\u0146\u0113mumiem, kas ra\u017eo vai izmanto \u0161\u012bs ... Read more\" \/>\n<meta property=\"og:url\" content=\"https:\/\/www.waterchain.eu\/lv\/problemas-baltijas-jura\/bistamas-vielas\/\" \/>\n<meta property=\"og:site_name\" content=\"WaterChain\" \/>\n<meta property=\"article:modified_time\" content=\"2018-07-09T07:13:20+00:00\" \/>\n<meta property=\"og:image\" content=\"https:\/\/www.waterchain.eu\/wp-content\/uploads\/2017\/09\/baltic-sea-seagulls.jpg\" \/>\n\t<meta property=\"og:image:width\" content=\"1600\" \/>\n\t<meta property=\"og:image:height\" content=\"1200\" \/>\n\t<meta property=\"og:image:type\" content=\"image\/jpeg\" \/>\n<meta name=\"twitter:card\" content=\"summary_large_image\" \/>\n<meta name=\"twitter:label1\" content=\"Est. reading time\" \/>\n\t<meta name=\"twitter:data1\" content=\"7 minutes\" \/>\n<script type=\"application\/ld+json\" class=\"yoast-schema-graph\">{\"@context\":\"https:\\\/\\\/schema.org\",\"@graph\":[{\"@type\":\"WebPage\",\"@id\":\"https:\\\/\\\/www.waterchain.eu\\\/lv\\\/problemas-baltijas-jura\\\/bistamas-vielas\\\/\",\"url\":\"https:\\\/\\\/www.waterchain.eu\\\/lv\\\/problemas-baltijas-jura\\\/bistamas-vielas\\\/\",\"name\":\"B\u012bstam\u0101s vielas - WaterChain\",\"isPartOf\":{\"@id\":\"https:\\\/\\\/www.waterchain.eu\\\/#website\"},\"primaryImageOfPage\":{\"@id\":\"https:\\\/\\\/www.waterchain.eu\\\/lv\\\/problemas-baltijas-jura\\\/bistamas-vielas\\\/#primaryimage\"},\"image\":{\"@id\":\"https:\\\/\\\/www.waterchain.eu\\\/lv\\\/problemas-baltijas-jura\\\/bistamas-vielas\\\/#primaryimage\"},\"thumbnailUrl\":\"https:\\\/\\\/www.waterchain.eu\\\/wp-content\\\/uploads\\\/2017\\\/09\\\/baltic-sea-seagulls.jpg\",\"datePublished\":\"2018-05-21T12:08:46+00:00\",\"dateModified\":\"2018-07-09T07:13:20+00:00\",\"breadcrumb\":{\"@id\":\"https:\\\/\\\/www.waterchain.eu\\\/lv\\\/problemas-baltijas-jura\\\/bistamas-vielas\\\/#breadcrumb\"},\"inLanguage\":\"lv-LV\",\"potentialAction\":[{\"@type\":\"ReadAction\",\"target\":[\"https:\\\/\\\/www.waterchain.eu\\\/lv\\\/problemas-baltijas-jura\\\/bistamas-vielas\\\/\"]}]},{\"@type\":\"ImageObject\",\"inLanguage\":\"lv-LV\",\"@id\":\"https:\\\/\\\/www.waterchain.eu\\\/lv\\\/problemas-baltijas-jura\\\/bistamas-vielas\\\/#primaryimage\",\"url\":\"https:\\\/\\\/www.waterchain.eu\\\/wp-content\\\/uploads\\\/2017\\\/09\\\/baltic-sea-seagulls.jpg\",\"contentUrl\":\"https:\\\/\\\/www.waterchain.eu\\\/wp-content\\\/uploads\\\/2017\\\/09\\\/baltic-sea-seagulls.jpg\",\"width\":1600,\"height\":1200},{\"@type\":\"BreadcrumbList\",\"@id\":\"https:\\\/\\\/www.waterchain.eu\\\/lv\\\/problemas-baltijas-jura\\\/bistamas-vielas\\\/#breadcrumb\",\"itemListElement\":[{\"@type\":\"ListItem\",\"position\":1,\"name\":\"Home\",\"item\":\"https:\\\/\\\/www.waterchain.eu\\\/lv\\\/\"},{\"@type\":\"ListItem\",\"position\":2,\"name\":\"Probl\u0113mas Baltijas j\u016br\u0101\",\"item\":\"https:\\\/\\\/www.waterchain.eu\\\/lv\\\/problemas-baltijas-jura\\\/\"},{\"@type\":\"ListItem\",\"position\":3,\"name\":\"B\u012bstam\u0101s vielas\"}]},{\"@type\":\"WebSite\",\"@id\":\"https:\\\/\\\/www.waterchain.eu\\\/#website\",\"url\":\"https:\\\/\\\/www.waterchain.eu\\\/\",\"name\":\"WaterChain\",\"description\":\"Recovering the Baltic Sea\",\"publisher\":{\"@id\":\"https:\\\/\\\/www.waterchain.eu\\\/#organization\"},\"potentialAction\":[{\"@type\":\"SearchAction\",\"target\":{\"@type\":\"EntryPoint\",\"urlTemplate\":\"https:\\\/\\\/www.waterchain.eu\\\/?s={search_term_string}\"},\"query-input\":{\"@type\":\"PropertyValueSpecification\",\"valueRequired\":true,\"valueName\":\"search_term_string\"}}],\"inLanguage\":\"lv-LV\"},{\"@type\":\"Organization\",\"@id\":\"https:\\\/\\\/www.waterchain.eu\\\/#organization\",\"name\":\"WaterChain\",\"url\":\"https:\\\/\\\/www.waterchain.eu\\\/\",\"logo\":{\"@type\":\"ImageObject\",\"inLanguage\":\"lv-LV\",\"@id\":\"https:\\\/\\\/www.waterchain.eu\\\/#\\\/schema\\\/logo\\\/image\\\/\",\"url\":\"https:\\\/\\\/www.waterchain.eu\\\/wp-content\\\/uploads\\\/2017\\\/09\\\/WaterChain-logo.png\",\"contentUrl\":\"https:\\\/\\\/www.waterchain.eu\\\/wp-content\\\/uploads\\\/2017\\\/09\\\/WaterChain-logo.png\",\"width\":343,\"height\":120,\"caption\":\"WaterChain\"},\"image\":{\"@id\":\"https:\\\/\\\/www.waterchain.eu\\\/#\\\/schema\\\/logo\\\/image\\\/\"},\"sameAs\":[\"https:\\\/\\\/www.youtube.com\\\/channel\\\/UCz8GhExcENBWQYVkkpn_y3Q\"]}]}<\/script>\n<!-- \/ Yoast SEO plugin. -->","yoast_head_json":{"title":"B\u012bstam\u0101s vielas - WaterChain","robots":{"index":"index","follow":"follow","max-snippet":"max-snippet:-1","max-image-preview":"max-image-preview:large","max-video-preview":"max-video-preview:-1"},"canonical":"https:\/\/www.waterchain.eu\/lv\/problemas-baltijas-jura\/bistamas-vielas\/","og_locale":"lv_LV","og_type":"article","og_title":"B\u012bstam\u0101s vielas - WaterChain","og_description":"B\u012bstam\u0101s vielas T\u0101 k\u0101 t\u0101das sint\u0113tisk\u0101s b\u012bstam\u0101s vielas k\u0101 ftal\u0101ti un perfluor\u0113ti savienojumi dab\u0101 nav sastopami, non\u0101kot vid\u0113, tie k\u013c\u016bst par pies\u0101r\u0146ot\u0101jviel\u0101m. \u016adens ekosist\u0113m\u0101 \u0161\u012bs vielas var nok\u013c\u016bt, piem\u0113ram, caur t\u0101d\u0101m notek\u016bdens att\u012br\u012b\u0161anas iek\u0101rt\u0101m, kuras nav piem\u0113rotas \u016bdens att\u012br\u012b\u0161anai no b\u012bstamaj\u0101m viel\u0101m. Papildus \u0161o vielu izpl\u016bdei no r\u016bpn\u012bc\u0101m un uz\u0146\u0113mumiem, kas ra\u017eo vai izmanto \u0161\u012bs ... Read more","og_url":"https:\/\/www.waterchain.eu\/lv\/problemas-baltijas-jura\/bistamas-vielas\/","og_site_name":"WaterChain","article_modified_time":"2018-07-09T07:13:20+00:00","og_image":[{"width":1600,"height":1200,"url":"https:\/\/www.waterchain.eu\/wp-content\/uploads\/2017\/09\/baltic-sea-seagulls.jpg","type":"image\/jpeg"}],"twitter_card":"summary_large_image","twitter_misc":{"Est. reading time":"7 minutes"},"schema":{"@context":"https:\/\/schema.org","@graph":[{"@type":"WebPage","@id":"https:\/\/www.waterchain.eu\/lv\/problemas-baltijas-jura\/bistamas-vielas\/","url":"https:\/\/www.waterchain.eu\/lv\/problemas-baltijas-jura\/bistamas-vielas\/","name":"B\u012bstam\u0101s vielas - WaterChain","isPartOf":{"@id":"https:\/\/www.waterchain.eu\/#website"},"primaryImageOfPage":{"@id":"https:\/\/www.waterchain.eu\/lv\/problemas-baltijas-jura\/bistamas-vielas\/#primaryimage"},"image":{"@id":"https:\/\/www.waterchain.eu\/lv\/problemas-baltijas-jura\/bistamas-vielas\/#primaryimage"},"thumbnailUrl":"https:\/\/www.waterchain.eu\/wp-content\/uploads\/2017\/09\/baltic-sea-seagulls.jpg","datePublished":"2018-05-21T12:08:46+00:00","dateModified":"2018-07-09T07:13:20+00:00","breadcrumb":{"@id":"https:\/\/www.waterchain.eu\/lv\/problemas-baltijas-jura\/bistamas-vielas\/#breadcrumb"},"inLanguage":"lv-LV","potentialAction":[{"@type":"ReadAction","target":["https:\/\/www.waterchain.eu\/lv\/problemas-baltijas-jura\/bistamas-vielas\/"]}]},{"@type":"ImageObject","inLanguage":"lv-LV","@id":"https:\/\/www.waterchain.eu\/lv\/problemas-baltijas-jura\/bistamas-vielas\/#primaryimage","url":"https:\/\/www.waterchain.eu\/wp-content\/uploads\/2017\/09\/baltic-sea-seagulls.jpg","contentUrl":"https:\/\/www.waterchain.eu\/wp-content\/uploads\/2017\/09\/baltic-sea-seagulls.jpg","width":1600,"height":1200},{"@type":"BreadcrumbList","@id":"https:\/\/www.waterchain.eu\/lv\/problemas-baltijas-jura\/bistamas-vielas\/#breadcrumb","itemListElement":[{"@type":"ListItem","position":1,"name":"Home","item":"https:\/\/www.waterchain.eu\/lv\/"},{"@type":"ListItem","position":2,"name":"Probl\u0113mas Baltijas j\u016br\u0101","item":"https:\/\/www.waterchain.eu\/lv\/problemas-baltijas-jura\/"},{"@type":"ListItem","position":3,"name":"B\u012bstam\u0101s vielas"}]},{"@type":"WebSite","@id":"https:\/\/www.waterchain.eu\/#website","url":"https:\/\/www.waterchain.eu\/","name":"WaterChain","description":"Recovering the Baltic Sea","publisher":{"@id":"https:\/\/www.waterchain.eu\/#organization"},"potentialAction":[{"@type":"SearchAction","target":{"@type":"EntryPoint","urlTemplate":"https:\/\/www.waterchain.eu\/?s={search_term_string}"},"query-input":{"@type":"PropertyValueSpecification","valueRequired":true,"valueName":"search_term_string"}}],"inLanguage":"lv-LV"},{"@type":"Organization","@id":"https:\/\/www.waterchain.eu\/#organization","name":"WaterChain","url":"https:\/\/www.waterchain.eu\/","logo":{"@type":"ImageObject","inLanguage":"lv-LV","@id":"https:\/\/www.waterchain.eu\/#\/schema\/logo\/image\/","url":"https:\/\/www.waterchain.eu\/wp-content\/uploads\/2017\/09\/WaterChain-logo.png","contentUrl":"https:\/\/www.waterchain.eu\/wp-content\/uploads\/2017\/09\/WaterChain-logo.png","width":343,"height":120,"caption":"WaterChain"},"image":{"@id":"https:\/\/www.waterchain.eu\/#\/schema\/logo\/image\/"},"sameAs":["https:\/\/www.youtube.com\/channel\/UCz8GhExcENBWQYVkkpn_y3Q"]}]}},"_links":{"self":[{"href":"https:\/\/www.waterchain.eu\/lv\/wp-json\/wp\/v2\/pages\/969","targetHints":{"allow":["GET"]}}],"collection":[{"href":"https:\/\/www.waterchain.eu\/lv\/wp-json\/wp\/v2\/pages"}],"about":[{"href":"https:\/\/www.waterchain.eu\/lv\/wp-json\/wp\/v2\/types\/page"}],"author":[{"embeddable":true,"href":"https:\/\/www.waterchain.eu\/lv\/wp-json\/wp\/v2\/users\/1"}],"replies":[{"embeddable":true,"href":"https:\/\/www.waterchain.eu\/lv\/wp-json\/wp\/v2\/comments?post=969"}],"version-history":[{"count":11,"href":"https:\/\/www.waterchain.eu\/lv\/wp-json\/wp\/v2\/pages\/969\/revisions"}],"predecessor-version":[{"id":2903,"href":"https:\/\/www.waterchain.eu\/lv\/wp-json\/wp\/v2\/pages\/969\/revisions\/2903"}],"up":[{"embeddable":true,"href":"https:\/\/www.waterchain.eu\/lv\/wp-json\/wp\/v2\/pages\/963"}],"wp:featuredmedia":[{"embeddable":true,"href":"https:\/\/www.waterchain.eu\/lv\/wp-json\/wp\/v2\/media\/2174"}],"wp:attachment":[{"href":"https:\/\/www.waterchain.eu\/lv\/wp-json\/wp\/v2\/media?parent=969"}],"curies":[{"name":"wp","href":"https:\/\/api.w.org\/{rel}","templated":true}]}}