{"id":980,"date":"2018-05-21T15:22:39","date_gmt":"2018-05-21T12:22:39","guid":{"rendered":"https:\/\/waterchain.eu\/?page_id=980"},"modified":"2018-11-13T10:04:53","modified_gmt":"2018-11-13T08:04:53","slug":"baribas-vielas","status":"publish","type":"page","link":"https:\/\/www.waterchain.eu\/lv\/ka-es-varu-palidzet\/baribas-vielas\/","title":{"rendered":"Bar\u012bbas vielas"},"content":{"rendered":"<h2>Fosfors un sl\u0101peklis<\/h2>\n<h5>Lai aizsarg\u0101tu Baltijas j\u016bru, ir j\u0101r\u012bkojas gan j\u016br\u0101, gan uz zemes. Bar\u012bbas vielu iepl\u016bde Baltijas j\u016br\u0101 ir j\u0101samazina \u2014 tas ir da\u013c\u0113ji politisks l\u0113mums, kas j\u0101pie\u0146em valsts un starpvalstu l\u012bmen\u012b vis\u0101 j\u016bras sateces baseina teritorij\u0101. Tom\u0113r ar\u012b katrs no mums var pal\u012bdz\u0113t, mainot p\u0101ris ikdienas ieradumus. Bar\u012bbas vielu iepl\u016bdi \u016bdens ekosist\u0113m\u0101 var samazin\u0101t, mainot m\u016bsu k\u0101 pat\u0113r\u0113t\u0101ju paradumus, pien\u0101c\u012bgi att\u012brot notek\u016bde\u0146us un pilnveidojot lauksaimniec\u012bbas metodes.<\/h5>\n<ul>\n<li>Vai tu izmanto mazg\u0101\u0161anas l\u012bdzek\u013cus, kas nesatur fosf\u0101tus?<\/li>\n<li>Vai tu r\u016bp\u0113jies par atkritumu apsaimnieko\u0161anu un p\u0101rstr\u0101di? Vai tu kompost\u0113?<\/li>\n<li>Vai tu sav\u0101 d\u0101rz\u0101 izmanto miner\u0101lm\u0113slus?<\/li>\n<li>Vai tu var\u0113tu \u0113st maz\u0101k ga\u013cas un izv\u0113l\u0113ties viet\u0113jo p\u0101rtiku?<\/li>\n<li>Vai tav\u0101 vasaras m\u0101j\u0101 vai laiv\u0101 notek\u016bde\u0146i tiek att\u012br\u012bti pien\u0101c\u012bgi?<\/li>\n<\/ul>\n<hr \/>\n\t<div class=\"gridable gridable--row\" >\n\t\t\t<div class=\"gridable--col col-6\" >\n\t\t<p><img fetchpriority=\"high\" decoding=\"async\" class=\"alignnone size-full wp-image-619\" src=\"https:\/\/www.waterchain.eu\/wp-content\/uploads\/2018\/04\/nutrients-local-food.jpg\" alt=\"\" width=\"1280\" height=\"757\" srcset=\"https:\/\/www.waterchain.eu\/wp-content\/uploads\/2018\/04\/nutrients-local-food.jpg 1280w, https:\/\/www.waterchain.eu\/wp-content\/uploads\/2018\/04\/nutrients-local-food-768x454.jpg 768w\" sizes=\"(max-width: 1280px) 100vw, 1280px\" \/><\/p>\t<\/div>\n\t<div class=\"gridable--col col-6\" >\n\t\t<h3>M\u016bsu, k\u0101 pat\u0113r\u0113t\u0101ju izv\u0113les<\/h3>\n<p>Vairums no t\u0101, ko varam dar\u012bt, lai samazin\u0101tu bar\u012bbas vielu iepl\u016bdi Baltijas j\u016br\u0101, ir saist\u012bti ar izv\u0113li, ko izdar\u0101m k\u0101 pat\u0113r\u0113t\u0101ji. T\u0101 k\u0101 p\u0101rtikas ra\u017eo\u0161anas, tostarp lauksaimniec\u012bbas darb\u012bbu rezult\u0101t\u0101 \u016bden\u012b iepl\u016bst bar\u012bbas vielas, noz\u012bme ir ar\u012b tam, ko lietojam uztur\u0101. Ga\u013cas ieguve rada liel\u0101ku pies\u0101r\u0146ojumu, nek\u0101 ve\u0123et\u0101ras p\u0101rtikas ra\u017eo\u0161ana, t\u0101p\u0113c mums vajadz\u0113tu samazin\u0101t ga\u013cas pat\u0113ri\u0146u. Izv\u0113loties viet\u0113jo p\u0101rtiku, m\u0113s varam samazin\u0101t transporta rad\u012bto gaisa pies\u0101r\u0146ojumu ar bar\u012bbas viel\u0101m. Un noteikti j\u0101atceras ar\u012b par p\u0101rtikas atkritumu samazin\u0101\u0161anu!<\/p>\t<\/div>\n\t<\/div>\n\n<hr \/>\n\t<div class=\"gridable gridable--row\" >\n\t\t\t<div class=\"gridable--col col-6\" >\n\t\t<h3>Notek\u016bde\u0146i<\/h3>\n<p>Cen\u0161oties samazin\u0101t bar\u012bbas vielu iepl\u016bdi Baltijas j\u016br\u0101, ir svar\u012bgi p\u0101rliecin\u0101ties, ka m\u016bsu notek\u016bde\u0146i tiek att\u012br\u012bti pien\u0101c\u012bgi. Parasti noma\u013c\u0101s apdz\u012bvot\u0101s viet\u0101s eso\u0161o m\u0101jsaimniec\u012bbu notek\u016bde\u0146u att\u012br\u012b\u0161anas sist\u0113mas nav pietiekami efekt\u012bvas, lai att\u012br\u012btu \u016bdeni no bar\u012bbas viel\u0101m. Turkl\u0101t uzman\u012bba b\u016btu j\u0101piev\u0113r\u0161 ar\u012b tam, k\u0101da veida mazg\u0101\u0161anas l\u012bdzek\u013cus lietojam, jo caur notek\u016bdens att\u012br\u012b\u0161anas sist\u0113m\u0101m tie un to sast\u0101v\u0101 eso\u0161\u0101s bar\u012bbas vielas galu gal\u0101 non\u0101k ar\u012b j\u016br\u0101.<\/p>\t<\/div>\n\t<div class=\"gridable--col col-6\" >\n\t\t<a href=\"https:\/\/www.waterchain.eu\/wp-content\/uploads\/2018\/07\/nutrients-wastewater.jpg\"><img decoding=\"async\" class=\"alignnone size-medium wp-image-1642\" src=\"https:\/\/www.waterchain.eu\/wp-content\/uploads\/2018\/07\/nutrients-wastewater-768x454.jpg\" alt=\"\" width=\"768\" height=\"454\" srcset=\"https:\/\/www.waterchain.eu\/wp-content\/uploads\/2018\/07\/nutrients-wastewater-768x454.jpg 768w, https:\/\/www.waterchain.eu\/wp-content\/uploads\/2018\/07\/nutrients-wastewater.jpg 1280w\" sizes=\"(max-width: 768px) 100vw, 768px\" \/><\/a>\t<\/div>\n\t<\/div>\n\n<hr \/>\n\t<div class=\"gridable gridable--row\" >\n\t\t\t<div class=\"gridable--col col-6\" >\n\t\t<p><figure id=\"attachment_613\" aria-describedby=\"caption-attachment-613\" style=\"width: 1270px\" class=\"wp-caption alignnone\"><img decoding=\"async\" class=\"wp-image-613 size-full\" src=\"https:\/\/www.waterchain.eu\/wp-content\/uploads\/2018\/04\/nutrients-agriculture.jpg\" alt=\"\" width=\"1280\" height=\"757\" srcset=\"https:\/\/www.waterchain.eu\/wp-content\/uploads\/2018\/04\/nutrients-agriculture.jpg 1280w, https:\/\/www.waterchain.eu\/wp-content\/uploads\/2018\/04\/nutrients-agriculture-768x454.jpg 768w\" sizes=\"(max-width: 1280px) 100vw, 1280px\" \/><figcaption id=\"caption-attachment-613\" class=\"wp-caption-text\">\u00a9 TUAS, Water Engineering<\/figcaption><\/figure><\/p>\t<\/div>\n\t<div class=\"gridable--col col-6\" >\n\t\t<h3>Lauksaimniec\u012bba<\/h3>\n<p>Lai samazin\u0101tu lauksaimniec\u012bbas rad\u012bto pies\u0101r\u0146ojumu Baltijas j\u016br\u0101, ir j\u0101uzlabo zemes apstr\u0101des un m\u0113slo\u0161anas tehnolo\u0123ijas. Vispirms ir j\u0101nodro\u0161ina, ka bar\u012bbas vielas paliek uz lauka. Ja t\u0101s no lauka tom\u0113r iek\u013c\u016bst \u016bdens sist\u0113m\u0101, ir j\u0101nov\u0113r\u0161 to iepl\u016b\u0161ana j\u016br\u0101. Piem\u0113ram, mitr\u0101ji un da\u017e\u0101da veida filtri sp\u0113j notur\u0113t bar\u012bbas vielas un pal\u0113nin\u0101t to non\u0101k\u0161anu notec\u0113. T\u0101p\u0113c mums ir j\u0101aizsarg\u0101 Baltijas j\u016bras sateces baseina tuvum\u0101 eso\u0161ie mitr\u0101ji. Un j\u0101atceras, ka v\u0113l viens veids, k\u0101 samazin\u0101t pies\u0101r\u0146ojumu ar bar\u012bbas viel\u0101m, ir t\u0101s p\u0101rstr\u0101d\u0101t. Lai uzzin\u0101tu vair\u0101k, ieskaties sada\u013c\u0101 \u201c<a href=\"https:\/\/www.waterchain.eu\/lv\/labaka-prakse\/baribas-vielas\/\">Lab\u0101k\u0101 prakse<\/a>\u201d.<\/p>\t<\/div>\n\t<\/div>\n\n<hr \/>\n<h5>J\u0101secina, ka m\u0113s visi varam samazin\u0101t bar\u012bbas vielu iepl\u016bdi Baltijas j\u016br\u0101, izv\u0113loties videi draudz\u012bgus produktus un viet\u0113jos izstr\u0101d\u0101jumus, k\u0101 ar\u012b izmantojot lab\u0101ko pieejamo tehnolo\u0123iju lauksaimniec\u012bb\u0101 un notek\u016bdens att\u012br\u012b\u0161an\u0101. Par\u016bp\u0113joties par to, m\u0113s pal\u0113nin\u0101tu eitrofik\u0101ciju, kas ir Baltijas j\u016bras visliel\u0101k\u0101 probl\u0113ma.<\/h5>\n","protected":false},"excerpt":{"rendered":"<p>Fosfors un sl\u0101peklis Lai aizsarg\u0101tu Baltijas j\u016bru, ir j\u0101r\u012bkojas gan j\u016br\u0101, gan uz zemes. Bar\u012bbas vielu iepl\u016bde Baltijas j\u016br\u0101 ir j\u0101samazina \u2014 tas ir da\u013c\u0113ji politisks l\u0113mums, kas j\u0101pie\u0146em valsts un starpvalstu l\u012bmen\u012b vis\u0101 j\u016bras sateces baseina teritorij\u0101. Tom\u0113r ar\u012b katrs no mums var pal\u012bdz\u0113t, mainot p\u0101ris ikdienas ieradumus. Bar\u012bbas vielu iepl\u016bdi \u016bdens ekosist\u0113m\u0101 var &#8230; <a title=\"Bar\u012bbas vielas\" class=\"read-more\" href=\"https:\/\/www.waterchain.eu\/lv\/ka-es-varu-palidzet\/baribas-vielas\/\" aria-label=\"Read more about Bar\u012bbas vielas\">Read more<\/a><\/p>\n","protected":false},"author":1,"featured_media":0,"parent":978,"menu_order":21,"comment_status":"closed","ping_status":"closed","template":"","meta":{"_exactmetrics_skip_tracking":false,"_exactmetrics_sitenote_active":false,"_exactmetrics_sitenote_note":"","_exactmetrics_sitenote_category":0,"generate_page_header":"","footnotes":""},"class_list":["post-980","page","type-page","status-publish"],"yoast_head":"<!-- This site is optimized with the Yoast SEO plugin v27.3 - https:\/\/yoast.com\/product\/yoast-seo-wordpress\/ -->\n<title>Bar\u012bbas vielas - WaterChain<\/title>\n<meta name=\"robots\" content=\"index, follow, max-snippet:-1, max-image-preview:large, max-video-preview:-1\" \/>\n<link rel=\"canonical\" href=\"https:\/\/www.waterchain.eu\/lv\/ka-es-varu-palidzet\/baribas-vielas\/\" \/>\n<meta property=\"og:locale\" content=\"lv_LV\" \/>\n<meta property=\"og:type\" content=\"article\" \/>\n<meta property=\"og:title\" content=\"Bar\u012bbas vielas - WaterChain\" \/>\n<meta property=\"og:description\" content=\"Fosfors un sl\u0101peklis Lai aizsarg\u0101tu Baltijas j\u016bru, ir j\u0101r\u012bkojas gan j\u016br\u0101, gan uz zemes. Bar\u012bbas vielu iepl\u016bde Baltijas j\u016br\u0101 ir j\u0101samazina \u2014 tas ir da\u013c\u0113ji politisks l\u0113mums, kas j\u0101pie\u0146em valsts un starpvalstu l\u012bmen\u012b vis\u0101 j\u016bras sateces baseina teritorij\u0101. Tom\u0113r ar\u012b katrs no mums var pal\u012bdz\u0113t, mainot p\u0101ris ikdienas ieradumus. Bar\u012bbas vielu iepl\u016bdi \u016bdens ekosist\u0113m\u0101 var ... Read more\" \/>\n<meta property=\"og:url\" content=\"https:\/\/www.waterchain.eu\/lv\/ka-es-varu-palidzet\/baribas-vielas\/\" \/>\n<meta property=\"og:site_name\" content=\"WaterChain\" \/>\n<meta property=\"article:modified_time\" content=\"2018-11-13T08:04:53+00:00\" \/>\n<meta property=\"og:image\" content=\"https:\/\/www.waterchain.eu\/wp-content\/uploads\/2018\/04\/nutrients-local-food.jpg\" \/>\n<meta name=\"twitter:card\" content=\"summary_large_image\" \/>\n<meta name=\"twitter:label1\" content=\"Est. reading time\" \/>\n\t<meta name=\"twitter:data1\" content=\"3 minutes\" \/>\n<script type=\"application\/ld+json\" class=\"yoast-schema-graph\">{\"@context\":\"https:\\\/\\\/schema.org\",\"@graph\":[{\"@type\":\"WebPage\",\"@id\":\"https:\\\/\\\/www.waterchain.eu\\\/lv\\\/ka-es-varu-palidzet\\\/baribas-vielas\\\/\",\"url\":\"https:\\\/\\\/www.waterchain.eu\\\/lv\\\/ka-es-varu-palidzet\\\/baribas-vielas\\\/\",\"name\":\"Bar\u012bbas vielas - WaterChain\",\"isPartOf\":{\"@id\":\"https:\\\/\\\/www.waterchain.eu\\\/#website\"},\"primaryImageOfPage\":{\"@id\":\"https:\\\/\\\/www.waterchain.eu\\\/lv\\\/ka-es-varu-palidzet\\\/baribas-vielas\\\/#primaryimage\"},\"image\":{\"@id\":\"https:\\\/\\\/www.waterchain.eu\\\/lv\\\/ka-es-varu-palidzet\\\/baribas-vielas\\\/#primaryimage\"},\"thumbnailUrl\":\"https:\\\/\\\/www.waterchain.eu\\\/wp-content\\\/uploads\\\/2018\\\/04\\\/nutrients-local-food.jpg\",\"datePublished\":\"2018-05-21T12:22:39+00:00\",\"dateModified\":\"2018-11-13T08:04:53+00:00\",\"breadcrumb\":{\"@id\":\"https:\\\/\\\/www.waterchain.eu\\\/lv\\\/ka-es-varu-palidzet\\\/baribas-vielas\\\/#breadcrumb\"},\"inLanguage\":\"lv-LV\",\"potentialAction\":[{\"@type\":\"ReadAction\",\"target\":[\"https:\\\/\\\/www.waterchain.eu\\\/lv\\\/ka-es-varu-palidzet\\\/baribas-vielas\\\/\"]}]},{\"@type\":\"ImageObject\",\"inLanguage\":\"lv-LV\",\"@id\":\"https:\\\/\\\/www.waterchain.eu\\\/lv\\\/ka-es-varu-palidzet\\\/baribas-vielas\\\/#primaryimage\",\"url\":\"https:\\\/\\\/www.waterchain.eu\\\/wp-content\\\/uploads\\\/2018\\\/04\\\/nutrients-local-food.jpg\",\"contentUrl\":\"https:\\\/\\\/www.waterchain.eu\\\/wp-content\\\/uploads\\\/2018\\\/04\\\/nutrients-local-food.jpg\"},{\"@type\":\"BreadcrumbList\",\"@id\":\"https:\\\/\\\/www.waterchain.eu\\\/lv\\\/ka-es-varu-palidzet\\\/baribas-vielas\\\/#breadcrumb\",\"itemListElement\":[{\"@type\":\"ListItem\",\"position\":1,\"name\":\"Home\",\"item\":\"https:\\\/\\\/www.waterchain.eu\\\/lv\\\/\"},{\"@type\":\"ListItem\",\"position\":2,\"name\":\"K\u0101 es varu pal\u012bdz\u0113t?\",\"item\":\"https:\\\/\\\/www.waterchain.eu\\\/lv\\\/ka-es-varu-palidzet\\\/\"},{\"@type\":\"ListItem\",\"position\":3,\"name\":\"Bar\u012bbas vielas\"}]},{\"@type\":\"WebSite\",\"@id\":\"https:\\\/\\\/www.waterchain.eu\\\/#website\",\"url\":\"https:\\\/\\\/www.waterchain.eu\\\/\",\"name\":\"WaterChain\",\"description\":\"Recovering the Baltic Sea\",\"publisher\":{\"@id\":\"https:\\\/\\\/www.waterchain.eu\\\/#organization\"},\"potentialAction\":[{\"@type\":\"SearchAction\",\"target\":{\"@type\":\"EntryPoint\",\"urlTemplate\":\"https:\\\/\\\/www.waterchain.eu\\\/?s={search_term_string}\"},\"query-input\":{\"@type\":\"PropertyValueSpecification\",\"valueRequired\":true,\"valueName\":\"search_term_string\"}}],\"inLanguage\":\"lv-LV\"},{\"@type\":\"Organization\",\"@id\":\"https:\\\/\\\/www.waterchain.eu\\\/#organization\",\"name\":\"WaterChain\",\"url\":\"https:\\\/\\\/www.waterchain.eu\\\/\",\"logo\":{\"@type\":\"ImageObject\",\"inLanguage\":\"lv-LV\",\"@id\":\"https:\\\/\\\/www.waterchain.eu\\\/#\\\/schema\\\/logo\\\/image\\\/\",\"url\":\"https:\\\/\\\/www.waterchain.eu\\\/wp-content\\\/uploads\\\/2017\\\/09\\\/WaterChain-logo.png\",\"contentUrl\":\"https:\\\/\\\/www.waterchain.eu\\\/wp-content\\\/uploads\\\/2017\\\/09\\\/WaterChain-logo.png\",\"width\":343,\"height\":120,\"caption\":\"WaterChain\"},\"image\":{\"@id\":\"https:\\\/\\\/www.waterchain.eu\\\/#\\\/schema\\\/logo\\\/image\\\/\"},\"sameAs\":[\"https:\\\/\\\/www.youtube.com\\\/channel\\\/UCz8GhExcENBWQYVkkpn_y3Q\"]}]}<\/script>\n<!-- \/ Yoast SEO plugin. -->","yoast_head_json":{"title":"Bar\u012bbas vielas - WaterChain","robots":{"index":"index","follow":"follow","max-snippet":"max-snippet:-1","max-image-preview":"max-image-preview:large","max-video-preview":"max-video-preview:-1"},"canonical":"https:\/\/www.waterchain.eu\/lv\/ka-es-varu-palidzet\/baribas-vielas\/","og_locale":"lv_LV","og_type":"article","og_title":"Bar\u012bbas vielas - WaterChain","og_description":"Fosfors un sl\u0101peklis Lai aizsarg\u0101tu Baltijas j\u016bru, ir j\u0101r\u012bkojas gan j\u016br\u0101, gan uz zemes. Bar\u012bbas vielu iepl\u016bde Baltijas j\u016br\u0101 ir j\u0101samazina \u2014 tas ir da\u013c\u0113ji politisks l\u0113mums, kas j\u0101pie\u0146em valsts un starpvalstu l\u012bmen\u012b vis\u0101 j\u016bras sateces baseina teritorij\u0101. Tom\u0113r ar\u012b katrs no mums var pal\u012bdz\u0113t, mainot p\u0101ris ikdienas ieradumus. Bar\u012bbas vielu iepl\u016bdi \u016bdens ekosist\u0113m\u0101 var ... Read more","og_url":"https:\/\/www.waterchain.eu\/lv\/ka-es-varu-palidzet\/baribas-vielas\/","og_site_name":"WaterChain","article_modified_time":"2018-11-13T08:04:53+00:00","og_image":[{"url":"https:\/\/www.waterchain.eu\/wp-content\/uploads\/2018\/04\/nutrients-local-food.jpg","type":"","width":"","height":""}],"twitter_card":"summary_large_image","twitter_misc":{"Est. reading time":"3 minutes"},"schema":{"@context":"https:\/\/schema.org","@graph":[{"@type":"WebPage","@id":"https:\/\/www.waterchain.eu\/lv\/ka-es-varu-palidzet\/baribas-vielas\/","url":"https:\/\/www.waterchain.eu\/lv\/ka-es-varu-palidzet\/baribas-vielas\/","name":"Bar\u012bbas vielas - WaterChain","isPartOf":{"@id":"https:\/\/www.waterchain.eu\/#website"},"primaryImageOfPage":{"@id":"https:\/\/www.waterchain.eu\/lv\/ka-es-varu-palidzet\/baribas-vielas\/#primaryimage"},"image":{"@id":"https:\/\/www.waterchain.eu\/lv\/ka-es-varu-palidzet\/baribas-vielas\/#primaryimage"},"thumbnailUrl":"https:\/\/www.waterchain.eu\/wp-content\/uploads\/2018\/04\/nutrients-local-food.jpg","datePublished":"2018-05-21T12:22:39+00:00","dateModified":"2018-11-13T08:04:53+00:00","breadcrumb":{"@id":"https:\/\/www.waterchain.eu\/lv\/ka-es-varu-palidzet\/baribas-vielas\/#breadcrumb"},"inLanguage":"lv-LV","potentialAction":[{"@type":"ReadAction","target":["https:\/\/www.waterchain.eu\/lv\/ka-es-varu-palidzet\/baribas-vielas\/"]}]},{"@type":"ImageObject","inLanguage":"lv-LV","@id":"https:\/\/www.waterchain.eu\/lv\/ka-es-varu-palidzet\/baribas-vielas\/#primaryimage","url":"https:\/\/www.waterchain.eu\/wp-content\/uploads\/2018\/04\/nutrients-local-food.jpg","contentUrl":"https:\/\/www.waterchain.eu\/wp-content\/uploads\/2018\/04\/nutrients-local-food.jpg"},{"@type":"BreadcrumbList","@id":"https:\/\/www.waterchain.eu\/lv\/ka-es-varu-palidzet\/baribas-vielas\/#breadcrumb","itemListElement":[{"@type":"ListItem","position":1,"name":"Home","item":"https:\/\/www.waterchain.eu\/lv\/"},{"@type":"ListItem","position":2,"name":"K\u0101 es varu pal\u012bdz\u0113t?","item":"https:\/\/www.waterchain.eu\/lv\/ka-es-varu-palidzet\/"},{"@type":"ListItem","position":3,"name":"Bar\u012bbas vielas"}]},{"@type":"WebSite","@id":"https:\/\/www.waterchain.eu\/#website","url":"https:\/\/www.waterchain.eu\/","name":"WaterChain","description":"Recovering the Baltic Sea","publisher":{"@id":"https:\/\/www.waterchain.eu\/#organization"},"potentialAction":[{"@type":"SearchAction","target":{"@type":"EntryPoint","urlTemplate":"https:\/\/www.waterchain.eu\/?s={search_term_string}"},"query-input":{"@type":"PropertyValueSpecification","valueRequired":true,"valueName":"search_term_string"}}],"inLanguage":"lv-LV"},{"@type":"Organization","@id":"https:\/\/www.waterchain.eu\/#organization","name":"WaterChain","url":"https:\/\/www.waterchain.eu\/","logo":{"@type":"ImageObject","inLanguage":"lv-LV","@id":"https:\/\/www.waterchain.eu\/#\/schema\/logo\/image\/","url":"https:\/\/www.waterchain.eu\/wp-content\/uploads\/2017\/09\/WaterChain-logo.png","contentUrl":"https:\/\/www.waterchain.eu\/wp-content\/uploads\/2017\/09\/WaterChain-logo.png","width":343,"height":120,"caption":"WaterChain"},"image":{"@id":"https:\/\/www.waterchain.eu\/#\/schema\/logo\/image\/"},"sameAs":["https:\/\/www.youtube.com\/channel\/UCz8GhExcENBWQYVkkpn_y3Q"]}]}},"_links":{"self":[{"href":"https:\/\/www.waterchain.eu\/lv\/wp-json\/wp\/v2\/pages\/980","targetHints":{"allow":["GET"]}}],"collection":[{"href":"https:\/\/www.waterchain.eu\/lv\/wp-json\/wp\/v2\/pages"}],"about":[{"href":"https:\/\/www.waterchain.eu\/lv\/wp-json\/wp\/v2\/types\/page"}],"author":[{"embeddable":true,"href":"https:\/\/www.waterchain.eu\/lv\/wp-json\/wp\/v2\/users\/1"}],"replies":[{"embeddable":true,"href":"https:\/\/www.waterchain.eu\/lv\/wp-json\/wp\/v2\/comments?post=980"}],"version-history":[{"count":4,"href":"https:\/\/www.waterchain.eu\/lv\/wp-json\/wp\/v2\/pages\/980\/revisions"}],"predecessor-version":[{"id":3566,"href":"https:\/\/www.waterchain.eu\/lv\/wp-json\/wp\/v2\/pages\/980\/revisions\/3566"}],"up":[{"embeddable":true,"href":"https:\/\/www.waterchain.eu\/lv\/wp-json\/wp\/v2\/pages\/978"}],"wp:attachment":[{"href":"https:\/\/www.waterchain.eu\/lv\/wp-json\/wp\/v2\/media?parent=980"}],"curies":[{"name":"wp","href":"https:\/\/api.w.org\/{rel}","templated":true}]}}