{"id":982,"date":"2018-05-21T15:40:45","date_gmt":"2018-05-21T12:40:45","guid":{"rendered":"https:\/\/waterchain.eu\/?page_id=982"},"modified":"2018-06-28T14:52:17","modified_gmt":"2018-06-28T11:52:17","slug":"bistamas-vielas","status":"publish","type":"page","link":"https:\/\/www.waterchain.eu\/lv\/ka-es-varu-palidzet\/bistamas-vielas\/","title":{"rendered":"B\u012bstam\u0101s vielas"},"content":{"rendered":"<h2>Aizsarg\u0101 sevi un apk\u0101rt\u0113jo vidi<\/h2>\n<p>B\u012bstamo vielu grup\u0101 ir virkne \u0137imik\u0101liju ar da\u017e\u0101d\u0101m \u012bpa\u0161\u012bb\u0101m, un t\u0101s visas apdraud vidi un cilv\u0113ku vesel\u012bbu. Daudzas no \u0161\u012bm \u0137imik\u0101lij\u0101m ir \u013coti stabilas, var m\u0113rot lielus att\u0101lumus dab\u0101 un non\u0101kt bar\u012bbas \u0137\u0113d\u0113. Ir skaidrs \u2014 nov\u0113rst un mazin\u0101t to nopl\u016bdi ir daudz viegl\u0101k, nek\u0101 m\u0113\u0123in\u0101t atvese\u013cot vidi. Turpin\u0101jum\u0101 nor\u0101d\u012btaj\u0101m viel\u0101m tiek piev\u0113rsta liel\u0101ka uzman\u012bba, jo to rad\u012btais apdraud\u0113jums ir atz\u012bts <a href=\"https:\/\/eur-lex.europa.eu\/legal-content\/EN\/TXT\/?uri=CELEX:32013L0039\" target=\"_blank\" rel=\"noopener\">Vides kvalit\u0101tes standartu direkt\u012bv\u0101 2013\/39\/ES<\/a> un <a href=\"http:\/\/www.helcom.fi\/baltic-sea-trends\/indicators\/\" target=\"_blank\" rel=\"noopener\">t\u0101s ir atz\u012btas par priorit\u0101raj\u0101m viel\u0101m Baltijas j\u016bras r\u012bc\u012bbas pl\u0101n\u0101<\/a>.<\/p>\n<hr \/>\n<p>\t<div class=\"gridable gridable--row\" >\n\t\t\t<div class=\"gridable--col col-4\" >\n\t\t<p><img fetchpriority=\"high\" decoding=\"async\" class=\"alignnone size-medium wp-image-683\" src=\"https:\/\/www.waterchain.eu\/wp-content\/uploads\/2018\/06\/Perfluorinated-compounds_Copyright-Emilia-M\u00e4kel\u00e4.png\" alt=\"\" width=\"768\" height=\"481\" \/><\/p>\t<\/div>\n\t<div class=\"gridable--col col-8\" >\n\t\t<h4>Perfluor\u0113tie savienojumi<\/h4>\n<ul>\n<li>Ar \u012bpa\u0161u virsmu p\u0101rkl\u0101to virtuves piederumu viet\u0101 izv\u0113lies ner\u016bs\u0113jo\u0161\u0101 t\u0113rauda un \u010duguna izstr\u0101d\u0101jumus.<\/li>\n<li>Neizv\u0113lies iepakojumu ar net\u012brumus atgr\u016bdo\u0161u p\u0101rkl\u0101jumu (piem\u0113ram, mikrovi\u013c\u0146u kr\u0101snij piem\u0113rots popkorna iepakojums, picas k\u0101rbas).<\/li>\n<li>Piev\u0113rs uzman\u012bbu ap\u0123\u0113rbam, uz kura ir nor\u0101de \u201catgr\u016b\u017e \u016bdeni\u201d vai \u201catgr\u016b\u017e traipus\u201d.<\/li>\n<li>Neizv\u0113lies ap\u0123\u0113rbu, kam ir \u016bdensnecaurlaid\u012bga auduma sl\u0101nis. Neizv\u0113lies higi\u0113nas preces, starp kuru sast\u0101vda\u013c\u0101m atrodi v\u0101rda da\u013cu \u201cfluor-\u201d vai \u201cperfluor-.\u201d<\/li>\n<li><a href=\"https:\/\/www.waterchain.eu\/wp-content\/uploads\/2018\/06\/PerfLT.pdf\" target=\"_blank\" rel=\"noopener\">Las\u012bt vair\u0101k<\/a><\/li>\n<\/ul>\t<\/div>\n\t<\/div>\n\t<div class=\"gridable gridable--row\" >\n\t\t\t<div class=\"gridable--col col-4\" >\n\t\t<p><img decoding=\"async\" class=\"alignnone wp-image-684 size-medium\" src=\"https:\/\/www.waterchain.eu\/wp-content\/uploads\/2018\/06\/Pharmaceuticals_Copyright-Emilia-M\u00e4kel\u00e4.png\" alt=\"\" width=\"768\" height=\"554\" \/><\/p>\t<\/div>\n\t<div class=\"gridable--col col-8\" >\n\t\t<h4>Medikamenti<\/h4>\n<ul>\n<li><a href=\"http:\/\/www.pytty.fi\/do-the-right-thing-and-protect-the-water-environment\/\" target=\"_blank\" rel=\"noopener\">Neizmanto tualetes podu k\u0101 atkritumu tvertni<\/a>.<\/li>\n<li>Igaunij\u0101, Somij\u0101, Latvij\u0101 un Zviedrij\u0101 medikamentus var nodot bez maksas, turkl\u0101t aptiek\u0101m ir pien\u0101kums pie\u0146emt medikamentus ar beigu\u0161os der\u012bguma termi\u0146u.<\/li>\n<li>Uzzini vair\u0101k: <a href=\"http:\/\/medsdisposal.eu\/\" target=\"_blank\" rel=\"noopener\">MedsDisposal<\/a><\/li>\n<li><a href=\"https:\/\/www.waterchain.eu\/wp-content\/uploads\/2018\/06\/PharmLT.pdf\" target=\"_blank\" rel=\"noopener\">Las\u012bt vair\u0101k<\/a><\/li>\n<\/ul>\t<\/div>\n\t<\/div>\n<\/p>\n<p>&nbsp;<\/p>\n<p>&nbsp;<\/p>\n\t<div class=\"gridable gridable--row\" >\n\t\t\t<div class=\"gridable--col col-4\" >\n\t\t<p><img decoding=\"async\" class=\"alignnone wp-image-686 size-medium\" src=\"https:\/\/www.waterchain.eu\/wp-content\/uploads\/2018\/06\/Plastics_Copyright-Emilia-M\u00e4kel\u00e4.png\" alt=\"\" width=\"768\" height=\"568\" \/><\/p>\t<\/div>\n\t<div class=\"gridable--col col-8\" >\n\t\t<h4>Plastmasa<\/h4>\n<ul>\n<li>Izmanto maz\u0101k plastmasas un piln\u012bb\u0101 atsakies no vienreizlietojamiem plastmasas izstr\u0101d\u0101jumiem (salmi\u0146i, maisi\u0146i, baloni).<\/li>\n<li><a href=\"http:\/\/www.pytty.fi\/do-the-right-thing-and-protect-the-water-environment\/\" target=\"_blank\" rel=\"noopener\">Neizmanto tualetes podu k\u0101 atkritumu tvertni<\/a>.<\/li>\n<li>Nodod plastmasas iepakojumu un izmantotos plastmasas izstr\u0101d\u0101jumus p\u0101rstr\u0101dei.<\/li>\n<li>Pacel zem\u0113 nomestos atkritumus! Plastmasa j\u016br\u0101 var non\u0101kt ar notek\u016bde\u0146iem un nokri\u0161\u0146u \u016bde\u0146iem.<\/li>\n<li><a href=\"https:\/\/www.waterchain.eu\/wp-content\/uploads\/2018\/06\/PlastLT.pdf\" target=\"_blank\" rel=\"noopener\">Las\u012bt vair\u0101k<\/a><\/li>\n<\/ul>\t<\/div>\n\t<\/div>\n\n<p>&nbsp;<\/p>\n<p>&nbsp;<\/p>\n\t<div class=\"gridable gridable--row\" >\n\t\t\t<div class=\"gridable--col col-4\" >\n\t\t<p><img loading=\"lazy\" decoding=\"async\" class=\"alignnone wp-image-685 size-medium\" src=\"https:\/\/www.waterchain.eu\/wp-content\/uploads\/2018\/06\/Pesticides_Copyright-Emilia-M\u00e4kel\u00e4.png\" alt=\"\" width=\"768\" height=\"352\" \/><\/p>\t<\/div>\n\t<div class=\"gridable--col col-8\" >\n\t\t<h4>Pestic\u012bdi<\/h4>\n<ul>\n<li>Pestic\u012bdi ir nez\u0101\u013cu, insektu, s\u0113n\u012b\u0161u un grauz\u0113ju izn\u012bcin\u0101\u0161anai paredz\u0113tas \u0137imik\u0101lijas.<\/li>\n<li>Izmantojot pestic\u012bdus lauksaimniec\u012bb\u0101 vai piem\u0101jas d\u0101rzi\u0146\u0101 vienm\u0113r r\u016bp\u012bgi iev\u0113ro nor\u0101d\u012bjumus.<\/li>\n<li>Sav\u0101 d\u0101rzi\u0146\u0101 lab\u0101k izv\u0113lies meh\u0101nisku un biolo\u0123isku kontroli, priek\u0161roku dodot biolo\u0123iskai saimnieko\u0161anai.<\/li>\n<li>Izv\u0113lies biolo\u0123isku p\u0101rtiku: pestic\u012bdu izmanto\u0161ana biolo\u0123iskaj\u0101s saimniec\u012bb\u0101s tiek stingri kontrol\u0113ta.<\/li>\n<li>Nomizo nebiolo\u0123iski audz\u0113tos aug\u013cus un d\u0101rze\u0146us, lai izvair\u012btos no pestic\u012bdu paliek\u0101m.<\/li>\n<li><a href=\"https:\/\/www.waterchain.eu\/wp-content\/uploads\/2018\/06\/PestLT.pdf\" target=\"_blank\" rel=\"noopener\">Las\u012bt vair\u0101k<\/a><\/li>\n<\/ul>\t<\/div>\n\t<\/div>\n\n<p>&nbsp;<\/p>\n<p>&nbsp;<\/p>\n<hr \/>\n<h3>Lejupiel\u0101d\u0113t materi\u0101lu<\/h3>\n<ul>\n<li><a href=\"https:\/\/www.waterchain.eu\/wp-content\/uploads\/2018\/06\/PerfLT.pdf\" target=\"_blank\" rel=\"noopener\">Perfluor\u0113tie savienojumi<\/a><\/li>\n<li><a href=\"https:\/\/www.waterchain.eu\/wp-content\/uploads\/2018\/06\/PharmLT.pdf\" target=\"_blank\" rel=\"noopener\">Medikamenti<\/a><\/li>\n<li><a href=\"https:\/\/www.waterchain.eu\/wp-content\/uploads\/2018\/06\/PlastLT.pdf\" target=\"_blank\" rel=\"noopener\">Plastmasa<\/a><\/li>\n<li><a href=\"https:\/\/www.waterchain.eu\/wp-content\/uploads\/2018\/06\/PestLT.pdf\" target=\"_blank\" rel=\"noopener\">Pestic\u012bdi<\/a><\/li>\n<\/ul>\n","protected":false},"excerpt":{"rendered":"<p>Aizsarg\u0101 sevi un apk\u0101rt\u0113jo vidi B\u012bstamo vielu grup\u0101 ir virkne \u0137imik\u0101liju ar da\u017e\u0101d\u0101m \u012bpa\u0161\u012bb\u0101m, un t\u0101s visas apdraud vidi un cilv\u0113ku vesel\u012bbu. Daudzas no \u0161\u012bm \u0137imik\u0101lij\u0101m ir \u013coti stabilas, var m\u0113rot lielus att\u0101lumus dab\u0101 un non\u0101kt bar\u012bbas \u0137\u0113d\u0113. Ir skaidrs \u2014 nov\u0113rst un mazin\u0101t to nopl\u016bdi ir daudz viegl\u0101k, nek\u0101 m\u0113\u0123in\u0101t atvese\u013cot vidi. Turpin\u0101jum\u0101 nor\u0101d\u012btaj\u0101m &#8230; <a title=\"B\u012bstam\u0101s vielas\" class=\"read-more\" href=\"https:\/\/www.waterchain.eu\/lv\/ka-es-varu-palidzet\/bistamas-vielas\/\" aria-label=\"Read more about B\u012bstam\u0101s vielas\">Read more<\/a><\/p>\n","protected":false},"author":1,"featured_media":2114,"parent":978,"menu_order":39,"comment_status":"closed","ping_status":"closed","template":"","meta":{"_exactmetrics_skip_tracking":false,"_exactmetrics_sitenote_active":false,"_exactmetrics_sitenote_note":"","_exactmetrics_sitenote_category":0,"generate_page_header":"","footnotes":""},"class_list":["post-982","page","type-page","status-publish","has-post-thumbnail"],"yoast_head":"<!-- This site is optimized with the Yoast SEO plugin v27.3 - https:\/\/yoast.com\/product\/yoast-seo-wordpress\/ -->\n<title>B\u012bstam\u0101s vielas - WaterChain<\/title>\n<meta name=\"robots\" content=\"index, follow, max-snippet:-1, max-image-preview:large, max-video-preview:-1\" \/>\n<link rel=\"canonical\" href=\"https:\/\/www.waterchain.eu\/lv\/ka-es-varu-palidzet\/bistamas-vielas\/\" \/>\n<meta property=\"og:locale\" content=\"lv_LV\" \/>\n<meta property=\"og:type\" content=\"article\" \/>\n<meta property=\"og:title\" content=\"B\u012bstam\u0101s vielas - WaterChain\" \/>\n<meta property=\"og:description\" content=\"Aizsarg\u0101 sevi un apk\u0101rt\u0113jo vidi B\u012bstamo vielu grup\u0101 ir virkne \u0137imik\u0101liju ar da\u017e\u0101d\u0101m \u012bpa\u0161\u012bb\u0101m, un t\u0101s visas apdraud vidi un cilv\u0113ku vesel\u012bbu. Daudzas no \u0161\u012bm \u0137imik\u0101lij\u0101m ir \u013coti stabilas, var m\u0113rot lielus att\u0101lumus dab\u0101 un non\u0101kt bar\u012bbas \u0137\u0113d\u0113. Ir skaidrs \u2014 nov\u0113rst un mazin\u0101t to nopl\u016bdi ir daudz viegl\u0101k, nek\u0101 m\u0113\u0123in\u0101t atvese\u013cot vidi. Turpin\u0101jum\u0101 nor\u0101d\u012btaj\u0101m ... Read more\" \/>\n<meta property=\"og:url\" content=\"https:\/\/www.waterchain.eu\/lv\/ka-es-varu-palidzet\/bistamas-vielas\/\" \/>\n<meta property=\"og:site_name\" content=\"WaterChain\" \/>\n<meta property=\"article:modified_time\" content=\"2018-06-28T11:52:17+00:00\" \/>\n<meta property=\"og:image\" content=\"https:\/\/www.waterchain.eu\/wp-content\/uploads\/2018\/04\/title-waves-01.jpg\" \/>\n\t<meta property=\"og:image:width\" content=\"1600\" \/>\n\t<meta property=\"og:image:height\" content=\"1000\" \/>\n\t<meta property=\"og:image:type\" content=\"image\/jpeg\" \/>\n<meta name=\"twitter:card\" content=\"summary_large_image\" \/>\n<meta name=\"twitter:label1\" content=\"Est. reading time\" \/>\n\t<meta name=\"twitter:data1\" content=\"2 minutes\" \/>\n<script type=\"application\/ld+json\" class=\"yoast-schema-graph\">{\"@context\":\"https:\\\/\\\/schema.org\",\"@graph\":[{\"@type\":\"WebPage\",\"@id\":\"https:\\\/\\\/www.waterchain.eu\\\/lv\\\/ka-es-varu-palidzet\\\/bistamas-vielas\\\/\",\"url\":\"https:\\\/\\\/www.waterchain.eu\\\/lv\\\/ka-es-varu-palidzet\\\/bistamas-vielas\\\/\",\"name\":\"B\u012bstam\u0101s vielas - WaterChain\",\"isPartOf\":{\"@id\":\"https:\\\/\\\/www.waterchain.eu\\\/#website\"},\"primaryImageOfPage\":{\"@id\":\"https:\\\/\\\/www.waterchain.eu\\\/lv\\\/ka-es-varu-palidzet\\\/bistamas-vielas\\\/#primaryimage\"},\"image\":{\"@id\":\"https:\\\/\\\/www.waterchain.eu\\\/lv\\\/ka-es-varu-palidzet\\\/bistamas-vielas\\\/#primaryimage\"},\"thumbnailUrl\":\"https:\\\/\\\/www.waterchain.eu\\\/wp-content\\\/uploads\\\/2018\\\/04\\\/title-waves-01.jpg\",\"datePublished\":\"2018-05-21T12:40:45+00:00\",\"dateModified\":\"2018-06-28T11:52:17+00:00\",\"breadcrumb\":{\"@id\":\"https:\\\/\\\/www.waterchain.eu\\\/lv\\\/ka-es-varu-palidzet\\\/bistamas-vielas\\\/#breadcrumb\"},\"inLanguage\":\"lv-LV\",\"potentialAction\":[{\"@type\":\"ReadAction\",\"target\":[\"https:\\\/\\\/www.waterchain.eu\\\/lv\\\/ka-es-varu-palidzet\\\/bistamas-vielas\\\/\"]}]},{\"@type\":\"ImageObject\",\"inLanguage\":\"lv-LV\",\"@id\":\"https:\\\/\\\/www.waterchain.eu\\\/lv\\\/ka-es-varu-palidzet\\\/bistamas-vielas\\\/#primaryimage\",\"url\":\"https:\\\/\\\/www.waterchain.eu\\\/wp-content\\\/uploads\\\/2018\\\/04\\\/title-waves-01.jpg\",\"contentUrl\":\"https:\\\/\\\/www.waterchain.eu\\\/wp-content\\\/uploads\\\/2018\\\/04\\\/title-waves-01.jpg\",\"width\":1600,\"height\":1000},{\"@type\":\"BreadcrumbList\",\"@id\":\"https:\\\/\\\/www.waterchain.eu\\\/lv\\\/ka-es-varu-palidzet\\\/bistamas-vielas\\\/#breadcrumb\",\"itemListElement\":[{\"@type\":\"ListItem\",\"position\":1,\"name\":\"Home\",\"item\":\"https:\\\/\\\/www.waterchain.eu\\\/lv\\\/\"},{\"@type\":\"ListItem\",\"position\":2,\"name\":\"K\u0101 es varu pal\u012bdz\u0113t?\",\"item\":\"https:\\\/\\\/www.waterchain.eu\\\/lv\\\/ka-es-varu-palidzet\\\/\"},{\"@type\":\"ListItem\",\"position\":3,\"name\":\"B\u012bstam\u0101s vielas\"}]},{\"@type\":\"WebSite\",\"@id\":\"https:\\\/\\\/www.waterchain.eu\\\/#website\",\"url\":\"https:\\\/\\\/www.waterchain.eu\\\/\",\"name\":\"WaterChain\",\"description\":\"Recovering the Baltic Sea\",\"publisher\":{\"@id\":\"https:\\\/\\\/www.waterchain.eu\\\/#organization\"},\"potentialAction\":[{\"@type\":\"SearchAction\",\"target\":{\"@type\":\"EntryPoint\",\"urlTemplate\":\"https:\\\/\\\/www.waterchain.eu\\\/?s={search_term_string}\"},\"query-input\":{\"@type\":\"PropertyValueSpecification\",\"valueRequired\":true,\"valueName\":\"search_term_string\"}}],\"inLanguage\":\"lv-LV\"},{\"@type\":\"Organization\",\"@id\":\"https:\\\/\\\/www.waterchain.eu\\\/#organization\",\"name\":\"WaterChain\",\"url\":\"https:\\\/\\\/www.waterchain.eu\\\/\",\"logo\":{\"@type\":\"ImageObject\",\"inLanguage\":\"lv-LV\",\"@id\":\"https:\\\/\\\/www.waterchain.eu\\\/#\\\/schema\\\/logo\\\/image\\\/\",\"url\":\"https:\\\/\\\/www.waterchain.eu\\\/wp-content\\\/uploads\\\/2017\\\/09\\\/WaterChain-logo.png\",\"contentUrl\":\"https:\\\/\\\/www.waterchain.eu\\\/wp-content\\\/uploads\\\/2017\\\/09\\\/WaterChain-logo.png\",\"width\":343,\"height\":120,\"caption\":\"WaterChain\"},\"image\":{\"@id\":\"https:\\\/\\\/www.waterchain.eu\\\/#\\\/schema\\\/logo\\\/image\\\/\"},\"sameAs\":[\"https:\\\/\\\/www.youtube.com\\\/channel\\\/UCz8GhExcENBWQYVkkpn_y3Q\"]}]}<\/script>\n<!-- \/ Yoast SEO plugin. -->","yoast_head_json":{"title":"B\u012bstam\u0101s vielas - WaterChain","robots":{"index":"index","follow":"follow","max-snippet":"max-snippet:-1","max-image-preview":"max-image-preview:large","max-video-preview":"max-video-preview:-1"},"canonical":"https:\/\/www.waterchain.eu\/lv\/ka-es-varu-palidzet\/bistamas-vielas\/","og_locale":"lv_LV","og_type":"article","og_title":"B\u012bstam\u0101s vielas - WaterChain","og_description":"Aizsarg\u0101 sevi un apk\u0101rt\u0113jo vidi B\u012bstamo vielu grup\u0101 ir virkne \u0137imik\u0101liju ar da\u017e\u0101d\u0101m \u012bpa\u0161\u012bb\u0101m, un t\u0101s visas apdraud vidi un cilv\u0113ku vesel\u012bbu. Daudzas no \u0161\u012bm \u0137imik\u0101lij\u0101m ir \u013coti stabilas, var m\u0113rot lielus att\u0101lumus dab\u0101 un non\u0101kt bar\u012bbas \u0137\u0113d\u0113. Ir skaidrs \u2014 nov\u0113rst un mazin\u0101t to nopl\u016bdi ir daudz viegl\u0101k, nek\u0101 m\u0113\u0123in\u0101t atvese\u013cot vidi. Turpin\u0101jum\u0101 nor\u0101d\u012btaj\u0101m ... Read more","og_url":"https:\/\/www.waterchain.eu\/lv\/ka-es-varu-palidzet\/bistamas-vielas\/","og_site_name":"WaterChain","article_modified_time":"2018-06-28T11:52:17+00:00","og_image":[{"width":1600,"height":1000,"url":"https:\/\/www.waterchain.eu\/wp-content\/uploads\/2018\/04\/title-waves-01.jpg","type":"image\/jpeg"}],"twitter_card":"summary_large_image","twitter_misc":{"Est. reading time":"2 minutes"},"schema":{"@context":"https:\/\/schema.org","@graph":[{"@type":"WebPage","@id":"https:\/\/www.waterchain.eu\/lv\/ka-es-varu-palidzet\/bistamas-vielas\/","url":"https:\/\/www.waterchain.eu\/lv\/ka-es-varu-palidzet\/bistamas-vielas\/","name":"B\u012bstam\u0101s vielas - WaterChain","isPartOf":{"@id":"https:\/\/www.waterchain.eu\/#website"},"primaryImageOfPage":{"@id":"https:\/\/www.waterchain.eu\/lv\/ka-es-varu-palidzet\/bistamas-vielas\/#primaryimage"},"image":{"@id":"https:\/\/www.waterchain.eu\/lv\/ka-es-varu-palidzet\/bistamas-vielas\/#primaryimage"},"thumbnailUrl":"https:\/\/www.waterchain.eu\/wp-content\/uploads\/2018\/04\/title-waves-01.jpg","datePublished":"2018-05-21T12:40:45+00:00","dateModified":"2018-06-28T11:52:17+00:00","breadcrumb":{"@id":"https:\/\/www.waterchain.eu\/lv\/ka-es-varu-palidzet\/bistamas-vielas\/#breadcrumb"},"inLanguage":"lv-LV","potentialAction":[{"@type":"ReadAction","target":["https:\/\/www.waterchain.eu\/lv\/ka-es-varu-palidzet\/bistamas-vielas\/"]}]},{"@type":"ImageObject","inLanguage":"lv-LV","@id":"https:\/\/www.waterchain.eu\/lv\/ka-es-varu-palidzet\/bistamas-vielas\/#primaryimage","url":"https:\/\/www.waterchain.eu\/wp-content\/uploads\/2018\/04\/title-waves-01.jpg","contentUrl":"https:\/\/www.waterchain.eu\/wp-content\/uploads\/2018\/04\/title-waves-01.jpg","width":1600,"height":1000},{"@type":"BreadcrumbList","@id":"https:\/\/www.waterchain.eu\/lv\/ka-es-varu-palidzet\/bistamas-vielas\/#breadcrumb","itemListElement":[{"@type":"ListItem","position":1,"name":"Home","item":"https:\/\/www.waterchain.eu\/lv\/"},{"@type":"ListItem","position":2,"name":"K\u0101 es varu pal\u012bdz\u0113t?","item":"https:\/\/www.waterchain.eu\/lv\/ka-es-varu-palidzet\/"},{"@type":"ListItem","position":3,"name":"B\u012bstam\u0101s vielas"}]},{"@type":"WebSite","@id":"https:\/\/www.waterchain.eu\/#website","url":"https:\/\/www.waterchain.eu\/","name":"WaterChain","description":"Recovering the Baltic Sea","publisher":{"@id":"https:\/\/www.waterchain.eu\/#organization"},"potentialAction":[{"@type":"SearchAction","target":{"@type":"EntryPoint","urlTemplate":"https:\/\/www.waterchain.eu\/?s={search_term_string}"},"query-input":{"@type":"PropertyValueSpecification","valueRequired":true,"valueName":"search_term_string"}}],"inLanguage":"lv-LV"},{"@type":"Organization","@id":"https:\/\/www.waterchain.eu\/#organization","name":"WaterChain","url":"https:\/\/www.waterchain.eu\/","logo":{"@type":"ImageObject","inLanguage":"lv-LV","@id":"https:\/\/www.waterchain.eu\/#\/schema\/logo\/image\/","url":"https:\/\/www.waterchain.eu\/wp-content\/uploads\/2017\/09\/WaterChain-logo.png","contentUrl":"https:\/\/www.waterchain.eu\/wp-content\/uploads\/2017\/09\/WaterChain-logo.png","width":343,"height":120,"caption":"WaterChain"},"image":{"@id":"https:\/\/www.waterchain.eu\/#\/schema\/logo\/image\/"},"sameAs":["https:\/\/www.youtube.com\/channel\/UCz8GhExcENBWQYVkkpn_y3Q"]}]}},"_links":{"self":[{"href":"https:\/\/www.waterchain.eu\/lv\/wp-json\/wp\/v2\/pages\/982","targetHints":{"allow":["GET"]}}],"collection":[{"href":"https:\/\/www.waterchain.eu\/lv\/wp-json\/wp\/v2\/pages"}],"about":[{"href":"https:\/\/www.waterchain.eu\/lv\/wp-json\/wp\/v2\/types\/page"}],"author":[{"embeddable":true,"href":"https:\/\/www.waterchain.eu\/lv\/wp-json\/wp\/v2\/users\/1"}],"replies":[{"embeddable":true,"href":"https:\/\/www.waterchain.eu\/lv\/wp-json\/wp\/v2\/comments?post=982"}],"version-history":[{"count":8,"href":"https:\/\/www.waterchain.eu\/lv\/wp-json\/wp\/v2\/pages\/982\/revisions"}],"predecessor-version":[{"id":1567,"href":"https:\/\/www.waterchain.eu\/lv\/wp-json\/wp\/v2\/pages\/982\/revisions\/1567"}],"up":[{"embeddable":true,"href":"https:\/\/www.waterchain.eu\/lv\/wp-json\/wp\/v2\/pages\/978"}],"wp:featuredmedia":[{"embeddable":true,"href":"https:\/\/www.waterchain.eu\/lv\/wp-json\/wp\/v2\/media\/2114"}],"wp:attachment":[{"href":"https:\/\/www.waterchain.eu\/lv\/wp-json\/wp\/v2\/media?parent=982"}],"curies":[{"name":"wp","href":"https:\/\/api.w.org\/{rel}","templated":true}]}}