{"id":985,"date":"2018-05-21T15:53:35","date_gmt":"2018-05-21T12:53:35","guid":{"rendered":"https:\/\/waterchain.eu\/?page_id=985"},"modified":"2018-10-30T14:13:48","modified_gmt":"2018-10-30T12:13:48","slug":"solijums-baltijas-jurai","status":"publish","type":"page","link":"https:\/\/www.waterchain.eu\/lv\/ka-es-varu-palidzet\/solijums-baltijas-jurai\/","title":{"rendered":"Sol\u012bjums Baltijas j\u016brai"},"content":{"rendered":"<h5>Lab\u0101kais veids, k\u0101 pal\u012bdz\u0113t Baltijas j\u016brai, ir nov\u0113rst bar\u012bbas vielu un b\u012bstamo vielu iepl\u016bdi taj\u0101.<\/h5>\n<p>Pat vismaz\u0101kais darbi\u0146\u0161 dara labu. Ko tu vari apsol\u012bt Baltijas j\u016brai?<\/p>\n<p><a href=\"https:\/\/www.waterchain.eu\/lv\/labaka-prakse\/izglitosana\/\">Varb\u016bt v\u0113lies izm\u0113\u0123in\u0101t k\u0101du no pas\u0101kumiem<\/a>, kas p\u0101rbaud\u012bti WaterChain projekta ietvaros?<\/p>\n<h4>L\u016bk, idejas tavam sol\u012bjumam!<\/h4>\n<div id='gallery-1' class='gallery galleryid-985 gallery-columns-3 gallery-size-medium'><figure class='gallery-item'>\n\t\t\t<div class='gallery-icon portrait'>\n\t\t\t\t<a href='https:\/\/www.waterchain.eu\/wp-content\/uploads\/2018\/04\/1_RTBS_promise_food_logot.jpg'><img fetchpriority=\"high\" decoding=\"async\" width=\"580\" height=\"768\" src=\"https:\/\/www.waterchain.eu\/wp-content\/uploads\/2018\/04\/1_RTBS_promise_food_logot-580x768.jpg\" class=\"attachment-medium size-medium\" alt=\"\" srcset=\"https:\/\/www.waterchain.eu\/wp-content\/uploads\/2018\/04\/1_RTBS_promise_food_logot-580x768.jpg 580w, https:\/\/www.waterchain.eu\/wp-content\/uploads\/2018\/04\/1_RTBS_promise_food_logot-768x1018.jpg 768w, https:\/\/www.waterchain.eu\/wp-content\/uploads\/2018\/04\/1_RTBS_promise_food_logot.jpg 920w\" sizes=\"(max-width: 580px) 100vw, 580px\" \/><\/a>\n\t\t\t<\/div><\/figure><figure class='gallery-item'>\n\t\t\t<div class='gallery-icon portrait'>\n\t\t\t\t<a href='https:\/\/www.waterchain.eu\/wp-content\/uploads\/2018\/04\/2_RTBS_promise_consuming.jpg'><img decoding=\"async\" width=\"580\" height=\"768\" src=\"https:\/\/www.waterchain.eu\/wp-content\/uploads\/2018\/04\/2_RTBS_promise_consuming-580x768.jpg\" class=\"attachment-medium size-medium\" alt=\"\" srcset=\"https:\/\/www.waterchain.eu\/wp-content\/uploads\/2018\/04\/2_RTBS_promise_consuming-580x768.jpg 580w, https:\/\/www.waterchain.eu\/wp-content\/uploads\/2018\/04\/2_RTBS_promise_consuming-768x1018.jpg 768w, https:\/\/www.waterchain.eu\/wp-content\/uploads\/2018\/04\/2_RTBS_promise_consuming.jpg 920w\" sizes=\"(max-width: 580px) 100vw, 580px\" \/><\/a>\n\t\t\t<\/div><\/figure><figure class='gallery-item'>\n\t\t\t<div class='gallery-icon portrait'>\n\t\t\t\t<a href='https:\/\/www.waterchain.eu\/wp-content\/uploads\/2018\/04\/3_RTBS_promise_energy.jpg'><img decoding=\"async\" width=\"580\" height=\"768\" src=\"https:\/\/www.waterchain.eu\/wp-content\/uploads\/2018\/04\/3_RTBS_promise_energy-580x768.jpg\" class=\"attachment-medium size-medium\" alt=\"\" srcset=\"https:\/\/www.waterchain.eu\/wp-content\/uploads\/2018\/04\/3_RTBS_promise_energy-580x768.jpg 580w, https:\/\/www.waterchain.eu\/wp-content\/uploads\/2018\/04\/3_RTBS_promise_energy-768x1018.jpg 768w, https:\/\/www.waterchain.eu\/wp-content\/uploads\/2018\/04\/3_RTBS_promise_energy.jpg 920w\" sizes=\"(max-width: 580px) 100vw, 580px\" \/><\/a>\n\t\t\t<\/div><\/figure><figure class='gallery-item'>\n\t\t\t<div class='gallery-icon portrait'>\n\t\t\t\t<a href='https:\/\/www.waterchain.eu\/wp-content\/uploads\/2018\/04\/6_RTBS_promise_impact.jpg'><img loading=\"lazy\" decoding=\"async\" width=\"580\" height=\"768\" src=\"https:\/\/www.waterchain.eu\/wp-content\/uploads\/2018\/04\/6_RTBS_promise_impact-580x768.jpg\" class=\"attachment-medium size-medium\" alt=\"\" srcset=\"https:\/\/www.waterchain.eu\/wp-content\/uploads\/2018\/04\/6_RTBS_promise_impact-580x768.jpg 580w, https:\/\/www.waterchain.eu\/wp-content\/uploads\/2018\/04\/6_RTBS_promise_impact-768x1018.jpg 768w, https:\/\/www.waterchain.eu\/wp-content\/uploads\/2018\/04\/6_RTBS_promise_impact.jpg 920w\" sizes=\"(max-width: 580px) 100vw, 580px\" \/><\/a>\n\t\t\t<\/div><\/figure><figure class='gallery-item'>\n\t\t\t<div class='gallery-icon portrait'>\n\t\t\t\t<a href='https:\/\/www.waterchain.eu\/wp-content\/uploads\/2018\/04\/4_RTBS_promise_travel_logot.jpg'><img loading=\"lazy\" decoding=\"async\" width=\"580\" height=\"768\" src=\"https:\/\/www.waterchain.eu\/wp-content\/uploads\/2018\/04\/4_RTBS_promise_travel_logot-580x768.jpg\" class=\"attachment-medium size-medium\" alt=\"\" srcset=\"https:\/\/www.waterchain.eu\/wp-content\/uploads\/2018\/04\/4_RTBS_promise_travel_logot-580x768.jpg 580w, https:\/\/www.waterchain.eu\/wp-content\/uploads\/2018\/04\/4_RTBS_promise_travel_logot-768x1018.jpg 768w, https:\/\/www.waterchain.eu\/wp-content\/uploads\/2018\/04\/4_RTBS_promise_travel_logot.jpg 920w\" sizes=\"(max-width: 580px) 100vw, 580px\" \/><\/a>\n\t\t\t<\/div><\/figure><figure class='gallery-item'>\n\t\t\t<div class='gallery-icon portrait'>\n\t\t\t\t<a href='https:\/\/www.waterchain.eu\/wp-content\/uploads\/2018\/04\/5_RTBS_promise_boating.jpg'><img loading=\"lazy\" decoding=\"async\" width=\"580\" height=\"768\" src=\"https:\/\/www.waterchain.eu\/wp-content\/uploads\/2018\/04\/5_RTBS_promise_boating-580x768.jpg\" class=\"attachment-medium size-medium\" alt=\"\" srcset=\"https:\/\/www.waterchain.eu\/wp-content\/uploads\/2018\/04\/5_RTBS_promise_boating-580x768.jpg 580w, https:\/\/www.waterchain.eu\/wp-content\/uploads\/2018\/04\/5_RTBS_promise_boating-768x1018.jpg 768w, https:\/\/www.waterchain.eu\/wp-content\/uploads\/2018\/04\/5_RTBS_promise_boating.jpg 920w\" sizes=\"(max-width: 580px) 100vw, 580px\" \/><\/a>\n\t\t\t<\/div><\/figure>\n\t\t<\/div>\n\n<p><iframe width=\"560\" height=\"315\" src=\"https:\/\/www.youtube.com\/embed\/U7NogjZfNn8?rel=0\" frameborder=\"0\" allow=\"autoplay; encrypted-media\" allowfullscreen><\/iframe><\/p>\n","protected":false},"excerpt":{"rendered":"<p>Lab\u0101kais veids, k\u0101 pal\u012bdz\u0113t Baltijas j\u016brai, ir nov\u0113rst bar\u012bbas vielu un b\u012bstamo vielu iepl\u016bdi taj\u0101. Pat vismaz\u0101kais darbi\u0146\u0161 dara labu. Ko tu vari apsol\u012bt Baltijas j\u016brai? Varb\u016bt v\u0113lies izm\u0113\u0123in\u0101t k\u0101du no pas\u0101kumiem, kas p\u0101rbaud\u012bti WaterChain projekta ietvaros? L\u016bk, idejas tavam sol\u012bjumam!<\/p>\n","protected":false},"author":1,"featured_media":0,"parent":978,"menu_order":57,"comment_status":"closed","ping_status":"closed","template":"","meta":{"_exactmetrics_skip_tracking":false,"_exactmetrics_sitenote_active":false,"_exactmetrics_sitenote_note":"","_exactmetrics_sitenote_category":0,"generate_page_header":"","footnotes":""},"class_list":["post-985","page","type-page","status-publish"],"yoast_head":"<!-- This site is optimized with the Yoast SEO plugin v27.3 - https:\/\/yoast.com\/product\/yoast-seo-wordpress\/ -->\n<title>Sol\u012bjums Baltijas j\u016brai - WaterChain<\/title>\n<meta name=\"robots\" content=\"index, follow, max-snippet:-1, max-image-preview:large, max-video-preview:-1\" \/>\n<link rel=\"canonical\" href=\"https:\/\/www.waterchain.eu\/lv\/ka-es-varu-palidzet\/solijums-baltijas-jurai\/\" \/>\n<meta property=\"og:locale\" content=\"lv_LV\" \/>\n<meta property=\"og:type\" content=\"article\" \/>\n<meta property=\"og:title\" content=\"Sol\u012bjums Baltijas j\u016brai - WaterChain\" \/>\n<meta property=\"og:description\" content=\"Lab\u0101kais veids, k\u0101 pal\u012bdz\u0113t Baltijas j\u016brai, ir nov\u0113rst bar\u012bbas vielu un b\u012bstamo vielu iepl\u016bdi taj\u0101. Pat vismaz\u0101kais darbi\u0146\u0161 dara labu. Ko tu vari apsol\u012bt Baltijas j\u016brai? Varb\u016bt v\u0113lies izm\u0113\u0123in\u0101t k\u0101du no pas\u0101kumiem, kas p\u0101rbaud\u012bti WaterChain projekta ietvaros? L\u016bk, idejas tavam sol\u012bjumam!\" \/>\n<meta property=\"og:url\" content=\"https:\/\/www.waterchain.eu\/lv\/ka-es-varu-palidzet\/solijums-baltijas-jurai\/\" \/>\n<meta property=\"og:site_name\" content=\"WaterChain\" \/>\n<meta property=\"article:modified_time\" content=\"2018-10-30T12:13:48+00:00\" \/>\n<meta property=\"og:image\" content=\"https:\/\/www.waterchain.eu\/wp-content\/uploads\/2018\/04\/1_RTBS_promise_food_logot-580x768.jpg\" \/>\n<meta name=\"twitter:card\" content=\"summary_large_image\" \/>\n<script type=\"application\/ld+json\" class=\"yoast-schema-graph\">{\"@context\":\"https:\\\/\\\/schema.org\",\"@graph\":[{\"@type\":\"WebPage\",\"@id\":\"https:\\\/\\\/www.waterchain.eu\\\/lv\\\/ka-es-varu-palidzet\\\/solijums-baltijas-jurai\\\/\",\"url\":\"https:\\\/\\\/www.waterchain.eu\\\/lv\\\/ka-es-varu-palidzet\\\/solijums-baltijas-jurai\\\/\",\"name\":\"Sol\u012bjums Baltijas j\u016brai - WaterChain\",\"isPartOf\":{\"@id\":\"https:\\\/\\\/www.waterchain.eu\\\/#website\"},\"datePublished\":\"2018-05-21T12:53:35+00:00\",\"dateModified\":\"2018-10-30T12:13:48+00:00\",\"breadcrumb\":{\"@id\":\"https:\\\/\\\/www.waterchain.eu\\\/lv\\\/ka-es-varu-palidzet\\\/solijums-baltijas-jurai\\\/#breadcrumb\"},\"inLanguage\":\"lv-LV\",\"potentialAction\":[{\"@type\":\"ReadAction\",\"target\":[\"https:\\\/\\\/www.waterchain.eu\\\/lv\\\/ka-es-varu-palidzet\\\/solijums-baltijas-jurai\\\/\"]}]},{\"@type\":\"BreadcrumbList\",\"@id\":\"https:\\\/\\\/www.waterchain.eu\\\/lv\\\/ka-es-varu-palidzet\\\/solijums-baltijas-jurai\\\/#breadcrumb\",\"itemListElement\":[{\"@type\":\"ListItem\",\"position\":1,\"name\":\"Home\",\"item\":\"https:\\\/\\\/www.waterchain.eu\\\/lv\\\/\"},{\"@type\":\"ListItem\",\"position\":2,\"name\":\"K\u0101 es varu pal\u012bdz\u0113t?\",\"item\":\"https:\\\/\\\/www.waterchain.eu\\\/lv\\\/ka-es-varu-palidzet\\\/\"},{\"@type\":\"ListItem\",\"position\":3,\"name\":\"Sol\u012bjums Baltijas j\u016brai\"}]},{\"@type\":\"WebSite\",\"@id\":\"https:\\\/\\\/www.waterchain.eu\\\/#website\",\"url\":\"https:\\\/\\\/www.waterchain.eu\\\/\",\"name\":\"WaterChain\",\"description\":\"Recovering the Baltic Sea\",\"publisher\":{\"@id\":\"https:\\\/\\\/www.waterchain.eu\\\/#organization\"},\"potentialAction\":[{\"@type\":\"SearchAction\",\"target\":{\"@type\":\"EntryPoint\",\"urlTemplate\":\"https:\\\/\\\/www.waterchain.eu\\\/?s={search_term_string}\"},\"query-input\":{\"@type\":\"PropertyValueSpecification\",\"valueRequired\":true,\"valueName\":\"search_term_string\"}}],\"inLanguage\":\"lv-LV\"},{\"@type\":\"Organization\",\"@id\":\"https:\\\/\\\/www.waterchain.eu\\\/#organization\",\"name\":\"WaterChain\",\"url\":\"https:\\\/\\\/www.waterchain.eu\\\/\",\"logo\":{\"@type\":\"ImageObject\",\"inLanguage\":\"lv-LV\",\"@id\":\"https:\\\/\\\/www.waterchain.eu\\\/#\\\/schema\\\/logo\\\/image\\\/\",\"url\":\"https:\\\/\\\/www.waterchain.eu\\\/wp-content\\\/uploads\\\/2017\\\/09\\\/WaterChain-logo.png\",\"contentUrl\":\"https:\\\/\\\/www.waterchain.eu\\\/wp-content\\\/uploads\\\/2017\\\/09\\\/WaterChain-logo.png\",\"width\":343,\"height\":120,\"caption\":\"WaterChain\"},\"image\":{\"@id\":\"https:\\\/\\\/www.waterchain.eu\\\/#\\\/schema\\\/logo\\\/image\\\/\"},\"sameAs\":[\"https:\\\/\\\/www.youtube.com\\\/channel\\\/UCz8GhExcENBWQYVkkpn_y3Q\"]}]}<\/script>\n<!-- \/ Yoast SEO plugin. -->","yoast_head_json":{"title":"Sol\u012bjums Baltijas j\u016brai - WaterChain","robots":{"index":"index","follow":"follow","max-snippet":"max-snippet:-1","max-image-preview":"max-image-preview:large","max-video-preview":"max-video-preview:-1"},"canonical":"https:\/\/www.waterchain.eu\/lv\/ka-es-varu-palidzet\/solijums-baltijas-jurai\/","og_locale":"lv_LV","og_type":"article","og_title":"Sol\u012bjums Baltijas j\u016brai - WaterChain","og_description":"Lab\u0101kais veids, k\u0101 pal\u012bdz\u0113t Baltijas j\u016brai, ir nov\u0113rst bar\u012bbas vielu un b\u012bstamo vielu iepl\u016bdi taj\u0101. Pat vismaz\u0101kais darbi\u0146\u0161 dara labu. Ko tu vari apsol\u012bt Baltijas j\u016brai? Varb\u016bt v\u0113lies izm\u0113\u0123in\u0101t k\u0101du no pas\u0101kumiem, kas p\u0101rbaud\u012bti WaterChain projekta ietvaros? L\u016bk, idejas tavam sol\u012bjumam!","og_url":"https:\/\/www.waterchain.eu\/lv\/ka-es-varu-palidzet\/solijums-baltijas-jurai\/","og_site_name":"WaterChain","article_modified_time":"2018-10-30T12:13:48+00:00","og_image":[{"url":"https:\/\/www.waterchain.eu\/wp-content\/uploads\/2018\/04\/1_RTBS_promise_food_logot-580x768.jpg","type":"","width":"","height":""}],"twitter_card":"summary_large_image","schema":{"@context":"https:\/\/schema.org","@graph":[{"@type":"WebPage","@id":"https:\/\/www.waterchain.eu\/lv\/ka-es-varu-palidzet\/solijums-baltijas-jurai\/","url":"https:\/\/www.waterchain.eu\/lv\/ka-es-varu-palidzet\/solijums-baltijas-jurai\/","name":"Sol\u012bjums Baltijas j\u016brai - WaterChain","isPartOf":{"@id":"https:\/\/www.waterchain.eu\/#website"},"datePublished":"2018-05-21T12:53:35+00:00","dateModified":"2018-10-30T12:13:48+00:00","breadcrumb":{"@id":"https:\/\/www.waterchain.eu\/lv\/ka-es-varu-palidzet\/solijums-baltijas-jurai\/#breadcrumb"},"inLanguage":"lv-LV","potentialAction":[{"@type":"ReadAction","target":["https:\/\/www.waterchain.eu\/lv\/ka-es-varu-palidzet\/solijums-baltijas-jurai\/"]}]},{"@type":"BreadcrumbList","@id":"https:\/\/www.waterchain.eu\/lv\/ka-es-varu-palidzet\/solijums-baltijas-jurai\/#breadcrumb","itemListElement":[{"@type":"ListItem","position":1,"name":"Home","item":"https:\/\/www.waterchain.eu\/lv\/"},{"@type":"ListItem","position":2,"name":"K\u0101 es varu pal\u012bdz\u0113t?","item":"https:\/\/www.waterchain.eu\/lv\/ka-es-varu-palidzet\/"},{"@type":"ListItem","position":3,"name":"Sol\u012bjums Baltijas j\u016brai"}]},{"@type":"WebSite","@id":"https:\/\/www.waterchain.eu\/#website","url":"https:\/\/www.waterchain.eu\/","name":"WaterChain","description":"Recovering the Baltic Sea","publisher":{"@id":"https:\/\/www.waterchain.eu\/#organization"},"potentialAction":[{"@type":"SearchAction","target":{"@type":"EntryPoint","urlTemplate":"https:\/\/www.waterchain.eu\/?s={search_term_string}"},"query-input":{"@type":"PropertyValueSpecification","valueRequired":true,"valueName":"search_term_string"}}],"inLanguage":"lv-LV"},{"@type":"Organization","@id":"https:\/\/www.waterchain.eu\/#organization","name":"WaterChain","url":"https:\/\/www.waterchain.eu\/","logo":{"@type":"ImageObject","inLanguage":"lv-LV","@id":"https:\/\/www.waterchain.eu\/#\/schema\/logo\/image\/","url":"https:\/\/www.waterchain.eu\/wp-content\/uploads\/2017\/09\/WaterChain-logo.png","contentUrl":"https:\/\/www.waterchain.eu\/wp-content\/uploads\/2017\/09\/WaterChain-logo.png","width":343,"height":120,"caption":"WaterChain"},"image":{"@id":"https:\/\/www.waterchain.eu\/#\/schema\/logo\/image\/"},"sameAs":["https:\/\/www.youtube.com\/channel\/UCz8GhExcENBWQYVkkpn_y3Q"]}]}},"_links":{"self":[{"href":"https:\/\/www.waterchain.eu\/lv\/wp-json\/wp\/v2\/pages\/985","targetHints":{"allow":["GET"]}}],"collection":[{"href":"https:\/\/www.waterchain.eu\/lv\/wp-json\/wp\/v2\/pages"}],"about":[{"href":"https:\/\/www.waterchain.eu\/lv\/wp-json\/wp\/v2\/types\/page"}],"author":[{"embeddable":true,"href":"https:\/\/www.waterchain.eu\/lv\/wp-json\/wp\/v2\/users\/1"}],"replies":[{"embeddable":true,"href":"https:\/\/www.waterchain.eu\/lv\/wp-json\/wp\/v2\/comments?post=985"}],"version-history":[{"count":3,"href":"https:\/\/www.waterchain.eu\/lv\/wp-json\/wp\/v2\/pages\/985\/revisions"}],"predecessor-version":[{"id":3471,"href":"https:\/\/www.waterchain.eu\/lv\/wp-json\/wp\/v2\/pages\/985\/revisions\/3471"}],"up":[{"embeddable":true,"href":"https:\/\/www.waterchain.eu\/lv\/wp-json\/wp\/v2\/pages\/978"}],"wp:attachment":[{"href":"https:\/\/www.waterchain.eu\/lv\/wp-json\/wp\/v2\/media?parent=985"}],"curies":[{"name":"wp","href":"https:\/\/api.w.org\/{rel}","templated":true}]}}