{"id":987,"date":"2018-05-21T15:58:48","date_gmt":"2018-05-21T12:58:48","guid":{"rendered":"https:\/\/waterchain.eu\/?page_id=987"},"modified":"2018-08-17T12:04:42","modified_gmt":"2018-08-17T09:04:42","slug":"labaka-prakse","status":"publish","type":"page","link":"https:\/\/www.waterchain.eu\/lv\/labaka-prakse\/","title":{"rendered":"Lab\u0101k\u0101 prakse"},"content":{"rendered":"<h2>Risin\u0101jumi izplat\u012btai probl\u0113mai<\/h2>\n<h5>Baltijas j\u016bra saskaras ar tik daudz\u0101m probl\u0113m\u0101m, ka j\u016bras atvese\u013co\u0161anu var nodro\u0161in\u0101t tikai sadarbojoties starptautiski.<\/h5>\n<p>WaterChain projekta ietvaros kop\u0101 ar partneriem no Baltijas j\u016bras centr\u0101l\u0101 re\u0123iona tika izm\u0113\u0123in\u0101tas vair\u0101kas metodes, k\u0101 samazin\u0101t bar\u012bbas vielu un b\u012bstamo vielu iepl\u016bdi Baltijas j\u016br\u0101. T\u0101 k\u0101 \u0161im pies\u0101r\u0146ojumam, ko veido gan bar\u012bbas vielas, gan b\u012bstam\u0101s vielas, ir da\u017e\u0101di avoti, ir nepiecie\u0161ama at\u0161\u0137ir\u012bga pieeja un da\u017e\u0101das metodes visos l\u012bme\u0146os, lai nodro\u0161in\u0101tu efekt\u012bv\u0101ko rezult\u0101tu un \u013cautu Baltijas j\u016brai atkopties.<\/p>\n<p>Papildus lab\u0101kajai praksei attiec\u012bb\u0101 uz tehnolo\u0123iskajiem pas\u0101kumiem bar\u012bbas vielu un b\u012bstamo vielu pies\u0101r\u0146ojuma samazin\u0101\u0161anai, nedr\u012bkst aizmirst par ieguld\u012bjumu, ko var dot iedz\u012bvot\u0101ju izgl\u012bto\u0161ana. Jebkura laba r\u012bc\u012bba var pal\u012bdz\u0113t, pat ja t\u0101 \u0161\u0137iet nenoz\u012bm\u012bga. Raugoties pla\u0161\u0101k, redzams, ka izstr\u0101d\u0101t\u0101 strat\u0113\u0123isk\u0101 pieeja pies\u0101r\u0146ojuma samazin\u0101\u0161anai sniedz ilgtsp\u0113j\u012bgus r\u012bkus politikas veidot\u0101jiem, lauksaimniekiem un lopkopjiem, festiv\u0101lu r\u012bkot\u0101jiem un \u016bdens sist\u0113mu apsaimniekot\u0101jiem.<\/p>\n<p><img fetchpriority=\"high\" decoding=\"async\" class=\"alignnone size-medium wp-image-1398\" src=\"https:\/\/www.waterchain.eu\/wp-content\/uploads\/2018\/06\/Catchment-area_Copyright-Emilia-M\u00e4kel\u00e4-543x768.png\" alt=\"\" width=\"543\" height=\"768\" srcset=\"https:\/\/www.waterchain.eu\/wp-content\/uploads\/2018\/06\/Catchment-area_Copyright-Emilia-M\u00e4kel\u00e4-543x768.png 543w, https:\/\/www.waterchain.eu\/wp-content\/uploads\/2018\/06\/Catchment-area_Copyright-Emilia-M\u00e4kel\u00e4-768x1086.png 768w, https:\/\/www.waterchain.eu\/wp-content\/uploads\/2018\/06\/Catchment-area_Copyright-Emilia-M\u00e4kel\u00e4-905x1280.png 905w\" sizes=\"(max-width: 543px) 100vw, 543px\" \/><\/p>\n","protected":false},"excerpt":{"rendered":"<p>Risin\u0101jumi izplat\u012btai probl\u0113mai Baltijas j\u016bra saskaras ar tik daudz\u0101m probl\u0113m\u0101m, ka j\u016bras atvese\u013co\u0161anu var nodro\u0161in\u0101t tikai sadarbojoties starptautiski. WaterChain projekta ietvaros kop\u0101 ar partneriem no Baltijas j\u016bras centr\u0101l\u0101 re\u0123iona tika izm\u0113\u0123in\u0101tas vair\u0101kas metodes, k\u0101 samazin\u0101t bar\u012bbas vielu un b\u012bstamo vielu iepl\u016bdi Baltijas j\u016br\u0101. T\u0101 k\u0101 \u0161im pies\u0101r\u0146ojumam, ko veido gan bar\u012bbas vielas, gan b\u012bstam\u0101s vielas, &#8230; <a title=\"Lab\u0101k\u0101 prakse\" class=\"read-more\" href=\"https:\/\/www.waterchain.eu\/lv\/labaka-prakse\/\" aria-label=\"Read more about Lab\u0101k\u0101 prakse\">Read more<\/a><\/p>\n","protected":false},"author":1,"featured_media":2174,"parent":0,"menu_order":68,"comment_status":"closed","ping_status":"closed","template":"","meta":{"_exactmetrics_skip_tracking":false,"_exactmetrics_sitenote_active":false,"_exactmetrics_sitenote_note":"","_exactmetrics_sitenote_category":0,"generate_page_header":"","footnotes":""},"class_list":["post-987","page","type-page","status-publish","has-post-thumbnail"],"yoast_head":"<!-- This site is optimized with the Yoast SEO plugin v27.3 - https:\/\/yoast.com\/product\/yoast-seo-wordpress\/ -->\n<title>Lab\u0101k\u0101 prakse - WaterChain<\/title>\n<meta name=\"robots\" content=\"index, follow, max-snippet:-1, max-image-preview:large, max-video-preview:-1\" \/>\n<link rel=\"canonical\" href=\"https:\/\/www.waterchain.eu\/lv\/labaka-prakse\/\" \/>\n<meta property=\"og:locale\" content=\"lv_LV\" \/>\n<meta property=\"og:type\" content=\"article\" \/>\n<meta property=\"og:title\" content=\"Lab\u0101k\u0101 prakse - WaterChain\" \/>\n<meta property=\"og:description\" content=\"Risin\u0101jumi izplat\u012btai probl\u0113mai Baltijas j\u016bra saskaras ar tik daudz\u0101m probl\u0113m\u0101m, ka j\u016bras atvese\u013co\u0161anu var nodro\u0161in\u0101t tikai sadarbojoties starptautiski. WaterChain projekta ietvaros kop\u0101 ar partneriem no Baltijas j\u016bras centr\u0101l\u0101 re\u0123iona tika izm\u0113\u0123in\u0101tas vair\u0101kas metodes, k\u0101 samazin\u0101t bar\u012bbas vielu un b\u012bstamo vielu iepl\u016bdi Baltijas j\u016br\u0101. T\u0101 k\u0101 \u0161im pies\u0101r\u0146ojumam, ko veido gan bar\u012bbas vielas, gan b\u012bstam\u0101s vielas, ... Read more\" \/>\n<meta property=\"og:url\" content=\"https:\/\/www.waterchain.eu\/lv\/labaka-prakse\/\" \/>\n<meta property=\"og:site_name\" content=\"WaterChain\" \/>\n<meta property=\"article:modified_time\" content=\"2018-08-17T09:04:42+00:00\" \/>\n<meta property=\"og:image\" content=\"https:\/\/www.waterchain.eu\/wp-content\/uploads\/2017\/09\/baltic-sea-seagulls.jpg\" \/>\n\t<meta property=\"og:image:width\" content=\"1600\" \/>\n\t<meta property=\"og:image:height\" content=\"1200\" \/>\n\t<meta property=\"og:image:type\" content=\"image\/jpeg\" \/>\n<meta name=\"twitter:card\" content=\"summary_large_image\" \/>\n<meta name=\"twitter:label1\" content=\"Est. reading time\" \/>\n\t<meta name=\"twitter:data1\" content=\"1 minute\" \/>\n<script type=\"application\/ld+json\" class=\"yoast-schema-graph\">{\"@context\":\"https:\\\/\\\/schema.org\",\"@graph\":[{\"@type\":\"WebPage\",\"@id\":\"https:\\\/\\\/www.waterchain.eu\\\/lv\\\/labaka-prakse\\\/\",\"url\":\"https:\\\/\\\/www.waterchain.eu\\\/lv\\\/labaka-prakse\\\/\",\"name\":\"Lab\u0101k\u0101 prakse - WaterChain\",\"isPartOf\":{\"@id\":\"https:\\\/\\\/www.waterchain.eu\\\/#website\"},\"primaryImageOfPage\":{\"@id\":\"https:\\\/\\\/www.waterchain.eu\\\/lv\\\/labaka-prakse\\\/#primaryimage\"},\"image\":{\"@id\":\"https:\\\/\\\/www.waterchain.eu\\\/lv\\\/labaka-prakse\\\/#primaryimage\"},\"thumbnailUrl\":\"https:\\\/\\\/www.waterchain.eu\\\/wp-content\\\/uploads\\\/2017\\\/09\\\/baltic-sea-seagulls.jpg\",\"datePublished\":\"2018-05-21T12:58:48+00:00\",\"dateModified\":\"2018-08-17T09:04:42+00:00\",\"breadcrumb\":{\"@id\":\"https:\\\/\\\/www.waterchain.eu\\\/lv\\\/labaka-prakse\\\/#breadcrumb\"},\"inLanguage\":\"lv-LV\",\"potentialAction\":[{\"@type\":\"ReadAction\",\"target\":[\"https:\\\/\\\/www.waterchain.eu\\\/lv\\\/labaka-prakse\\\/\"]}]},{\"@type\":\"ImageObject\",\"inLanguage\":\"lv-LV\",\"@id\":\"https:\\\/\\\/www.waterchain.eu\\\/lv\\\/labaka-prakse\\\/#primaryimage\",\"url\":\"https:\\\/\\\/www.waterchain.eu\\\/wp-content\\\/uploads\\\/2017\\\/09\\\/baltic-sea-seagulls.jpg\",\"contentUrl\":\"https:\\\/\\\/www.waterchain.eu\\\/wp-content\\\/uploads\\\/2017\\\/09\\\/baltic-sea-seagulls.jpg\",\"width\":1600,\"height\":1200},{\"@type\":\"BreadcrumbList\",\"@id\":\"https:\\\/\\\/www.waterchain.eu\\\/lv\\\/labaka-prakse\\\/#breadcrumb\",\"itemListElement\":[{\"@type\":\"ListItem\",\"position\":1,\"name\":\"Home\",\"item\":\"https:\\\/\\\/www.waterchain.eu\\\/lv\\\/\"},{\"@type\":\"ListItem\",\"position\":2,\"name\":\"Lab\u0101k\u0101 prakse\"}]},{\"@type\":\"WebSite\",\"@id\":\"https:\\\/\\\/www.waterchain.eu\\\/#website\",\"url\":\"https:\\\/\\\/www.waterchain.eu\\\/\",\"name\":\"WaterChain\",\"description\":\"Recovering the Baltic Sea\",\"publisher\":{\"@id\":\"https:\\\/\\\/www.waterchain.eu\\\/#organization\"},\"potentialAction\":[{\"@type\":\"SearchAction\",\"target\":{\"@type\":\"EntryPoint\",\"urlTemplate\":\"https:\\\/\\\/www.waterchain.eu\\\/?s={search_term_string}\"},\"query-input\":{\"@type\":\"PropertyValueSpecification\",\"valueRequired\":true,\"valueName\":\"search_term_string\"}}],\"inLanguage\":\"lv-LV\"},{\"@type\":\"Organization\",\"@id\":\"https:\\\/\\\/www.waterchain.eu\\\/#organization\",\"name\":\"WaterChain\",\"url\":\"https:\\\/\\\/www.waterchain.eu\\\/\",\"logo\":{\"@type\":\"ImageObject\",\"inLanguage\":\"lv-LV\",\"@id\":\"https:\\\/\\\/www.waterchain.eu\\\/#\\\/schema\\\/logo\\\/image\\\/\",\"url\":\"https:\\\/\\\/www.waterchain.eu\\\/wp-content\\\/uploads\\\/2017\\\/09\\\/WaterChain-logo.png\",\"contentUrl\":\"https:\\\/\\\/www.waterchain.eu\\\/wp-content\\\/uploads\\\/2017\\\/09\\\/WaterChain-logo.png\",\"width\":343,\"height\":120,\"caption\":\"WaterChain\"},\"image\":{\"@id\":\"https:\\\/\\\/www.waterchain.eu\\\/#\\\/schema\\\/logo\\\/image\\\/\"},\"sameAs\":[\"https:\\\/\\\/www.youtube.com\\\/channel\\\/UCz8GhExcENBWQYVkkpn_y3Q\"]}]}<\/script>\n<!-- \/ Yoast SEO plugin. -->","yoast_head_json":{"title":"Lab\u0101k\u0101 prakse - WaterChain","robots":{"index":"index","follow":"follow","max-snippet":"max-snippet:-1","max-image-preview":"max-image-preview:large","max-video-preview":"max-video-preview:-1"},"canonical":"https:\/\/www.waterchain.eu\/lv\/labaka-prakse\/","og_locale":"lv_LV","og_type":"article","og_title":"Lab\u0101k\u0101 prakse - WaterChain","og_description":"Risin\u0101jumi izplat\u012btai probl\u0113mai Baltijas j\u016bra saskaras ar tik daudz\u0101m probl\u0113m\u0101m, ka j\u016bras atvese\u013co\u0161anu var nodro\u0161in\u0101t tikai sadarbojoties starptautiski. WaterChain projekta ietvaros kop\u0101 ar partneriem no Baltijas j\u016bras centr\u0101l\u0101 re\u0123iona tika izm\u0113\u0123in\u0101tas vair\u0101kas metodes, k\u0101 samazin\u0101t bar\u012bbas vielu un b\u012bstamo vielu iepl\u016bdi Baltijas j\u016br\u0101. T\u0101 k\u0101 \u0161im pies\u0101r\u0146ojumam, ko veido gan bar\u012bbas vielas, gan b\u012bstam\u0101s vielas, ... Read more","og_url":"https:\/\/www.waterchain.eu\/lv\/labaka-prakse\/","og_site_name":"WaterChain","article_modified_time":"2018-08-17T09:04:42+00:00","og_image":[{"width":1600,"height":1200,"url":"https:\/\/www.waterchain.eu\/wp-content\/uploads\/2017\/09\/baltic-sea-seagulls.jpg","type":"image\/jpeg"}],"twitter_card":"summary_large_image","twitter_misc":{"Est. reading time":"1 minute"},"schema":{"@context":"https:\/\/schema.org","@graph":[{"@type":"WebPage","@id":"https:\/\/www.waterchain.eu\/lv\/labaka-prakse\/","url":"https:\/\/www.waterchain.eu\/lv\/labaka-prakse\/","name":"Lab\u0101k\u0101 prakse - WaterChain","isPartOf":{"@id":"https:\/\/www.waterchain.eu\/#website"},"primaryImageOfPage":{"@id":"https:\/\/www.waterchain.eu\/lv\/labaka-prakse\/#primaryimage"},"image":{"@id":"https:\/\/www.waterchain.eu\/lv\/labaka-prakse\/#primaryimage"},"thumbnailUrl":"https:\/\/www.waterchain.eu\/wp-content\/uploads\/2017\/09\/baltic-sea-seagulls.jpg","datePublished":"2018-05-21T12:58:48+00:00","dateModified":"2018-08-17T09:04:42+00:00","breadcrumb":{"@id":"https:\/\/www.waterchain.eu\/lv\/labaka-prakse\/#breadcrumb"},"inLanguage":"lv-LV","potentialAction":[{"@type":"ReadAction","target":["https:\/\/www.waterchain.eu\/lv\/labaka-prakse\/"]}]},{"@type":"ImageObject","inLanguage":"lv-LV","@id":"https:\/\/www.waterchain.eu\/lv\/labaka-prakse\/#primaryimage","url":"https:\/\/www.waterchain.eu\/wp-content\/uploads\/2017\/09\/baltic-sea-seagulls.jpg","contentUrl":"https:\/\/www.waterchain.eu\/wp-content\/uploads\/2017\/09\/baltic-sea-seagulls.jpg","width":1600,"height":1200},{"@type":"BreadcrumbList","@id":"https:\/\/www.waterchain.eu\/lv\/labaka-prakse\/#breadcrumb","itemListElement":[{"@type":"ListItem","position":1,"name":"Home","item":"https:\/\/www.waterchain.eu\/lv\/"},{"@type":"ListItem","position":2,"name":"Lab\u0101k\u0101 prakse"}]},{"@type":"WebSite","@id":"https:\/\/www.waterchain.eu\/#website","url":"https:\/\/www.waterchain.eu\/","name":"WaterChain","description":"Recovering the Baltic Sea","publisher":{"@id":"https:\/\/www.waterchain.eu\/#organization"},"potentialAction":[{"@type":"SearchAction","target":{"@type":"EntryPoint","urlTemplate":"https:\/\/www.waterchain.eu\/?s={search_term_string}"},"query-input":{"@type":"PropertyValueSpecification","valueRequired":true,"valueName":"search_term_string"}}],"inLanguage":"lv-LV"},{"@type":"Organization","@id":"https:\/\/www.waterchain.eu\/#organization","name":"WaterChain","url":"https:\/\/www.waterchain.eu\/","logo":{"@type":"ImageObject","inLanguage":"lv-LV","@id":"https:\/\/www.waterchain.eu\/#\/schema\/logo\/image\/","url":"https:\/\/www.waterchain.eu\/wp-content\/uploads\/2017\/09\/WaterChain-logo.png","contentUrl":"https:\/\/www.waterchain.eu\/wp-content\/uploads\/2017\/09\/WaterChain-logo.png","width":343,"height":120,"caption":"WaterChain"},"image":{"@id":"https:\/\/www.waterchain.eu\/#\/schema\/logo\/image\/"},"sameAs":["https:\/\/www.youtube.com\/channel\/UCz8GhExcENBWQYVkkpn_y3Q"]}]}},"_links":{"self":[{"href":"https:\/\/www.waterchain.eu\/lv\/wp-json\/wp\/v2\/pages\/987","targetHints":{"allow":["GET"]}}],"collection":[{"href":"https:\/\/www.waterchain.eu\/lv\/wp-json\/wp\/v2\/pages"}],"about":[{"href":"https:\/\/www.waterchain.eu\/lv\/wp-json\/wp\/v2\/types\/page"}],"author":[{"embeddable":true,"href":"https:\/\/www.waterchain.eu\/lv\/wp-json\/wp\/v2\/users\/1"}],"replies":[{"embeddable":true,"href":"https:\/\/www.waterchain.eu\/lv\/wp-json\/wp\/v2\/comments?post=987"}],"version-history":[{"count":2,"href":"https:\/\/www.waterchain.eu\/lv\/wp-json\/wp\/v2\/pages\/987\/revisions"}],"predecessor-version":[{"id":2943,"href":"https:\/\/www.waterchain.eu\/lv\/wp-json\/wp\/v2\/pages\/987\/revisions\/2943"}],"wp:featuredmedia":[{"embeddable":true,"href":"https:\/\/www.waterchain.eu\/lv\/wp-json\/wp\/v2\/media\/2174"}],"wp:attachment":[{"href":"https:\/\/www.waterchain.eu\/lv\/wp-json\/wp\/v2\/media?parent=987"}],"curies":[{"name":"wp","href":"https:\/\/api.w.org\/{rel}","templated":true}]}}