{"id":1093,"date":"2018-05-31T14:24:56","date_gmt":"2018-05-31T11:24:56","guid":{"rendered":"https:\/\/waterchain.eu\/?page_id=1093"},"modified":"2018-07-02T15:15:10","modified_gmt":"2018-07-02T12:15:10","slug":"narsalter","status":"publish","type":"page","link":"https:\/\/www.waterchain.eu\/sv\/vad-kan-jag-gora\/narsalter\/","title":{"rendered":"N\u00e4rsalter"},"content":{"rendered":"<h2>Fosfor och kv\u00e4ve<\/h2>\n<h5>Att skydda \u00d6stersj\u00f6n kr\u00e4ver insatser b\u00e5de p\u00e5 land och till sj\u00f6ss. Att minska infl\u00f6det av n\u00e4rsalter och farliga \u00e4mnen till \u00d6stersj\u00f6n \u00e4r delvis en politisk fr\u00e5ga, b\u00e5de p\u00e5 nationell och internationell niv\u00e5 mellan l\u00e4nderna i avrinningsomr\u00e5det. Dock kan vi alla g\u00f6ra skillnad genom valen vi g\u00f6r i v\u00e5ra dagliga liv. Belastningen av n\u00e4rsalter p\u00e5 de akvatiska ekosystemen kan begr\u00e4nsas genom t.ex. att \u00e4ndra konsumtionsvanor, behandla avloppsvatten effektivt och f\u00f6rb\u00e4ttra metoderna inom jordbruket.<\/h5>\n<ul>\n<li>Anv\u00e4nder Du fosfatfria reng\u00f6ringsmedel?<\/li>\n<li>Fungerar din sophantering och \u00e5tervinning? Har du en kompost?<\/li>\n<li>M\u00e5ste du anv\u00e4nda konstg\u00f6dsel i tr\u00e4dg\u00e5rden?<\/li>\n<li>Kan du t\u00e4nka Dig att \u00e4ta mindre k\u00f6tt och handla lokalproducerade livsmedel?<\/li>\n<li>Behandlar du ditt avloppsvatten tillr\u00e4ckligt bra i fritidshuset eller i b\u00e5ten?<\/li>\n<\/ul>\n<hr \/>\n\t<div class=\"gridable gridable--row\" >\n\t\t\t<div class=\"gridable--col col-6\" >\n\t\t<p><img fetchpriority=\"high\" decoding=\"async\" class=\"alignnone size-full wp-image-619\" src=\"https:\/\/www.waterchain.eu\/wp-content\/uploads\/2018\/04\/nutrients-local-food.jpg\" alt=\"\" width=\"1280\" height=\"757\" srcset=\"https:\/\/www.waterchain.eu\/wp-content\/uploads\/2018\/04\/nutrients-local-food.jpg 1280w, https:\/\/www.waterchain.eu\/wp-content\/uploads\/2018\/04\/nutrients-local-food-768x454.jpg 768w\" sizes=\"(max-width: 1280px) 100vw, 1280px\" \/><\/p>\t<\/div>\n\t<div class=\"gridable--col col-6\" >\n\t\t<h3>V\u00e5ra val som konsumenter<\/h3>\n<p>De flesta \u00e5tg\u00e4rder, som alla kan g\u00f6ra f\u00f6r att minska belastningen av n\u00e4rsalter p\u00e5 \u00d6stersj\u00f6n, \u00e4r knutna till <em><strong>v\u00e5ra val som konsumenter<\/strong><\/em>. Produktion av livsmedel i t.ex. jordbruket, orsakar tillf\u00f6rsel av n\u00e4rsalter till vatten, d\u00e4rf\u00f6r \u00e4r det betydelsefullt vad vi \u00e4ter. Att producera k\u00f6tt f\u00f6rorenar mer \u00e4n att producera vegetarisk f\u00f6da, d\u00e4rf\u00f6r borde vi minska k\u00f6ttkonsumtionen. Genom att k\u00f6pa lokalproducerade livsmedel kan vi minska kv\u00e4veutsl\u00e4ppen fr\u00e5n l\u00e5ngv\u00e4ga transporter. Dessutom \u00e4r det mycket viktigt att minska m\u00e4ngden kastade livsmedel.<\/p>\t<\/div>\n\t<\/div>\n\n<p>&nbsp;<\/p>\n<hr \/>\n\t<div class=\"gridable gridable--row\" >\n\t\t\t<div class=\"gridable--col col-6\" >\n\t\t<h3>Avloppsvatten<\/h3>\n<p>En viktig \u00e5tg\u00e4rd f\u00f6r att minska tillf\u00f6rseln av n\u00e4rsalter till \u00d6stersj\u00f6n \u00e4r att se till att v\u00e5ra avloppsvatten renas ordentligt. Speciellt enskilda avlopp \u00e4r ofta d\u00e5liga p\u00e5 att rena bort n\u00e4rsalter. Dessutom \u00e4r det viktigt att v\u00e4lja r\u00e4tt reng\u00f6ringsmedel s\u00e5 att det kan renas bort och inte tillf\u00f6r n\u00e4rsalter till avloppsvattnet, vilket \u00e4r speciellt viktigt i enskilda avlopp.<\/p>\t<\/div>\n\t<div class=\"gridable--col col-6\" >\n\t\t<a href=\"https:\/\/www.waterchain.eu\/wp-content\/uploads\/2018\/07\/nutrients-wastewater.jpg\"><img decoding=\"async\" class=\"alignnone size-medium wp-image-1642\" src=\"https:\/\/www.waterchain.eu\/wp-content\/uploads\/2018\/07\/nutrients-wastewater-768x454.jpg\" alt=\"\" width=\"768\" height=\"454\" srcset=\"https:\/\/www.waterchain.eu\/wp-content\/uploads\/2018\/07\/nutrients-wastewater-768x454.jpg 768w, https:\/\/www.waterchain.eu\/wp-content\/uploads\/2018\/07\/nutrients-wastewater.jpg 1280w\" sizes=\"(max-width: 768px) 100vw, 768px\" \/><\/a>\t<\/div>\n\t<\/div>\n\n<hr \/>\n\t<div class=\"gridable gridable--row\" >\n\t\t\t<div class=\"gridable--col col-6\" >\n\t\t<p><figure id=\"attachment_613\" aria-describedby=\"caption-attachment-613\" style=\"width: 1270px\" class=\"wp-caption alignnone\"><img decoding=\"async\" class=\"wp-image-613 size-full\" src=\"https:\/\/www.waterchain.eu\/wp-content\/uploads\/2018\/04\/nutrients-agriculture.jpg\" alt=\"\" width=\"1280\" height=\"757\" srcset=\"https:\/\/www.waterchain.eu\/wp-content\/uploads\/2018\/04\/nutrients-agriculture.jpg 1280w, https:\/\/www.waterchain.eu\/wp-content\/uploads\/2018\/04\/nutrients-agriculture-768x454.jpg 768w\" sizes=\"(max-width: 1280px) 100vw, 1280px\" \/><figcaption id=\"caption-attachment-613\" class=\"wp-caption-text\">\u00a9 TUAS, Water Engineering<\/figcaption><\/figure><\/p>\t<\/div>\n\t<div class=\"gridable--col col-6\" >\n\t\t<h3>Jordbruk<\/h3>\n<p>Att minska n\u00e4rsaltbelastningen fr\u00e5n jordbruket p\u00e5 \u00d6stersj\u00f6n kr\u00e4ver f\u00f6rb\u00e4ttringar inom odling och g\u00f6dselteknik. Det basala m\u00e5let \u00e4r att kvarh\u00e5lla n\u00e4rsalterna i marken och i gr\u00f6dan. I det fall n\u00e4rsalter lakas ut fr\u00e5n \u00e5krarna m\u00e5ste utsl\u00e4pp till havet f\u00f6rhindras. Exempelvis kan v\u00e5tmarker och olika typ av filter, f\u00e5nga n\u00e4rsalterna och minska utsl\u00e4ppen. Det \u00e4r en anledning varf\u00f6r vi m\u00e5ste skydda kvarvarande naturliga v\u00e5tmarker runt om i \u00d6stersj\u00f6ns avrinningsomr\u00e5de. N\u00e4rsaltbelastningen kan ocks\u00e5 minskas genom \u00e5terf\u00f6ring av n\u00e4rsalter. L\u00e4s vidare i sektionen <a href=\"https:\/\/www.waterchain.eu\/best-practices\/nutrients\/\">\u201cGoda exempel\u201d<\/a>.<\/p>\t<\/div>\n\t<\/div>\n\n<hr \/>\n<h5>Sammanfattningsvis kan vi genom att v\u00e4lja milj\u00f6v\u00e4nliga och lokalt producerade produkter, samt att anv\u00e4nda b\u00e4sta tillg\u00e4ngliga teknik inom jordbruk och avloppsvattenrening, minska n\u00e4rsaltbelastningen p\u00e5 \u00d6stersj\u00f6n. Genom att g\u00f6ra detta kan vi minska eutrofieringen, vilken i sig utg\u00f6r det st\u00f6rsta problemet i \u00d6stersj\u00f6n.<\/h5>\n","protected":false},"excerpt":{"rendered":"<p>Fosfor och kv\u00e4ve Att skydda \u00d6stersj\u00f6n kr\u00e4ver insatser b\u00e5de p\u00e5 land och till sj\u00f6ss. Att minska infl\u00f6det av n\u00e4rsalter och farliga \u00e4mnen till \u00d6stersj\u00f6n \u00e4r delvis en politisk fr\u00e5ga, b\u00e5de p\u00e5 nationell och internationell niv\u00e5 mellan l\u00e4nderna i avrinningsomr\u00e5det. Dock kan vi alla g\u00f6ra skillnad genom valen vi g\u00f6r i v\u00e5ra dagliga liv. Belastningen av &#8230; <a title=\"N\u00e4rsalter\" class=\"read-more\" href=\"https:\/\/www.waterchain.eu\/sv\/vad-kan-jag-gora\/narsalter\/\" aria-label=\"L\u00e4s mer om N\u00e4rsalter\">L\u00e4s mer<\/a><\/p>\n","protected":false},"author":1,"featured_media":0,"parent":1091,"menu_order":21,"comment_status":"closed","ping_status":"closed","template":"","meta":{"_exactmetrics_skip_tracking":false,"_exactmetrics_sitenote_active":false,"_exactmetrics_sitenote_note":"","_exactmetrics_sitenote_category":0,"generate_page_header":"","footnotes":""},"class_list":["post-1093","page","type-page","status-publish"],"yoast_head":"<!-- This site is optimized with the Yoast SEO plugin v27.3 - https:\/\/yoast.com\/product\/yoast-seo-wordpress\/ -->\n<title>N\u00e4rsalter - WaterChain<\/title>\n<meta name=\"robots\" content=\"index, follow, max-snippet:-1, max-image-preview:large, max-video-preview:-1\" \/>\n<link rel=\"canonical\" href=\"https:\/\/www.waterchain.eu\/sv\/vad-kan-jag-gora\/narsalter\/\" \/>\n<meta property=\"og:locale\" content=\"sv_SE\" \/>\n<meta property=\"og:type\" content=\"article\" \/>\n<meta property=\"og:title\" content=\"N\u00e4rsalter - WaterChain\" \/>\n<meta property=\"og:description\" content=\"Fosfor och kv\u00e4ve Att skydda \u00d6stersj\u00f6n kr\u00e4ver insatser b\u00e5de p\u00e5 land och till sj\u00f6ss. Att minska infl\u00f6det av n\u00e4rsalter och farliga \u00e4mnen till \u00d6stersj\u00f6n \u00e4r delvis en politisk fr\u00e5ga, b\u00e5de p\u00e5 nationell och internationell niv\u00e5 mellan l\u00e4nderna i avrinningsomr\u00e5det. Dock kan vi alla g\u00f6ra skillnad genom valen vi g\u00f6r i v\u00e5ra dagliga liv. Belastningen av ... L\u00e4s mer\" \/>\n<meta property=\"og:url\" content=\"https:\/\/www.waterchain.eu\/sv\/vad-kan-jag-gora\/narsalter\/\" \/>\n<meta property=\"og:site_name\" content=\"WaterChain\" \/>\n<meta property=\"article:modified_time\" content=\"2018-07-02T12:15:10+00:00\" \/>\n<meta property=\"og:image\" content=\"https:\/\/www.waterchain.eu\/wp-content\/uploads\/2018\/04\/nutrients-local-food.jpg\" \/>\n<meta name=\"twitter:card\" content=\"summary_large_image\" \/>\n<meta name=\"twitter:label1\" content=\"Ber\u00e4knad l\u00e4stid\" \/>\n\t<meta name=\"twitter:data1\" content=\"3 minuter\" \/>\n<script type=\"application\/ld+json\" class=\"yoast-schema-graph\">{\"@context\":\"https:\\\/\\\/schema.org\",\"@graph\":[{\"@type\":\"WebPage\",\"@id\":\"https:\\\/\\\/www.waterchain.eu\\\/sv\\\/vad-kan-jag-gora\\\/narsalter\\\/\",\"url\":\"https:\\\/\\\/www.waterchain.eu\\\/sv\\\/vad-kan-jag-gora\\\/narsalter\\\/\",\"name\":\"N\u00e4rsalter - WaterChain\",\"isPartOf\":{\"@id\":\"https:\\\/\\\/www.waterchain.eu\\\/#website\"},\"primaryImageOfPage\":{\"@id\":\"https:\\\/\\\/www.waterchain.eu\\\/sv\\\/vad-kan-jag-gora\\\/narsalter\\\/#primaryimage\"},\"image\":{\"@id\":\"https:\\\/\\\/www.waterchain.eu\\\/sv\\\/vad-kan-jag-gora\\\/narsalter\\\/#primaryimage\"},\"thumbnailUrl\":\"https:\\\/\\\/www.waterchain.eu\\\/wp-content\\\/uploads\\\/2018\\\/04\\\/nutrients-local-food.jpg\",\"datePublished\":\"2018-05-31T11:24:56+00:00\",\"dateModified\":\"2018-07-02T12:15:10+00:00\",\"breadcrumb\":{\"@id\":\"https:\\\/\\\/www.waterchain.eu\\\/sv\\\/vad-kan-jag-gora\\\/narsalter\\\/#breadcrumb\"},\"inLanguage\":\"sv-SE\",\"potentialAction\":[{\"@type\":\"ReadAction\",\"target\":[\"https:\\\/\\\/www.waterchain.eu\\\/sv\\\/vad-kan-jag-gora\\\/narsalter\\\/\"]}]},{\"@type\":\"ImageObject\",\"inLanguage\":\"sv-SE\",\"@id\":\"https:\\\/\\\/www.waterchain.eu\\\/sv\\\/vad-kan-jag-gora\\\/narsalter\\\/#primaryimage\",\"url\":\"https:\\\/\\\/www.waterchain.eu\\\/wp-content\\\/uploads\\\/2018\\\/04\\\/nutrients-local-food.jpg\",\"contentUrl\":\"https:\\\/\\\/www.waterchain.eu\\\/wp-content\\\/uploads\\\/2018\\\/04\\\/nutrients-local-food.jpg\"},{\"@type\":\"BreadcrumbList\",\"@id\":\"https:\\\/\\\/www.waterchain.eu\\\/sv\\\/vad-kan-jag-gora\\\/narsalter\\\/#breadcrumb\",\"itemListElement\":[{\"@type\":\"ListItem\",\"position\":1,\"name\":\"Home\",\"item\":\"https:\\\/\\\/www.waterchain.eu\\\/sv\\\/\"},{\"@type\":\"ListItem\",\"position\":2,\"name\":\"Vad kan jag g\u00f6ra?\",\"item\":\"https:\\\/\\\/www.waterchain.eu\\\/sv\\\/vad-kan-jag-gora\\\/\"},{\"@type\":\"ListItem\",\"position\":3,\"name\":\"N\u00e4rsalter\"}]},{\"@type\":\"WebSite\",\"@id\":\"https:\\\/\\\/www.waterchain.eu\\\/#website\",\"url\":\"https:\\\/\\\/www.waterchain.eu\\\/\",\"name\":\"WaterChain\",\"description\":\"Recovering the Baltic Sea\",\"publisher\":{\"@id\":\"https:\\\/\\\/www.waterchain.eu\\\/#organization\"},\"potentialAction\":[{\"@type\":\"SearchAction\",\"target\":{\"@type\":\"EntryPoint\",\"urlTemplate\":\"https:\\\/\\\/www.waterchain.eu\\\/?s={search_term_string}\"},\"query-input\":{\"@type\":\"PropertyValueSpecification\",\"valueRequired\":true,\"valueName\":\"search_term_string\"}}],\"inLanguage\":\"sv-SE\"},{\"@type\":\"Organization\",\"@id\":\"https:\\\/\\\/www.waterchain.eu\\\/#organization\",\"name\":\"WaterChain\",\"url\":\"https:\\\/\\\/www.waterchain.eu\\\/\",\"logo\":{\"@type\":\"ImageObject\",\"inLanguage\":\"sv-SE\",\"@id\":\"https:\\\/\\\/www.waterchain.eu\\\/#\\\/schema\\\/logo\\\/image\\\/\",\"url\":\"https:\\\/\\\/www.waterchain.eu\\\/wp-content\\\/uploads\\\/2017\\\/09\\\/WaterChain-logo.png\",\"contentUrl\":\"https:\\\/\\\/www.waterchain.eu\\\/wp-content\\\/uploads\\\/2017\\\/09\\\/WaterChain-logo.png\",\"width\":343,\"height\":120,\"caption\":\"WaterChain\"},\"image\":{\"@id\":\"https:\\\/\\\/www.waterchain.eu\\\/#\\\/schema\\\/logo\\\/image\\\/\"},\"sameAs\":[\"https:\\\/\\\/www.youtube.com\\\/channel\\\/UCz8GhExcENBWQYVkkpn_y3Q\"]}]}<\/script>\n<!-- \/ Yoast SEO plugin. -->","yoast_head_json":{"title":"N\u00e4rsalter - WaterChain","robots":{"index":"index","follow":"follow","max-snippet":"max-snippet:-1","max-image-preview":"max-image-preview:large","max-video-preview":"max-video-preview:-1"},"canonical":"https:\/\/www.waterchain.eu\/sv\/vad-kan-jag-gora\/narsalter\/","og_locale":"sv_SE","og_type":"article","og_title":"N\u00e4rsalter - WaterChain","og_description":"Fosfor och kv\u00e4ve Att skydda \u00d6stersj\u00f6n kr\u00e4ver insatser b\u00e5de p\u00e5 land och till sj\u00f6ss. Att minska infl\u00f6det av n\u00e4rsalter och farliga \u00e4mnen till \u00d6stersj\u00f6n \u00e4r delvis en politisk fr\u00e5ga, b\u00e5de p\u00e5 nationell och internationell niv\u00e5 mellan l\u00e4nderna i avrinningsomr\u00e5det. Dock kan vi alla g\u00f6ra skillnad genom valen vi g\u00f6r i v\u00e5ra dagliga liv. Belastningen av ... L\u00e4s mer","og_url":"https:\/\/www.waterchain.eu\/sv\/vad-kan-jag-gora\/narsalter\/","og_site_name":"WaterChain","article_modified_time":"2018-07-02T12:15:10+00:00","og_image":[{"url":"https:\/\/www.waterchain.eu\/wp-content\/uploads\/2018\/04\/nutrients-local-food.jpg","type":"","width":"","height":""}],"twitter_card":"summary_large_image","twitter_misc":{"Ber\u00e4knad l\u00e4stid":"3 minuter"},"schema":{"@context":"https:\/\/schema.org","@graph":[{"@type":"WebPage","@id":"https:\/\/www.waterchain.eu\/sv\/vad-kan-jag-gora\/narsalter\/","url":"https:\/\/www.waterchain.eu\/sv\/vad-kan-jag-gora\/narsalter\/","name":"N\u00e4rsalter - WaterChain","isPartOf":{"@id":"https:\/\/www.waterchain.eu\/#website"},"primaryImageOfPage":{"@id":"https:\/\/www.waterchain.eu\/sv\/vad-kan-jag-gora\/narsalter\/#primaryimage"},"image":{"@id":"https:\/\/www.waterchain.eu\/sv\/vad-kan-jag-gora\/narsalter\/#primaryimage"},"thumbnailUrl":"https:\/\/www.waterchain.eu\/wp-content\/uploads\/2018\/04\/nutrients-local-food.jpg","datePublished":"2018-05-31T11:24:56+00:00","dateModified":"2018-07-02T12:15:10+00:00","breadcrumb":{"@id":"https:\/\/www.waterchain.eu\/sv\/vad-kan-jag-gora\/narsalter\/#breadcrumb"},"inLanguage":"sv-SE","potentialAction":[{"@type":"ReadAction","target":["https:\/\/www.waterchain.eu\/sv\/vad-kan-jag-gora\/narsalter\/"]}]},{"@type":"ImageObject","inLanguage":"sv-SE","@id":"https:\/\/www.waterchain.eu\/sv\/vad-kan-jag-gora\/narsalter\/#primaryimage","url":"https:\/\/www.waterchain.eu\/wp-content\/uploads\/2018\/04\/nutrients-local-food.jpg","contentUrl":"https:\/\/www.waterchain.eu\/wp-content\/uploads\/2018\/04\/nutrients-local-food.jpg"},{"@type":"BreadcrumbList","@id":"https:\/\/www.waterchain.eu\/sv\/vad-kan-jag-gora\/narsalter\/#breadcrumb","itemListElement":[{"@type":"ListItem","position":1,"name":"Home","item":"https:\/\/www.waterchain.eu\/sv\/"},{"@type":"ListItem","position":2,"name":"Vad kan jag g\u00f6ra?","item":"https:\/\/www.waterchain.eu\/sv\/vad-kan-jag-gora\/"},{"@type":"ListItem","position":3,"name":"N\u00e4rsalter"}]},{"@type":"WebSite","@id":"https:\/\/www.waterchain.eu\/#website","url":"https:\/\/www.waterchain.eu\/","name":"WaterChain","description":"Recovering the Baltic Sea","publisher":{"@id":"https:\/\/www.waterchain.eu\/#organization"},"potentialAction":[{"@type":"SearchAction","target":{"@type":"EntryPoint","urlTemplate":"https:\/\/www.waterchain.eu\/?s={search_term_string}"},"query-input":{"@type":"PropertyValueSpecification","valueRequired":true,"valueName":"search_term_string"}}],"inLanguage":"sv-SE"},{"@type":"Organization","@id":"https:\/\/www.waterchain.eu\/#organization","name":"WaterChain","url":"https:\/\/www.waterchain.eu\/","logo":{"@type":"ImageObject","inLanguage":"sv-SE","@id":"https:\/\/www.waterchain.eu\/#\/schema\/logo\/image\/","url":"https:\/\/www.waterchain.eu\/wp-content\/uploads\/2017\/09\/WaterChain-logo.png","contentUrl":"https:\/\/www.waterchain.eu\/wp-content\/uploads\/2017\/09\/WaterChain-logo.png","width":343,"height":120,"caption":"WaterChain"},"image":{"@id":"https:\/\/www.waterchain.eu\/#\/schema\/logo\/image\/"},"sameAs":["https:\/\/www.youtube.com\/channel\/UCz8GhExcENBWQYVkkpn_y3Q"]}]}},"_links":{"self":[{"href":"https:\/\/www.waterchain.eu\/sv\/wp-json\/wp\/v2\/pages\/1093","targetHints":{"allow":["GET"]}}],"collection":[{"href":"https:\/\/www.waterchain.eu\/sv\/wp-json\/wp\/v2\/pages"}],"about":[{"href":"https:\/\/www.waterchain.eu\/sv\/wp-json\/wp\/v2\/types\/page"}],"author":[{"embeddable":true,"href":"https:\/\/www.waterchain.eu\/sv\/wp-json\/wp\/v2\/users\/1"}],"replies":[{"embeddable":true,"href":"https:\/\/www.waterchain.eu\/sv\/wp-json\/wp\/v2\/comments?post=1093"}],"version-history":[{"count":3,"href":"https:\/\/www.waterchain.eu\/sv\/wp-json\/wp\/v2\/pages\/1093\/revisions"}],"predecessor-version":[{"id":1700,"href":"https:\/\/www.waterchain.eu\/sv\/wp-json\/wp\/v2\/pages\/1093\/revisions\/1700"}],"up":[{"embeddable":true,"href":"https:\/\/www.waterchain.eu\/sv\/wp-json\/wp\/v2\/pages\/1091"}],"wp:attachment":[{"href":"https:\/\/www.waterchain.eu\/sv\/wp-json\/wp\/v2\/media?parent=1093"}],"curies":[{"name":"wp","href":"https:\/\/api.w.org\/{rel}","templated":true}]}}