{"id":1099,"date":"2018-05-31T15:32:45","date_gmt":"2018-05-31T12:32:45","guid":{"rendered":"https:\/\/waterchain.eu\/?page_id=1099"},"modified":"2018-06-29T12:45:50","modified_gmt":"2018-06-29T09:45:50","slug":"loften-till-ostersjon","status":"publish","type":"page","link":"https:\/\/www.waterchain.eu\/sv\/vad-kan-jag-gora\/loften-till-ostersjon\/","title":{"rendered":"L\u00f6ften till \u00d6stersj\u00f6n"},"content":{"rendered":"<h5>Det b\u00e4sta s\u00e4ttet att <em>hj\u00e4lpa<\/em> \u00d6stersj\u00f6n \u00e4r att f\u00f6rhindra tillf\u00f6rsel av n\u00e4rsalter och farliga \u00e4mnen.<\/h5>\n<p>Varje litet bidrag r\u00e4knas, oavsett hur litet det \u00e4r. Vilket \u00e4r Ditt l\u00f6fte till \u00d6stersj\u00f6n?<\/p>\n<p>Eller kanske du skulle vilja testa n\u00e5got av de goda exemplen om \u00f6kad medvetenhet om \u00d6stersj\u00f6n, som utprovades i WaterChain-projektet?<\/p>\n<h4>N\u00e5gra exempel p\u00e5 l\u00f6ften \u00e4r tillg\u00e4ngliga h\u00e4r:<\/h4>\n<div id='gallery-1' class='gallery galleryid-1099 gallery-columns-3 gallery-size-medium'><figure class='gallery-item'>\n\t\t\t<div class='gallery-icon portrait'>\n\t\t\t\t<a href='https:\/\/www.waterchain.eu\/wp-content\/uploads\/2018\/04\/1_RTBS_promise_food_logot.jpg'><img fetchpriority=\"high\" decoding=\"async\" width=\"580\" height=\"768\" src=\"https:\/\/www.waterchain.eu\/wp-content\/uploads\/2018\/04\/1_RTBS_promise_food_logot-580x768.jpg\" class=\"attachment-medium size-medium\" alt=\"\" srcset=\"https:\/\/www.waterchain.eu\/wp-content\/uploads\/2018\/04\/1_RTBS_promise_food_logot-580x768.jpg 580w, https:\/\/www.waterchain.eu\/wp-content\/uploads\/2018\/04\/1_RTBS_promise_food_logot-768x1018.jpg 768w, https:\/\/www.waterchain.eu\/wp-content\/uploads\/2018\/04\/1_RTBS_promise_food_logot.jpg 920w\" sizes=\"(max-width: 580px) 100vw, 580px\" \/><\/a>\n\t\t\t<\/div><\/figure><figure class='gallery-item'>\n\t\t\t<div class='gallery-icon portrait'>\n\t\t\t\t<a href='https:\/\/www.waterchain.eu\/wp-content\/uploads\/2018\/04\/2_RTBS_promise_consuming.jpg'><img decoding=\"async\" width=\"580\" height=\"768\" src=\"https:\/\/www.waterchain.eu\/wp-content\/uploads\/2018\/04\/2_RTBS_promise_consuming-580x768.jpg\" class=\"attachment-medium size-medium\" alt=\"\" srcset=\"https:\/\/www.waterchain.eu\/wp-content\/uploads\/2018\/04\/2_RTBS_promise_consuming-580x768.jpg 580w, https:\/\/www.waterchain.eu\/wp-content\/uploads\/2018\/04\/2_RTBS_promise_consuming-768x1018.jpg 768w, https:\/\/www.waterchain.eu\/wp-content\/uploads\/2018\/04\/2_RTBS_promise_consuming.jpg 920w\" sizes=\"(max-width: 580px) 100vw, 580px\" \/><\/a>\n\t\t\t<\/div><\/figure><figure class='gallery-item'>\n\t\t\t<div class='gallery-icon portrait'>\n\t\t\t\t<a href='https:\/\/www.waterchain.eu\/wp-content\/uploads\/2018\/04\/3_RTBS_promise_energy.jpg'><img decoding=\"async\" width=\"580\" height=\"768\" src=\"https:\/\/www.waterchain.eu\/wp-content\/uploads\/2018\/04\/3_RTBS_promise_energy-580x768.jpg\" class=\"attachment-medium size-medium\" alt=\"\" srcset=\"https:\/\/www.waterchain.eu\/wp-content\/uploads\/2018\/04\/3_RTBS_promise_energy-580x768.jpg 580w, https:\/\/www.waterchain.eu\/wp-content\/uploads\/2018\/04\/3_RTBS_promise_energy-768x1018.jpg 768w, https:\/\/www.waterchain.eu\/wp-content\/uploads\/2018\/04\/3_RTBS_promise_energy.jpg 920w\" sizes=\"(max-width: 580px) 100vw, 580px\" \/><\/a>\n\t\t\t<\/div><\/figure><figure class='gallery-item'>\n\t\t\t<div class='gallery-icon portrait'>\n\t\t\t\t<a href='https:\/\/www.waterchain.eu\/wp-content\/uploads\/2018\/04\/6_RTBS_promise_impact.jpg'><img loading=\"lazy\" decoding=\"async\" width=\"580\" height=\"768\" src=\"https:\/\/www.waterchain.eu\/wp-content\/uploads\/2018\/04\/6_RTBS_promise_impact-580x768.jpg\" class=\"attachment-medium size-medium\" alt=\"\" srcset=\"https:\/\/www.waterchain.eu\/wp-content\/uploads\/2018\/04\/6_RTBS_promise_impact-580x768.jpg 580w, https:\/\/www.waterchain.eu\/wp-content\/uploads\/2018\/04\/6_RTBS_promise_impact-768x1018.jpg 768w, https:\/\/www.waterchain.eu\/wp-content\/uploads\/2018\/04\/6_RTBS_promise_impact.jpg 920w\" sizes=\"(max-width: 580px) 100vw, 580px\" \/><\/a>\n\t\t\t<\/div><\/figure><figure class='gallery-item'>\n\t\t\t<div class='gallery-icon portrait'>\n\t\t\t\t<a href='https:\/\/www.waterchain.eu\/wp-content\/uploads\/2018\/04\/4_RTBS_promise_travel_logot.jpg'><img loading=\"lazy\" decoding=\"async\" width=\"580\" height=\"768\" src=\"https:\/\/www.waterchain.eu\/wp-content\/uploads\/2018\/04\/4_RTBS_promise_travel_logot-580x768.jpg\" class=\"attachment-medium size-medium\" alt=\"\" srcset=\"https:\/\/www.waterchain.eu\/wp-content\/uploads\/2018\/04\/4_RTBS_promise_travel_logot-580x768.jpg 580w, https:\/\/www.waterchain.eu\/wp-content\/uploads\/2018\/04\/4_RTBS_promise_travel_logot-768x1018.jpg 768w, https:\/\/www.waterchain.eu\/wp-content\/uploads\/2018\/04\/4_RTBS_promise_travel_logot.jpg 920w\" sizes=\"(max-width: 580px) 100vw, 580px\" \/><\/a>\n\t\t\t<\/div><\/figure><figure class='gallery-item'>\n\t\t\t<div class='gallery-icon portrait'>\n\t\t\t\t<a href='https:\/\/www.waterchain.eu\/wp-content\/uploads\/2018\/04\/5_RTBS_promise_boating.jpg'><img loading=\"lazy\" decoding=\"async\" width=\"580\" height=\"768\" src=\"https:\/\/www.waterchain.eu\/wp-content\/uploads\/2018\/04\/5_RTBS_promise_boating-580x768.jpg\" class=\"attachment-medium size-medium\" alt=\"\" srcset=\"https:\/\/www.waterchain.eu\/wp-content\/uploads\/2018\/04\/5_RTBS_promise_boating-580x768.jpg 580w, https:\/\/www.waterchain.eu\/wp-content\/uploads\/2018\/04\/5_RTBS_promise_boating-768x1018.jpg 768w, https:\/\/www.waterchain.eu\/wp-content\/uploads\/2018\/04\/5_RTBS_promise_boating.jpg 920w\" sizes=\"(max-width: 580px) 100vw, 580px\" \/><\/a>\n\t\t\t<\/div><\/figure>\n\t\t<\/div>\n\n<p><iframe width=\"560\" height=\"315\" src=\"https:\/\/www.youtube.com\/embed\/U7NogjZfNn8?rel=0\" frameborder=\"0\" allow=\"autoplay; encrypted-media\" allowfullscreen><\/iframe><\/p>\n","protected":false},"excerpt":{"rendered":"<p>Det b\u00e4sta s\u00e4ttet att hj\u00e4lpa \u00d6stersj\u00f6n \u00e4r att f\u00f6rhindra tillf\u00f6rsel av n\u00e4rsalter och farliga \u00e4mnen. Varje litet bidrag r\u00e4knas, oavsett hur litet det \u00e4r. Vilket \u00e4r Ditt l\u00f6fte till \u00d6stersj\u00f6n? Eller kanske du skulle vilja testa n\u00e5got av de goda exemplen om \u00f6kad medvetenhet om \u00d6stersj\u00f6n, som utprovades i WaterChain-projektet? N\u00e5gra exempel p\u00e5 l\u00f6ften \u00e4r &#8230; <a title=\"L\u00f6ften till \u00d6stersj\u00f6n\" class=\"read-more\" href=\"https:\/\/www.waterchain.eu\/sv\/vad-kan-jag-gora\/loften-till-ostersjon\/\" aria-label=\"L\u00e4s mer om L\u00f6ften till \u00d6stersj\u00f6n\">L\u00e4s mer<\/a><\/p>\n","protected":false},"author":1,"featured_media":0,"parent":1091,"menu_order":57,"comment_status":"closed","ping_status":"closed","template":"","meta":{"_exactmetrics_skip_tracking":false,"_exactmetrics_sitenote_active":false,"_exactmetrics_sitenote_note":"","_exactmetrics_sitenote_category":0,"generate_page_header":"","footnotes":""},"class_list":["post-1099","page","type-page","status-publish"],"yoast_head":"<!-- This site is optimized with the Yoast SEO plugin v27.3 - https:\/\/yoast.com\/product\/yoast-seo-wordpress\/ -->\n<title>L\u00f6ften till \u00d6stersj\u00f6n - WaterChain<\/title>\n<meta name=\"robots\" content=\"index, follow, max-snippet:-1, max-image-preview:large, max-video-preview:-1\" \/>\n<link rel=\"canonical\" href=\"https:\/\/www.waterchain.eu\/sv\/vad-kan-jag-gora\/loften-till-ostersjon\/\" \/>\n<meta property=\"og:locale\" content=\"sv_SE\" \/>\n<meta property=\"og:type\" content=\"article\" \/>\n<meta property=\"og:title\" content=\"L\u00f6ften till \u00d6stersj\u00f6n - WaterChain\" \/>\n<meta property=\"og:description\" content=\"Det b\u00e4sta s\u00e4ttet att hj\u00e4lpa \u00d6stersj\u00f6n \u00e4r att f\u00f6rhindra tillf\u00f6rsel av n\u00e4rsalter och farliga \u00e4mnen. Varje litet bidrag r\u00e4knas, oavsett hur litet det \u00e4r. Vilket \u00e4r Ditt l\u00f6fte till \u00d6stersj\u00f6n? Eller kanske du skulle vilja testa n\u00e5got av de goda exemplen om \u00f6kad medvetenhet om \u00d6stersj\u00f6n, som utprovades i WaterChain-projektet? N\u00e5gra exempel p\u00e5 l\u00f6ften \u00e4r ... L\u00e4s mer\" \/>\n<meta property=\"og:url\" content=\"https:\/\/www.waterchain.eu\/sv\/vad-kan-jag-gora\/loften-till-ostersjon\/\" \/>\n<meta property=\"og:site_name\" content=\"WaterChain\" \/>\n<meta property=\"article:modified_time\" content=\"2018-06-29T09:45:50+00:00\" \/>\n<meta property=\"og:image\" content=\"https:\/\/www.waterchain.eu\/wp-content\/uploads\/2018\/04\/1_RTBS_promise_food_logot-580x768.jpg\" \/>\n<meta name=\"twitter:card\" content=\"summary_large_image\" \/>\n<script type=\"application\/ld+json\" class=\"yoast-schema-graph\">{\"@context\":\"https:\\\/\\\/schema.org\",\"@graph\":[{\"@type\":\"WebPage\",\"@id\":\"https:\\\/\\\/www.waterchain.eu\\\/sv\\\/vad-kan-jag-gora\\\/loften-till-ostersjon\\\/\",\"url\":\"https:\\\/\\\/www.waterchain.eu\\\/sv\\\/vad-kan-jag-gora\\\/loften-till-ostersjon\\\/\",\"name\":\"L\u00f6ften till \u00d6stersj\u00f6n - WaterChain\",\"isPartOf\":{\"@id\":\"https:\\\/\\\/www.waterchain.eu\\\/#website\"},\"datePublished\":\"2018-05-31T12:32:45+00:00\",\"dateModified\":\"2018-06-29T09:45:50+00:00\",\"breadcrumb\":{\"@id\":\"https:\\\/\\\/www.waterchain.eu\\\/sv\\\/vad-kan-jag-gora\\\/loften-till-ostersjon\\\/#breadcrumb\"},\"inLanguage\":\"sv-SE\",\"potentialAction\":[{\"@type\":\"ReadAction\",\"target\":[\"https:\\\/\\\/www.waterchain.eu\\\/sv\\\/vad-kan-jag-gora\\\/loften-till-ostersjon\\\/\"]}]},{\"@type\":\"BreadcrumbList\",\"@id\":\"https:\\\/\\\/www.waterchain.eu\\\/sv\\\/vad-kan-jag-gora\\\/loften-till-ostersjon\\\/#breadcrumb\",\"itemListElement\":[{\"@type\":\"ListItem\",\"position\":1,\"name\":\"Home\",\"item\":\"https:\\\/\\\/www.waterchain.eu\\\/sv\\\/\"},{\"@type\":\"ListItem\",\"position\":2,\"name\":\"Vad kan jag g\u00f6ra?\",\"item\":\"https:\\\/\\\/www.waterchain.eu\\\/sv\\\/vad-kan-jag-gora\\\/\"},{\"@type\":\"ListItem\",\"position\":3,\"name\":\"L\u00f6ften till \u00d6stersj\u00f6n\"}]},{\"@type\":\"WebSite\",\"@id\":\"https:\\\/\\\/www.waterchain.eu\\\/#website\",\"url\":\"https:\\\/\\\/www.waterchain.eu\\\/\",\"name\":\"WaterChain\",\"description\":\"Recovering the Baltic Sea\",\"publisher\":{\"@id\":\"https:\\\/\\\/www.waterchain.eu\\\/#organization\"},\"potentialAction\":[{\"@type\":\"SearchAction\",\"target\":{\"@type\":\"EntryPoint\",\"urlTemplate\":\"https:\\\/\\\/www.waterchain.eu\\\/?s={search_term_string}\"},\"query-input\":{\"@type\":\"PropertyValueSpecification\",\"valueRequired\":true,\"valueName\":\"search_term_string\"}}],\"inLanguage\":\"sv-SE\"},{\"@type\":\"Organization\",\"@id\":\"https:\\\/\\\/www.waterchain.eu\\\/#organization\",\"name\":\"WaterChain\",\"url\":\"https:\\\/\\\/www.waterchain.eu\\\/\",\"logo\":{\"@type\":\"ImageObject\",\"inLanguage\":\"sv-SE\",\"@id\":\"https:\\\/\\\/www.waterchain.eu\\\/#\\\/schema\\\/logo\\\/image\\\/\",\"url\":\"https:\\\/\\\/www.waterchain.eu\\\/wp-content\\\/uploads\\\/2017\\\/09\\\/WaterChain-logo.png\",\"contentUrl\":\"https:\\\/\\\/www.waterchain.eu\\\/wp-content\\\/uploads\\\/2017\\\/09\\\/WaterChain-logo.png\",\"width\":343,\"height\":120,\"caption\":\"WaterChain\"},\"image\":{\"@id\":\"https:\\\/\\\/www.waterchain.eu\\\/#\\\/schema\\\/logo\\\/image\\\/\"},\"sameAs\":[\"https:\\\/\\\/www.youtube.com\\\/channel\\\/UCz8GhExcENBWQYVkkpn_y3Q\"]}]}<\/script>\n<!-- \/ Yoast SEO plugin. -->","yoast_head_json":{"title":"L\u00f6ften till \u00d6stersj\u00f6n - WaterChain","robots":{"index":"index","follow":"follow","max-snippet":"max-snippet:-1","max-image-preview":"max-image-preview:large","max-video-preview":"max-video-preview:-1"},"canonical":"https:\/\/www.waterchain.eu\/sv\/vad-kan-jag-gora\/loften-till-ostersjon\/","og_locale":"sv_SE","og_type":"article","og_title":"L\u00f6ften till \u00d6stersj\u00f6n - WaterChain","og_description":"Det b\u00e4sta s\u00e4ttet att hj\u00e4lpa \u00d6stersj\u00f6n \u00e4r att f\u00f6rhindra tillf\u00f6rsel av n\u00e4rsalter och farliga \u00e4mnen. Varje litet bidrag r\u00e4knas, oavsett hur litet det \u00e4r. Vilket \u00e4r Ditt l\u00f6fte till \u00d6stersj\u00f6n? Eller kanske du skulle vilja testa n\u00e5got av de goda exemplen om \u00f6kad medvetenhet om \u00d6stersj\u00f6n, som utprovades i WaterChain-projektet? N\u00e5gra exempel p\u00e5 l\u00f6ften \u00e4r ... L\u00e4s mer","og_url":"https:\/\/www.waterchain.eu\/sv\/vad-kan-jag-gora\/loften-till-ostersjon\/","og_site_name":"WaterChain","article_modified_time":"2018-06-29T09:45:50+00:00","og_image":[{"url":"https:\/\/www.waterchain.eu\/wp-content\/uploads\/2018\/04\/1_RTBS_promise_food_logot-580x768.jpg","type":"","width":"","height":""}],"twitter_card":"summary_large_image","schema":{"@context":"https:\/\/schema.org","@graph":[{"@type":"WebPage","@id":"https:\/\/www.waterchain.eu\/sv\/vad-kan-jag-gora\/loften-till-ostersjon\/","url":"https:\/\/www.waterchain.eu\/sv\/vad-kan-jag-gora\/loften-till-ostersjon\/","name":"L\u00f6ften till \u00d6stersj\u00f6n - WaterChain","isPartOf":{"@id":"https:\/\/www.waterchain.eu\/#website"},"datePublished":"2018-05-31T12:32:45+00:00","dateModified":"2018-06-29T09:45:50+00:00","breadcrumb":{"@id":"https:\/\/www.waterchain.eu\/sv\/vad-kan-jag-gora\/loften-till-ostersjon\/#breadcrumb"},"inLanguage":"sv-SE","potentialAction":[{"@type":"ReadAction","target":["https:\/\/www.waterchain.eu\/sv\/vad-kan-jag-gora\/loften-till-ostersjon\/"]}]},{"@type":"BreadcrumbList","@id":"https:\/\/www.waterchain.eu\/sv\/vad-kan-jag-gora\/loften-till-ostersjon\/#breadcrumb","itemListElement":[{"@type":"ListItem","position":1,"name":"Home","item":"https:\/\/www.waterchain.eu\/sv\/"},{"@type":"ListItem","position":2,"name":"Vad kan jag g\u00f6ra?","item":"https:\/\/www.waterchain.eu\/sv\/vad-kan-jag-gora\/"},{"@type":"ListItem","position":3,"name":"L\u00f6ften till \u00d6stersj\u00f6n"}]},{"@type":"WebSite","@id":"https:\/\/www.waterchain.eu\/#website","url":"https:\/\/www.waterchain.eu\/","name":"WaterChain","description":"Recovering the Baltic Sea","publisher":{"@id":"https:\/\/www.waterchain.eu\/#organization"},"potentialAction":[{"@type":"SearchAction","target":{"@type":"EntryPoint","urlTemplate":"https:\/\/www.waterchain.eu\/?s={search_term_string}"},"query-input":{"@type":"PropertyValueSpecification","valueRequired":true,"valueName":"search_term_string"}}],"inLanguage":"sv-SE"},{"@type":"Organization","@id":"https:\/\/www.waterchain.eu\/#organization","name":"WaterChain","url":"https:\/\/www.waterchain.eu\/","logo":{"@type":"ImageObject","inLanguage":"sv-SE","@id":"https:\/\/www.waterchain.eu\/#\/schema\/logo\/image\/","url":"https:\/\/www.waterchain.eu\/wp-content\/uploads\/2017\/09\/WaterChain-logo.png","contentUrl":"https:\/\/www.waterchain.eu\/wp-content\/uploads\/2017\/09\/WaterChain-logo.png","width":343,"height":120,"caption":"WaterChain"},"image":{"@id":"https:\/\/www.waterchain.eu\/#\/schema\/logo\/image\/"},"sameAs":["https:\/\/www.youtube.com\/channel\/UCz8GhExcENBWQYVkkpn_y3Q"]}]}},"_links":{"self":[{"href":"https:\/\/www.waterchain.eu\/sv\/wp-json\/wp\/v2\/pages\/1099","targetHints":{"allow":["GET"]}}],"collection":[{"href":"https:\/\/www.waterchain.eu\/sv\/wp-json\/wp\/v2\/pages"}],"about":[{"href":"https:\/\/www.waterchain.eu\/sv\/wp-json\/wp\/v2\/types\/page"}],"author":[{"embeddable":true,"href":"https:\/\/www.waterchain.eu\/sv\/wp-json\/wp\/v2\/users\/1"}],"replies":[{"embeddable":true,"href":"https:\/\/www.waterchain.eu\/sv\/wp-json\/wp\/v2\/comments?post=1099"}],"version-history":[{"count":2,"href":"https:\/\/www.waterchain.eu\/sv\/wp-json\/wp\/v2\/pages\/1099\/revisions"}],"predecessor-version":[{"id":1614,"href":"https:\/\/www.waterchain.eu\/sv\/wp-json\/wp\/v2\/pages\/1099\/revisions\/1614"}],"up":[{"embeddable":true,"href":"https:\/\/www.waterchain.eu\/sv\/wp-json\/wp\/v2\/pages\/1091"}],"wp:attachment":[{"href":"https:\/\/www.waterchain.eu\/sv\/wp-json\/wp\/v2\/media?parent=1099"}],"curies":[{"name":"wp","href":"https:\/\/api.w.org\/{rel}","templated":true}]}}