{"id":1114,"date":"2018-06-01T13:21:37","date_gmt":"2018-06-01T10:21:37","guid":{"rendered":"https:\/\/waterchain.eu\/?page_id=1114"},"modified":"2018-06-01T13:21:37","modified_gmt":"2018-06-01T10:21:37","slug":"strategiskt-tillvagagangssatt-eller-metod","status":"publish","type":"page","link":"https:\/\/www.waterchain.eu\/sv\/goda-exempel\/strategiskt-tillvagagangssatt-eller-metod\/","title":{"rendered":"Strategiskt tillv\u00e4gag\u00e5ngss\u00e4tt eller metod"},"content":{"rendered":"<p>Strategiskt tillv\u00e4gag\u00e5ngss\u00e4tt \u00e4r en organisations process f\u00f6r att definiera sin strategi eller riktning och fatta beslut om att f\u00f6rdela resurser f\u00f6r att driva denna strategi. Flera exempel p\u00e5 strategiska tillv\u00e4gag\u00e5ngss\u00e4tt metoder formulerades under Waterrchain-projektet f\u00f6r olika intressenter. <\/p>\n<hr \/>\n\n\n\n<div id=\"wpv-view-layout-514\" class=\"js-wpv-view-layout js-wpv-layout-responsive js-wpv-view-layout-514\" data-viewnumber=\"514\" data-pagination=\"{&quot;id&quot;:514,&quot;query&quot;:&quot;normal&quot;,&quot;type&quot;:&quot;disabled&quot;,&quot;effect&quot;:&quot;fade&quot;,&quot;duration&quot;:500,&quot;speed&quot;:5,&quot;pause_on_hover&quot;:&quot;disabled&quot;,&quot;stop_rollover&quot;:&quot;false&quot;,&quot;cache_pages&quot;:&quot;enabled&quot;,&quot;preload_images&quot;:&quot;enabled&quot;,&quot;preload_pages&quot;:&quot;enabled&quot;,&quot;preload_reach&quot;:1,&quot;spinner&quot;:&quot;builtin&quot;,&quot;spinner_image&quot;:&quot;https:\/\/www.waterchain.eu\/wp-content\/plugins\/wp-views\/embedded\/res\/img\/ajax-loader.gif&quot;,&quot;callback_next&quot;:&quot;&quot;,&quot;manage_history&quot;:&quot;enabled&quot;,&quot;has_controls_in_form&quot;:&quot;disabled&quot;,&quot;infinite_tolerance&quot;:&quot;0&quot;,&quot;max_pages&quot;:0,&quot;page&quot;:1,&quot;base_permalink&quot;:&quot;\/sv\/wp-json\/wp\/v2\/pages\/1114?wpv_view_count=514&amp;wpv_paged=WPV_PAGE_NUM&quot;,&quot;loop&quot;:{&quot;type&quot;:&quot;&quot;,&quot;name&quot;:&quot;&quot;,&quot;data&quot;:[],&quot;id&quot;:0}}\" data-permalink=\"\/sv\/wp-json\/wp\/v2\/pages\/1114?wpv_view_count=514\">\n\n<div class=\"campaigns-list\">\n\t\n\t\n\t\t\n            <div class=\"campaign-item\">\n              \t<img fetchpriority=\"high\" decoding=\"async\" fetchpriority=\"high\" class=\"attachment-640x360 size-640x360 feature\" src=\"https:\/\/www.waterchain.eu\/wp-content\/uploads\/2017\/09\/baltic-sea-seagulls-wpv_640x360_center_center.jpg\" width=\"640\" height=\"360\" alt=\"\" \/>\n          \t\t  <h3><a href=\"https:\/\/www.waterchain.eu\/sv\/strategic-approaches\/beslutsfattare\/\">Beslutsfattare och forskare<\/a> <\/h3>\n          \t\t  <p>Ny metodik anv\u00e4nder vetenskap f\u00f6r \u00f6verf\u00f6ring till intressenter<\/p>\n          \t\t  <a href=\"https:\/\/www.waterchain.eu\/sv\/strategic-approaches\/beslutsfattare\/\" class=\"readmore\">L\u00e4s mer<\/a>\n            <\/div>\n\t\t\n            <div class=\"campaign-item\">\n              \t<img loading=\"lazy\" decoding=\"async\" class=\"attachment-640x360 size-640x360 feature\" src=\"https:\/\/www.waterchain.eu\/wp-content\/uploads\/2018\/04\/title-waterworks-wpv_640x360_center_center.jpg\" width=\"640\" height=\"360\" alt=\"\" \/>\n          \t\t  <h3><a href=\"https:\/\/www.waterchain.eu\/sv\/strategic-approaches\/waterworks\/\">Vattenverk<\/a> <\/h3>\n          \t\t  <p>Har kan en uth\u00e5llig dricksvattenf\u00f6rs\u00f6rjning och rent dricksvatten f\u00f6r alla uppn\u00e5s?<\/p>\n          \t\t  <a href=\"https:\/\/www.waterchain.eu\/sv\/strategic-approaches\/waterworks\/\" class=\"readmore\">L\u00e4s mer<\/a>\n            <\/div>\n\t\t\n            <div class=\"campaign-item\">\n              \t<img loading=\"lazy\" decoding=\"async\" class=\"attachment-640x360 size-640x360 feature\" src=\"https:\/\/www.waterchain.eu\/wp-content\/uploads\/2018\/04\/live-concert-wpv_640x360_center_center.jpg\" width=\"640\" height=\"360\" alt=\"\" \/>\n          \t\t  <h3><a href=\"https:\/\/www.waterchain.eu\/sv\/strategic-approaches\/festivalarrangorer\/\">Festivalarrang\u00f6rer<\/a> <\/h3>\n          \t\t  <p>Hur skall vatten- och milj\u00f6skydd tillgodoses?<\/p>\n          \t\t  <a href=\"https:\/\/www.waterchain.eu\/sv\/strategic-approaches\/festivalarrangorer\/\" class=\"readmore\">L\u00e4s mer<\/a>\n            <\/div>\n\t\t\n            <div class=\"campaign-item\">\n              \t<img loading=\"lazy\" decoding=\"async\" loading=\"lazy\" class=\"attachment-640x360 size-640x360 feature\" src=\"https:\/\/www.waterchain.eu\/wp-content\/uploads\/2018\/04\/title-skyview-02-wpv_640x360_center_center.jpg\" width=\"640\" height=\"360\" alt=\"\" \/>\n          \t\t  <h3><a href=\"https:\/\/www.waterchain.eu\/sv\/strategic-approaches\/jordbrukare\/\">Jordbrukare<\/a> <\/h3>\n          \t\t  <p>Hur skall jag g\u00f6ra n\u00e4r jag vill installera ett filter f\u00f6r att ta bort n\u00e4rsalter?<\/p>\n          \t\t  <a href=\"https:\/\/www.waterchain.eu\/sv\/strategic-approaches\/jordbrukare\/\" class=\"readmore\">L\u00e4s mer<\/a>\n            <\/div>\n\t\t\n\t\n\t\n\t\n<\/div>\n<\/div>\n\n","protected":false},"excerpt":{"rendered":"<p>Strategiskt tillv\u00e4gag\u00e5ngss\u00e4tt \u00e4r en organisations process f\u00f6r att definiera sin strategi eller riktning och fatta beslut om att f\u00f6rdela resurser f\u00f6r att driva denna strategi. Flera exempel p\u00e5 strategiska tillv\u00e4gag\u00e5ngss\u00e4tt metoder formulerades under Waterrchain-projektet f\u00f6r olika intressenter.<\/p>\n","protected":false},"author":1,"featured_media":0,"parent":1101,"menu_order":82,"comment_status":"closed","ping_status":"closed","template":"","meta":{"_exactmetrics_skip_tracking":false,"_exactmetrics_sitenote_active":false,"_exactmetrics_sitenote_note":"","_exactmetrics_sitenote_category":0,"generate_page_header":"","footnotes":""},"class_list":["post-1114","page","type-page","status-publish"],"yoast_head":"<!-- This site is optimized with the Yoast SEO plugin v27.3 - https:\/\/yoast.com\/product\/yoast-seo-wordpress\/ -->\n<title>Strategiskt tillv\u00e4gag\u00e5ngss\u00e4tt eller metod - WaterChain<\/title>\n<meta name=\"robots\" content=\"index, follow, max-snippet:-1, max-image-preview:large, max-video-preview:-1\" \/>\n<link rel=\"canonical\" href=\"https:\/\/www.waterchain.eu\/sv\/goda-exempel\/strategiskt-tillvagagangssatt-eller-metod\/\" \/>\n<meta property=\"og:locale\" content=\"sv_SE\" \/>\n<meta property=\"og:type\" content=\"article\" \/>\n<meta property=\"og:title\" content=\"Strategiskt tillv\u00e4gag\u00e5ngss\u00e4tt eller metod - WaterChain\" \/>\n<meta property=\"og:description\" content=\"Strategiskt tillv\u00e4gag\u00e5ngss\u00e4tt \u00e4r en organisations process f\u00f6r att definiera sin strategi eller riktning och fatta beslut om att f\u00f6rdela resurser f\u00f6r att driva denna strategi. Flera exempel p\u00e5 strategiska tillv\u00e4gag\u00e5ngss\u00e4tt metoder formulerades under Waterrchain-projektet f\u00f6r olika intressenter.\" \/>\n<meta property=\"og:url\" content=\"https:\/\/www.waterchain.eu\/sv\/goda-exempel\/strategiskt-tillvagagangssatt-eller-metod\/\" \/>\n<meta property=\"og:site_name\" content=\"WaterChain\" \/>\n<meta name=\"twitter:card\" content=\"summary_large_image\" \/>\n<script type=\"application\/ld+json\" class=\"yoast-schema-graph\">{\"@context\":\"https:\\\/\\\/schema.org\",\"@graph\":[{\"@type\":\"WebPage\",\"@id\":\"https:\\\/\\\/www.waterchain.eu\\\/sv\\\/goda-exempel\\\/strategiskt-tillvagagangssatt-eller-metod\\\/\",\"url\":\"https:\\\/\\\/www.waterchain.eu\\\/sv\\\/goda-exempel\\\/strategiskt-tillvagagangssatt-eller-metod\\\/\",\"name\":\"Strategiskt tillv\u00e4gag\u00e5ngss\u00e4tt eller metod - WaterChain\",\"isPartOf\":{\"@id\":\"https:\\\/\\\/www.waterchain.eu\\\/#website\"},\"datePublished\":\"2018-06-01T10:21:37+00:00\",\"breadcrumb\":{\"@id\":\"https:\\\/\\\/www.waterchain.eu\\\/sv\\\/goda-exempel\\\/strategiskt-tillvagagangssatt-eller-metod\\\/#breadcrumb\"},\"inLanguage\":\"sv-SE\",\"potentialAction\":[{\"@type\":\"ReadAction\",\"target\":[\"https:\\\/\\\/www.waterchain.eu\\\/sv\\\/goda-exempel\\\/strategiskt-tillvagagangssatt-eller-metod\\\/\"]}]},{\"@type\":\"BreadcrumbList\",\"@id\":\"https:\\\/\\\/www.waterchain.eu\\\/sv\\\/goda-exempel\\\/strategiskt-tillvagagangssatt-eller-metod\\\/#breadcrumb\",\"itemListElement\":[{\"@type\":\"ListItem\",\"position\":1,\"name\":\"Home\",\"item\":\"https:\\\/\\\/www.waterchain.eu\\\/sv\\\/\"},{\"@type\":\"ListItem\",\"position\":2,\"name\":\"Goda exempel\",\"item\":\"https:\\\/\\\/www.waterchain.eu\\\/sv\\\/goda-exempel\\\/\"},{\"@type\":\"ListItem\",\"position\":3,\"name\":\"Strategiskt tillv\u00e4gag\u00e5ngss\u00e4tt eller metod\"}]},{\"@type\":\"WebSite\",\"@id\":\"https:\\\/\\\/www.waterchain.eu\\\/#website\",\"url\":\"https:\\\/\\\/www.waterchain.eu\\\/\",\"name\":\"WaterChain\",\"description\":\"Recovering the Baltic Sea\",\"publisher\":{\"@id\":\"https:\\\/\\\/www.waterchain.eu\\\/#organization\"},\"potentialAction\":[{\"@type\":\"SearchAction\",\"target\":{\"@type\":\"EntryPoint\",\"urlTemplate\":\"https:\\\/\\\/www.waterchain.eu\\\/?s={search_term_string}\"},\"query-input\":{\"@type\":\"PropertyValueSpecification\",\"valueRequired\":true,\"valueName\":\"search_term_string\"}}],\"inLanguage\":\"sv-SE\"},{\"@type\":\"Organization\",\"@id\":\"https:\\\/\\\/www.waterchain.eu\\\/#organization\",\"name\":\"WaterChain\",\"url\":\"https:\\\/\\\/www.waterchain.eu\\\/\",\"logo\":{\"@type\":\"ImageObject\",\"inLanguage\":\"sv-SE\",\"@id\":\"https:\\\/\\\/www.waterchain.eu\\\/#\\\/schema\\\/logo\\\/image\\\/\",\"url\":\"https:\\\/\\\/www.waterchain.eu\\\/wp-content\\\/uploads\\\/2017\\\/09\\\/WaterChain-logo.png\",\"contentUrl\":\"https:\\\/\\\/www.waterchain.eu\\\/wp-content\\\/uploads\\\/2017\\\/09\\\/WaterChain-logo.png\",\"width\":343,\"height\":120,\"caption\":\"WaterChain\"},\"image\":{\"@id\":\"https:\\\/\\\/www.waterchain.eu\\\/#\\\/schema\\\/logo\\\/image\\\/\"},\"sameAs\":[\"https:\\\/\\\/www.youtube.com\\\/channel\\\/UCz8GhExcENBWQYVkkpn_y3Q\"]}]}<\/script>\n<!-- \/ Yoast SEO plugin. -->","yoast_head_json":{"title":"Strategiskt tillv\u00e4gag\u00e5ngss\u00e4tt eller metod - WaterChain","robots":{"index":"index","follow":"follow","max-snippet":"max-snippet:-1","max-image-preview":"max-image-preview:large","max-video-preview":"max-video-preview:-1"},"canonical":"https:\/\/www.waterchain.eu\/sv\/goda-exempel\/strategiskt-tillvagagangssatt-eller-metod\/","og_locale":"sv_SE","og_type":"article","og_title":"Strategiskt tillv\u00e4gag\u00e5ngss\u00e4tt eller metod - WaterChain","og_description":"Strategiskt tillv\u00e4gag\u00e5ngss\u00e4tt \u00e4r en organisations process f\u00f6r att definiera sin strategi eller riktning och fatta beslut om att f\u00f6rdela resurser f\u00f6r att driva denna strategi. Flera exempel p\u00e5 strategiska tillv\u00e4gag\u00e5ngss\u00e4tt metoder formulerades under Waterrchain-projektet f\u00f6r olika intressenter.","og_url":"https:\/\/www.waterchain.eu\/sv\/goda-exempel\/strategiskt-tillvagagangssatt-eller-metod\/","og_site_name":"WaterChain","twitter_card":"summary_large_image","schema":{"@context":"https:\/\/schema.org","@graph":[{"@type":"WebPage","@id":"https:\/\/www.waterchain.eu\/sv\/goda-exempel\/strategiskt-tillvagagangssatt-eller-metod\/","url":"https:\/\/www.waterchain.eu\/sv\/goda-exempel\/strategiskt-tillvagagangssatt-eller-metod\/","name":"Strategiskt tillv\u00e4gag\u00e5ngss\u00e4tt eller metod - WaterChain","isPartOf":{"@id":"https:\/\/www.waterchain.eu\/#website"},"datePublished":"2018-06-01T10:21:37+00:00","breadcrumb":{"@id":"https:\/\/www.waterchain.eu\/sv\/goda-exempel\/strategiskt-tillvagagangssatt-eller-metod\/#breadcrumb"},"inLanguage":"sv-SE","potentialAction":[{"@type":"ReadAction","target":["https:\/\/www.waterchain.eu\/sv\/goda-exempel\/strategiskt-tillvagagangssatt-eller-metod\/"]}]},{"@type":"BreadcrumbList","@id":"https:\/\/www.waterchain.eu\/sv\/goda-exempel\/strategiskt-tillvagagangssatt-eller-metod\/#breadcrumb","itemListElement":[{"@type":"ListItem","position":1,"name":"Home","item":"https:\/\/www.waterchain.eu\/sv\/"},{"@type":"ListItem","position":2,"name":"Goda exempel","item":"https:\/\/www.waterchain.eu\/sv\/goda-exempel\/"},{"@type":"ListItem","position":3,"name":"Strategiskt tillv\u00e4gag\u00e5ngss\u00e4tt eller metod"}]},{"@type":"WebSite","@id":"https:\/\/www.waterchain.eu\/#website","url":"https:\/\/www.waterchain.eu\/","name":"WaterChain","description":"Recovering the Baltic Sea","publisher":{"@id":"https:\/\/www.waterchain.eu\/#organization"},"potentialAction":[{"@type":"SearchAction","target":{"@type":"EntryPoint","urlTemplate":"https:\/\/www.waterchain.eu\/?s={search_term_string}"},"query-input":{"@type":"PropertyValueSpecification","valueRequired":true,"valueName":"search_term_string"}}],"inLanguage":"sv-SE"},{"@type":"Organization","@id":"https:\/\/www.waterchain.eu\/#organization","name":"WaterChain","url":"https:\/\/www.waterchain.eu\/","logo":{"@type":"ImageObject","inLanguage":"sv-SE","@id":"https:\/\/www.waterchain.eu\/#\/schema\/logo\/image\/","url":"https:\/\/www.waterchain.eu\/wp-content\/uploads\/2017\/09\/WaterChain-logo.png","contentUrl":"https:\/\/www.waterchain.eu\/wp-content\/uploads\/2017\/09\/WaterChain-logo.png","width":343,"height":120,"caption":"WaterChain"},"image":{"@id":"https:\/\/www.waterchain.eu\/#\/schema\/logo\/image\/"},"sameAs":["https:\/\/www.youtube.com\/channel\/UCz8GhExcENBWQYVkkpn_y3Q"]}]}},"_links":{"self":[{"href":"https:\/\/www.waterchain.eu\/sv\/wp-json\/wp\/v2\/pages\/1114","targetHints":{"allow":["GET"]}}],"collection":[{"href":"https:\/\/www.waterchain.eu\/sv\/wp-json\/wp\/v2\/pages"}],"about":[{"href":"https:\/\/www.waterchain.eu\/sv\/wp-json\/wp\/v2\/types\/page"}],"author":[{"embeddable":true,"href":"https:\/\/www.waterchain.eu\/sv\/wp-json\/wp\/v2\/users\/1"}],"replies":[{"embeddable":true,"href":"https:\/\/www.waterchain.eu\/sv\/wp-json\/wp\/v2\/comments?post=1114"}],"version-history":[{"count":1,"href":"https:\/\/www.waterchain.eu\/sv\/wp-json\/wp\/v2\/pages\/1114\/revisions"}],"predecessor-version":[{"id":1115,"href":"https:\/\/www.waterchain.eu\/sv\/wp-json\/wp\/v2\/pages\/1114\/revisions\/1115"}],"up":[{"embeddable":true,"href":"https:\/\/www.waterchain.eu\/sv\/wp-json\/wp\/v2\/pages\/1101"}],"wp:attachment":[{"href":"https:\/\/www.waterchain.eu\/sv\/wp-json\/wp\/v2\/media?parent=1114"}],"curies":[{"name":"wp","href":"https:\/\/api.w.org\/{rel}","templated":true}]}}